{"id":149,"date":"2024-10-22T18:34:52","date_gmt":"2024-10-22T18:34:52","guid":{"rendered":"https:\/\/mondrisports.com.br\/wordpress\/?page_id=149"},"modified":"2024-10-24T13:38:46","modified_gmt":"2024-10-24T13:38:46","slug":"como-comprar","status":"publish","type":"page","link":"https:\/\/mondrisports.com.br\/home\/como-comprar\/","title":{"rendered":"Como comprar"},"content":{"rendered":"\n<p class=\"has-ast-global-color-8-color has-text-color has-link-color has-large-font-size wp-elements-6de108386f3d7f498d21743b7b0dc6fc\"><strong>Como comprar na Mondri Sports<\/strong><\/p>\n\n\n\n<p class=\"has-ast-global-color-8-color has-text-color has-link-color wp-elements-32252d01725f1f5e03bed0ad0ac27307\">Guia Passo a Passo &#8211; Como Comprar na Mondri Sports<\/p>\n\n\n\n<p class=\"has-ast-global-color-8-color has-text-color has-link-color wp-elements-1d993bdef6cce68e3a680ac9fe5ac1c0\">Seja bem-vindo \u00e0 Mondri Sports, sua loja online de uniformes, camisetas e conjuntos personalizados! Estamos empolgados em ajud\u00e1-lo a criar pe\u00e7as exclusivas e de alta qualidade. Para facilitar sua experi\u00eancia de compra, elaboramos um guia passo a passo, desde a escolha do produto at\u00e9 a conclus\u00e3o do pedido.<\/p>\n\n\n\n<p class=\"has-ast-global-color-8-color has-text-color has-link-color wp-elements-0696bf0d1e563f17f05586a1803c1e34\"><strong>Passo 1: Explorando Nossos Produtos<\/strong><\/p>\n\n\n\n<p class=\"has-ast-global-color-8-color has-text-color has-link-color wp-elements-115ed396d0f8bc4199c7aaa7de221765\">Primeiramente, navegue por nossas categorias e descubra a variedade de uniformes, camisetas e conjuntos personalizados dispon\u00edveis. Al\u00e9m disso, utilize nosso pr\u00e1tico simulador para visualizar como suas escolhas de personaliza\u00e7\u00e3o afetam o produto.<\/p>\n\n\n\n<p class=\"has-ast-global-color-8-color has-text-color has-link-color wp-elements-5d006973fb57375691341a001331d906\"><strong>Passo 2: Adicionando o produto no seu carrinho<\/strong><br><br>Depois de escolher o produto desejado, basta selecionar o seu tamanho. As cores dispon\u00edveis nesse tamanho ser\u00e3o exibidas automaticamente. Em seguida, escolha a quantidade e clique em &#8220;Adicionar&#8221;. O produto ser\u00e1 adicionado ao seu carrinho de compras.<\/p>\n\n\n\n<p class=\"has-ast-global-color-8-color has-text-color has-link-color wp-elements-ca583be67bda95f0857daba2cf8d685f\">Para produtos personalizados no simulador:<\/p>\n\n\n\n<p class=\"has-ast-global-color-8-color has-text-color has-link-color wp-elements-cc0ebad56136221fc7f0988a81b2731e\">Al\u00e9m disso, ao escolher um item, utilize nosso simulador de personaliza\u00e7\u00e3o para ajustar cores, adicionar logos e incluir outros detalhes especiais. Assim, voc\u00ea poder\u00e1 visualizar instantaneamente o resultado antes de prosseguir. Aperte em &#8220;Or\u00e7amento&#8221; para obter os valores.<\/p>\n\n\n\n<p class=\"has-ast-global-color-8-color has-text-color has-link-color wp-elements-bd726a8e0e5aca610f5c5d2c3745688d\"><\/p>\n\n\n\n<h2 class=\"wp-block-heading has-ast-global-color-8-color has-text-color has-link-color wp-elements-36a05f57972585370398fa35bdad19eb\"><strong>Passo 3: Revisando Suas Escolhas<\/strong><\/h2>\n\n\n\n<p class=\"has-ast-global-color-8-color has-text-color has-link-color wp-elements-cb1abd864fbc521aa4811a33449b01c5\">Depois de adicionar o produto ao carrinho, clique em &#8220;Adicionar ao Carrinho&#8221; novamente. Em seguida, revise suas escolhas para garantir que tudo esteja conforme suas prefer\u00eancias. Certifique-se de que os tamanhos, cores e quantidades est\u00e3o corretos.<\/p>\n\n\n\n<h2 class=\"wp-block-heading has-ast-global-color-8-color has-text-color has-link-color wp-elements-ca0ddfb373c234e0d0048aad0ea17b5a\"><strong>Passo 4: Finalizando a Compra<\/strong><\/h2>\n\n\n\n<p class=\"has-ast-global-color-8-color has-text-color has-link-color wp-elements-9d11ab6993bf6c77e4779e8e03729752\">Para finalizar a compra, voc\u00ea tem v\u00e1rias op\u00e7\u00f5es de pagamento:<\/p>\n\n\n\n<p class=\"has-ast-global-color-8-color has-text-color has-link-color wp-elements-b527042807d117428672710dab10cc82\"><strong>Op\u00e7\u00e3o 1: Pagamento com Boleto Banc\u00e1rio<\/strong><\/p>\n\n\n\n<p class=\"has-ast-global-color-8-color has-text-color has-link-color wp-elements-91112b4c104b64316956fdd19314e6d2\">&#8211; Primeiramente, selecione a op\u00e7\u00e3o de pagamento via boleto.<\/p>\n\n\n\n<p class=\"has-ast-global-color-8-color has-text-color has-link-color wp-elements-addefd07e81b8a093d12fd3e068add9f\">&#8211; Um boleto ser\u00e1 gerado com as informa\u00e7\u00f5es necess\u00e1rias para o pagamento.<\/p>\n\n\n\n<p class=\"has-ast-global-color-8-color has-text-color has-link-color wp-elements-b158e0c2b7ea78ed1ce6235c6b00e311\">&#8211; Efetue o pagamento no banco de sua prefer\u00eancia.<\/p>\n\n\n\n<p class=\"has-ast-global-color-8-color has-text-color has-link-color wp-elements-51dede90bcd7e4ac815069558555b797\"><strong>Op\u00e7\u00e3o 2: Pagamento com PIX<\/strong><\/p>\n\n\n\n<p class=\"has-ast-global-color-8-color has-text-color has-link-color wp-elements-31ccf8ae3b32e378e89bed081a7f5213\">&#8211; Em seguida, escolha a op\u00e7\u00e3o de pagamento via PIX.<\/p>\n\n\n\n<p class=\"has-ast-global-color-8-color has-text-color has-link-color wp-elements-7ffcd1dcdd7d1ce14b87f1e80d1d8c72\">&#8211;  Receba as informa\u00e7\u00f5es necess\u00e1rias para realizar o pagamento instant\u00e2neo.<\/p>\n\n\n\n<p class=\"has-ast-global-color-8-color has-text-color has-link-color wp-elements-c3bba0ed04415787bfdd777595b6f8a6\"><strong>Op\u00e7\u00e3o 3: Pagamento com Cart\u00e3o de Cr\u00e9dito ou D\u00e9bito<\/strong><\/p>\n\n\n\n<p class=\"has-ast-global-color-8-color has-text-color has-link-color wp-elements-f0283aeadd2b202ef67f6f8161805100\">&#8211; Primeiramente, insira os dados do seu cart\u00e3o de cr\u00e9dito ou d\u00e9bito de forma segura.<\/p>\n\n\n\n<p class=\"has-ast-global-color-8-color has-text-color has-link-color wp-elements-1e7794de9a76e4c991cdab2e894c0bf2\">&#8211; Verifique as informa\u00e7\u00f5es e prossiga para a confirma\u00e7\u00e3o do pedido.<\/p>\n\n\n\n<p class=\"has-ast-global-color-8-color has-text-color has-link-color wp-elements-1849293a41828081a163cc425703742e\"><strong>Calculando o valor do frete<\/strong><\/p>\n\n\n\n<p class=\"has-ast-global-color-8-color has-text-color has-link-color wp-elements-6f9fbc22aa963508e6ce393c73219f55\">Na p\u00e1gina do carrinho de compras, voc\u00ea pode calcular o valor do frete do seu pedido. Basta colocar o seu CEP no campo relacionado ao frete e clicar em &#8220;Calcular&#8221;.<\/p>\n\n\n\n<h2 class=\"wp-block-heading has-ast-global-color-8-color has-text-color has-link-color wp-elements-fdf6251cbba96b80c3e160bd48603633\"><strong>Passo 5: Confirma\u00e7\u00e3o do Pedido<\/strong><\/h2>\n\n\n\n<p class=\"has-ast-global-color-8-color has-text-color has-link-color wp-elements-dbf74319cfeaa19cc42951f80fda6c08\">Ap\u00f3s o pagamento ser processado, voc\u00ea receber\u00e1 um e-mail de confirma\u00e7\u00e3o com os detalhes do seu pedido. Al\u00e9m disso, acompanhe o status da entrega por meio do seu painel de cliente em nosso site.<\/p>\n\n\n\n<p class=\"has-ast-global-color-8-color has-text-color has-link-color wp-elements-93dfd439a55bffd71109c0d3e720ec48\">Estamos aqui para ajudar em cada etapa do caminho. Portanto, se tiver d\u00favidas ou precisar de assist\u00eancia, nossa equipe de suporte est\u00e1 \u00e0 disposi\u00e7\u00e3o.<\/p>\n\n\n\n<p class=\"has-ast-global-color-8-color has-text-color has-link-color wp-elements-24e74fa58eeeefce6cebb5c3fde1448d\">Agradecemos por escolher a Mondri Sports para suas necessidades de uniformes personalizados. Esperamos que sua experi\u00eancia de compra seja t\u00e3o \u00fanica quanto nossos produtos!<\/p>\n\n\n\n<p class=\"has-ast-global-color-8-color has-text-color has-link-color wp-elements-bc6285ba1c53a672bc69574076d5562c\">Fale conosco, clique <a href=\"http:\/\/wa.me\/554133326052\"><strong><em>aqui<\/em><\/strong><\/a><\/p>\n\n\n\n<figure class=\"wp-block-gallery has-nested-images columns-default is-cropped wp-block-gallery-1 is-layout-flex wp-block-gallery-is-layout-flex\">\n<figure class=\"wp-block-image size-large\"><img loading=\"lazy\" decoding=\"async\" width=\"768\" height=\"1024\" data-id=\"118\" src=\"https:\/\/mondrisports.com.br\/wordpress\/wp-content\/uploads\/2024\/10\/mondri-sports-11-768x1024.jpg\" alt=\"\" class=\"wp-image-118\" srcset=\"https:\/\/mondrisports.com.br\/home\/wp-content\/uploads\/2024\/10\/mondri-sports-11-768x1024.jpg 768w, https:\/\/mondrisports.com.br\/home\/wp-content\/uploads\/2024\/10\/mondri-sports-11-225x300.jpg 225w, https:\/\/mondrisports.com.br\/home\/wp-content\/uploads\/2024\/10\/mondri-sports-11.jpg 810w\" sizes=\"auto, (max-width: 768px) 100vw, 768px\" \/><figcaption class=\"wp-element-caption\">Cal\u00e7\u00e3o Personalizado<\/figcaption><\/figure>\n\n\n\n<figure class=\"wp-block-image size-large\"><img loading=\"lazy\" decoding=\"async\" width=\"810\" height=\"909\" data-id=\"117\" src=\"https:\/\/mondrisports.com.br\/wordpress\/wp-content\/uploads\/2024\/10\/mondri-sports-10.jpg\" alt=\"\" class=\"wp-image-117\" srcset=\"https:\/\/mondrisports.com.br\/home\/wp-content\/uploads\/2024\/10\/mondri-sports-10.jpg 810w, https:\/\/mondrisports.com.br\/home\/wp-content\/uploads\/2024\/10\/mondri-sports-10-267x300.jpg 267w, https:\/\/mondrisports.com.br\/home\/wp-content\/uploads\/2024\/10\/mondri-sports-10-768x862.jpg 768w\" sizes=\"auto, (max-width: 810px) 100vw, 810px\" \/><figcaption class=\"wp-element-caption\">Comprar camiseta<\/figcaption><\/figure>\n\n\n\n<figure class=\"wp-block-image size-large\"><img loading=\"lazy\" decoding=\"async\" width=\"791\" height=\"1024\" data-id=\"105\" src=\"https:\/\/mondrisports.com.br\/wordpress\/wp-content\/uploads\/2024\/10\/mondri-sports-26-791x1024.jpg\" alt=\"\" class=\"wp-image-105\" srcset=\"https:\/\/mondrisports.com.br\/home\/wp-content\/uploads\/2024\/10\/mondri-sports-26-791x1024.jpg 791w, https:\/\/mondrisports.com.br\/home\/wp-content\/uploads\/2024\/10\/mondri-sports-26-232x300.jpg 232w, https:\/\/mondrisports.com.br\/home\/wp-content\/uploads\/2024\/10\/mondri-sports-26-768x995.jpg 768w, https:\/\/mondrisports.com.br\/home\/wp-content\/uploads\/2024\/10\/mondri-sports-26.jpg 834w\" sizes=\"auto, (max-width: 791px) 100vw, 791px\" \/><figcaption class=\"wp-element-caption\">Camiseta Personalizada <\/figcaption><\/figure>\n<\/figure>\n\n\n\n<p class=\"has-ast-global-color-8-color has-text-color has-link-color wp-elements-286a958414da1a57ac32a3951cc7f46c\">Veja mais sobre nossa <a href=\"https:\/\/mondrisports.com.br\/wordpress\/index.php\/seguranca-e-privacidade\/\">Seguran\u00e7a e Privacidade<\/a> <\/p>\n","protected":false},"excerpt":{"rendered":"<p>Como comprar na Mondri Sports Guia Passo a Passo &#8211; Como Comprar na Mondri Sports Seja bem-vindo \u00e0 Mondri Sports, [&hellip;]<\/p>\n","protected":false},"author":1,"featured_media":0,"parent":0,"menu_order":0,"comment_status":"closed","ping_status":"closed","template":"","meta":{"site-sidebar-layout":"default","site-content-layout":"","ast-site-content-layout":"default","site-content-style":"default","site-sidebar-style":"default","ast-global-header-display":"","ast-banner-title-visibility":"","ast-main-header-display":"","ast-hfb-above-header-display":"","ast-hfb-below-header-display":"","ast-hfb-mobile-header-display":"","site-post-title":"","ast-breadcrumbs-content":"","ast-featured-img":"","footer-sml-layout":"","ast-disable-related-posts":"","theme-transparent-header-meta":"","adv-header-id-meta":"","stick-header-meta":"","header-above-stick-meta":"","header-main-stick-meta":"","header-below-stick-meta":"","astra-migrate-meta-layouts":"default","ast-page-background-enabled":"default","ast-page-background-meta":{"desktop":{"background-color":"var(--ast-global-color-4)","background-image":"","background-repeat":"repeat","background-position":"center center","background-size":"auto","background-attachment":"scroll","background-type":"","background-media":"","overlay-type":"","overlay-color":"","overlay-opacity":"","overlay-gradient":""},"tablet":{"background-color":"","background-image":"","background-repeat":"repeat","background-position":"center center","background-size":"auto","background-attachment":"scroll","background-type":"","background-media":"","overlay-type":"","overlay-color":"","overlay-opacity":"","overlay-gradient":""},"mobile":{"background-color":"","background-image":"","background-repeat":"repeat","background-position":"center center","background-size":"auto","background-attachment":"scroll","background-type":"","background-media":"","overlay-type":"","overlay-color":"","overlay-opacity":"","overlay-gradient":""}},"ast-content-background-meta":{"desktop":{"background-color":"var(--ast-global-color-5)","background-image":"","background-repeat":"repeat","background-position":"center center","background-size":"auto","background-attachment":"scroll","background-type":"","background-media":"","overlay-type":"","overlay-color":"","overlay-opacity":"","overlay-gradient":""},"tablet":{"background-color":"var(--ast-global-color-5)","background-image":"","background-repeat":"repeat","background-position":"center center","background-size":"auto","background-attachment":"scroll","background-type":"","background-media":"","overlay-type":"","overlay-color":"","overlay-opacity":"","overlay-gradient":""},"mobile":{"background-color":"var(--ast-global-color-5)","background-image":"","background-repeat":"repeat","background-position":"center center","background-size":"auto","background-attachment":"scroll","background-type":"","background-media":"","overlay-type":"","overlay-color":"","overlay-opacity":"","overlay-gradient":""}},"footnotes":""},"class_list":["post-149","page","type-page","status-publish","hentry"],"yoast_head":"<!-- This site is optimized with the Yoast SEO plugin v25.3 - https:\/\/yoast.com\/wordpress\/plugins\/seo\/ -->\n<title>Como comprar - Mondri Sports<\/title>\n<meta name=\"description\" content=\"Saiba como comprar seus uniformes personalizados na Mondri Sports. Simples, r\u00e1pido e seguro. Confira o passo a passo agora\" \/>\n<meta name=\"robots\" content=\"index, follow, max-snippet:-1, max-image-preview:large, max-video-preview:-1\" \/>\n<link rel=\"canonical\" href=\"https:\/\/mondrisports.com.br\/home\/como-comprar\/\" \/>\n<meta property=\"og:locale\" content=\"pt_BR\" \/>\n<meta property=\"og:type\" content=\"article\" \/>\n<meta property=\"og:title\" content=\"Como comprar - Mondri Sports\" \/>\n<meta property=\"og:description\" content=\"Saiba como comprar seus uniformes personalizados na Mondri Sports. Simples, r\u00e1pido e seguro. Confira o passo a passo agora\" \/>\n<meta property=\"og:url\" content=\"https:\/\/mondrisports.com.br\/home\/como-comprar\/\" \/>\n<meta property=\"og:site_name\" content=\"Mondri Sports\" \/>\n<meta property=\"article:modified_time\" content=\"2024-10-24T13:38:46+00:00\" \/>\n<meta property=\"og:image\" content=\"https:\/\/mondrisports.com.br\/wordpress\/wp-content\/uploads\/2024\/10\/mondri-sports-11-768x1024.jpg\" \/>\n<meta name=\"twitter:card\" content=\"summary_large_image\" \/>\n<meta name=\"twitter:label1\" content=\"Est. tempo de leitura\" \/>\n\t<meta name=\"twitter:data1\" content=\"4 minutos\" \/>\n<script type=\"application\/ld+json\" class=\"yoast-schema-graph\">{\"@context\":\"https:\/\/schema.org\",\"@graph\":[{\"@type\":\"WebPage\",\"@id\":\"https:\/\/mondrisports.com.br\/home\/como-comprar\/\",\"url\":\"https:\/\/mondrisports.com.br\/home\/como-comprar\/\",\"name\":\"Como comprar - Mondri Sports\",\"isPartOf\":{\"@id\":\"https:\/\/mondrisports.com.br\/home\/#website\"},\"primaryImageOfPage\":{\"@id\":\"https:\/\/mondrisports.com.br\/home\/como-comprar\/#primaryimage\"},\"image\":{\"@id\":\"https:\/\/mondrisports.com.br\/home\/como-comprar\/#primaryimage\"},\"thumbnailUrl\":\"https:\/\/mondrisports.com.br\/wordpress\/wp-content\/uploads\/2024\/10\/mondri-sports-11-768x1024.jpg\",\"datePublished\":\"2024-10-22T18:34:52+00:00\",\"dateModified\":\"2024-10-24T13:38:46+00:00\",\"description\":\"Saiba como comprar seus uniformes personalizados na Mondri Sports. Simples, r\u00e1pido e seguro. Confira o passo a passo agora\",\"breadcrumb\":{\"@id\":\"https:\/\/mondrisports.com.br\/home\/como-comprar\/#breadcrumb\"},\"inLanguage\":\"pt-BR\",\"potentialAction\":[{\"@type\":\"ReadAction\",\"target\":[\"https:\/\/mondrisports.com.br\/home\/como-comprar\/\"]}]},{\"@type\":\"ImageObject\",\"inLanguage\":\"pt-BR\",\"@id\":\"https:\/\/mondrisports.com.br\/home\/como-comprar\/#primaryimage\",\"url\":\"https:\/\/mondrisports.com.br\/wordpress\/wp-content\/uploads\/2024\/10\/mondri-sports-11-768x1024.jpg\",\"contentUrl\":\"https:\/\/mondrisports.com.br\/wordpress\/wp-content\/uploads\/2024\/10\/mondri-sports-11-768x1024.jpg\"},{\"@type\":\"BreadcrumbList\",\"@id\":\"https:\/\/mondrisports.com.br\/home\/como-comprar\/#breadcrumb\",\"itemListElement\":[{\"@type\":\"ListItem\",\"position\":1,\"name\":\"In\u00edcio\",\"item\":\"https:\/\/mondrisports.com.br\/home\/\"},{\"@type\":\"ListItem\",\"position\":2,\"name\":\"Como comprar\"}]},{\"@type\":\"WebSite\",\"@id\":\"https:\/\/mondrisports.com.br\/home\/#website\",\"url\":\"https:\/\/mondrisports.com.br\/home\/\",\"name\":\"Mondri Sports\",\"description\":\"Uniformes Esportivos Personalizados\",\"publisher\":{\"@id\":\"https:\/\/mondrisports.com.br\/home\/#organization\"},\"potentialAction\":[{\"@type\":\"SearchAction\",\"target\":{\"@type\":\"EntryPoint\",\"urlTemplate\":\"https:\/\/mondrisports.com.br\/home\/?s={search_term_string}\"},\"query-input\":{\"@type\":\"PropertyValueSpecification\",\"valueRequired\":true,\"valueName\":\"search_term_string\"}}],\"inLanguage\":\"pt-BR\"},{\"@type\":\"Organization\",\"@id\":\"https:\/\/mondrisports.com.br\/home\/#organization\",\"name\":\"Mondri Sports\",\"url\":\"https:\/\/mondrisports.com.br\/home\/\",\"logo\":{\"@type\":\"ImageObject\",\"inLanguage\":\"pt-BR\",\"@id\":\"https:\/\/mondrisports.com.br\/home\/#\/schema\/logo\/image\/\",\"url\":\"https:\/\/mondrisports.com.br\/home\/wp-content\/uploads\/2024\/10\/cropped-cropped-Design-sem-nome-16.png\",\"contentUrl\":\"https:\/\/mondrisports.com.br\/home\/wp-content\/uploads\/2024\/10\/cropped-cropped-Design-sem-nome-16.png\",\"width\":1077,\"height\":358,\"caption\":\"Mondri Sports\"},\"image\":{\"@id\":\"https:\/\/mondrisports.com.br\/home\/#\/schema\/logo\/image\/\"}}]}<\/script>\n<!-- \/ Yoast SEO plugin. -->","yoast_head_json":{"title":"Como comprar - Mondri Sports","description":"Saiba como comprar seus uniformes personalizados na Mondri Sports. Simples, r\u00e1pido e seguro. Confira o passo a passo agora","robots":{"index":"index","follow":"follow","max-snippet":"max-snippet:-1","max-image-preview":"max-image-preview:large","max-video-preview":"max-video-preview:-1"},"canonical":"https:\/\/mondrisports.com.br\/home\/como-comprar\/","og_locale":"pt_BR","og_type":"article","og_title":"Como comprar - Mondri Sports","og_description":"Saiba como comprar seus uniformes personalizados na Mondri Sports. Simples, r\u00e1pido e seguro. Confira o passo a passo agora","og_url":"https:\/\/mondrisports.com.br\/home\/como-comprar\/","og_site_name":"Mondri Sports","article_modified_time":"2024-10-24T13:38:46+00:00","og_image":[{"url":"https:\/\/mondrisports.com.br\/wordpress\/wp-content\/uploads\/2024\/10\/mondri-sports-11-768x1024.jpg","type":"","width":"","height":""}],"twitter_card":"summary_large_image","twitter_misc":{"Est. tempo de leitura":"4 minutos"},"schema":{"@context":"https:\/\/schema.org","@graph":[{"@type":"WebPage","@id":"https:\/\/mondrisports.com.br\/home\/como-comprar\/","url":"https:\/\/mondrisports.com.br\/home\/como-comprar\/","name":"Como comprar - Mondri Sports","isPartOf":{"@id":"https:\/\/mondrisports.com.br\/home\/#website"},"primaryImageOfPage":{"@id":"https:\/\/mondrisports.com.br\/home\/como-comprar\/#primaryimage"},"image":{"@id":"https:\/\/mondrisports.com.br\/home\/como-comprar\/#primaryimage"},"thumbnailUrl":"https:\/\/mondrisports.com.br\/wordpress\/wp-content\/uploads\/2024\/10\/mondri-sports-11-768x1024.jpg","datePublished":"2024-10-22T18:34:52+00:00","dateModified":"2024-10-24T13:38:46+00:00","description":"Saiba como comprar seus uniformes personalizados na Mondri Sports. Simples, r\u00e1pido e seguro. Confira o passo a passo agora","breadcrumb":{"@id":"https:\/\/mondrisports.com.br\/home\/como-comprar\/#breadcrumb"},"inLanguage":"pt-BR","potentialAction":[{"@type":"ReadAction","target":["https:\/\/mondrisports.com.br\/home\/como-comprar\/"]}]},{"@type":"ImageObject","inLanguage":"pt-BR","@id":"https:\/\/mondrisports.com.br\/home\/como-comprar\/#primaryimage","url":"https:\/\/mondrisports.com.br\/wordpress\/wp-content\/uploads\/2024\/10\/mondri-sports-11-768x1024.jpg","contentUrl":"https:\/\/mondrisports.com.br\/wordpress\/wp-content\/uploads\/2024\/10\/mondri-sports-11-768x1024.jpg"},{"@type":"BreadcrumbList","@id":"https:\/\/mondrisports.com.br\/home\/como-comprar\/#breadcrumb","itemListElement":[{"@type":"ListItem","position":1,"name":"In\u00edcio","item":"https:\/\/mondrisports.com.br\/home\/"},{"@type":"ListItem","position":2,"name":"Como comprar"}]},{"@type":"WebSite","@id":"https:\/\/mondrisports.com.br\/home\/#website","url":"https:\/\/mondrisports.com.br\/home\/","name":"Mondri Sports","description":"Uniformes Esportivos Personalizados","publisher":{"@id":"https:\/\/mondrisports.com.br\/home\/#organization"},"potentialAction":[{"@type":"SearchAction","target":{"@type":"EntryPoint","urlTemplate":"https:\/\/mondrisports.com.br\/home\/?s={search_term_string}"},"query-input":{"@type":"PropertyValueSpecification","valueRequired":true,"valueName":"search_term_string"}}],"inLanguage":"pt-BR"},{"@type":"Organization","@id":"https:\/\/mondrisports.com.br\/home\/#organization","name":"Mondri Sports","url":"https:\/\/mondrisports.com.br\/home\/","logo":{"@type":"ImageObject","inLanguage":"pt-BR","@id":"https:\/\/mondrisports.com.br\/home\/#\/schema\/logo\/image\/","url":"https:\/\/mondrisports.com.br\/home\/wp-content\/uploads\/2024\/10\/cropped-cropped-Design-sem-nome-16.png","contentUrl":"https:\/\/mondrisports.com.br\/home\/wp-content\/uploads\/2024\/10\/cropped-cropped-Design-sem-nome-16.png","width":1077,"height":358,"caption":"Mondri Sports"},"image":{"@id":"https:\/\/mondrisports.com.br\/home\/#\/schema\/logo\/image\/"}}]}},"_links":{"self":[{"href":"https:\/\/mondrisports.com.br\/home\/wp-json\/wp\/v2\/pages\/149","targetHints":{"allow":["GET"]}}],"collection":[{"href":"https:\/\/mondrisports.com.br\/home\/wp-json\/wp\/v2\/pages"}],"about":[{"href":"https:\/\/mondrisports.com.br\/home\/wp-json\/wp\/v2\/types\/page"}],"author":[{"embeddable":true,"href":"https:\/\/mondrisports.com.br\/home\/wp-json\/wp\/v2\/users\/1"}],"replies":[{"embeddable":true,"href":"https:\/\/mondrisports.com.br\/home\/wp-json\/wp\/v2\/comments?post=149"}],"version-history":[{"count":16,"href":"https:\/\/mondrisports.com.br\/home\/wp-json\/wp\/v2\/pages\/149\/revisions"}],"predecessor-version":[{"id":253,"href":"https:\/\/mondrisports.com.br\/home\/wp-json\/wp\/v2\/pages\/149\/revisions\/253"}],"wp:attachment":[{"href":"https:\/\/mondrisports.com.br\/home\/wp-json\/wp\/v2\/media?parent=149"}],"curies":[{"name":"wp","href":"https:\/\/api.w.org\/{rel}","templated":true}]}}