{"id":153,"date":"2024-10-22T18:37:55","date_gmt":"2024-10-22T18:37:55","guid":{"rendered":"https:\/\/mondrisports.com.br\/wordpress\/?page_id=153"},"modified":"2024-10-28T11:57:39","modified_gmt":"2024-10-28T11:57:39","slug":"trocas-e-devolucoes","status":"publish","type":"page","link":"https:\/\/mondrisports.com.br\/home\/trocas-e-devolucoes\/","title":{"rendered":"Trocas e Devolu\u00e7\u00f5es"},"content":{"rendered":"\n<p class=\"has-ast-global-color-8-color has-text-color has-link-color has-x-large-font-size wp-elements-b51ff83646e253ea738aca5783cf0377\"><strong>Trocas e Devolu\u00e7\u00f5es<\/strong><\/p>\n\n\n\n<h3 class=\"wp-block-heading has-ast-global-color-8-color has-text-color has-link-color wp-elements-74c8e4ed83cb2a120fca4d0b6ce4c724\"><strong>Trocas<\/strong><\/h3>\n\n\n\n<p class=\"has-ast-global-color-8-color has-text-color has-link-color wp-elements-4d2cc0071e93ea6bb0ba7fbc0dc8a21f\">Caso tenha comprado um produto e n\u00e3o tenha ficado satisfeito, estamos aqui para ajudar. Para isso, entre em contato conosco por e-mail ou telefone dentro de sete dias corridos ap\u00f3s o recebimento do produto.<\/p>\n\n\n\n<p class=\"has-ast-global-color-8-color has-text-color has-link-color wp-elements-d6e94f54abac1c8297f6bbdaa1efc9f0\">Para que sua troca ocorra sem complica\u00e7\u00f5es e para garantir sua satisfa\u00e7\u00e3o, observe atentamente nossas condi\u00e7\u00f5es:<\/p>\n\n\n\n<p class=\"has-ast-global-color-8-color has-text-color has-link-color wp-elements-cac3a28dfcc4616408009c4fe835426b\">&#8211; Se o novo item tiver valor superior ao original, ser\u00e1 necess\u00e1rio pagar a diferen\u00e7a antes do envio. Consulte, assim, as condi\u00e7\u00f5es de pagamento e a disponibilidade de tamanhos com nossa equipe de atendimento.<\/p>\n\n\n\n<p class=\"has-ast-global-color-8-color has-text-color has-link-color wp-elements-3b7f26622e0530c824e7e35021d3aebb\">&#8211; Aceitamos trocas somente quando comunicadas por nossos canais de atendimento e dentro do prazo de sete dias corridos ap\u00f3s o recebimento, conforme o C\u00f3digo do Consumidor.<\/p>\n\n\n\n<p class=\"has-ast-global-color-8-color has-text-color has-link-color wp-elements-3af3d56a62195e213c234f86acd7651d\">&#8211;  Voc\u00ea pode trocar o produto por qualquer item dispon\u00edvel no site, desde que haja estoque.<\/p>\n\n\n\n<p class=\"has-ast-global-color-8-color has-text-color has-link-color wp-elements-ef4ca614e3756166238ef2d29d604e89\">&#8211; Caso prefira, pode solicitar um cr\u00e9dito na conta, equivalente ao valor da troca, para usar em uma pr\u00f3xima compra.<\/p>\n\n\n\n<h3 class=\"wp-block-heading has-ast-global-color-8-color has-text-color has-link-color wp-elements-e713e385043e177f13dff93cb3c31cd9\"><strong>Os produtos devem estar nas seguintes condi\u00e7\u00f5es:<\/strong><\/h3>\n\n\n\n<p class=\"has-ast-global-color-8-color has-text-color has-link-color wp-elements-5b6d5212c4fef70364206513eb139d90\">&#8211; Etiquetas fixadas \u00e0 pe\u00e7a e sem viola\u00e7\u00e3o, na embalagem original e sem sinais de uso ou danos.<\/p>\n\n\n\n<p class=\"has-ast-global-color-8-color has-text-color has-link-color wp-elements-b2c65c60bf7e7b8501a66eeee370c62e\">&#8211; Todos os itens e acess\u00f3rios presentes, sem odores, manchas, sinais de lavagem ou altera\u00e7\u00f5es.<\/p>\n\n\n\n<p class=\"has-ast-global-color-8-color has-text-color has-link-color wp-elements-1aeef122db96796d4d6a968e9cc2f518\">&#8211; Acompanhados da nota fiscal, com o motivo da troca descrito na parte de tr\u00e1s.<\/p>\n\n\n\n<p class=\"has-ast-global-color-8-color has-text-color has-link-color wp-elements-037f7f36fc3a19a7e8550c43b13c67cf\">Caso os produtos n\u00e3o atendam as condi\u00e7\u00f5es exigidas, a troca n\u00e3o ser\u00e1 aceita e ser\u00e1 enviado de volta para o endere\u00e7o de origem. Assim, a loja online tem o direito de cobrar o frete do novo envio.<\/p>\n\n\n\n<h3 class=\"wp-block-heading has-ast-global-color-8-color has-text-color has-link-color wp-elements-d688aafdda5d25a7830626301651e584\"><strong>Produto com defeito<\/strong><\/h3>\n\n\n\n<p class=\"has-ast-global-color-8-color has-text-color has-link-color wp-elements-7300d12d8b339e7a6a2b38ea89b73e48\">Todas as pe\u00e7as passam por controle de qualidade antes de serem enviadas. Se o produto apresentar defeito de fabrica\u00e7\u00e3o, entre em contato com nossa central de relacionamento em at\u00e9 72 horas ap\u00f3s o recebimento. Trocaremos a pe\u00e7a por outra id\u00eantica, se houver disponibilidade e constatado defeito de f\u00e1brica. Caso contr\u00e1rio, a loja reenviar\u00e1 o produto ao cliente.<\/p>\n\n\n\n<h3 class=\"wp-block-heading has-ast-global-color-8-color has-text-color has-link-color wp-elements-8fa01bf8c7ef329bac89771305f379bb\"><strong>Devolu\u00e7\u00e3o por desist\u00eancia ou arrependimento<\/strong><\/h3>\n\n\n\n<p class=\"has-ast-global-color-8-color has-text-color has-link-color wp-elements-c6f3e01140eb52fbacf76c7ffbac45cb\"><strong>Voc\u00ea pode desistir do produto e devolv\u00ea-lo<\/strong> em at\u00e9 sete dias corridos ap\u00f3s o recebimento. <strong>Nesse caso<\/strong>, entre em contato com nossa central de relacionamento ou envie um e-mail. <strong>Certifique-se de<\/strong> encaminhar o produto na embalagem original, com etiquetas e lacres intactos, sem sinais de uso, lavagem ou modifica\u00e7\u00e3o, e incluindo os acess\u00f3rios que o acompanham, junto com a DANFE (Documento Auxiliar da Nota Fiscal Eletr\u00f4nica).<\/p>\n\n\n\n<p class=\"has-ast-global-color-8-color has-text-color has-link-color wp-elements-48409b62a84f88083320c67ac88e596c\"><strong>Ap\u00f3s o recebimento<\/strong>, analisaremos o produto em at\u00e9 cinco dias corridos. <strong>Uma vez aprovado<\/strong>, iniciaremos o processo de restitui\u00e7\u00e3o do pagamento, conforme a forma de pagamento escolhida na compra.<\/p>\n\n\n\n<h3 class=\"wp-block-heading has-ast-global-color-8-color has-text-color has-link-color wp-elements-3d0fdfd7baf8a13b4c0bbcac5fb5cb75\"><strong>Em caso de devolu\u00e7\u00e3o involunt\u00e1ria &#8211; Servi\u00e7o de frete<\/strong><\/h3>\n\n\n\n<p class=\"has-ast-global-color-8-color has-text-color has-link-color wp-elements-292dfc123b24a298d5599dce9559b4f4\"><strong>Se houver devolu\u00e7\u00e3o pelo servi\u00e7o de frete<\/strong>, como \u201cendere\u00e7o inv\u00e1lido\u201d, \u201cdestinat\u00e1rio desconhecido\u201d ou \u201cpropriet\u00e1rio n\u00e3o encontrado\u201d, voc\u00ea ser\u00e1 respons\u00e1vel pelo valor do frete de reenvio.<\/p>\n\n\n\n<p class=\"has-ast-global-color-8-color has-text-color has-link-color wp-elements-e7c28eb0935d73b04cf0da354c002513\"><strong>Vale compra<\/strong><\/p>\n\n\n\n<p class=\"has-ast-global-color-8-color has-text-color has-link-color wp-elements-e459226d54b2ab07e2710874d3b4bf5a\"><strong>Voc\u00ea pode optar por receber um vale compra<\/strong>, utiliz\u00e1vel em produtos de valor igual ou superior ao original, em uma \u00fanica compra. <strong>Por outro lado<\/strong>, se o novo produto ultrapassar o valor pago, ser\u00e1 necess\u00e1rio pagar a diferen\u00e7a antes do envio. <strong>Consulte as condi\u00e7\u00f5es de pagamento e a disponibilidade de tamanhos com nosso atendimento.<\/strong> Caso os produtos n\u00e3o atendam \u00e0s condi\u00e7\u00f5es exigidas, a devolu\u00e7\u00e3o ser\u00e1 recusada e enviada de volta ao endere\u00e7o de origem, com o frete cobrado.<\/p>\n\n\n\n<p class=\"has-ast-global-color-8-color has-text-color has-link-color wp-elements-13d61ac6fd6a8eecb63ec03daf015596\"><strong>Ressarcimento de valores<\/strong><\/p>\n\n\n\n<p class=\"has-ast-global-color-8-color has-text-color has-link-color wp-elements-b4662665f9574d01c7ed59ae0f338017\"><strong>Devolveremos o valor do produto<\/strong> conforme a forma de pagamento utilizada na compra, desde que observadas as condi\u00e7\u00f5es descritas.<\/p>\n\n\n\n<p class=\"has-ast-global-color-8-color has-text-color has-link-color wp-elements-0e9e6bba95d5ea9172da397be4dbf7b1\">&#8211; Boleto Banc\u00e1rio e Pix: O estorno ser\u00e1 feito na conta corrente em at\u00e9 dez dias \u00fateis. Importante: n\u00e3o concedemos cr\u00e9ditos a terceiros.<\/p>\n\n\n\n<p class=\"has-ast-global-color-8-color has-text-color has-link-color wp-elements-1cf8880b020cd397b6fb1edca84ffb1e\">&#8211; Cart\u00e3o de Cr\u00e9dito: O estorno pode ocorrer em at\u00e9 duas faturas subsequentes, conforme o procedimento da administradora do cart\u00e3o.<\/p>\n\n\n\n<p><\/p>\n\n\n\n<p class=\"has-ast-global-color-8-color has-text-color has-link-color wp-elements-bd726a8e0e5aca610f5c5d2c3745688d\"><\/p>\n\n\n\n<p class=\"has-ast-global-color-8-color has-text-color has-link-color wp-elements-bd726a8e0e5aca610f5c5d2c3745688d\"><\/p>\n\n\n\n<figure class=\"wp-block-gallery has-nested-images columns-default is-cropped wp-block-gallery-1 is-layout-flex wp-block-gallery-is-layout-flex\">\n<figure class=\"wp-block-image size-large\"><img loading=\"lazy\" decoding=\"async\" width=\"866\" height=\"1024\" data-id=\"130\" src=\"https:\/\/mondrisports.com.br\/wordpress\/wp-content\/uploads\/2024\/10\/mondri-sports-30-866x1024.jpg\" alt=\"\" class=\"wp-image-130\" srcset=\"https:\/\/mondrisports.com.br\/home\/wp-content\/uploads\/2024\/10\/mondri-sports-30-866x1024.jpg 866w, https:\/\/mondrisports.com.br\/home\/wp-content\/uploads\/2024\/10\/mondri-sports-30-254x300.jpg 254w, https:\/\/mondrisports.com.br\/home\/wp-content\/uploads\/2024\/10\/mondri-sports-30-768x908.jpg 768w, https:\/\/mondrisports.com.br\/home\/wp-content\/uploads\/2024\/10\/mondri-sports-30.jpg 913w\" sizes=\"auto, (max-width: 866px) 100vw, 866px\" \/><figcaption class=\"wp-element-caption\">Camiseta personalizada<\/figcaption><\/figure>\n\n\n\n<figure class=\"wp-block-image size-large\"><img loading=\"lazy\" decoding=\"async\" width=\"767\" height=\"1024\" data-id=\"131\" src=\"https:\/\/mondrisports.com.br\/wordpress\/wp-content\/uploads\/2024\/10\/mondri-sports-33-767x1024.jpg\" alt=\"\" class=\"wp-image-131\" srcset=\"https:\/\/mondrisports.com.br\/home\/wp-content\/uploads\/2024\/10\/mondri-sports-33-767x1024.jpg 767w, https:\/\/mondrisports.com.br\/home\/wp-content\/uploads\/2024\/10\/mondri-sports-33-225x300.jpg 225w, https:\/\/mondrisports.com.br\/home\/wp-content\/uploads\/2024\/10\/mondri-sports-33-768x1025.jpg 768w, https:\/\/mondrisports.com.br\/home\/wp-content\/uploads\/2024\/10\/mondri-sports-33.jpg 809w\" sizes=\"auto, (max-width: 767px) 100vw, 767px\" \/><figcaption class=\"wp-element-caption\">Sacochila personalizada<\/figcaption><\/figure>\n\n\n\n<figure class=\"wp-block-image size-large\"><img loading=\"lazy\" decoding=\"async\" width=\"808\" height=\"1024\" data-id=\"115\" src=\"https:\/\/mondrisports.com.br\/wordpress\/wp-content\/uploads\/2024\/10\/mondri-sports-14-808x1024.jpg\" alt=\"\" class=\"wp-image-115\" srcset=\"https:\/\/mondrisports.com.br\/home\/wp-content\/uploads\/2024\/10\/mondri-sports-14-808x1024.jpg 808w, https:\/\/mondrisports.com.br\/home\/wp-content\/uploads\/2024\/10\/mondri-sports-14-237x300.jpg 237w, https:\/\/mondrisports.com.br\/home\/wp-content\/uploads\/2024\/10\/mondri-sports-14-768x973.jpg 768w, https:\/\/mondrisports.com.br\/home\/wp-content\/uploads\/2024\/10\/mondri-sports-14.jpg 810w\" sizes=\"auto, (max-width: 808px) 100vw, 808px\" \/><figcaption class=\"wp-element-caption\">Uniforme esportivo Persnalizado<\/figcaption><\/figure>\n<\/figure>\n\n\n\n<p class=\"has-ast-global-color-8-color has-text-color has-link-color wp-elements-ff129d352ea577471db1df66c14d7a85\">Quer saber mais sobre quem somos? Clique <a href=\"https:\/\/mondrisports.com.br\/wordpress\/index.php\/sobre-nos\/\">aqui<\/a> e nos conhe\u00e7a.<\/p>\n","protected":false},"excerpt":{"rendered":"<p>Trocas e Devolu\u00e7\u00f5es Trocas Caso tenha comprado um produto e n\u00e3o tenha ficado satisfeito, estamos aqui para ajudar. Para isso, [&hellip;]<\/p>\n","protected":false},"author":1,"featured_media":0,"parent":0,"menu_order":0,"comment_status":"closed","ping_status":"closed","template":"","meta":{"site-sidebar-layout":"default","site-content-layout":"","ast-site-content-layout":"default","site-content-style":"default","site-sidebar-style":"default","ast-global-header-display":"","ast-banner-title-visibility":"","ast-main-header-display":"","ast-hfb-above-header-display":"","ast-hfb-below-header-display":"","ast-hfb-mobile-header-display":"","site-post-title":"","ast-breadcrumbs-content":"","ast-featured-img":"","footer-sml-layout":"","ast-disable-related-posts":"","theme-transparent-header-meta":"","adv-header-id-meta":"","stick-header-meta":"","header-above-stick-meta":"","header-main-stick-meta":"","header-below-stick-meta":"","astra-migrate-meta-layouts":"default","ast-page-background-enabled":"default","ast-page-background-meta":{"desktop":{"background-color":"var(--ast-global-color-4)","background-image":"","background-repeat":"repeat","background-position":"center center","background-size":"auto","background-attachment":"scroll","background-type":"","background-media":"","overlay-type":"","overlay-color":"","overlay-opacity":"","overlay-gradient":""},"tablet":{"background-color":"","background-image":"","background-repeat":"repeat","background-position":"center center","background-size":"auto","background-attachment":"scroll","background-type":"","background-media":"","overlay-type":"","overlay-color":"","overlay-opacity":"","overlay-gradient":""},"mobile":{"background-color":"","background-image":"","background-repeat":"repeat","background-position":"center center","background-size":"auto","background-attachment":"scroll","background-type":"","background-media":"","overlay-type":"","overlay-color":"","overlay-opacity":"","overlay-gradient":""}},"ast-content-background-meta":{"desktop":{"background-color":"var(--ast-global-color-5)","background-image":"","background-repeat":"repeat","background-position":"center center","background-size":"auto","background-attachment":"scroll","background-type":"","background-media":"","overlay-type":"","overlay-color":"","overlay-opacity":"","overlay-gradient":""},"tablet":{"background-color":"var(--ast-global-color-5)","background-image":"","background-repeat":"repeat","background-position":"center center","background-size":"auto","background-attachment":"scroll","background-type":"","background-media":"","overlay-type":"","overlay-color":"","overlay-opacity":"","overlay-gradient":""},"mobile":{"background-color":"var(--ast-global-color-5)","background-image":"","background-repeat":"repeat","background-position":"center center","background-size":"auto","background-attachment":"scroll","background-type":"","background-media":"","overlay-type":"","overlay-color":"","overlay-opacity":"","overlay-gradient":""}},"footnotes":""},"class_list":["post-153","page","type-page","status-publish","hentry"],"yoast_head":"<!-- This site is optimized with the Yoast SEO plugin v25.3 - https:\/\/yoast.com\/wordpress\/plugins\/seo\/ -->\n<title>Trocas e Devolu\u00e7\u00f5es - Mondri Sports<\/title>\n<meta name=\"description\" content=\"Saiba tudo sobre nossas trocas e devolu\u00e7\u00f5es na Mondri Sports. Processos simples e claros para garantir sua satisfa\u00e7\u00e3o com nossos produtos.\" \/>\n<meta name=\"robots\" content=\"index, follow, max-snippet:-1, max-image-preview:large, max-video-preview:-1\" \/>\n<link rel=\"canonical\" href=\"https:\/\/mondrisports.com.br\/home\/trocas-e-devolucoes\/\" \/>\n<meta property=\"og:locale\" content=\"pt_BR\" \/>\n<meta property=\"og:type\" content=\"article\" \/>\n<meta property=\"og:title\" content=\"Trocas e Devolu\u00e7\u00f5es - Mondri Sports\" \/>\n<meta property=\"og:description\" content=\"Saiba tudo sobre nossas trocas e devolu\u00e7\u00f5es na Mondri Sports. Processos simples e claros para garantir sua satisfa\u00e7\u00e3o com nossos produtos.\" \/>\n<meta property=\"og:url\" content=\"https:\/\/mondrisports.com.br\/home\/trocas-e-devolucoes\/\" \/>\n<meta property=\"og:site_name\" content=\"Mondri Sports\" \/>\n<meta property=\"article:modified_time\" content=\"2024-10-28T11:57:39+00:00\" \/>\n<meta property=\"og:image\" content=\"https:\/\/mondrisports.com.br\/wordpress\/wp-content\/uploads\/2024\/10\/mondri-sports-30-866x1024.jpg\" \/>\n<meta name=\"twitter:card\" content=\"summary_large_image\" \/>\n<meta name=\"twitter:label1\" content=\"Est. tempo de leitura\" \/>\n\t<meta name=\"twitter:data1\" content=\"4 minutos\" \/>\n<script type=\"application\/ld+json\" class=\"yoast-schema-graph\">{\"@context\":\"https:\/\/schema.org\",\"@graph\":[{\"@type\":\"WebPage\",\"@id\":\"https:\/\/mondrisports.com.br\/home\/trocas-e-devolucoes\/\",\"url\":\"https:\/\/mondrisports.com.br\/home\/trocas-e-devolucoes\/\",\"name\":\"Trocas e Devolu\u00e7\u00f5es - Mondri Sports\",\"isPartOf\":{\"@id\":\"https:\/\/mondrisports.com.br\/home\/#website\"},\"primaryImageOfPage\":{\"@id\":\"https:\/\/mondrisports.com.br\/home\/trocas-e-devolucoes\/#primaryimage\"},\"image\":{\"@id\":\"https:\/\/mondrisports.com.br\/home\/trocas-e-devolucoes\/#primaryimage\"},\"thumbnailUrl\":\"https:\/\/mondrisports.com.br\/wordpress\/wp-content\/uploads\/2024\/10\/mondri-sports-30-866x1024.jpg\",\"datePublished\":\"2024-10-22T18:37:55+00:00\",\"dateModified\":\"2024-10-28T11:57:39+00:00\",\"description\":\"Saiba tudo sobre nossas trocas e devolu\u00e7\u00f5es na Mondri Sports. Processos simples e claros para garantir sua satisfa\u00e7\u00e3o com nossos produtos.\",\"breadcrumb\":{\"@id\":\"https:\/\/mondrisports.com.br\/home\/trocas-e-devolucoes\/#breadcrumb\"},\"inLanguage\":\"pt-BR\",\"potentialAction\":[{\"@type\":\"ReadAction\",\"target\":[\"https:\/\/mondrisports.com.br\/home\/trocas-e-devolucoes\/\"]}]},{\"@type\":\"ImageObject\",\"inLanguage\":\"pt-BR\",\"@id\":\"https:\/\/mondrisports.com.br\/home\/trocas-e-devolucoes\/#primaryimage\",\"url\":\"https:\/\/mondrisports.com.br\/wordpress\/wp-content\/uploads\/2024\/10\/mondri-sports-30-866x1024.jpg\",\"contentUrl\":\"https:\/\/mondrisports.com.br\/wordpress\/wp-content\/uploads\/2024\/10\/mondri-sports-30-866x1024.jpg\"},{\"@type\":\"BreadcrumbList\",\"@id\":\"https:\/\/mondrisports.com.br\/home\/trocas-e-devolucoes\/#breadcrumb\",\"itemListElement\":[{\"@type\":\"ListItem\",\"position\":1,\"name\":\"In\u00edcio\",\"item\":\"https:\/\/mondrisports.com.br\/home\/\"},{\"@type\":\"ListItem\",\"position\":2,\"name\":\"Trocas e Devolu\u00e7\u00f5es\"}]},{\"@type\":\"WebSite\",\"@id\":\"https:\/\/mondrisports.com.br\/home\/#website\",\"url\":\"https:\/\/mondrisports.com.br\/home\/\",\"name\":\"Mondri Sports\",\"description\":\"Uniformes Esportivos Personalizados\",\"publisher\":{\"@id\":\"https:\/\/mondrisports.com.br\/home\/#organization\"},\"potentialAction\":[{\"@type\":\"SearchAction\",\"target\":{\"@type\":\"EntryPoint\",\"urlTemplate\":\"https:\/\/mondrisports.com.br\/home\/?s={search_term_string}\"},\"query-input\":{\"@type\":\"PropertyValueSpecification\",\"valueRequired\":true,\"valueName\":\"search_term_string\"}}],\"inLanguage\":\"pt-BR\"},{\"@type\":\"Organization\",\"@id\":\"https:\/\/mondrisports.com.br\/home\/#organization\",\"name\":\"Mondri Sports\",\"url\":\"https:\/\/mondrisports.com.br\/home\/\",\"logo\":{\"@type\":\"ImageObject\",\"inLanguage\":\"pt-BR\",\"@id\":\"https:\/\/mondrisports.com.br\/home\/#\/schema\/logo\/image\/\",\"url\":\"https:\/\/mondrisports.com.br\/home\/wp-content\/uploads\/2024\/10\/cropped-cropped-Design-sem-nome-16.png\",\"contentUrl\":\"https:\/\/mondrisports.com.br\/home\/wp-content\/uploads\/2024\/10\/cropped-cropped-Design-sem-nome-16.png\",\"width\":1077,\"height\":358,\"caption\":\"Mondri Sports\"},\"image\":{\"@id\":\"https:\/\/mondrisports.com.br\/home\/#\/schema\/logo\/image\/\"}}]}<\/script>\n<!-- \/ Yoast SEO plugin. -->","yoast_head_json":{"title":"Trocas e Devolu\u00e7\u00f5es - Mondri Sports","description":"Saiba tudo sobre nossas trocas e devolu\u00e7\u00f5es na Mondri Sports. Processos simples e claros para garantir sua satisfa\u00e7\u00e3o com nossos produtos.","robots":{"index":"index","follow":"follow","max-snippet":"max-snippet:-1","max-image-preview":"max-image-preview:large","max-video-preview":"max-video-preview:-1"},"canonical":"https:\/\/mondrisports.com.br\/home\/trocas-e-devolucoes\/","og_locale":"pt_BR","og_type":"article","og_title":"Trocas e Devolu\u00e7\u00f5es - Mondri Sports","og_description":"Saiba tudo sobre nossas trocas e devolu\u00e7\u00f5es na Mondri Sports. Processos simples e claros para garantir sua satisfa\u00e7\u00e3o com nossos produtos.","og_url":"https:\/\/mondrisports.com.br\/home\/trocas-e-devolucoes\/","og_site_name":"Mondri Sports","article_modified_time":"2024-10-28T11:57:39+00:00","og_image":[{"url":"https:\/\/mondrisports.com.br\/wordpress\/wp-content\/uploads\/2024\/10\/mondri-sports-30-866x1024.jpg","type":"","width":"","height":""}],"twitter_card":"summary_large_image","twitter_misc":{"Est. tempo de leitura":"4 minutos"},"schema":{"@context":"https:\/\/schema.org","@graph":[{"@type":"WebPage","@id":"https:\/\/mondrisports.com.br\/home\/trocas-e-devolucoes\/","url":"https:\/\/mondrisports.com.br\/home\/trocas-e-devolucoes\/","name":"Trocas e Devolu\u00e7\u00f5es - Mondri Sports","isPartOf":{"@id":"https:\/\/mondrisports.com.br\/home\/#website"},"primaryImageOfPage":{"@id":"https:\/\/mondrisports.com.br\/home\/trocas-e-devolucoes\/#primaryimage"},"image":{"@id":"https:\/\/mondrisports.com.br\/home\/trocas-e-devolucoes\/#primaryimage"},"thumbnailUrl":"https:\/\/mondrisports.com.br\/wordpress\/wp-content\/uploads\/2024\/10\/mondri-sports-30-866x1024.jpg","datePublished":"2024-10-22T18:37:55+00:00","dateModified":"2024-10-28T11:57:39+00:00","description":"Saiba tudo sobre nossas trocas e devolu\u00e7\u00f5es na Mondri Sports. Processos simples e claros para garantir sua satisfa\u00e7\u00e3o com nossos produtos.","breadcrumb":{"@id":"https:\/\/mondrisports.com.br\/home\/trocas-e-devolucoes\/#breadcrumb"},"inLanguage":"pt-BR","potentialAction":[{"@type":"ReadAction","target":["https:\/\/mondrisports.com.br\/home\/trocas-e-devolucoes\/"]}]},{"@type":"ImageObject","inLanguage":"pt-BR","@id":"https:\/\/mondrisports.com.br\/home\/trocas-e-devolucoes\/#primaryimage","url":"https:\/\/mondrisports.com.br\/wordpress\/wp-content\/uploads\/2024\/10\/mondri-sports-30-866x1024.jpg","contentUrl":"https:\/\/mondrisports.com.br\/wordpress\/wp-content\/uploads\/2024\/10\/mondri-sports-30-866x1024.jpg"},{"@type":"BreadcrumbList","@id":"https:\/\/mondrisports.com.br\/home\/trocas-e-devolucoes\/#breadcrumb","itemListElement":[{"@type":"ListItem","position":1,"name":"In\u00edcio","item":"https:\/\/mondrisports.com.br\/home\/"},{"@type":"ListItem","position":2,"name":"Trocas e Devolu\u00e7\u00f5es"}]},{"@type":"WebSite","@id":"https:\/\/mondrisports.com.br\/home\/#website","url":"https:\/\/mondrisports.com.br\/home\/","name":"Mondri Sports","description":"Uniformes Esportivos Personalizados","publisher":{"@id":"https:\/\/mondrisports.com.br\/home\/#organization"},"potentialAction":[{"@type":"SearchAction","target":{"@type":"EntryPoint","urlTemplate":"https:\/\/mondrisports.com.br\/home\/?s={search_term_string}"},"query-input":{"@type":"PropertyValueSpecification","valueRequired":true,"valueName":"search_term_string"}}],"inLanguage":"pt-BR"},{"@type":"Organization","@id":"https:\/\/mondrisports.com.br\/home\/#organization","name":"Mondri Sports","url":"https:\/\/mondrisports.com.br\/home\/","logo":{"@type":"ImageObject","inLanguage":"pt-BR","@id":"https:\/\/mondrisports.com.br\/home\/#\/schema\/logo\/image\/","url":"https:\/\/mondrisports.com.br\/home\/wp-content\/uploads\/2024\/10\/cropped-cropped-Design-sem-nome-16.png","contentUrl":"https:\/\/mondrisports.com.br\/home\/wp-content\/uploads\/2024\/10\/cropped-cropped-Design-sem-nome-16.png","width":1077,"height":358,"caption":"Mondri Sports"},"image":{"@id":"https:\/\/mondrisports.com.br\/home\/#\/schema\/logo\/image\/"}}]}},"_links":{"self":[{"href":"https:\/\/mondrisports.com.br\/home\/wp-json\/wp\/v2\/pages\/153","targetHints":{"allow":["GET"]}}],"collection":[{"href":"https:\/\/mondrisports.com.br\/home\/wp-json\/wp\/v2\/pages"}],"about":[{"href":"https:\/\/mondrisports.com.br\/home\/wp-json\/wp\/v2\/types\/page"}],"author":[{"embeddable":true,"href":"https:\/\/mondrisports.com.br\/home\/wp-json\/wp\/v2\/users\/1"}],"replies":[{"embeddable":true,"href":"https:\/\/mondrisports.com.br\/home\/wp-json\/wp\/v2\/comments?post=153"}],"version-history":[{"count":17,"href":"https:\/\/mondrisports.com.br\/home\/wp-json\/wp\/v2\/pages\/153\/revisions"}],"predecessor-version":[{"id":366,"href":"https:\/\/mondrisports.com.br\/home\/wp-json\/wp\/v2\/pages\/153\/revisions\/366"}],"wp:attachment":[{"href":"https:\/\/mondrisports.com.br\/home\/wp-json\/wp\/v2\/media?parent=153"}],"curies":[{"name":"wp","href":"https:\/\/api.w.org\/{rel}","templated":true}]}}