{"id":429,"date":"2025-04-22T12:43:58","date_gmt":"2025-04-22T12:43:58","guid":{"rendered":"https:\/\/mondrisports.com.br\/home\/?page_id=429"},"modified":"2025-04-29T14:09:08","modified_gmt":"2025-04-29T17:09:08","slug":"camiseta-dry-fit-personalizada","status":"publish","type":"page","link":"https:\/\/mondrisports.com.br\/home\/camiseta-dry-fit-personalizada\/","title":{"rendered":"Camiseta Dry Fit Personalizada"},"content":{"rendered":"\n<div style=\"height:80px\" aria-hidden=\"true\" class=\"wp-block-spacer\"><\/div>\n\n\n\n<h1 class=\"wp-block-heading has-text-align-center has-ast-global-color-8-color has-text-color has-link-color wp-elements-1086bfa1f523a1c65016474567e95ddd\">Camiseta Dry Fit Personalizada para Quem Busca Conforto, Estilo e Desempenho<\/h1>\n\n\n\n<div style=\"height:80px\" aria-hidden=\"true\" class=\"wp-block-spacer\"><\/div>\n\n\n\n<h2 class=\"wp-block-heading has-black-color has-text-color has-link-color wp-elements-3b799c095d4e00f09aba1c777225b42c\"><strong>Personalize sua Camiseta com Tecnologia Dry Fit e Alta Performance<\/strong><\/h2>\n\n\n\n<p class=\"has-black-color has-text-color has-link-color wp-elements-090a8d5a79ba8197e6aad84abe48a409\">Confort\u00e1vel, leve e respir\u00e1vel, a camiseta dry fit personalizada \u00e9 ideal para quem precisa de mobilidade, estilo e personalidade. Seja para <strong>eventos corporativos, pr\u00e1ticas esportivas, equipes de corrida ou academias<\/strong>, oferecemos pe\u00e7as de alta qualidade com personaliza\u00e7\u00e3o do jeito que voc\u00ea quiser.<\/p>\n\n\n\n<h2 class=\"wp-block-heading has-black-color has-text-color has-link-color wp-elements-c6d443c17853f043c31cd96662917de7\"><strong>Vantagens da Camiseta Dry Fit Personalizada<\/strong><\/h2>\n\n\n\n<p class=\"has-black-color has-text-color has-link-color wp-elements-095425e67ecac782aaa0399eac093a53\">Modelagem moderna e variedade de cores<\/p>\n\n\n\n<p class=\"has-ast-global-color-8-color has-text-color has-link-color wp-elements-2042e16d06cdd7f94003f6de015112ae\"><strong>Tecido tecnol\u00f3gico<\/strong>: leve, respir\u00e1vel e de secagem r\u00e1pida<\/p>\n\n\n\n<p class=\"has-ast-global-color-8-color has-text-color has-link-color wp-elements-b650b51371d7f240405e40b49d454c58\"><strong>Estampa personalizada<\/strong> com nome, logo, frase ou imagem<\/p>\n\n\n\n<p class=\"has-ast-global-color-8-color has-text-color has-link-color wp-elements-b17dac75ffa116d6374459b425f29b9b\"><strong>F\u00e1cil de manter<\/strong> e com excelente durabilidade mesmo ap\u00f3s v\u00e1rias lavagens<\/p>\n\n\n\n<p class=\"has-ast-global-color-8-color has-text-color has-link-color wp-elements-653298d647ef9566ff89e9f4f3eb1d37\"><strong>Entregamos para todo o Brasil<\/strong>, com foco em <strong>Curitiba &#8211; PR<\/strong><\/p>\n\n\n\n<h2 class=\"wp-block-heading has-ast-global-color-8-color has-text-color has-link-color wp-elements-681eda334aab75b5c869613a912df45a\"><strong>Ideal para Diversas Ocasi\u00f5es:<\/strong><\/h2>\n\n\n\n<p class=\"has-ast-global-color-8-color has-text-color has-link-color wp-elements-56632bafac581ec4973665cc2c273e04\">Uniformes para atividades ao ar livre<\/p>\n\n\n\n<p class=\"has-black-color has-text-color has-link-color wp-elements-6baf88349525470361e654d84cfadf1b\">Grupos de corrida, bike, crossfit e academia<\/p>\n\n\n\n<p class=\"has-black-color has-text-color has-link-color wp-elements-b03671670a4b700e255de5b44dc826d8\">Eventos corporativos e a\u00e7\u00f5es promocionais<\/p>\n\n\n\n<p class=\"has-black-color has-text-color has-link-color wp-elements-a8c73d6dbe5b84a700873b85c1e7ebae\">Equipes esportivas de diversas modalidades<\/p>\n\n\n\n<h2 class=\"wp-block-heading has-ast-global-color-8-color has-text-color has-link-color wp-elements-d7d90caa8d92beb0517e8809ec600441\"><strong>Voc\u00ea Escolhe. A Gente Cria.<\/strong><\/h2>\n\n\n\n<p class=\"has-ast-global-color-8-color has-text-color has-link-color wp-elements-28f8c78c86ac6241b85914ad550132f5\">Personalize:<\/p>\n\n\n\n<ul class=\"wp-block-list\">\n<li class=\"has-ast-global-color-8-color has-text-color has-link-color wp-elements-7d07c6ea3a8189a306ccd00822a8d3d3\">Cor da camiseta<\/li>\n\n\n\n<li class=\"has-ast-global-color-8-color has-text-color has-link-color wp-elements-22df63fa567ec8c5b001ad305c8ab967\">Logo, nome ou frase<\/li>\n\n\n\n<li class=\"has-ast-global-color-8-color has-text-color has-link-color wp-elements-630fbc44640bc0f5b68120ce35765acd\">Local e tipo da estampa<\/li>\n\n\n\n<li class=\"has-ast-global-color-8-color has-text-color has-link-color wp-elements-979dccfdec9668475c87eaa9968cb041\">Modelo com manga curta, longa ou regata<\/li>\n\n\n\n<li class=\"has-ast-global-color-8-color has-text-color has-link-color wp-elements-ac9827323c2554d69450bb180729f0d3\">Tecido dry fit tradicional ou premium<\/li>\n<\/ul>\n\n\n\n<p class=\"has-ast-global-color-8-color has-text-color has-link-color wp-elements-f661e1e7cde3f5aed92b67ab80ee3691\">Nosso time ajuda voc\u00ea a desenvolver o design perfeito para sua camiseta personalizada.<\/p>\n\n\n\n<h2 class=\"wp-block-heading has-black-color has-text-color has-link-color wp-elements-93b5300881ff09b9c95d7f6dbbf580e6\"><strong>Atendimento em Todo o Brasil com Foco em Curitiba \u2013 PR<\/strong><\/h2>\n\n\n\n<p class=\"has-black-color has-text-color has-link-color wp-elements-1b2255272aa8a659e4964de22eba01b6\">Oferecemos entrega nacional, mas com destaque especial para Curitiba e regi\u00e3o, com prazos reduzidos e atendimento pr\u00f3ximo para empresas, grupos e eventos locais.<\/p>\n\n\n\n<h2 class=\"wp-block-heading has-black-color has-text-color has-link-color wp-elements-a036c7c6da272adacab6c369007212cd\"><strong>Pe\u00e7a um Or\u00e7amento Agora e Leve Mais Estilo para Seu Projeto<\/strong><\/h2>\n\n\n\n<p class=\"has-black-color has-text-color has-link-color wp-elements-e4955cb86930f73a9a4fdf5e0ee91232\">Or\u00e7amento r\u00e1pido via WhatsApp<br>Suporte no desenvolvimento do layout<br>Encomendas sob medida<\/p>\n\n\n\n<p class=\"has-black-color has-text-color has-link-color wp-elements-8c21d1ac191e33610ceb3adc2a5bb262\"><strong>Clique abaixo e fale com nossa equipe agora mesmo!<\/strong><\/p>\n\n\n\n<div class=\"wp-block-buttons is-layout-flex wp-block-buttons-is-layout-flex\">\n<div class=\"wp-block-button\"><a class=\"wp-block-button__link has-cyan-bluish-gray-background-color has-background wp-element-button\" href=\"http:\/\/wa.me\/554133326052\">Solicitar Or\u00e7amento no WhatsApp<\/a><\/div>\n<\/div>\n\n\n\n<p><\/p>\n\n\n\n<h3 class=\"wp-block-heading has-ast-global-color-8-color has-text-color has-link-color wp-elements-66aeac56687050cd71a07639b78dd0bf\">Veja Quem J\u00e1 Personalizou com a Gente<\/h3>\n\n\n\n<figure class=\"wp-block-gallery has-nested-images columns-default is-cropped wp-block-gallery-1 is-layout-flex wp-block-gallery-is-layout-flex\">\n<figure class=\"wp-block-image size-large\"><img loading=\"lazy\" decoding=\"async\" width=\"710\" height=\"1007\" data-id=\"114\" src=\"https:\/\/mondrisports.com.br\/home\/wp-content\/uploads\/2024\/10\/mondri-sports-15.jpg\" alt=\"\" class=\"wp-image-114\" srcset=\"https:\/\/mondrisports.com.br\/home\/wp-content\/uploads\/2024\/10\/mondri-sports-15.jpg 710w, https:\/\/mondrisports.com.br\/home\/wp-content\/uploads\/2024\/10\/mondri-sports-15-212x300.jpg 212w\" sizes=\"auto, (max-width: 710px) 100vw, 710px\" \/><figcaption class=\"wp-element-caption\">Camiseta Dry Fit<\/figcaption><\/figure>\n\n\n\n<figure class=\"wp-block-image size-large\"><img loading=\"lazy\" decoding=\"async\" width=\"887\" height=\"1024\" data-id=\"104\" src=\"https:\/\/mondrisports.com.br\/home\/wp-content\/uploads\/2024\/10\/mondri-sports-27-887x1024.jpg\" alt=\"Uniforme personalizado esportivo\" class=\"wp-image-104\" srcset=\"https:\/\/mondrisports.com.br\/home\/wp-content\/uploads\/2024\/10\/mondri-sports-27-887x1024.jpg 887w, https:\/\/mondrisports.com.br\/home\/wp-content\/uploads\/2024\/10\/mondri-sports-27-260x300.jpg 260w, https:\/\/mondrisports.com.br\/home\/wp-content\/uploads\/2024\/10\/mondri-sports-27-768x887.jpg 768w, https:\/\/mondrisports.com.br\/home\/wp-content\/uploads\/2024\/10\/mondri-sports-27.jpg 894w\" sizes=\"auto, (max-width: 887px) 100vw, 887px\" \/><figcaption class=\"wp-element-caption\">Camiseta Dry Personalizada<\/figcaption><\/figure>\n\n\n\n<figure class=\"wp-block-image size-large\"><img loading=\"lazy\" decoding=\"async\" width=\"773\" height=\"1024\" data-id=\"129\" src=\"https:\/\/mondrisports.com.br\/home\/wp-content\/uploads\/2024\/10\/mondri-sports-25-773x1024.jpg\" alt=\"\" class=\"wp-image-129\" srcset=\"https:\/\/mondrisports.com.br\/home\/wp-content\/uploads\/2024\/10\/mondri-sports-25-773x1024.jpg 773w, https:\/\/mondrisports.com.br\/home\/wp-content\/uploads\/2024\/10\/mondri-sports-25-226x300.jpg 226w, https:\/\/mondrisports.com.br\/home\/wp-content\/uploads\/2024\/10\/mondri-sports-25-768x1018.jpg 768w, https:\/\/mondrisports.com.br\/home\/wp-content\/uploads\/2024\/10\/mondri-sports-25.jpg 815w\" sizes=\"auto, (max-width: 773px) 100vw, 773px\" \/><figcaption class=\"wp-element-caption\">Dry FIt<\/figcaption><\/figure>\n<\/figure>\n\n\n\n<p class=\"has-ast-global-color-8-color has-text-color has-link-color wp-elements-eee11007a3a1965b681b56b1060e178c\"><strong>Quem somos? <a href=\"https:\/\/mondrisports.com.br\/home\/index.php\/quem-somos\/\">Clique aqui<\/a> e saiba mais<\/strong>.<\/p>\n\n\n\n<p><\/p>\n","protected":false},"excerpt":{"rendered":"<p>Camiseta Dry Fit Personalizada para Quem Busca Conforto, Estilo e Desempenho Personalize sua Camiseta com Tecnologia Dry Fit e Alta [&hellip;]<\/p>\n","protected":false},"author":1,"featured_media":0,"parent":0,"menu_order":0,"comment_status":"closed","ping_status":"closed","template":"","meta":{"site-sidebar-layout":"default","site-content-layout":"","ast-site-content-layout":"","site-content-style":"default","site-sidebar-style":"default","ast-global-header-display":"","ast-banner-title-visibility":"","ast-main-header-display":"","ast-hfb-above-header-display":"","ast-hfb-below-header-display":"","ast-hfb-mobile-header-display":"","site-post-title":"disabled","ast-breadcrumbs-content":"","ast-featured-img":"","footer-sml-layout":"","ast-disable-related-posts":"","theme-transparent-header-meta":"","adv-header-id-meta":"","stick-header-meta":"","header-above-stick-meta":"","header-main-stick-meta":"","header-below-stick-meta":"","astra-migrate-meta-layouts":"default","ast-page-background-enabled":"default","ast-page-background-meta":{"desktop":{"background-color":"var(--ast-global-color-4)","background-image":"","background-repeat":"repeat","background-position":"center center","background-size":"auto","background-attachment":"scroll","background-type":"","background-media":"","overlay-type":"","overlay-color":"","overlay-opacity":"","overlay-gradient":""},"tablet":{"background-color":"","background-image":"","background-repeat":"repeat","background-position":"center center","background-size":"auto","background-attachment":"scroll","background-type":"","background-media":"","overlay-type":"","overlay-color":"","overlay-opacity":"","overlay-gradient":""},"mobile":{"background-color":"","background-image":"","background-repeat":"repeat","background-position":"center center","background-size":"auto","background-attachment":"scroll","background-type":"","background-media":"","overlay-type":"","overlay-color":"","overlay-opacity":"","overlay-gradient":""}},"ast-content-background-meta":{"desktop":{"background-color":"var(--ast-global-color-5)","background-image":"","background-repeat":"repeat","background-position":"center center","background-size":"auto","background-attachment":"scroll","background-type":"","background-media":"","overlay-type":"","overlay-color":"","overlay-opacity":"","overlay-gradient":""},"tablet":{"background-color":"var(--ast-global-color-5)","background-image":"","background-repeat":"repeat","background-position":"center center","background-size":"auto","background-attachment":"scroll","background-type":"","background-media":"","overlay-type":"","overlay-color":"","overlay-opacity":"","overlay-gradient":""},"mobile":{"background-color":"var(--ast-global-color-5)","background-image":"","background-repeat":"repeat","background-position":"center center","background-size":"auto","background-attachment":"scroll","background-type":"","background-media":"","overlay-type":"","overlay-color":"","overlay-opacity":"","overlay-gradient":""}},"footnotes":""},"class_list":["post-429","page","type-page","status-publish","hentry"],"yoast_head":"<!-- This site is optimized with the Yoast SEO plugin v25.3 - https:\/\/yoast.com\/wordpress\/plugins\/seo\/ -->\n<title>Camiseta Dry Fit Personalizada - Mondri Sports<\/title>\n<meta name=\"description\" content=\"Camiseta dry fit personalizada com tecido leve, respir\u00e1vel e estampa exclusiva. Enviamos para todo o Brasil. Fa\u00e7a seu or\u00e7amento!\" \/>\n<meta name=\"robots\" content=\"index, follow, max-snippet:-1, max-image-preview:large, max-video-preview:-1\" \/>\n<link rel=\"canonical\" href=\"https:\/\/mondrisports.com.br\/home\/camiseta-dry-fit-personalizada\/\" \/>\n<meta property=\"og:locale\" content=\"pt_BR\" \/>\n<meta property=\"og:type\" content=\"article\" \/>\n<meta property=\"og:title\" content=\"Camiseta Dry Fit Personalizada - Mondri Sports\" \/>\n<meta property=\"og:description\" content=\"Camiseta dry fit personalizada com tecido leve, respir\u00e1vel e estampa exclusiva. Enviamos para todo o Brasil. Fa\u00e7a seu or\u00e7amento!\" \/>\n<meta property=\"og:url\" content=\"https:\/\/mondrisports.com.br\/home\/camiseta-dry-fit-personalizada\/\" \/>\n<meta property=\"og:site_name\" content=\"Mondri Sports\" \/>\n<meta property=\"article:modified_time\" content=\"2025-04-29T17:09:08+00:00\" \/>\n<meta property=\"og:image\" content=\"https:\/\/mondrisports.com.br\/home\/wp-content\/uploads\/2024\/10\/mondri-sports-15.jpg\" \/>\n\t<meta property=\"og:image:width\" content=\"710\" \/>\n\t<meta property=\"og:image:height\" content=\"1007\" \/>\n\t<meta property=\"og:image:type\" content=\"image\/jpeg\" \/>\n<meta name=\"twitter:card\" content=\"summary_large_image\" \/>\n<meta name=\"twitter:label1\" content=\"Est. tempo de leitura\" \/>\n\t<meta name=\"twitter:data1\" content=\"3 minutos\" \/>\n<script type=\"application\/ld+json\" class=\"yoast-schema-graph\">{\"@context\":\"https:\/\/schema.org\",\"@graph\":[{\"@type\":\"WebPage\",\"@id\":\"https:\/\/mondrisports.com.br\/home\/camiseta-dry-fit-personalizada\/\",\"url\":\"https:\/\/mondrisports.com.br\/home\/camiseta-dry-fit-personalizada\/\",\"name\":\"Camiseta Dry Fit Personalizada - Mondri Sports\",\"isPartOf\":{\"@id\":\"https:\/\/mondrisports.com.br\/home\/#website\"},\"primaryImageOfPage\":{\"@id\":\"https:\/\/mondrisports.com.br\/home\/camiseta-dry-fit-personalizada\/#primaryimage\"},\"image\":{\"@id\":\"https:\/\/mondrisports.com.br\/home\/camiseta-dry-fit-personalizada\/#primaryimage\"},\"thumbnailUrl\":\"https:\/\/mondrisports.com.br\/home\/wp-content\/uploads\/2024\/10\/mondri-sports-15.jpg\",\"datePublished\":\"2025-04-22T12:43:58+00:00\",\"dateModified\":\"2025-04-29T17:09:08+00:00\",\"description\":\"Camiseta dry fit personalizada com tecido leve, respir\u00e1vel e estampa exclusiva. Enviamos para todo o Brasil. Fa\u00e7a seu or\u00e7amento!\",\"breadcrumb\":{\"@id\":\"https:\/\/mondrisports.com.br\/home\/camiseta-dry-fit-personalizada\/#breadcrumb\"},\"inLanguage\":\"pt-BR\",\"potentialAction\":[{\"@type\":\"ReadAction\",\"target\":[\"https:\/\/mondrisports.com.br\/home\/camiseta-dry-fit-personalizada\/\"]}]},{\"@type\":\"ImageObject\",\"inLanguage\":\"pt-BR\",\"@id\":\"https:\/\/mondrisports.com.br\/home\/camiseta-dry-fit-personalizada\/#primaryimage\",\"url\":\"https:\/\/mondrisports.com.br\/home\/wp-content\/uploads\/2024\/10\/mondri-sports-15.jpg\",\"contentUrl\":\"https:\/\/mondrisports.com.br\/home\/wp-content\/uploads\/2024\/10\/mondri-sports-15.jpg\",\"width\":710,\"height\":1007,\"caption\":\"Camiseta Dry Fit\"},{\"@type\":\"BreadcrumbList\",\"@id\":\"https:\/\/mondrisports.com.br\/home\/camiseta-dry-fit-personalizada\/#breadcrumb\",\"itemListElement\":[{\"@type\":\"ListItem\",\"position\":1,\"name\":\"In\u00edcio\",\"item\":\"https:\/\/mondrisports.com.br\/home\/\"},{\"@type\":\"ListItem\",\"position\":2,\"name\":\"Camiseta Dry Fit Personalizada\"}]},{\"@type\":\"WebSite\",\"@id\":\"https:\/\/mondrisports.com.br\/home\/#website\",\"url\":\"https:\/\/mondrisports.com.br\/home\/\",\"name\":\"Mondri Sports\",\"description\":\"Uniformes Esportivos Personalizados\",\"publisher\":{\"@id\":\"https:\/\/mondrisports.com.br\/home\/#organization\"},\"potentialAction\":[{\"@type\":\"SearchAction\",\"target\":{\"@type\":\"EntryPoint\",\"urlTemplate\":\"https:\/\/mondrisports.com.br\/home\/?s={search_term_string}\"},\"query-input\":{\"@type\":\"PropertyValueSpecification\",\"valueRequired\":true,\"valueName\":\"search_term_string\"}}],\"inLanguage\":\"pt-BR\"},{\"@type\":\"Organization\",\"@id\":\"https:\/\/mondrisports.com.br\/home\/#organization\",\"name\":\"Mondri Sports\",\"url\":\"https:\/\/mondrisports.com.br\/home\/\",\"logo\":{\"@type\":\"ImageObject\",\"inLanguage\":\"pt-BR\",\"@id\":\"https:\/\/mondrisports.com.br\/home\/#\/schema\/logo\/image\/\",\"url\":\"https:\/\/mondrisports.com.br\/home\/wp-content\/uploads\/2024\/10\/cropped-cropped-Design-sem-nome-16.png\",\"contentUrl\":\"https:\/\/mondrisports.com.br\/home\/wp-content\/uploads\/2024\/10\/cropped-cropped-Design-sem-nome-16.png\",\"width\":1077,\"height\":358,\"caption\":\"Mondri Sports\"},\"image\":{\"@id\":\"https:\/\/mondrisports.com.br\/home\/#\/schema\/logo\/image\/\"}}]}<\/script>\n<!-- \/ Yoast SEO plugin. -->","yoast_head_json":{"title":"Camiseta Dry Fit Personalizada - Mondri Sports","description":"Camiseta dry fit personalizada com tecido leve, respir\u00e1vel e estampa exclusiva. Enviamos para todo o Brasil. Fa\u00e7a seu or\u00e7amento!","robots":{"index":"index","follow":"follow","max-snippet":"max-snippet:-1","max-image-preview":"max-image-preview:large","max-video-preview":"max-video-preview:-1"},"canonical":"https:\/\/mondrisports.com.br\/home\/camiseta-dry-fit-personalizada\/","og_locale":"pt_BR","og_type":"article","og_title":"Camiseta Dry Fit Personalizada - Mondri Sports","og_description":"Camiseta dry fit personalizada com tecido leve, respir\u00e1vel e estampa exclusiva. Enviamos para todo o Brasil. Fa\u00e7a seu or\u00e7amento!","og_url":"https:\/\/mondrisports.com.br\/home\/camiseta-dry-fit-personalizada\/","og_site_name":"Mondri Sports","article_modified_time":"2025-04-29T17:09:08+00:00","og_image":[{"width":710,"height":1007,"url":"https:\/\/mondrisports.com.br\/home\/wp-content\/uploads\/2024\/10\/mondri-sports-15.jpg","type":"image\/jpeg"}],"twitter_card":"summary_large_image","twitter_misc":{"Est. tempo de leitura":"3 minutos"},"schema":{"@context":"https:\/\/schema.org","@graph":[{"@type":"WebPage","@id":"https:\/\/mondrisports.com.br\/home\/camiseta-dry-fit-personalizada\/","url":"https:\/\/mondrisports.com.br\/home\/camiseta-dry-fit-personalizada\/","name":"Camiseta Dry Fit Personalizada - Mondri Sports","isPartOf":{"@id":"https:\/\/mondrisports.com.br\/home\/#website"},"primaryImageOfPage":{"@id":"https:\/\/mondrisports.com.br\/home\/camiseta-dry-fit-personalizada\/#primaryimage"},"image":{"@id":"https:\/\/mondrisports.com.br\/home\/camiseta-dry-fit-personalizada\/#primaryimage"},"thumbnailUrl":"https:\/\/mondrisports.com.br\/home\/wp-content\/uploads\/2024\/10\/mondri-sports-15.jpg","datePublished":"2025-04-22T12:43:58+00:00","dateModified":"2025-04-29T17:09:08+00:00","description":"Camiseta dry fit personalizada com tecido leve, respir\u00e1vel e estampa exclusiva. Enviamos para todo o Brasil. Fa\u00e7a seu or\u00e7amento!","breadcrumb":{"@id":"https:\/\/mondrisports.com.br\/home\/camiseta-dry-fit-personalizada\/#breadcrumb"},"inLanguage":"pt-BR","potentialAction":[{"@type":"ReadAction","target":["https:\/\/mondrisports.com.br\/home\/camiseta-dry-fit-personalizada\/"]}]},{"@type":"ImageObject","inLanguage":"pt-BR","@id":"https:\/\/mondrisports.com.br\/home\/camiseta-dry-fit-personalizada\/#primaryimage","url":"https:\/\/mondrisports.com.br\/home\/wp-content\/uploads\/2024\/10\/mondri-sports-15.jpg","contentUrl":"https:\/\/mondrisports.com.br\/home\/wp-content\/uploads\/2024\/10\/mondri-sports-15.jpg","width":710,"height":1007,"caption":"Camiseta Dry Fit"},{"@type":"BreadcrumbList","@id":"https:\/\/mondrisports.com.br\/home\/camiseta-dry-fit-personalizada\/#breadcrumb","itemListElement":[{"@type":"ListItem","position":1,"name":"In\u00edcio","item":"https:\/\/mondrisports.com.br\/home\/"},{"@type":"ListItem","position":2,"name":"Camiseta Dry Fit Personalizada"}]},{"@type":"WebSite","@id":"https:\/\/mondrisports.com.br\/home\/#website","url":"https:\/\/mondrisports.com.br\/home\/","name":"Mondri Sports","description":"Uniformes Esportivos Personalizados","publisher":{"@id":"https:\/\/mondrisports.com.br\/home\/#organization"},"potentialAction":[{"@type":"SearchAction","target":{"@type":"EntryPoint","urlTemplate":"https:\/\/mondrisports.com.br\/home\/?s={search_term_string}"},"query-input":{"@type":"PropertyValueSpecification","valueRequired":true,"valueName":"search_term_string"}}],"inLanguage":"pt-BR"},{"@type":"Organization","@id":"https:\/\/mondrisports.com.br\/home\/#organization","name":"Mondri Sports","url":"https:\/\/mondrisports.com.br\/home\/","logo":{"@type":"ImageObject","inLanguage":"pt-BR","@id":"https:\/\/mondrisports.com.br\/home\/#\/schema\/logo\/image\/","url":"https:\/\/mondrisports.com.br\/home\/wp-content\/uploads\/2024\/10\/cropped-cropped-Design-sem-nome-16.png","contentUrl":"https:\/\/mondrisports.com.br\/home\/wp-content\/uploads\/2024\/10\/cropped-cropped-Design-sem-nome-16.png","width":1077,"height":358,"caption":"Mondri Sports"},"image":{"@id":"https:\/\/mondrisports.com.br\/home\/#\/schema\/logo\/image\/"}}]}},"_links":{"self":[{"href":"https:\/\/mondrisports.com.br\/home\/wp-json\/wp\/v2\/pages\/429","targetHints":{"allow":["GET"]}}],"collection":[{"href":"https:\/\/mondrisports.com.br\/home\/wp-json\/wp\/v2\/pages"}],"about":[{"href":"https:\/\/mondrisports.com.br\/home\/wp-json\/wp\/v2\/types\/page"}],"author":[{"embeddable":true,"href":"https:\/\/mondrisports.com.br\/home\/wp-json\/wp\/v2\/users\/1"}],"replies":[{"embeddable":true,"href":"https:\/\/mondrisports.com.br\/home\/wp-json\/wp\/v2\/comments?post=429"}],"version-history":[{"count":3,"href":"https:\/\/mondrisports.com.br\/home\/wp-json\/wp\/v2\/pages\/429\/revisions"}],"predecessor-version":[{"id":599,"href":"https:\/\/mondrisports.com.br\/home\/wp-json\/wp\/v2\/pages\/429\/revisions\/599"}],"wp:attachment":[{"href":"https:\/\/mondrisports.com.br\/home\/wp-json\/wp\/v2\/media?parent=429"}],"curies":[{"name":"wp","href":"https:\/\/api.w.org\/{rel}","templated":true}]}}