{"id":441,"date":"2025-04-22T13:31:08","date_gmt":"2025-04-22T13:31:08","guid":{"rendered":"https:\/\/mondrisports.com.br\/home\/?page_id=441"},"modified":"2025-05-07T14:38:44","modified_gmt":"2025-05-07T17:38:44","slug":"camiseta-manga-longa-esportiva","status":"publish","type":"page","link":"https:\/\/mondrisports.com.br\/home\/camiseta-manga-longa-esportiva\/","title":{"rendered":"Camiseta Manga Longa Esportiva"},"content":{"rendered":"\n<div style=\"height:80px\" aria-hidden=\"true\" class=\"wp-block-spacer\"><\/div>\n\n\n\n<h1 class=\"wp-block-heading has-text-align-center has-ast-global-color-8-color has-text-color has-link-color wp-elements-5d6a7370e7199e4258edbc8ea6c07858\">Camiseta Manga Longa Esportiva, Prote\u00e7\u00e3o, Conforto e Estilo para Qualquer Desafio<\/h1>\n\n\n\n<div style=\"height:80px\" aria-hidden=\"true\" class=\"wp-block-spacer\"><\/div>\n\n\n\n<h2 class=\"wp-block-heading has-black-color has-text-color has-link-color wp-elements-adb44e79003ba83a8a53e8eb34f6f61c\"><strong>Ideal para Treinos, Competi\u00e7\u00f5es e Atividades ao Ar Livre<\/strong><\/h2>\n\n\n\n<p class=\"has-ast-global-color-8-color has-text-color has-link-color wp-elements-72d32e4ed798fae4c14e089553deac21\">A camiseta manga longa esportiva \u00e9 perfeita para quem pratica esportes em ambientes abertos, precisa de prote\u00e7\u00e3o contra o sol, ou quer um visual mais completo para o time. Personalizamos com <strong>nome, n\u00famero, logo e design exclusivo<\/strong>, com tecidos de alta tecnologia.<\/p>\n\n\n\n<h2 class=\"wp-block-heading has-black-color has-text-color has-link-color wp-elements-22a0699e0149061a67fbeecf1c42624a\"><strong>Benef\u00edcios da Camiseta Manga Longa Esportiva Personalizada<\/strong><\/h2>\n\n\n\n<ul class=\"wp-block-list\">\n<li class=\"has-ast-global-color-8-color has-text-color has-link-color wp-elements-aa63bae2510a8fbd932841de6f20f482\"> Tecido dry fit leve e respir\u00e1vel<\/li>\n\n\n\n<li class=\"has-ast-global-color-8-color has-text-color has-link-color wp-elements-14c1ad67fe952a0844ac9b2e6f593140\"> Prote\u00e7\u00e3o UV para atividades ao ar livre<\/li>\n\n\n\n<li class=\"has-ast-global-color-8-color has-text-color has-link-color wp-elements-decaac6a89ef9f7a708e2541dcc20310\"> Personaliza\u00e7\u00e3o total com sublima\u00e7\u00e3o de alta qualidade<\/li>\n\n\n\n<li class=\"has-ast-global-color-8-color has-text-color has-link-color wp-elements-a9a739dc37a3f6a95aeaa96f149b03fe\"> Conforto t\u00e9rmico e secagem r\u00e1pida<\/li>\n\n\n\n<li class=\"has-ast-global-color-8-color has-text-color has-link-color wp-elements-0e6db1bce37ee9cdc550c30c378d04f4\"> Enviamos para todo o Brasil, com foco especial em <strong>Curitiba &#8211; PR<\/strong><\/li>\n<\/ul>\n\n\n\n<h2 class=\"wp-block-heading has-ast-global-color-8-color has-text-color has-link-color wp-elements-413b9329191b95b54608f218cba198aa\"><strong>Perfeita Para:<\/strong><\/h2>\n\n\n\n<ul class=\"wp-block-list\">\n<li class=\"has-ast-global-color-8-color has-text-color has-link-color wp-elements-900378a537ace006fac6bdc1315c1549\">Corridas, ciclismo, trekking, beach tennis<\/li>\n\n\n\n<li class=\"has-ast-global-color-8-color has-text-color has-link-color wp-elements-2a94863bfa0b9458c5f5a3bc099a9185\">Treinos funcionais e academias<\/li>\n\n\n\n<li class=\"has-ast-global-color-8-color has-text-color has-link-color wp-elements-f173103812f3ad821603b69e15e67bd0\">Times esportivos de diversas modalidades<\/li>\n\n\n\n<li class=\"has-ast-global-color-8-color has-text-color has-link-color wp-elements-3fe29c3f1b3f1d9ab76db560c8b81972\">Eventos esportivos, grupos corporativos e uniformes personalizados<\/li>\n<\/ul>\n\n\n\n<h2 class=\"wp-block-heading has-ast-global-color-8-color has-text-color has-link-color wp-elements-88614a1dfca27cf79b40325d281569c6\"><strong>Personalize do Seu Jeito<\/strong><\/h2>\n\n\n\n<ul class=\"wp-block-list\">\n<li class=\"has-ast-global-color-8-color has-text-color has-link-color wp-elements-dc1eb77e522f8695d442c60bdfefe67c\">Cores e layout completo<\/li>\n\n\n\n<li class=\"has-ast-global-color-8-color has-text-color has-link-color wp-elements-08e5a501ab6020ba664a3411312f4f8c\">Nome e n\u00famero de cada participante<\/li>\n\n\n\n<li class=\"has-ast-global-color-8-color has-text-color has-link-color wp-elements-623a565ee729930d6335d45d9fd62c56\">Logotipo ou frase inspiradora<\/li>\n\n\n\n<li class=\"has-ast-global-color-8-color has-text-color has-link-color wp-elements-a07f193127ea68b63fe98f0ac0e725c8\">Manga raglan, gola careca ou gola V<\/li>\n<\/ul>\n\n\n\n<p class=\"has-ast-global-color-8-color has-text-color has-link-color wp-elements-aca311b65316e3667c838da6d64a581f\">Voc\u00ea envia sua ideia ou deixa que nosso time de design desenvolva o layout ideal.<\/p>\n\n\n\n<h2 class=\"wp-block-heading has-ast-global-color-8-color has-text-color has-link-color wp-elements-89a47b36af8016dfdf7f7782d58315ac\"><strong>Atendimento R\u00e1pido em Todo o Brasil <\/strong><\/h2>\n\n\n\n<p class=\"has-ast-global-color-8-color has-text-color has-link-color wp-elements-a0ee83284b21b8cab0f2a0f7e559fc70\">Contamos com produ\u00e7\u00e3o \u00e1gil, envio para todas as regi\u00f5es e suporte especial para clientes de Curitiba e Regi\u00e3o Metropolitana. Prazos reduzidos e atendimento personalizado para sua equipe.<\/p>\n\n\n\n<p><\/p>\n\n\n\n<div class=\"wp-block-buttons is-layout-flex wp-block-buttons-is-layout-flex\">\n<div class=\"wp-block-button\"><a class=\"wp-block-button__link has-cyan-bluish-gray-background-color has-background wp-element-button\" href=\"http:\/\/wa.me\/554133326052\">Fale conosco<\/a><\/div>\n<\/div>\n\n\n\n<figure class=\"wp-block-image size-large\"><img loading=\"lazy\" decoding=\"async\" width=\"768\" height=\"1024\" src=\"https:\/\/mondrisports.com.br\/home\/wp-content\/uploads\/2024\/10\/mondri-sports-3-768x1024.jpg\" alt=\"\" class=\"wp-image-126\" srcset=\"https:\/\/mondrisports.com.br\/home\/wp-content\/uploads\/2024\/10\/mondri-sports-3-768x1024.jpg 768w, https:\/\/mondrisports.com.br\/home\/wp-content\/uploads\/2024\/10\/mondri-sports-3-225x300.jpg 225w, https:\/\/mondrisports.com.br\/home\/wp-content\/uploads\/2024\/10\/mondri-sports-3.jpg 810w\" sizes=\"auto, (max-width: 768px) 100vw, 768px\" \/><figcaption class=\"wp-element-caption\">Camiseta Manga Longa Personalizada<\/figcaption><\/figure>\n\n\n\n<p class=\"has-ast-global-color-8-color has-text-color has-link-color wp-elements-ef86bb17dd560cebc23b71362f0d83b0\"><strong>Quer saber quem somos? <a href=\"https:\/\/mondrisports.com.br\/home\/index.php\/quem-somos\/\">Clique aqui<\/a><\/strong><\/p>\n\n\n\n<p><\/p>\n","protected":false},"excerpt":{"rendered":"<p>Camiseta Manga Longa Esportiva, Prote\u00e7\u00e3o, Conforto e Estilo para Qualquer Desafio Ideal para Treinos, Competi\u00e7\u00f5es e Atividades ao Ar Livre [&hellip;]<\/p>\n","protected":false},"author":1,"featured_media":0,"parent":0,"menu_order":0,"comment_status":"closed","ping_status":"closed","template":"","meta":{"site-sidebar-layout":"default","site-content-layout":"","ast-site-content-layout":"","site-content-style":"default","site-sidebar-style":"default","ast-global-header-display":"","ast-banner-title-visibility":"","ast-main-header-display":"","ast-hfb-above-header-display":"","ast-hfb-below-header-display":"","ast-hfb-mobile-header-display":"","site-post-title":"disabled","ast-breadcrumbs-content":"","ast-featured-img":"","footer-sml-layout":"","ast-disable-related-posts":"","theme-transparent-header-meta":"","adv-header-id-meta":"","stick-header-meta":"","header-above-stick-meta":"","header-main-stick-meta":"","header-below-stick-meta":"","astra-migrate-meta-layouts":"default","ast-page-background-enabled":"default","ast-page-background-meta":{"desktop":{"background-color":"var(--ast-global-color-4)","background-image":"","background-repeat":"repeat","background-position":"center center","background-size":"auto","background-attachment":"scroll","background-type":"","background-media":"","overlay-type":"","overlay-color":"","overlay-opacity":"","overlay-gradient":""},"tablet":{"background-color":"","background-image":"","background-repeat":"repeat","background-position":"center center","background-size":"auto","background-attachment":"scroll","background-type":"","background-media":"","overlay-type":"","overlay-color":"","overlay-opacity":"","overlay-gradient":""},"mobile":{"background-color":"","background-image":"","background-repeat":"repeat","background-position":"center center","background-size":"auto","background-attachment":"scroll","background-type":"","background-media":"","overlay-type":"","overlay-color":"","overlay-opacity":"","overlay-gradient":""}},"ast-content-background-meta":{"desktop":{"background-color":"var(--ast-global-color-5)","background-image":"","background-repeat":"repeat","background-position":"center center","background-size":"auto","background-attachment":"scroll","background-type":"","background-media":"","overlay-type":"","overlay-color":"","overlay-opacity":"","overlay-gradient":""},"tablet":{"background-color":"var(--ast-global-color-5)","background-image":"","background-repeat":"repeat","background-position":"center center","background-size":"auto","background-attachment":"scroll","background-type":"","background-media":"","overlay-type":"","overlay-color":"","overlay-opacity":"","overlay-gradient":""},"mobile":{"background-color":"var(--ast-global-color-5)","background-image":"","background-repeat":"repeat","background-position":"center center","background-size":"auto","background-attachment":"scroll","background-type":"","background-media":"","overlay-type":"","overlay-color":"","overlay-opacity":"","overlay-gradient":""}},"footnotes":""},"class_list":["post-441","page","type-page","status-publish","hentry"],"yoast_head":"<!-- This site is optimized with the Yoast SEO plugin v25.3 - https:\/\/yoast.com\/wordpress\/plugins\/seo\/ -->\n<title>Camiseta Manga Longa Esportiva - Mondri Sports<\/title>\n<meta name=\"description\" content=\"Camiseta manga longa esportiva personalizada com prote\u00e7\u00e3o UV e tecido dry fit. Ideal para esportes ao ar livre. Entrega em todo o Brasil.\" \/>\n<meta name=\"robots\" content=\"index, follow, max-snippet:-1, max-image-preview:large, max-video-preview:-1\" \/>\n<link rel=\"canonical\" href=\"https:\/\/mondrisports.com.br\/home\/camiseta-manga-longa-esportiva\/\" \/>\n<meta property=\"og:locale\" content=\"pt_BR\" \/>\n<meta property=\"og:type\" content=\"article\" \/>\n<meta property=\"og:title\" content=\"Camiseta Manga Longa Esportiva - Mondri Sports\" \/>\n<meta property=\"og:description\" content=\"Camiseta manga longa esportiva personalizada com prote\u00e7\u00e3o UV e tecido dry fit. Ideal para esportes ao ar livre. Entrega em todo o Brasil.\" \/>\n<meta property=\"og:url\" content=\"https:\/\/mondrisports.com.br\/home\/camiseta-manga-longa-esportiva\/\" \/>\n<meta property=\"og:site_name\" content=\"Mondri Sports\" \/>\n<meta property=\"article:modified_time\" content=\"2025-05-07T17:38:44+00:00\" \/>\n<meta property=\"og:image\" content=\"https:\/\/mondrisports.com.br\/home\/wp-content\/uploads\/2024\/10\/mondri-sports-3.jpg\" \/>\n\t<meta property=\"og:image:width\" content=\"810\" \/>\n\t<meta property=\"og:image:height\" content=\"1080\" \/>\n\t<meta property=\"og:image:type\" content=\"image\/jpeg\" \/>\n<meta name=\"twitter:card\" content=\"summary_large_image\" \/>\n<meta name=\"twitter:label1\" content=\"Est. tempo de leitura\" \/>\n\t<meta name=\"twitter:data1\" content=\"2 minutos\" \/>\n<script type=\"application\/ld+json\" class=\"yoast-schema-graph\">{\"@context\":\"https:\/\/schema.org\",\"@graph\":[{\"@type\":\"WebPage\",\"@id\":\"https:\/\/mondrisports.com.br\/home\/camiseta-manga-longa-esportiva\/\",\"url\":\"https:\/\/mondrisports.com.br\/home\/camiseta-manga-longa-esportiva\/\",\"name\":\"Camiseta Manga Longa Esportiva - Mondri Sports\",\"isPartOf\":{\"@id\":\"https:\/\/mondrisports.com.br\/home\/#website\"},\"primaryImageOfPage\":{\"@id\":\"https:\/\/mondrisports.com.br\/home\/camiseta-manga-longa-esportiva\/#primaryimage\"},\"image\":{\"@id\":\"https:\/\/mondrisports.com.br\/home\/camiseta-manga-longa-esportiva\/#primaryimage\"},\"thumbnailUrl\":\"https:\/\/mondrisports.com.br\/home\/wp-content\/uploads\/2024\/10\/mondri-sports-3-768x1024.jpg\",\"datePublished\":\"2025-04-22T13:31:08+00:00\",\"dateModified\":\"2025-05-07T17:38:44+00:00\",\"description\":\"Camiseta manga longa esportiva personalizada com prote\u00e7\u00e3o UV e tecido dry fit. Ideal para esportes ao ar livre. Entrega em todo o Brasil.\",\"breadcrumb\":{\"@id\":\"https:\/\/mondrisports.com.br\/home\/camiseta-manga-longa-esportiva\/#breadcrumb\"},\"inLanguage\":\"pt-BR\",\"potentialAction\":[{\"@type\":\"ReadAction\",\"target\":[\"https:\/\/mondrisports.com.br\/home\/camiseta-manga-longa-esportiva\/\"]}]},{\"@type\":\"ImageObject\",\"inLanguage\":\"pt-BR\",\"@id\":\"https:\/\/mondrisports.com.br\/home\/camiseta-manga-longa-esportiva\/#primaryimage\",\"url\":\"https:\/\/mondrisports.com.br\/home\/wp-content\/uploads\/2024\/10\/mondri-sports-3.jpg\",\"contentUrl\":\"https:\/\/mondrisports.com.br\/home\/wp-content\/uploads\/2024\/10\/mondri-sports-3.jpg\",\"width\":810,\"height\":1080,\"caption\":\"Camiseta personalizada\"},{\"@type\":\"BreadcrumbList\",\"@id\":\"https:\/\/mondrisports.com.br\/home\/camiseta-manga-longa-esportiva\/#breadcrumb\",\"itemListElement\":[{\"@type\":\"ListItem\",\"position\":1,\"name\":\"In\u00edcio\",\"item\":\"https:\/\/mondrisports.com.br\/home\/\"},{\"@type\":\"ListItem\",\"position\":2,\"name\":\"Camiseta Manga Longa Esportiva\"}]},{\"@type\":\"WebSite\",\"@id\":\"https:\/\/mondrisports.com.br\/home\/#website\",\"url\":\"https:\/\/mondrisports.com.br\/home\/\",\"name\":\"Mondri Sports\",\"description\":\"Uniformes Esportivos Personalizados\",\"publisher\":{\"@id\":\"https:\/\/mondrisports.com.br\/home\/#organization\"},\"potentialAction\":[{\"@type\":\"SearchAction\",\"target\":{\"@type\":\"EntryPoint\",\"urlTemplate\":\"https:\/\/mondrisports.com.br\/home\/?s={search_term_string}\"},\"query-input\":{\"@type\":\"PropertyValueSpecification\",\"valueRequired\":true,\"valueName\":\"search_term_string\"}}],\"inLanguage\":\"pt-BR\"},{\"@type\":\"Organization\",\"@id\":\"https:\/\/mondrisports.com.br\/home\/#organization\",\"name\":\"Mondri Sports\",\"url\":\"https:\/\/mondrisports.com.br\/home\/\",\"logo\":{\"@type\":\"ImageObject\",\"inLanguage\":\"pt-BR\",\"@id\":\"https:\/\/mondrisports.com.br\/home\/#\/schema\/logo\/image\/\",\"url\":\"https:\/\/mondrisports.com.br\/home\/wp-content\/uploads\/2024\/10\/cropped-cropped-Design-sem-nome-16.png\",\"contentUrl\":\"https:\/\/mondrisports.com.br\/home\/wp-content\/uploads\/2024\/10\/cropped-cropped-Design-sem-nome-16.png\",\"width\":1077,\"height\":358,\"caption\":\"Mondri Sports\"},\"image\":{\"@id\":\"https:\/\/mondrisports.com.br\/home\/#\/schema\/logo\/image\/\"}}]}<\/script>\n<!-- \/ Yoast SEO plugin. -->","yoast_head_json":{"title":"Camiseta Manga Longa Esportiva - Mondri Sports","description":"Camiseta manga longa esportiva personalizada com prote\u00e7\u00e3o UV e tecido dry fit. Ideal para esportes ao ar livre. Entrega em todo o Brasil.","robots":{"index":"index","follow":"follow","max-snippet":"max-snippet:-1","max-image-preview":"max-image-preview:large","max-video-preview":"max-video-preview:-1"},"canonical":"https:\/\/mondrisports.com.br\/home\/camiseta-manga-longa-esportiva\/","og_locale":"pt_BR","og_type":"article","og_title":"Camiseta Manga Longa Esportiva - Mondri Sports","og_description":"Camiseta manga longa esportiva personalizada com prote\u00e7\u00e3o UV e tecido dry fit. Ideal para esportes ao ar livre. Entrega em todo o Brasil.","og_url":"https:\/\/mondrisports.com.br\/home\/camiseta-manga-longa-esportiva\/","og_site_name":"Mondri Sports","article_modified_time":"2025-05-07T17:38:44+00:00","og_image":[{"width":810,"height":1080,"url":"https:\/\/mondrisports.com.br\/home\/wp-content\/uploads\/2024\/10\/mondri-sports-3.jpg","type":"image\/jpeg"}],"twitter_card":"summary_large_image","twitter_misc":{"Est. tempo de leitura":"2 minutos"},"schema":{"@context":"https:\/\/schema.org","@graph":[{"@type":"WebPage","@id":"https:\/\/mondrisports.com.br\/home\/camiseta-manga-longa-esportiva\/","url":"https:\/\/mondrisports.com.br\/home\/camiseta-manga-longa-esportiva\/","name":"Camiseta Manga Longa Esportiva - Mondri Sports","isPartOf":{"@id":"https:\/\/mondrisports.com.br\/home\/#website"},"primaryImageOfPage":{"@id":"https:\/\/mondrisports.com.br\/home\/camiseta-manga-longa-esportiva\/#primaryimage"},"image":{"@id":"https:\/\/mondrisports.com.br\/home\/camiseta-manga-longa-esportiva\/#primaryimage"},"thumbnailUrl":"https:\/\/mondrisports.com.br\/home\/wp-content\/uploads\/2024\/10\/mondri-sports-3-768x1024.jpg","datePublished":"2025-04-22T13:31:08+00:00","dateModified":"2025-05-07T17:38:44+00:00","description":"Camiseta manga longa esportiva personalizada com prote\u00e7\u00e3o UV e tecido dry fit. Ideal para esportes ao ar livre. Entrega em todo o Brasil.","breadcrumb":{"@id":"https:\/\/mondrisports.com.br\/home\/camiseta-manga-longa-esportiva\/#breadcrumb"},"inLanguage":"pt-BR","potentialAction":[{"@type":"ReadAction","target":["https:\/\/mondrisports.com.br\/home\/camiseta-manga-longa-esportiva\/"]}]},{"@type":"ImageObject","inLanguage":"pt-BR","@id":"https:\/\/mondrisports.com.br\/home\/camiseta-manga-longa-esportiva\/#primaryimage","url":"https:\/\/mondrisports.com.br\/home\/wp-content\/uploads\/2024\/10\/mondri-sports-3.jpg","contentUrl":"https:\/\/mondrisports.com.br\/home\/wp-content\/uploads\/2024\/10\/mondri-sports-3.jpg","width":810,"height":1080,"caption":"Camiseta personalizada"},{"@type":"BreadcrumbList","@id":"https:\/\/mondrisports.com.br\/home\/camiseta-manga-longa-esportiva\/#breadcrumb","itemListElement":[{"@type":"ListItem","position":1,"name":"In\u00edcio","item":"https:\/\/mondrisports.com.br\/home\/"},{"@type":"ListItem","position":2,"name":"Camiseta Manga Longa Esportiva"}]},{"@type":"WebSite","@id":"https:\/\/mondrisports.com.br\/home\/#website","url":"https:\/\/mondrisports.com.br\/home\/","name":"Mondri Sports","description":"Uniformes Esportivos Personalizados","publisher":{"@id":"https:\/\/mondrisports.com.br\/home\/#organization"},"potentialAction":[{"@type":"SearchAction","target":{"@type":"EntryPoint","urlTemplate":"https:\/\/mondrisports.com.br\/home\/?s={search_term_string}"},"query-input":{"@type":"PropertyValueSpecification","valueRequired":true,"valueName":"search_term_string"}}],"inLanguage":"pt-BR"},{"@type":"Organization","@id":"https:\/\/mondrisports.com.br\/home\/#organization","name":"Mondri Sports","url":"https:\/\/mondrisports.com.br\/home\/","logo":{"@type":"ImageObject","inLanguage":"pt-BR","@id":"https:\/\/mondrisports.com.br\/home\/#\/schema\/logo\/image\/","url":"https:\/\/mondrisports.com.br\/home\/wp-content\/uploads\/2024\/10\/cropped-cropped-Design-sem-nome-16.png","contentUrl":"https:\/\/mondrisports.com.br\/home\/wp-content\/uploads\/2024\/10\/cropped-cropped-Design-sem-nome-16.png","width":1077,"height":358,"caption":"Mondri Sports"},"image":{"@id":"https:\/\/mondrisports.com.br\/home\/#\/schema\/logo\/image\/"}}]}},"_links":{"self":[{"href":"https:\/\/mondrisports.com.br\/home\/wp-json\/wp\/v2\/pages\/441","targetHints":{"allow":["GET"]}}],"collection":[{"href":"https:\/\/mondrisports.com.br\/home\/wp-json\/wp\/v2\/pages"}],"about":[{"href":"https:\/\/mondrisports.com.br\/home\/wp-json\/wp\/v2\/types\/page"}],"author":[{"embeddable":true,"href":"https:\/\/mondrisports.com.br\/home\/wp-json\/wp\/v2\/users\/1"}],"replies":[{"embeddable":true,"href":"https:\/\/mondrisports.com.br\/home\/wp-json\/wp\/v2\/comments?post=441"}],"version-history":[{"count":5,"href":"https:\/\/mondrisports.com.br\/home\/wp-json\/wp\/v2\/pages\/441\/revisions"}],"predecessor-version":[{"id":775,"href":"https:\/\/mondrisports.com.br\/home\/wp-json\/wp\/v2\/pages\/441\/revisions\/775"}],"wp:attachment":[{"href":"https:\/\/mondrisports.com.br\/home\/wp-json\/wp\/v2\/media?parent=441"}],"curies":[{"name":"wp","href":"https:\/\/api.w.org\/{rel}","templated":true}]}}