{"id":446,"date":"2025-04-22T13:56:44","date_gmt":"2025-04-22T13:56:44","guid":{"rendered":"https:\/\/mondrisports.com.br\/home\/?page_id=446"},"modified":"2025-04-29T15:09:08","modified_gmt":"2025-04-29T18:09:08","slug":"camiseta-para-eventos-esportivos","status":"publish","type":"page","link":"https:\/\/mondrisports.com.br\/home\/camiseta-para-eventos-esportivos\/","title":{"rendered":"Camiseta para Eventos Esportivos"},"content":{"rendered":"\n<div style=\"height:80px\" aria-hidden=\"true\" class=\"wp-block-spacer\"><\/div>\n\n\n\n<h1 class=\"wp-block-heading has-text-align-center has-black-color has-text-color has-link-color wp-elements-23330c5a28faf8ea2103305db510b766\">Camiseta para Eventos Esportivos Personaliza\u00e7\u00e3o com Qualidade e Agilidade<\/h1>\n\n\n\n<div style=\"height:80px\" aria-hidden=\"true\" class=\"wp-block-spacer\"><\/div>\n\n\n\n<h2 class=\"wp-block-heading has-ast-global-color-8-color has-text-color has-link-color wp-elements-fd8a81a39e2968a2200fd6e98e4d14da\"><strong>Seu Evento Esportivo Merece uma Camiseta com Identidade<\/strong><\/h2>\n\n\n\n<p class=\"has-ast-global-color-8-color has-text-color has-link-color wp-elements-981de5f02c8fe0993abd03a46e89e402\">Organizar um evento esportivo de sucesso come\u00e7a com a camiseta ideal. Criamos camisetas personalizadas para corridas, torneios, a\u00e7\u00f5es escolares, empresariais e campanhas esportivas. Tudo com tecido de qualidade, estampa dur\u00e1vel e layout exclusivo para o seu evento.<\/p>\n\n\n\n<h2 class=\"wp-block-heading has-black-color has-text-color has-link-color wp-elements-9710a0853ce36091a6beb4792635ceb5\"><strong>Por Que Escolher Nossa Camiseta para Eventos Esportivos?<\/strong><\/h2>\n\n\n\n<ul class=\"wp-block-list\">\n<li class=\"has-ast-global-color-8-color has-text-color has-link-color wp-elements-391e1302379d14dc531f9f435ca6e30d\">Modelos dry fit e algod\u00e3o de alta performance<\/li>\n\n\n\n<li class=\"has-ast-global-color-8-color has-text-color has-link-color wp-elements-a8703bce9346082d316f5559944eded3\">Personaliza\u00e7\u00e3o com logo, nome do evento, patrocinadores, frase ou numera\u00e7\u00e3o<\/li>\n\n\n\n<li class=\"has-ast-global-color-8-color has-text-color has-link-color wp-elements-cb366ec0e25f7842d66632c0cd6f706c\">Ideal para corridas, maratonas, torneios e gincanas<\/li>\n\n\n\n<li class=\"has-ast-global-color-8-color has-text-color has-link-color wp-elements-813ab47e9bd87b0d868f9d91705cd787\">Produ\u00e7\u00e3o r\u00e1pida e entrega nacional<\/li>\n<\/ul>\n\n\n\n<h2 class=\"wp-block-heading has-ast-global-color-8-color has-text-color has-link-color wp-elements-7e97c48248abab5706c84fbb5c761445\"><strong>Atendemos Diversos Tipos de Eventos:<\/strong><\/h2>\n\n\n\n<ul class=\"wp-block-list\">\n<li class=\"has-ast-global-color-8-color has-text-color has-link-color wp-elements-5359a4f7a2d8afac03802d5126b1062c\">Corridas de rua, ciclismo, caminhada e maratonas<\/li>\n\n\n\n<li class=\"has-ast-global-color-8-color has-text-color has-link-color wp-elements-29db405e096ad06f84172ce612d3208b\">Campeonatos esportivos e interclasses<\/li>\n\n\n\n<li class=\"has-ast-global-color-8-color has-text-color has-link-color wp-elements-138f541086a88005b44eee7ef7afcf70\">Eventos escolares, universit\u00e1rios e educacionais<\/li>\n\n\n\n<li class=\"has-ast-global-color-8-color has-text-color has-link-color wp-elements-bca157dd8ffb8857494beb9e09802b01\">A\u00e7\u00f5es corporativas com foco em bem-estar e sa\u00fade<\/li>\n\n\n\n<li class=\"has-ast-global-color-8-color has-text-color has-link-color wp-elements-e1015bfd28dbb39d47f0f90f6cc47cf5\">Campanhas de institui\u00e7\u00f5es, ONGs e projetos sociais<\/li>\n<\/ul>\n\n\n\n<h2 class=\"wp-block-heading has-ast-global-color-8-color has-text-color has-link-color wp-elements-0bc38829c4bf8d7a5edbf988f72d69e2\"><strong>Personalize do Seu Jeito:<\/strong><\/h2>\n\n\n\n<ul class=\"wp-block-list\">\n<li class=\"has-ast-global-color-8-color has-text-color has-link-color wp-elements-2a0e0b552bba6c28db6929917705688a\">Tamanho, cor e modelo da camiseta<\/li>\n\n\n\n<li class=\"has-ast-global-color-8-color has-text-color has-link-color wp-elements-2eb40f5d874e851cd3fa6e9a8d460d80\">Layout com identidade visual do evento<\/li>\n\n\n\n<li class=\"has-ast-global-color-8-color has-text-color has-link-color wp-elements-b528bfb3b5b75fd7f0ce72f3cfc2e9a1\">Inclus\u00e3o de patrocinadores e parceiros<\/li>\n\n\n\n<li class=\"has-ast-global-color-8-color has-text-color has-link-color wp-elements-0c0f1100c65bd01b59613667408ed271\">Nome individual e numera\u00e7\u00e3o (opcional)<\/li>\n<\/ul>\n\n\n\n<h3 class=\"wp-block-heading has-ast-global-color-8-color has-text-color has-link-color wp-elements-816f8b8f612fc337fead6dc550230c1c\"><strong>Seu evento merece uma camiseta que marca presen\u00e7a e gera mem\u00f3rias.<\/strong><\/h3>\n\n\n\n<h2 class=\"wp-block-heading has-ast-global-color-8-color has-text-color has-link-color wp-elements-f49e19245a5746ebaec380ae414c9e3d\"><strong>Enviamos para Todo o Brasil<\/strong><\/h2>\n\n\n\n<p class=\"has-ast-global-color-8-color has-text-color has-link-color wp-elements-9a971363a6ab32ec1c5ec3667a77600b\">Atendemos empresas, escolas e organizadores de eventos em todo o pa\u00eds, com produ\u00e7\u00e3o otimizada. Se voc\u00ea est\u00e1 em Curitiba, aproveite nosso suporte pr\u00f3ximo e prazos reduzidos.<\/p>\n\n\n\n<h2 class=\"wp-block-heading has-ast-global-color-8-color has-text-color has-link-color wp-elements-0784b35f1f0148db32967e3fc19541ee\"><strong>Solicite Seu Or\u00e7amento Agora<\/strong><\/h2>\n\n\n\n<p class=\"has-ast-global-color-8-color has-text-color has-link-color wp-elements-dc18ce22e4aebbfae857813a7f913e67\">Atendimento r\u00e1pido pelo WhatsApp<br>Layout incluso com personaliza\u00e7\u00e3o completa<br>Pedidos sob medida para seu evento esportivo<\/p>\n\n\n\n<div class=\"wp-block-buttons is-layout-flex wp-block-buttons-is-layout-flex\">\n<div class=\"wp-block-button\"><a class=\"wp-block-button__link has-cyan-bluish-gray-background-color has-background wp-element-button\" href=\"http:\/\/wa.me\/554133326052\">Solicitar Or\u00e7amento para Meu Evento<\/a><\/div>\n<\/div>\n\n\n\n<h2 class=\"wp-block-heading has-black-color has-text-color has-link-color wp-elements-69f13ef0ac88373ed513405ce1a95c9b\">Veja Eventos que J\u00e1 Vestiram Nossa Camiseta<\/h2>\n\n\n\n<figure class=\"wp-block-gallery has-nested-images columns-default is-cropped wp-block-gallery-1 is-layout-flex wp-block-gallery-is-layout-flex\">\n<figure class=\"wp-block-image size-large\"><img loading=\"lazy\" decoding=\"async\" width=\"810\" height=\"984\" data-id=\"134\" src=\"https:\/\/mondrisports.com.br\/home\/wp-content\/uploads\/2024\/10\/mondri-sports-38.jpg\" alt=\"Camisetas personalizadas\" class=\"wp-image-134\" srcset=\"https:\/\/mondrisports.com.br\/home\/wp-content\/uploads\/2024\/10\/mondri-sports-38.jpg 810w, https:\/\/mondrisports.com.br\/home\/wp-content\/uploads\/2024\/10\/mondri-sports-38-247x300.jpg 247w, https:\/\/mondrisports.com.br\/home\/wp-content\/uploads\/2024\/10\/mondri-sports-38-768x933.jpg 768w\" sizes=\"auto, (max-width: 810px) 100vw, 810px\" \/><figcaption class=\"wp-element-caption\">Camiseta para Eventos Esportivos<\/figcaption><\/figure>\n\n\n\n<figure class=\"wp-block-image size-large\"><img loading=\"lazy\" decoding=\"async\" width=\"921\" height=\"1024\" data-id=\"107\" src=\"https:\/\/mondrisports.com.br\/home\/wp-content\/uploads\/2024\/10\/mondri-sports-22-921x1024.jpg\" alt=\"\" class=\"wp-image-107\" srcset=\"https:\/\/mondrisports.com.br\/home\/wp-content\/uploads\/2024\/10\/mondri-sports-22-921x1024.jpg 921w, https:\/\/mondrisports.com.br\/home\/wp-content\/uploads\/2024\/10\/mondri-sports-22-270x300.jpg 270w, https:\/\/mondrisports.com.br\/home\/wp-content\/uploads\/2024\/10\/mondri-sports-22-768x854.jpg 768w, https:\/\/mondrisports.com.br\/home\/wp-content\/uploads\/2024\/10\/mondri-sports-22.jpg 941w\" sizes=\"auto, (max-width: 921px) 100vw, 921px\" \/><figcaption class=\"wp-element-caption\">Camiseta para Eventos Esportivos <\/figcaption><\/figure>\n\n\n\n<figure class=\"wp-block-image size-large\"><img loading=\"lazy\" decoding=\"async\" width=\"934\" height=\"1024\" data-id=\"103\" src=\"https:\/\/mondrisports.com.br\/home\/wp-content\/uploads\/2024\/10\/mondri-sports-28-934x1024.jpg\" alt=\"Camiseta personalizada esportiva\" class=\"wp-image-103\" srcset=\"https:\/\/mondrisports.com.br\/home\/wp-content\/uploads\/2024\/10\/mondri-sports-28-934x1024.jpg 934w, https:\/\/mondrisports.com.br\/home\/wp-content\/uploads\/2024\/10\/mondri-sports-28-274x300.jpg 274w, https:\/\/mondrisports.com.br\/home\/wp-content\/uploads\/2024\/10\/mondri-sports-28-768x842.jpg 768w, https:\/\/mondrisports.com.br\/home\/wp-content\/uploads\/2024\/10\/mondri-sports-28.jpg 985w\" sizes=\"auto, (max-width: 934px) 100vw, 934px\" \/><figcaption class=\"wp-element-caption\">Eventos Esportivos<\/figcaption><\/figure>\n<\/figure>\n\n\n\n<p><\/p>\n\n\n\n<p class=\"has-ast-global-color-8-color has-text-color has-link-color wp-elements-fb08a0bcd7ce8187bb63850480840c10\"><strong>Quer saber Quem Somos? <a href=\"https:\/\/mondrisports.com.br\/home\/index.php\/quem-somos\/\">Clique aqui<\/a><\/strong><\/p>\n\n\n\n<p><\/p>\n","protected":false},"excerpt":{"rendered":"<p>Camiseta para Eventos Esportivos Personaliza\u00e7\u00e3o com Qualidade e Agilidade Seu Evento Esportivo Merece uma Camiseta com Identidade Organizar um evento [&hellip;]<\/p>\n","protected":false},"author":1,"featured_media":0,"parent":0,"menu_order":0,"comment_status":"closed","ping_status":"closed","template":"","meta":{"site-sidebar-layout":"default","site-content-layout":"","ast-site-content-layout":"","site-content-style":"default","site-sidebar-style":"default","ast-global-header-display":"","ast-banner-title-visibility":"","ast-main-header-display":"","ast-hfb-above-header-display":"","ast-hfb-below-header-display":"","ast-hfb-mobile-header-display":"","site-post-title":"disabled","ast-breadcrumbs-content":"","ast-featured-img":"","footer-sml-layout":"","ast-disable-related-posts":"","theme-transparent-header-meta":"","adv-header-id-meta":"","stick-header-meta":"","header-above-stick-meta":"","header-main-stick-meta":"","header-below-stick-meta":"","astra-migrate-meta-layouts":"default","ast-page-background-enabled":"default","ast-page-background-meta":{"desktop":{"background-color":"var(--ast-global-color-4)","background-image":"","background-repeat":"repeat","background-position":"center center","background-size":"auto","background-attachment":"scroll","background-type":"","background-media":"","overlay-type":"","overlay-color":"","overlay-opacity":"","overlay-gradient":""},"tablet":{"background-color":"","background-image":"","background-repeat":"repeat","background-position":"center center","background-size":"auto","background-attachment":"scroll","background-type":"","background-media":"","overlay-type":"","overlay-color":"","overlay-opacity":"","overlay-gradient":""},"mobile":{"background-color":"","background-image":"","background-repeat":"repeat","background-position":"center center","background-size":"auto","background-attachment":"scroll","background-type":"","background-media":"","overlay-type":"","overlay-color":"","overlay-opacity":"","overlay-gradient":""}},"ast-content-background-meta":{"desktop":{"background-color":"var(--ast-global-color-5)","background-image":"","background-repeat":"repeat","background-position":"center center","background-size":"auto","background-attachment":"scroll","background-type":"","background-media":"","overlay-type":"","overlay-color":"","overlay-opacity":"","overlay-gradient":""},"tablet":{"background-color":"var(--ast-global-color-5)","background-image":"","background-repeat":"repeat","background-position":"center center","background-size":"auto","background-attachment":"scroll","background-type":"","background-media":"","overlay-type":"","overlay-color":"","overlay-opacity":"","overlay-gradient":""},"mobile":{"background-color":"var(--ast-global-color-5)","background-image":"","background-repeat":"repeat","background-position":"center center","background-size":"auto","background-attachment":"scroll","background-type":"","background-media":"","overlay-type":"","overlay-color":"","overlay-opacity":"","overlay-gradient":""}},"footnotes":""},"class_list":["post-446","page","type-page","status-publish","hentry"],"yoast_head":"<!-- This site is optimized with the Yoast SEO plugin v25.3 - https:\/\/yoast.com\/wordpress\/plugins\/seo\/ -->\n<title>Camiseta para Eventos Esportivos - Mondri Sports<\/title>\n<meta name=\"description\" content=\"Camiseta para eventos esportivos com personaliza\u00e7\u00e3o completa. Ideal para corridas, torneios e campanhas. Entrega em todo o Brasil. Pe\u00e7a J\u00e1!\" \/>\n<meta name=\"robots\" content=\"index, follow, max-snippet:-1, max-image-preview:large, max-video-preview:-1\" \/>\n<link rel=\"canonical\" href=\"https:\/\/mondrisports.com.br\/home\/camiseta-para-eventos-esportivos\/\" \/>\n<meta property=\"og:locale\" content=\"pt_BR\" \/>\n<meta property=\"og:type\" content=\"article\" \/>\n<meta property=\"og:title\" content=\"Camiseta para Eventos Esportivos - Mondri Sports\" \/>\n<meta property=\"og:description\" content=\"Camiseta para eventos esportivos com personaliza\u00e7\u00e3o completa. Ideal para corridas, torneios e campanhas. Entrega em todo o Brasil. Pe\u00e7a J\u00e1!\" \/>\n<meta property=\"og:url\" content=\"https:\/\/mondrisports.com.br\/home\/camiseta-para-eventos-esportivos\/\" \/>\n<meta property=\"og:site_name\" content=\"Mondri Sports\" \/>\n<meta property=\"article:modified_time\" content=\"2025-04-29T18:09:08+00:00\" \/>\n<meta property=\"og:image\" content=\"https:\/\/mondrisports.com.br\/home\/wp-content\/uploads\/2024\/10\/mondri-sports-38.jpg\" \/>\n\t<meta property=\"og:image:width\" content=\"810\" \/>\n\t<meta property=\"og:image:height\" content=\"984\" \/>\n\t<meta property=\"og:image:type\" content=\"image\/jpeg\" \/>\n<meta name=\"twitter:card\" content=\"summary_large_image\" \/>\n<meta name=\"twitter:label1\" content=\"Est. tempo de leitura\" \/>\n\t<meta name=\"twitter:data1\" content=\"2 minutos\" \/>\n<script type=\"application\/ld+json\" class=\"yoast-schema-graph\">{\"@context\":\"https:\/\/schema.org\",\"@graph\":[{\"@type\":\"WebPage\",\"@id\":\"https:\/\/mondrisports.com.br\/home\/camiseta-para-eventos-esportivos\/\",\"url\":\"https:\/\/mondrisports.com.br\/home\/camiseta-para-eventos-esportivos\/\",\"name\":\"Camiseta para Eventos Esportivos - Mondri Sports\",\"isPartOf\":{\"@id\":\"https:\/\/mondrisports.com.br\/home\/#website\"},\"primaryImageOfPage\":{\"@id\":\"https:\/\/mondrisports.com.br\/home\/camiseta-para-eventos-esportivos\/#primaryimage\"},\"image\":{\"@id\":\"https:\/\/mondrisports.com.br\/home\/camiseta-para-eventos-esportivos\/#primaryimage\"},\"thumbnailUrl\":\"https:\/\/mondrisports.com.br\/home\/wp-content\/uploads\/2024\/10\/mondri-sports-38.jpg\",\"datePublished\":\"2025-04-22T13:56:44+00:00\",\"dateModified\":\"2025-04-29T18:09:08+00:00\",\"description\":\"Camiseta para eventos esportivos com personaliza\u00e7\u00e3o completa. Ideal para corridas, torneios e campanhas. Entrega em todo o Brasil. Pe\u00e7a J\u00e1!\",\"breadcrumb\":{\"@id\":\"https:\/\/mondrisports.com.br\/home\/camiseta-para-eventos-esportivos\/#breadcrumb\"},\"inLanguage\":\"pt-BR\",\"potentialAction\":[{\"@type\":\"ReadAction\",\"target\":[\"https:\/\/mondrisports.com.br\/home\/camiseta-para-eventos-esportivos\/\"]}]},{\"@type\":\"ImageObject\",\"inLanguage\":\"pt-BR\",\"@id\":\"https:\/\/mondrisports.com.br\/home\/camiseta-para-eventos-esportivos\/#primaryimage\",\"url\":\"https:\/\/mondrisports.com.br\/home\/wp-content\/uploads\/2024\/10\/mondri-sports-38.jpg\",\"contentUrl\":\"https:\/\/mondrisports.com.br\/home\/wp-content\/uploads\/2024\/10\/mondri-sports-38.jpg\",\"width\":810,\"height\":984,\"caption\":\"Evento Esportivo\"},{\"@type\":\"BreadcrumbList\",\"@id\":\"https:\/\/mondrisports.com.br\/home\/camiseta-para-eventos-esportivos\/#breadcrumb\",\"itemListElement\":[{\"@type\":\"ListItem\",\"position\":1,\"name\":\"In\u00edcio\",\"item\":\"https:\/\/mondrisports.com.br\/home\/\"},{\"@type\":\"ListItem\",\"position\":2,\"name\":\"Camiseta para Eventos Esportivos\"}]},{\"@type\":\"WebSite\",\"@id\":\"https:\/\/mondrisports.com.br\/home\/#website\",\"url\":\"https:\/\/mondrisports.com.br\/home\/\",\"name\":\"Mondri Sports\",\"description\":\"Uniformes Esportivos Personalizados\",\"publisher\":{\"@id\":\"https:\/\/mondrisports.com.br\/home\/#organization\"},\"potentialAction\":[{\"@type\":\"SearchAction\",\"target\":{\"@type\":\"EntryPoint\",\"urlTemplate\":\"https:\/\/mondrisports.com.br\/home\/?s={search_term_string}\"},\"query-input\":{\"@type\":\"PropertyValueSpecification\",\"valueRequired\":true,\"valueName\":\"search_term_string\"}}],\"inLanguage\":\"pt-BR\"},{\"@type\":\"Organization\",\"@id\":\"https:\/\/mondrisports.com.br\/home\/#organization\",\"name\":\"Mondri Sports\",\"url\":\"https:\/\/mondrisports.com.br\/home\/\",\"logo\":{\"@type\":\"ImageObject\",\"inLanguage\":\"pt-BR\",\"@id\":\"https:\/\/mondrisports.com.br\/home\/#\/schema\/logo\/image\/\",\"url\":\"https:\/\/mondrisports.com.br\/home\/wp-content\/uploads\/2024\/10\/cropped-cropped-Design-sem-nome-16.png\",\"contentUrl\":\"https:\/\/mondrisports.com.br\/home\/wp-content\/uploads\/2024\/10\/cropped-cropped-Design-sem-nome-16.png\",\"width\":1077,\"height\":358,\"caption\":\"Mondri Sports\"},\"image\":{\"@id\":\"https:\/\/mondrisports.com.br\/home\/#\/schema\/logo\/image\/\"}}]}<\/script>\n<!-- \/ Yoast SEO plugin. -->","yoast_head_json":{"title":"Camiseta para Eventos Esportivos - Mondri Sports","description":"Camiseta para eventos esportivos com personaliza\u00e7\u00e3o completa. Ideal para corridas, torneios e campanhas. Entrega em todo o Brasil. Pe\u00e7a J\u00e1!","robots":{"index":"index","follow":"follow","max-snippet":"max-snippet:-1","max-image-preview":"max-image-preview:large","max-video-preview":"max-video-preview:-1"},"canonical":"https:\/\/mondrisports.com.br\/home\/camiseta-para-eventos-esportivos\/","og_locale":"pt_BR","og_type":"article","og_title":"Camiseta para Eventos Esportivos - Mondri Sports","og_description":"Camiseta para eventos esportivos com personaliza\u00e7\u00e3o completa. Ideal para corridas, torneios e campanhas. Entrega em todo o Brasil. Pe\u00e7a J\u00e1!","og_url":"https:\/\/mondrisports.com.br\/home\/camiseta-para-eventos-esportivos\/","og_site_name":"Mondri Sports","article_modified_time":"2025-04-29T18:09:08+00:00","og_image":[{"width":810,"height":984,"url":"https:\/\/mondrisports.com.br\/home\/wp-content\/uploads\/2024\/10\/mondri-sports-38.jpg","type":"image\/jpeg"}],"twitter_card":"summary_large_image","twitter_misc":{"Est. tempo de leitura":"2 minutos"},"schema":{"@context":"https:\/\/schema.org","@graph":[{"@type":"WebPage","@id":"https:\/\/mondrisports.com.br\/home\/camiseta-para-eventos-esportivos\/","url":"https:\/\/mondrisports.com.br\/home\/camiseta-para-eventos-esportivos\/","name":"Camiseta para Eventos Esportivos - Mondri Sports","isPartOf":{"@id":"https:\/\/mondrisports.com.br\/home\/#website"},"primaryImageOfPage":{"@id":"https:\/\/mondrisports.com.br\/home\/camiseta-para-eventos-esportivos\/#primaryimage"},"image":{"@id":"https:\/\/mondrisports.com.br\/home\/camiseta-para-eventos-esportivos\/#primaryimage"},"thumbnailUrl":"https:\/\/mondrisports.com.br\/home\/wp-content\/uploads\/2024\/10\/mondri-sports-38.jpg","datePublished":"2025-04-22T13:56:44+00:00","dateModified":"2025-04-29T18:09:08+00:00","description":"Camiseta para eventos esportivos com personaliza\u00e7\u00e3o completa. Ideal para corridas, torneios e campanhas. Entrega em todo o Brasil. Pe\u00e7a J\u00e1!","breadcrumb":{"@id":"https:\/\/mondrisports.com.br\/home\/camiseta-para-eventos-esportivos\/#breadcrumb"},"inLanguage":"pt-BR","potentialAction":[{"@type":"ReadAction","target":["https:\/\/mondrisports.com.br\/home\/camiseta-para-eventos-esportivos\/"]}]},{"@type":"ImageObject","inLanguage":"pt-BR","@id":"https:\/\/mondrisports.com.br\/home\/camiseta-para-eventos-esportivos\/#primaryimage","url":"https:\/\/mondrisports.com.br\/home\/wp-content\/uploads\/2024\/10\/mondri-sports-38.jpg","contentUrl":"https:\/\/mondrisports.com.br\/home\/wp-content\/uploads\/2024\/10\/mondri-sports-38.jpg","width":810,"height":984,"caption":"Evento Esportivo"},{"@type":"BreadcrumbList","@id":"https:\/\/mondrisports.com.br\/home\/camiseta-para-eventos-esportivos\/#breadcrumb","itemListElement":[{"@type":"ListItem","position":1,"name":"In\u00edcio","item":"https:\/\/mondrisports.com.br\/home\/"},{"@type":"ListItem","position":2,"name":"Camiseta para Eventos Esportivos"}]},{"@type":"WebSite","@id":"https:\/\/mondrisports.com.br\/home\/#website","url":"https:\/\/mondrisports.com.br\/home\/","name":"Mondri Sports","description":"Uniformes Esportivos Personalizados","publisher":{"@id":"https:\/\/mondrisports.com.br\/home\/#organization"},"potentialAction":[{"@type":"SearchAction","target":{"@type":"EntryPoint","urlTemplate":"https:\/\/mondrisports.com.br\/home\/?s={search_term_string}"},"query-input":{"@type":"PropertyValueSpecification","valueRequired":true,"valueName":"search_term_string"}}],"inLanguage":"pt-BR"},{"@type":"Organization","@id":"https:\/\/mondrisports.com.br\/home\/#organization","name":"Mondri Sports","url":"https:\/\/mondrisports.com.br\/home\/","logo":{"@type":"ImageObject","inLanguage":"pt-BR","@id":"https:\/\/mondrisports.com.br\/home\/#\/schema\/logo\/image\/","url":"https:\/\/mondrisports.com.br\/home\/wp-content\/uploads\/2024\/10\/cropped-cropped-Design-sem-nome-16.png","contentUrl":"https:\/\/mondrisports.com.br\/home\/wp-content\/uploads\/2024\/10\/cropped-cropped-Design-sem-nome-16.png","width":1077,"height":358,"caption":"Mondri Sports"},"image":{"@id":"https:\/\/mondrisports.com.br\/home\/#\/schema\/logo\/image\/"}}]}},"_links":{"self":[{"href":"https:\/\/mondrisports.com.br\/home\/wp-json\/wp\/v2\/pages\/446","targetHints":{"allow":["GET"]}}],"collection":[{"href":"https:\/\/mondrisports.com.br\/home\/wp-json\/wp\/v2\/pages"}],"about":[{"href":"https:\/\/mondrisports.com.br\/home\/wp-json\/wp\/v2\/types\/page"}],"author":[{"embeddable":true,"href":"https:\/\/mondrisports.com.br\/home\/wp-json\/wp\/v2\/users\/1"}],"replies":[{"embeddable":true,"href":"https:\/\/mondrisports.com.br\/home\/wp-json\/wp\/v2\/comments?post=446"}],"version-history":[{"count":3,"href":"https:\/\/mondrisports.com.br\/home\/wp-json\/wp\/v2\/pages\/446\/revisions"}],"predecessor-version":[{"id":608,"href":"https:\/\/mondrisports.com.br\/home\/wp-json\/wp\/v2\/pages\/446\/revisions\/608"}],"wp:attachment":[{"href":"https:\/\/mondrisports.com.br\/home\/wp-json\/wp\/v2\/media?parent=446"}],"curies":[{"name":"wp","href":"https:\/\/api.w.org\/{rel}","templated":true}]}}