{"id":463,"date":"2025-04-22T17:30:49","date_gmt":"2025-04-22T17:30:49","guid":{"rendered":"https:\/\/mondrisports.com.br\/home\/?page_id=463"},"modified":"2025-04-30T13:57:03","modified_gmt":"2025-04-30T16:57:03","slug":"uniforme-de-futebol-infantil-personalizado","status":"publish","type":"page","link":"https:\/\/mondrisports.com.br\/home\/uniforme-de-futebol-infantil-personalizado\/","title":{"rendered":"Uniforme de Futebol Infantil Personalizado"},"content":{"rendered":"\n<div style=\"height:77px\" aria-hidden=\"true\" class=\"wp-block-spacer\"><\/div>\n\n\n\n<h1 class=\"wp-block-heading has-text-align-center has-ast-global-color-8-color has-text-color has-link-color wp-elements-5054841bb6121544213fae987919ffdd\">Uniforme de Futebol Infantil Personalizado<br> Conforto, Estilo e Alegria para os Pequenos Craques<\/h1>\n\n\n\n<div style=\"height:77px\" aria-hidden=\"true\" class=\"wp-block-spacer\"><\/div>\n\n\n\n<h2 class=\"wp-block-heading has-black-color has-text-color has-link-color wp-elements-19ca395d2634878433e073ff87b006df\"><strong>O Primeiro Passo Para Formar um Time de Verdade Come\u00e7a com o Uniforme<\/strong><\/h2>\n\n\n\n<p class=\"has-ast-global-color-8-color has-text-color has-link-color wp-elements-3ab1ae391433fd1ff9b20c4f1e84bd2e\">D\u00ea mais identidade e motiva\u00e7\u00e3o para as crian\u00e7as com uniformes personalizados sob medida. Produzimos uniformes completos com nome, n\u00famero, escudo e layout exclusivo \u2014 perfeitos para <strong>escolinhas, campeonatos infantis, escolas e projetos sociais<\/strong>.<\/p>\n\n\n\n<h2 class=\"wp-block-heading has-black-color has-text-color has-link-color wp-elements-ddb6368b04c832eb613a8d1305859498\"><strong>O Que Est\u00e1 Inclu\u00eddo no Uniforme Infantil?<\/strong><\/h2>\n\n\n\n<ul class=\"wp-block-list\">\n<li class=\"has-ast-global-color-8-color has-text-color has-link-color wp-elements-406a254978572f02373fd7aec49e2ad6\">Camiseta infantil personalizada (manga curta ou longa)<\/li>\n\n\n\n<li class=\"has-ast-global-color-8-color has-text-color has-link-color wp-elements-1f02f45cec34546583173eaac2608015\">Cal\u00e7\u00e3o com estampa exclusiva<\/li>\n\n\n\n<li class=\"has-ast-global-color-8-color has-text-color has-link-color wp-elements-bd2f60d9153331e86ad7ebc2cb9be7d7\">Mei\u00e3o infantil (opcional)<\/li>\n\n\n\n<li class=\"has-ast-global-color-8-color has-text-color has-link-color wp-elements-90aa894fca3050ab878f12eeab1add91\">Nome, n\u00famero, escudo do time e patrocinadores (se desejar)<\/li>\n\n\n\n<li class=\"has-ast-global-color-8-color has-text-color has-link-color wp-elements-e33caf3d96846d520664aba57b4929f4\">Design divertido e moderno, com cores vibrantes<\/li>\n<\/ul>\n\n\n\n<h2 class=\"wp-block-heading has-black-color has-text-color has-link-color wp-elements-bdee8f990ce86b5faa18b91fe4cb09f1\"><strong>Por Que Escolher Nossos Uniformes Infantis?<\/strong><\/h2>\n\n\n\n<ul class=\"wp-block-list\">\n<li class=\"has-ast-global-color-8-color has-text-color has-link-color wp-elements-4f8c554e517aeb36014d1fb94083b28d\">Tamanhos adequados para todas as idades (4 a 12 anos)<\/li>\n\n\n\n<li class=\"has-ast-global-color-8-color has-text-color has-link-color wp-elements-d7e4dabf92a2d7270fe9ceabe60010be\">Tecido dry fit leve, respir\u00e1vel e antial\u00e9rgico<\/li>\n\n\n\n<li class=\"has-ast-global-color-8-color has-text-color has-link-color wp-elements-7d0e9f6cc2f96cde70628a31026914b9\">Costura refor\u00e7ada para alta mobilidade<\/li>\n\n\n\n<li class=\"has-ast-global-color-8-color has-text-color has-link-color wp-elements-eabfa3227d4429683d210375fc0c330b\">Personaliza\u00e7\u00e3o 100% exclusiva<\/li>\n\n\n\n<li class=\"has-ast-global-color-8-color has-text-color has-link-color wp-elements-2489e25fa0a150868754469fe7f24d0c\">Entrega para todo o Brasil<\/li>\n<\/ul>\n\n\n\n<h2 class=\"wp-block-heading has-black-color has-text-color has-link-color wp-elements-c5aec0d8c846b2d2f11c68f904aa9ad1\"><strong>Para Quem \u00e9 o Uniforme Infantil Personalizado?<\/strong><\/h2>\n\n\n\n<ul class=\"wp-block-list\">\n<li class=\"has-ast-global-color-8-color has-text-color has-link-color wp-elements-9f3d54374124af51795e98fd0f8e88b6\">Escolas e col\u00e9gios<\/li>\n\n\n\n<li class=\"has-ast-global-color-8-color has-text-color has-link-color wp-elements-96638c5f140b6079d14d5050c3a0051e\">Escolinhas de futebol e times de base<\/li>\n\n\n\n<li class=\"has-ast-global-color-8-color has-text-color has-link-color wp-elements-9680491863b31779ceca302648c1da55\">Projetos sociais esportivos<\/li>\n\n\n\n<li class=\"has-ast-global-color-8-color has-text-color has-link-color wp-elements-7753a0ca13026c3897b0d20ece606412\">Eventos, campeonatos interclasses e festivais infantis<\/li>\n<\/ul>\n\n\n\n<figure class=\"wp-block-gallery has-nested-images columns-default is-cropped wp-block-gallery-1 is-layout-flex wp-block-gallery-is-layout-flex\">\n<figure class=\"wp-block-image size-large\"><img loading=\"lazy\" decoding=\"async\" width=\"1000\" height=\"1000\" data-id=\"692\" src=\"https:\/\/mondrisports.com.br\/home\/wp-content\/uploads\/2025\/04\/UNIFORME-ADTSA-1.jpg\" alt=\"\" class=\"wp-image-692\" srcset=\"https:\/\/mondrisports.com.br\/home\/wp-content\/uploads\/2025\/04\/UNIFORME-ADTSA-1.jpg 1000w, https:\/\/mondrisports.com.br\/home\/wp-content\/uploads\/2025\/04\/UNIFORME-ADTSA-1-300x300.jpg 300w, https:\/\/mondrisports.com.br\/home\/wp-content\/uploads\/2025\/04\/UNIFORME-ADTSA-1-150x150.jpg 150w, https:\/\/mondrisports.com.br\/home\/wp-content\/uploads\/2025\/04\/UNIFORME-ADTSA-1-768x768.jpg 768w\" sizes=\"auto, (max-width: 1000px) 100vw, 1000px\" \/><figcaption class=\"wp-element-caption\">Uniforme de Futebol Infantil<\/figcaption><\/figure>\n\n\n\n<figure class=\"wp-block-image size-large\"><img loading=\"lazy\" decoding=\"async\" width=\"1000\" height=\"1000\" data-id=\"693\" src=\"https:\/\/mondrisports.com.br\/home\/wp-content\/uploads\/2025\/04\/BASQUETE-1.jpg\" alt=\"\" class=\"wp-image-693\" srcset=\"https:\/\/mondrisports.com.br\/home\/wp-content\/uploads\/2025\/04\/BASQUETE-1.jpg 1000w, https:\/\/mondrisports.com.br\/home\/wp-content\/uploads\/2025\/04\/BASQUETE-1-300x300.jpg 300w, https:\/\/mondrisports.com.br\/home\/wp-content\/uploads\/2025\/04\/BASQUETE-1-150x150.jpg 150w, https:\/\/mondrisports.com.br\/home\/wp-content\/uploads\/2025\/04\/BASQUETE-1-768x768.jpg 768w\" sizes=\"auto, (max-width: 1000px) 100vw, 1000px\" \/><figcaption class=\"wp-element-caption\">Uniforme Infantil<\/figcaption><\/figure>\n\n\n\n<figure class=\"wp-block-image size-large\"><img loading=\"lazy\" decoding=\"async\" width=\"1000\" height=\"1000\" data-id=\"695\" src=\"https:\/\/mondrisports.com.br\/home\/wp-content\/uploads\/2025\/04\/TREINO-TUPINIQUIM-2.jpg\" alt=\"\" class=\"wp-image-695\" srcset=\"https:\/\/mondrisports.com.br\/home\/wp-content\/uploads\/2025\/04\/TREINO-TUPINIQUIM-2.jpg 1000w, https:\/\/mondrisports.com.br\/home\/wp-content\/uploads\/2025\/04\/TREINO-TUPINIQUIM-2-300x300.jpg 300w, https:\/\/mondrisports.com.br\/home\/wp-content\/uploads\/2025\/04\/TREINO-TUPINIQUIM-2-150x150.jpg 150w, https:\/\/mondrisports.com.br\/home\/wp-content\/uploads\/2025\/04\/TREINO-TUPINIQUIM-2-768x768.jpg 768w\" sizes=\"auto, (max-width: 1000px) 100vw, 1000px\" \/><figcaption class=\"wp-element-caption\">Conjunto Infantil<\/figcaption><\/figure>\n<\/figure>\n","protected":false},"excerpt":{"rendered":"<p>Uniforme de Futebol Infantil Personalizado Conforto, Estilo e Alegria para os Pequenos Craques O Primeiro Passo Para Formar um Time [&hellip;]<\/p>\n","protected":false},"author":1,"featured_media":0,"parent":0,"menu_order":0,"comment_status":"closed","ping_status":"closed","template":"","meta":{"site-sidebar-layout":"default","site-content-layout":"","ast-site-content-layout":"","site-content-style":"default","site-sidebar-style":"default","ast-global-header-display":"","ast-banner-title-visibility":"","ast-main-header-display":"","ast-hfb-above-header-display":"","ast-hfb-below-header-display":"","ast-hfb-mobile-header-display":"","site-post-title":"disabled","ast-breadcrumbs-content":"","ast-featured-img":"","footer-sml-layout":"","ast-disable-related-posts":"","theme-transparent-header-meta":"","adv-header-id-meta":"","stick-header-meta":"","header-above-stick-meta":"","header-main-stick-meta":"","header-below-stick-meta":"","astra-migrate-meta-layouts":"default","ast-page-background-enabled":"default","ast-page-background-meta":{"desktop":{"background-color":"var(--ast-global-color-4)","background-image":"","background-repeat":"repeat","background-position":"center center","background-size":"auto","background-attachment":"scroll","background-type":"","background-media":"","overlay-type":"","overlay-color":"","overlay-opacity":"","overlay-gradient":""},"tablet":{"background-color":"","background-image":"","background-repeat":"repeat","background-position":"center center","background-size":"auto","background-attachment":"scroll","background-type":"","background-media":"","overlay-type":"","overlay-color":"","overlay-opacity":"","overlay-gradient":""},"mobile":{"background-color":"","background-image":"","background-repeat":"repeat","background-position":"center center","background-size":"auto","background-attachment":"scroll","background-type":"","background-media":"","overlay-type":"","overlay-color":"","overlay-opacity":"","overlay-gradient":""}},"ast-content-background-meta":{"desktop":{"background-color":"var(--ast-global-color-5)","background-image":"","background-repeat":"repeat","background-position":"center center","background-size":"auto","background-attachment":"scroll","background-type":"","background-media":"","overlay-type":"","overlay-color":"","overlay-opacity":"","overlay-gradient":""},"tablet":{"background-color":"var(--ast-global-color-5)","background-image":"","background-repeat":"repeat","background-position":"center center","background-size":"auto","background-attachment":"scroll","background-type":"","background-media":"","overlay-type":"","overlay-color":"","overlay-opacity":"","overlay-gradient":""},"mobile":{"background-color":"var(--ast-global-color-5)","background-image":"","background-repeat":"repeat","background-position":"center center","background-size":"auto","background-attachment":"scroll","background-type":"","background-media":"","overlay-type":"","overlay-color":"","overlay-opacity":"","overlay-gradient":""}},"footnotes":""},"class_list":["post-463","page","type-page","status-publish","hentry"],"yoast_head":"<!-- This site is optimized with the Yoast SEO plugin v25.3 - https:\/\/yoast.com\/wordpress\/plugins\/seo\/ -->\n<title>Uniforme de Futebol Infantil Personalizado - Mondri Sports<\/title>\n<meta name=\"description\" content=\"Uniforme de futebol infantil personalizado com nome, n\u00famero e escudo. Ideal para escolinhas, projetos sociais e campeonatos.\" \/>\n<meta name=\"robots\" content=\"index, follow, max-snippet:-1, max-image-preview:large, max-video-preview:-1\" \/>\n<link rel=\"canonical\" href=\"https:\/\/mondrisports.com.br\/home\/uniforme-de-futebol-infantil-personalizado\/\" \/>\n<meta property=\"og:locale\" content=\"pt_BR\" \/>\n<meta property=\"og:type\" content=\"article\" \/>\n<meta property=\"og:title\" content=\"Uniforme de Futebol Infantil Personalizado - Mondri Sports\" \/>\n<meta property=\"og:description\" content=\"Uniforme de futebol infantil personalizado com nome, n\u00famero e escudo. Ideal para escolinhas, projetos sociais e campeonatos.\" \/>\n<meta property=\"og:url\" content=\"https:\/\/mondrisports.com.br\/home\/uniforme-de-futebol-infantil-personalizado\/\" \/>\n<meta property=\"og:site_name\" content=\"Mondri Sports\" \/>\n<meta property=\"article:modified_time\" content=\"2025-04-30T16:57:03+00:00\" \/>\n<meta property=\"og:image\" content=\"https:\/\/mondrisports.com.br\/home\/wp-content\/uploads\/2025\/04\/UNIFORME-ADTSA-1.jpg\" \/>\n\t<meta property=\"og:image:width\" content=\"1000\" \/>\n\t<meta property=\"og:image:height\" content=\"1000\" \/>\n\t<meta property=\"og:image:type\" content=\"image\/jpeg\" \/>\n<meta name=\"twitter:card\" content=\"summary_large_image\" \/>\n<meta name=\"twitter:label1\" content=\"Est. tempo de leitura\" \/>\n\t<meta name=\"twitter:data1\" content=\"2 minutos\" \/>\n<script type=\"application\/ld+json\" class=\"yoast-schema-graph\">{\"@context\":\"https:\/\/schema.org\",\"@graph\":[{\"@type\":\"WebPage\",\"@id\":\"https:\/\/mondrisports.com.br\/home\/uniforme-de-futebol-infantil-personalizado\/\",\"url\":\"https:\/\/mondrisports.com.br\/home\/uniforme-de-futebol-infantil-personalizado\/\",\"name\":\"Uniforme de Futebol Infantil Personalizado - Mondri Sports\",\"isPartOf\":{\"@id\":\"https:\/\/mondrisports.com.br\/home\/#website\"},\"primaryImageOfPage\":{\"@id\":\"https:\/\/mondrisports.com.br\/home\/uniforme-de-futebol-infantil-personalizado\/#primaryimage\"},\"image\":{\"@id\":\"https:\/\/mondrisports.com.br\/home\/uniforme-de-futebol-infantil-personalizado\/#primaryimage\"},\"thumbnailUrl\":\"https:\/\/mondrisports.com.br\/home\/wp-content\/uploads\/2025\/04\/UNIFORME-ADTSA-1.jpg\",\"datePublished\":\"2025-04-22T17:30:49+00:00\",\"dateModified\":\"2025-04-30T16:57:03+00:00\",\"description\":\"Uniforme de futebol infantil personalizado com nome, n\u00famero e escudo. Ideal para escolinhas, projetos sociais e campeonatos.\",\"breadcrumb\":{\"@id\":\"https:\/\/mondrisports.com.br\/home\/uniforme-de-futebol-infantil-personalizado\/#breadcrumb\"},\"inLanguage\":\"pt-BR\",\"potentialAction\":[{\"@type\":\"ReadAction\",\"target\":[\"https:\/\/mondrisports.com.br\/home\/uniforme-de-futebol-infantil-personalizado\/\"]}]},{\"@type\":\"ImageObject\",\"inLanguage\":\"pt-BR\",\"@id\":\"https:\/\/mondrisports.com.br\/home\/uniforme-de-futebol-infantil-personalizado\/#primaryimage\",\"url\":\"https:\/\/mondrisports.com.br\/home\/wp-content\/uploads\/2025\/04\/UNIFORME-ADTSA-1.jpg\",\"contentUrl\":\"https:\/\/mondrisports.com.br\/home\/wp-content\/uploads\/2025\/04\/UNIFORME-ADTSA-1.jpg\",\"width\":1000,\"height\":1000,\"caption\":\"Uniforme de Futebol Infantil\"},{\"@type\":\"BreadcrumbList\",\"@id\":\"https:\/\/mondrisports.com.br\/home\/uniforme-de-futebol-infantil-personalizado\/#breadcrumb\",\"itemListElement\":[{\"@type\":\"ListItem\",\"position\":1,\"name\":\"In\u00edcio\",\"item\":\"https:\/\/mondrisports.com.br\/home\/\"},{\"@type\":\"ListItem\",\"position\":2,\"name\":\"Uniforme de Futebol Infantil Personalizado\"}]},{\"@type\":\"WebSite\",\"@id\":\"https:\/\/mondrisports.com.br\/home\/#website\",\"url\":\"https:\/\/mondrisports.com.br\/home\/\",\"name\":\"Mondri Sports\",\"description\":\"Uniformes Esportivos Personalizados\",\"publisher\":{\"@id\":\"https:\/\/mondrisports.com.br\/home\/#organization\"},\"potentialAction\":[{\"@type\":\"SearchAction\",\"target\":{\"@type\":\"EntryPoint\",\"urlTemplate\":\"https:\/\/mondrisports.com.br\/home\/?s={search_term_string}\"},\"query-input\":{\"@type\":\"PropertyValueSpecification\",\"valueRequired\":true,\"valueName\":\"search_term_string\"}}],\"inLanguage\":\"pt-BR\"},{\"@type\":\"Organization\",\"@id\":\"https:\/\/mondrisports.com.br\/home\/#organization\",\"name\":\"Mondri Sports\",\"url\":\"https:\/\/mondrisports.com.br\/home\/\",\"logo\":{\"@type\":\"ImageObject\",\"inLanguage\":\"pt-BR\",\"@id\":\"https:\/\/mondrisports.com.br\/home\/#\/schema\/logo\/image\/\",\"url\":\"https:\/\/mondrisports.com.br\/home\/wp-content\/uploads\/2024\/10\/cropped-cropped-Design-sem-nome-16.png\",\"contentUrl\":\"https:\/\/mondrisports.com.br\/home\/wp-content\/uploads\/2024\/10\/cropped-cropped-Design-sem-nome-16.png\",\"width\":1077,\"height\":358,\"caption\":\"Mondri Sports\"},\"image\":{\"@id\":\"https:\/\/mondrisports.com.br\/home\/#\/schema\/logo\/image\/\"}}]}<\/script>\n<!-- \/ Yoast SEO plugin. -->","yoast_head_json":{"title":"Uniforme de Futebol Infantil Personalizado - Mondri Sports","description":"Uniforme de futebol infantil personalizado com nome, n\u00famero e escudo. Ideal para escolinhas, projetos sociais e campeonatos.","robots":{"index":"index","follow":"follow","max-snippet":"max-snippet:-1","max-image-preview":"max-image-preview:large","max-video-preview":"max-video-preview:-1"},"canonical":"https:\/\/mondrisports.com.br\/home\/uniforme-de-futebol-infantil-personalizado\/","og_locale":"pt_BR","og_type":"article","og_title":"Uniforme de Futebol Infantil Personalizado - Mondri Sports","og_description":"Uniforme de futebol infantil personalizado com nome, n\u00famero e escudo. Ideal para escolinhas, projetos sociais e campeonatos.","og_url":"https:\/\/mondrisports.com.br\/home\/uniforme-de-futebol-infantil-personalizado\/","og_site_name":"Mondri Sports","article_modified_time":"2025-04-30T16:57:03+00:00","og_image":[{"width":1000,"height":1000,"url":"https:\/\/mondrisports.com.br\/home\/wp-content\/uploads\/2025\/04\/UNIFORME-ADTSA-1.jpg","type":"image\/jpeg"}],"twitter_card":"summary_large_image","twitter_misc":{"Est. tempo de leitura":"2 minutos"},"schema":{"@context":"https:\/\/schema.org","@graph":[{"@type":"WebPage","@id":"https:\/\/mondrisports.com.br\/home\/uniforme-de-futebol-infantil-personalizado\/","url":"https:\/\/mondrisports.com.br\/home\/uniforme-de-futebol-infantil-personalizado\/","name":"Uniforme de Futebol Infantil Personalizado - Mondri Sports","isPartOf":{"@id":"https:\/\/mondrisports.com.br\/home\/#website"},"primaryImageOfPage":{"@id":"https:\/\/mondrisports.com.br\/home\/uniforme-de-futebol-infantil-personalizado\/#primaryimage"},"image":{"@id":"https:\/\/mondrisports.com.br\/home\/uniforme-de-futebol-infantil-personalizado\/#primaryimage"},"thumbnailUrl":"https:\/\/mondrisports.com.br\/home\/wp-content\/uploads\/2025\/04\/UNIFORME-ADTSA-1.jpg","datePublished":"2025-04-22T17:30:49+00:00","dateModified":"2025-04-30T16:57:03+00:00","description":"Uniforme de futebol infantil personalizado com nome, n\u00famero e escudo. Ideal para escolinhas, projetos sociais e campeonatos.","breadcrumb":{"@id":"https:\/\/mondrisports.com.br\/home\/uniforme-de-futebol-infantil-personalizado\/#breadcrumb"},"inLanguage":"pt-BR","potentialAction":[{"@type":"ReadAction","target":["https:\/\/mondrisports.com.br\/home\/uniforme-de-futebol-infantil-personalizado\/"]}]},{"@type":"ImageObject","inLanguage":"pt-BR","@id":"https:\/\/mondrisports.com.br\/home\/uniforme-de-futebol-infantil-personalizado\/#primaryimage","url":"https:\/\/mondrisports.com.br\/home\/wp-content\/uploads\/2025\/04\/UNIFORME-ADTSA-1.jpg","contentUrl":"https:\/\/mondrisports.com.br\/home\/wp-content\/uploads\/2025\/04\/UNIFORME-ADTSA-1.jpg","width":1000,"height":1000,"caption":"Uniforme de Futebol Infantil"},{"@type":"BreadcrumbList","@id":"https:\/\/mondrisports.com.br\/home\/uniforme-de-futebol-infantil-personalizado\/#breadcrumb","itemListElement":[{"@type":"ListItem","position":1,"name":"In\u00edcio","item":"https:\/\/mondrisports.com.br\/home\/"},{"@type":"ListItem","position":2,"name":"Uniforme de Futebol Infantil Personalizado"}]},{"@type":"WebSite","@id":"https:\/\/mondrisports.com.br\/home\/#website","url":"https:\/\/mondrisports.com.br\/home\/","name":"Mondri Sports","description":"Uniformes Esportivos Personalizados","publisher":{"@id":"https:\/\/mondrisports.com.br\/home\/#organization"},"potentialAction":[{"@type":"SearchAction","target":{"@type":"EntryPoint","urlTemplate":"https:\/\/mondrisports.com.br\/home\/?s={search_term_string}"},"query-input":{"@type":"PropertyValueSpecification","valueRequired":true,"valueName":"search_term_string"}}],"inLanguage":"pt-BR"},{"@type":"Organization","@id":"https:\/\/mondrisports.com.br\/home\/#organization","name":"Mondri Sports","url":"https:\/\/mondrisports.com.br\/home\/","logo":{"@type":"ImageObject","inLanguage":"pt-BR","@id":"https:\/\/mondrisports.com.br\/home\/#\/schema\/logo\/image\/","url":"https:\/\/mondrisports.com.br\/home\/wp-content\/uploads\/2024\/10\/cropped-cropped-Design-sem-nome-16.png","contentUrl":"https:\/\/mondrisports.com.br\/home\/wp-content\/uploads\/2024\/10\/cropped-cropped-Design-sem-nome-16.png","width":1077,"height":358,"caption":"Mondri Sports"},"image":{"@id":"https:\/\/mondrisports.com.br\/home\/#\/schema\/logo\/image\/"}}]}},"_links":{"self":[{"href":"https:\/\/mondrisports.com.br\/home\/wp-json\/wp\/v2\/pages\/463","targetHints":{"allow":["GET"]}}],"collection":[{"href":"https:\/\/mondrisports.com.br\/home\/wp-json\/wp\/v2\/pages"}],"about":[{"href":"https:\/\/mondrisports.com.br\/home\/wp-json\/wp\/v2\/types\/page"}],"author":[{"embeddable":true,"href":"https:\/\/mondrisports.com.br\/home\/wp-json\/wp\/v2\/users\/1"}],"replies":[{"embeddable":true,"href":"https:\/\/mondrisports.com.br\/home\/wp-json\/wp\/v2\/comments?post=463"}],"version-history":[{"count":4,"href":"https:\/\/mondrisports.com.br\/home\/wp-json\/wp\/v2\/pages\/463\/revisions"}],"predecessor-version":[{"id":696,"href":"https:\/\/mondrisports.com.br\/home\/wp-json\/wp\/v2\/pages\/463\/revisions\/696"}],"wp:attachment":[{"href":"https:\/\/mondrisports.com.br\/home\/wp-json\/wp\/v2\/media?parent=463"}],"curies":[{"name":"wp","href":"https:\/\/api.w.org\/{rel}","templated":true}]}}