{"id":468,"date":"2025-04-22T17:57:46","date_gmt":"2025-04-22T17:57:46","guid":{"rendered":"https:\/\/mondrisports.com.br\/home\/?page_id=468"},"modified":"2025-05-07T10:07:11","modified_gmt":"2025-05-07T13:07:11","slug":"uniforme-completo-com-nome-e-numero","status":"publish","type":"page","link":"https:\/\/mondrisports.com.br\/home\/uniforme-completo-com-nome-e-numero\/","title":{"rendered":"Uniforme Completo com Nome e N\u00famero"},"content":{"rendered":"\n<div style=\"height:80px\" aria-hidden=\"true\" class=\"wp-block-spacer\"><\/div>\n\n\n\n<h1 class=\"wp-block-heading has-text-align-center has-ast-global-color-8-color has-text-color has-link-color wp-elements-8f7891450c032a8f72b03c64acc9c1a7\"><strong>Uniforme Completo com Nome e N\u00famero <\/strong><br><strong> Personaliza\u00e7\u00e3o Total para o Seu Time<\/strong><\/h1>\n\n\n\n<div style=\"height:80px\" aria-hidden=\"true\" class=\"wp-block-spacer\"><\/div>\n\n\n\n<h2 class=\"wp-block-heading has-ast-global-color-8-color has-text-color has-link-color wp-elements-a95ad3f5e9572cae454a2709e85149c4\">A<strong> Identidade de Cada Jogador<\/strong><\/h2>\n\n\n\n<p class=\"has-ast-global-color-8-color has-text-color has-link-color wp-elements-05501488c233143e8b9ec519dcbff4f7\">Uniforme Completo com Nome e N\u00famero, seu time merece mais que um uniforme comum. Oferecemos kits completos com <strong>camisa, cal\u00e7\u00e3o e mei\u00e3o<\/strong>, todos com nome e n\u00famero personalizados, design profissional e tecido de alta qualidade \u2014 perfeitos para jogos, torneios, treinos e eventos esportivos.<\/p>\n\n\n\n<h2 class=\"wp-block-heading has-ast-global-color-8-color has-text-color has-link-color wp-elements-edded72ec0ca0f000cbd0fe7acbff73c\"><strong>O Que Inclui o Uniforme Completo?<\/strong><\/h2>\n\n\n\n<ul class=\"wp-block-list\">\n<li class=\"has-ast-global-color-8-color has-text-color has-link-color wp-elements-ef4578f1551a6a7cef303d6850b0846b\">Camiseta personalizada com nome e n\u00famero<\/li>\n\n\n\n<li class=\"has-ast-global-color-8-color has-text-color has-link-color wp-elements-03f113f8995794d5cb98c34f0e3492d1\">Cal\u00e7\u00e3o com estampa personalizada<\/li>\n\n\n\n<li class=\"has-ast-global-color-8-color has-text-color has-link-color wp-elements-a8319e8ad83cd6f5c16d3f9ffe2f9524\">Mei\u00e3o (opcional, em v\u00e1rias cores)<\/li>\n\n\n\n<li class=\"has-ast-global-color-8-color has-text-color has-link-color wp-elements-17bb62d4ba9f6f35d571efc720030a5e\">Personaliza\u00e7\u00e3o com escudo, nomes dos atletas, numera\u00e7\u00e3o e at\u00e9 patrocinadores<\/li>\n\n\n\n<li class=\"has-ast-global-color-8-color has-text-color has-link-color wp-elements-1827efeefd61483d59b04f8e3da4f61d\">Design exclusivo para o seu time, criado do zero ou com base em refer\u00eancias<\/li>\n<\/ul>\n\n\n\n<h2 class=\"wp-block-heading has-ast-global-color-8-color has-text-color has-link-color wp-elements-b35a013b00b71c712fe5c2e4a3ca3f25\"><strong>Qualidade Que Faz a Diferen\u00e7a Dentro de Campo<\/strong><\/h2>\n\n\n\n<ul class=\"wp-block-list\">\n<li class=\"has-ast-global-color-8-color has-text-color has-link-color wp-elements-7d9bb7a2869e9439ac148db50d973bb6\">Tecido dry fit leve, respir\u00e1vel e de secagem r\u00e1pida<\/li>\n\n\n\n<li class=\"has-ast-global-color-8-color has-text-color has-link-color wp-elements-d47b38e76d191dc978a6d4b61b7ae824\">Costura refor\u00e7ada para resist\u00eancia durante as partidas<\/li>\n\n\n\n<li class=\"has-ast-global-color-8-color has-text-color has-link-color wp-elements-dd1caa4b2358fbdd54613a73aa7ed8f4\">Caimento confort\u00e1vel e ideal para performance esportiva<\/li>\n\n\n\n<li class=\"has-ast-global-color-8-color has-text-color has-link-color wp-elements-9efc86b9a9abb36b6236d9cd8b6afea4\">Entrega em todo o Brasil<\/li>\n<\/ul>\n\n\n\n<h2 class=\"wp-block-heading has-ast-global-color-8-color has-text-color has-link-color wp-elements-da601eaceec86727e8a48d7d438b4c07\"><strong>Para Quem \u00e9 Esse Uniforme?<\/strong><\/h2>\n\n\n\n<ul class=\"wp-block-list\">\n<li class=\"has-ast-global-color-8-color has-text-color has-link-color wp-elements-085a31c0b4ec5d60d2529fffb0fac166\">Times amadores e profissionais<\/li>\n\n\n\n<li class=\"has-ast-global-color-8-color has-text-color has-link-color wp-elements-1dc3f215b6ff42f251344a7ae6a4dc26\">Escolas e projetos esportivos<\/li>\n\n\n\n<li class=\"has-ast-global-color-8-color has-text-color has-link-color wp-elements-b6a6b5fca45be4d4e66aac9b020d0850\">Empresas em campeonatos internos<\/li>\n\n\n\n<li class=\"has-ast-global-color-8-color has-text-color has-link-color wp-elements-6690cf27299c7596e85dd1fb5c5b841d\">Grupos recreativos e amigos que jogam juntos<\/li>\n<\/ul>\n\n\n\n<h2 class=\"wp-block-heading has-black-color has-text-color has-link-color wp-elements-bc069f67a53ffc4c95c5e6e11084e0f0\"><strong>Como Funciona o Processo de Pedido?<\/strong><\/h2>\n\n\n\n<ol class=\"wp-block-list\">\n<li class=\"has-ast-global-color-8-color has-text-color has-link-color wp-elements-1f7e8934e13065935210f1768b5ad416\">Envie sua lista com nomes, n\u00fameros, cores e escudo<\/li>\n\n\n\n<li class=\"has-ast-global-color-8-color has-text-color has-link-color wp-elements-9a868ea12b6aefb228cf0e53fef008f9\">Criamos o layout personalizado para seu time aprovar<\/li>\n\n\n\n<li class=\"has-ast-global-color-8-color has-text-color has-link-color wp-elements-3614a553067ab0bf4a76c9a25207f5e2\">Produzimos e enviamos para sua cidade, com todo o cuidado e agilidade<\/li>\n<\/ol>\n\n\n\n<h2 class=\"wp-block-heading has-black-color has-text-color has-link-color wp-elements-4b2ca73dd54aec5f5198991523f927f5\"><strong>D\u00ea Identidade ao Seu Time com um Uniforme Completo e Profissional<\/strong><\/h2>\n\n\n\n<p class=\"has-ast-global-color-8-color has-text-color has-link-color wp-elements-8e923d185555fb93f1527083b67e2354\">Solicite or\u00e7amento r\u00e1pido via WhatsApp<br>Layout incluso no valor<br>Produ\u00e7\u00e3o sob medida para o seu grupo<\/p>\n\n\n\n<h3 class=\"wp-block-heading has-ast-global-color-8-color has-text-color has-link-color wp-elements-934e65d13d582cf701f801fbf6b52284\">Galeria de Uniformes com Nome e N\u00famero Personalizados<\/h3>\n\n\n\n<figure class=\"wp-block-gallery has-nested-images columns-default is-cropped wp-block-gallery-1 is-layout-flex wp-block-gallery-is-layout-flex\">\n<figure class=\"wp-block-image size-large\"><img loading=\"lazy\" decoding=\"async\" width=\"861\" height=\"1024\" data-id=\"123\" src=\"https:\/\/mondrisports.com.br\/home\/wp-content\/uploads\/2024\/10\/mondri-sports-5-861x1024.jpg\" alt=\"\" class=\"wp-image-123\" srcset=\"https:\/\/mondrisports.com.br\/home\/wp-content\/uploads\/2024\/10\/mondri-sports-5-861x1024.jpg 861w, https:\/\/mondrisports.com.br\/home\/wp-content\/uploads\/2024\/10\/mondri-sports-5-252x300.jpg 252w, https:\/\/mondrisports.com.br\/home\/wp-content\/uploads\/2024\/10\/mondri-sports-5-768x913.jpg 768w, https:\/\/mondrisports.com.br\/home\/wp-content\/uploads\/2024\/10\/mondri-sports-5.jpg 880w\" sizes=\"auto, (max-width: 861px) 100vw, 861px\" \/><figcaption class=\"wp-element-caption\">Uniforme Nome e N\u00famero<\/figcaption><\/figure>\n\n\n\n<figure class=\"wp-block-image size-large\"><img loading=\"lazy\" decoding=\"async\" width=\"781\" height=\"981\" data-id=\"110\" src=\"https:\/\/mondrisports.com.br\/home\/wp-content\/uploads\/2024\/10\/mondri-sports-19.jpg\" alt=\"\" class=\"wp-image-110\" srcset=\"https:\/\/mondrisports.com.br\/home\/wp-content\/uploads\/2024\/10\/mondri-sports-19.jpg 781w, https:\/\/mondrisports.com.br\/home\/wp-content\/uploads\/2024\/10\/mondri-sports-19-239x300.jpg 239w, https:\/\/mondrisports.com.br\/home\/wp-content\/uploads\/2024\/10\/mondri-sports-19-768x965.jpg 768w\" sizes=\"auto, (max-width: 781px) 100vw, 781px\" \/><figcaption class=\"wp-element-caption\">Nome e N\u00famero Camiseta Personalizada<\/figcaption><\/figure>\n\n\n\n<figure class=\"wp-block-image size-large\"><img loading=\"lazy\" decoding=\"async\" width=\"810\" height=\"1018\" data-id=\"100\" src=\"https:\/\/mondrisports.com.br\/home\/wp-content\/uploads\/2024\/10\/mondri-sports-32.jpg\" alt=\"\" class=\"wp-image-100\" srcset=\"https:\/\/mondrisports.com.br\/home\/wp-content\/uploads\/2024\/10\/mondri-sports-32.jpg 810w, https:\/\/mondrisports.com.br\/home\/wp-content\/uploads\/2024\/10\/mondri-sports-32-239x300.jpg 239w, https:\/\/mondrisports.com.br\/home\/wp-content\/uploads\/2024\/10\/mondri-sports-32-768x965.jpg 768w\" sizes=\"auto, (max-width: 810px) 100vw, 810px\" \/><figcaption class=\"wp-element-caption\">Uniforme com nome e n\u00famero<\/figcaption><\/figure>\n<\/figure>\n\n\n\n<p class=\"has-ast-global-color-8-color has-text-color has-link-color wp-elements-e5391348563fa41cb717ecd1ac22e4b2\"><strong>Quem somos? <a href=\"https:\/\/mondrisports.com.br\/home\/index.php\/quem-somos\/\">Clique aqui.<\/a><\/strong><\/p>\n\n\n\n<p><\/p>\n","protected":false},"excerpt":{"rendered":"<p>Uniforme Completo com Nome e N\u00famero Personaliza\u00e7\u00e3o Total para o Seu Time A Identidade de Cada Jogador Uniforme Completo com [&hellip;]<\/p>\n","protected":false},"author":1,"featured_media":0,"parent":0,"menu_order":0,"comment_status":"closed","ping_status":"closed","template":"","meta":{"site-sidebar-layout":"default","site-content-layout":"","ast-site-content-layout":"","site-content-style":"default","site-sidebar-style":"default","ast-global-header-display":"","ast-banner-title-visibility":"","ast-main-header-display":"","ast-hfb-above-header-display":"","ast-hfb-below-header-display":"","ast-hfb-mobile-header-display":"","site-post-title":"disabled","ast-breadcrumbs-content":"","ast-featured-img":"","footer-sml-layout":"","ast-disable-related-posts":"","theme-transparent-header-meta":"","adv-header-id-meta":"","stick-header-meta":"","header-above-stick-meta":"","header-main-stick-meta":"","header-below-stick-meta":"","astra-migrate-meta-layouts":"default","ast-page-background-enabled":"default","ast-page-background-meta":{"desktop":{"background-color":"var(--ast-global-color-4)","background-image":"","background-repeat":"repeat","background-position":"center center","background-size":"auto","background-attachment":"scroll","background-type":"","background-media":"","overlay-type":"","overlay-color":"","overlay-opacity":"","overlay-gradient":""},"tablet":{"background-color":"","background-image":"","background-repeat":"repeat","background-position":"center center","background-size":"auto","background-attachment":"scroll","background-type":"","background-media":"","overlay-type":"","overlay-color":"","overlay-opacity":"","overlay-gradient":""},"mobile":{"background-color":"","background-image":"","background-repeat":"repeat","background-position":"center center","background-size":"auto","background-attachment":"scroll","background-type":"","background-media":"","overlay-type":"","overlay-color":"","overlay-opacity":"","overlay-gradient":""}},"ast-content-background-meta":{"desktop":{"background-color":"var(--ast-global-color-5)","background-image":"","background-repeat":"repeat","background-position":"center center","background-size":"auto","background-attachment":"scroll","background-type":"","background-media":"","overlay-type":"","overlay-color":"","overlay-opacity":"","overlay-gradient":""},"tablet":{"background-color":"var(--ast-global-color-5)","background-image":"","background-repeat":"repeat","background-position":"center center","background-size":"auto","background-attachment":"scroll","background-type":"","background-media":"","overlay-type":"","overlay-color":"","overlay-opacity":"","overlay-gradient":""},"mobile":{"background-color":"var(--ast-global-color-5)","background-image":"","background-repeat":"repeat","background-position":"center center","background-size":"auto","background-attachment":"scroll","background-type":"","background-media":"","overlay-type":"","overlay-color":"","overlay-opacity":"","overlay-gradient":""}},"footnotes":""},"class_list":["post-468","page","type-page","status-publish","hentry"],"yoast_head":"<!-- This site is optimized with the Yoast SEO plugin v25.3 - https:\/\/yoast.com\/wordpress\/plugins\/seo\/ -->\n<title>Uniforme Completo com Nome e N\u00famero - Mondri Sports<\/title>\n<meta name=\"description\" content=\"Uniforme completo com nome e n\u00famero. Ideal para times, escolas, empresas e projetos esportivos. Produ\u00e7\u00e3o sob medida.\" \/>\n<meta name=\"robots\" content=\"index, follow, max-snippet:-1, max-image-preview:large, max-video-preview:-1\" \/>\n<link rel=\"canonical\" href=\"https:\/\/mondrisports.com.br\/home\/uniforme-completo-com-nome-e-numero\/\" \/>\n<meta property=\"og:locale\" content=\"pt_BR\" \/>\n<meta property=\"og:type\" content=\"article\" \/>\n<meta property=\"og:title\" content=\"Uniforme Completo com Nome e N\u00famero - Mondri Sports\" \/>\n<meta property=\"og:description\" content=\"Uniforme completo com nome e n\u00famero. Ideal para times, escolas, empresas e projetos esportivos. Produ\u00e7\u00e3o sob medida.\" \/>\n<meta property=\"og:url\" content=\"https:\/\/mondrisports.com.br\/home\/uniforme-completo-com-nome-e-numero\/\" \/>\n<meta property=\"og:site_name\" content=\"Mondri Sports\" \/>\n<meta property=\"article:modified_time\" content=\"2025-05-07T13:07:11+00:00\" \/>\n<meta property=\"og:image\" content=\"https:\/\/mondrisports.com.br\/home\/wp-content\/uploads\/2024\/10\/mondri-sports-5.jpg\" \/>\n\t<meta property=\"og:image:width\" content=\"880\" \/>\n\t<meta property=\"og:image:height\" content=\"1046\" \/>\n\t<meta property=\"og:image:type\" content=\"image\/jpeg\" \/>\n<meta name=\"twitter:card\" content=\"summary_large_image\" \/>\n<meta name=\"twitter:label1\" content=\"Est. tempo de leitura\" \/>\n\t<meta name=\"twitter:data1\" content=\"2 minutos\" \/>\n<script type=\"application\/ld+json\" class=\"yoast-schema-graph\">{\"@context\":\"https:\/\/schema.org\",\"@graph\":[{\"@type\":\"WebPage\",\"@id\":\"https:\/\/mondrisports.com.br\/home\/uniforme-completo-com-nome-e-numero\/\",\"url\":\"https:\/\/mondrisports.com.br\/home\/uniforme-completo-com-nome-e-numero\/\",\"name\":\"Uniforme Completo com Nome e N\u00famero - Mondri Sports\",\"isPartOf\":{\"@id\":\"https:\/\/mondrisports.com.br\/home\/#website\"},\"primaryImageOfPage\":{\"@id\":\"https:\/\/mondrisports.com.br\/home\/uniforme-completo-com-nome-e-numero\/#primaryimage\"},\"image\":{\"@id\":\"https:\/\/mondrisports.com.br\/home\/uniforme-completo-com-nome-e-numero\/#primaryimage\"},\"thumbnailUrl\":\"https:\/\/mondrisports.com.br\/home\/wp-content\/uploads\/2024\/10\/mondri-sports-5-861x1024.jpg\",\"datePublished\":\"2025-04-22T17:57:46+00:00\",\"dateModified\":\"2025-05-07T13:07:11+00:00\",\"description\":\"Uniforme completo com nome e n\u00famero. Ideal para times, escolas, empresas e projetos esportivos. Produ\u00e7\u00e3o sob medida.\",\"breadcrumb\":{\"@id\":\"https:\/\/mondrisports.com.br\/home\/uniforme-completo-com-nome-e-numero\/#breadcrumb\"},\"inLanguage\":\"pt-BR\",\"potentialAction\":[{\"@type\":\"ReadAction\",\"target\":[\"https:\/\/mondrisports.com.br\/home\/uniforme-completo-com-nome-e-numero\/\"]}]},{\"@type\":\"ImageObject\",\"inLanguage\":\"pt-BR\",\"@id\":\"https:\/\/mondrisports.com.br\/home\/uniforme-completo-com-nome-e-numero\/#primaryimage\",\"url\":\"https:\/\/mondrisports.com.br\/home\/wp-content\/uploads\/2024\/10\/mondri-sports-5.jpg\",\"contentUrl\":\"https:\/\/mondrisports.com.br\/home\/wp-content\/uploads\/2024\/10\/mondri-sports-5.jpg\",\"width\":880,\"height\":1046,\"caption\":\"Uniforme Nome e N\u00famero\"},{\"@type\":\"BreadcrumbList\",\"@id\":\"https:\/\/mondrisports.com.br\/home\/uniforme-completo-com-nome-e-numero\/#breadcrumb\",\"itemListElement\":[{\"@type\":\"ListItem\",\"position\":1,\"name\":\"In\u00edcio\",\"item\":\"https:\/\/mondrisports.com.br\/home\/\"},{\"@type\":\"ListItem\",\"position\":2,\"name\":\"Uniforme Completo com Nome e N\u00famero\"}]},{\"@type\":\"WebSite\",\"@id\":\"https:\/\/mondrisports.com.br\/home\/#website\",\"url\":\"https:\/\/mondrisports.com.br\/home\/\",\"name\":\"Mondri Sports\",\"description\":\"Uniformes Esportivos Personalizados\",\"publisher\":{\"@id\":\"https:\/\/mondrisports.com.br\/home\/#organization\"},\"potentialAction\":[{\"@type\":\"SearchAction\",\"target\":{\"@type\":\"EntryPoint\",\"urlTemplate\":\"https:\/\/mondrisports.com.br\/home\/?s={search_term_string}\"},\"query-input\":{\"@type\":\"PropertyValueSpecification\",\"valueRequired\":true,\"valueName\":\"search_term_string\"}}],\"inLanguage\":\"pt-BR\"},{\"@type\":\"Organization\",\"@id\":\"https:\/\/mondrisports.com.br\/home\/#organization\",\"name\":\"Mondri Sports\",\"url\":\"https:\/\/mondrisports.com.br\/home\/\",\"logo\":{\"@type\":\"ImageObject\",\"inLanguage\":\"pt-BR\",\"@id\":\"https:\/\/mondrisports.com.br\/home\/#\/schema\/logo\/image\/\",\"url\":\"https:\/\/mondrisports.com.br\/home\/wp-content\/uploads\/2024\/10\/cropped-cropped-Design-sem-nome-16.png\",\"contentUrl\":\"https:\/\/mondrisports.com.br\/home\/wp-content\/uploads\/2024\/10\/cropped-cropped-Design-sem-nome-16.png\",\"width\":1077,\"height\":358,\"caption\":\"Mondri Sports\"},\"image\":{\"@id\":\"https:\/\/mondrisports.com.br\/home\/#\/schema\/logo\/image\/\"}}]}<\/script>\n<!-- \/ Yoast SEO plugin. -->","yoast_head_json":{"title":"Uniforme Completo com Nome e N\u00famero - Mondri Sports","description":"Uniforme completo com nome e n\u00famero. Ideal para times, escolas, empresas e projetos esportivos. Produ\u00e7\u00e3o sob medida.","robots":{"index":"index","follow":"follow","max-snippet":"max-snippet:-1","max-image-preview":"max-image-preview:large","max-video-preview":"max-video-preview:-1"},"canonical":"https:\/\/mondrisports.com.br\/home\/uniforme-completo-com-nome-e-numero\/","og_locale":"pt_BR","og_type":"article","og_title":"Uniforme Completo com Nome e N\u00famero - Mondri Sports","og_description":"Uniforme completo com nome e n\u00famero. Ideal para times, escolas, empresas e projetos esportivos. Produ\u00e7\u00e3o sob medida.","og_url":"https:\/\/mondrisports.com.br\/home\/uniforme-completo-com-nome-e-numero\/","og_site_name":"Mondri Sports","article_modified_time":"2025-05-07T13:07:11+00:00","og_image":[{"width":880,"height":1046,"url":"https:\/\/mondrisports.com.br\/home\/wp-content\/uploads\/2024\/10\/mondri-sports-5.jpg","type":"image\/jpeg"}],"twitter_card":"summary_large_image","twitter_misc":{"Est. tempo de leitura":"2 minutos"},"schema":{"@context":"https:\/\/schema.org","@graph":[{"@type":"WebPage","@id":"https:\/\/mondrisports.com.br\/home\/uniforme-completo-com-nome-e-numero\/","url":"https:\/\/mondrisports.com.br\/home\/uniforme-completo-com-nome-e-numero\/","name":"Uniforme Completo com Nome e N\u00famero - Mondri Sports","isPartOf":{"@id":"https:\/\/mondrisports.com.br\/home\/#website"},"primaryImageOfPage":{"@id":"https:\/\/mondrisports.com.br\/home\/uniforme-completo-com-nome-e-numero\/#primaryimage"},"image":{"@id":"https:\/\/mondrisports.com.br\/home\/uniforme-completo-com-nome-e-numero\/#primaryimage"},"thumbnailUrl":"https:\/\/mondrisports.com.br\/home\/wp-content\/uploads\/2024\/10\/mondri-sports-5-861x1024.jpg","datePublished":"2025-04-22T17:57:46+00:00","dateModified":"2025-05-07T13:07:11+00:00","description":"Uniforme completo com nome e n\u00famero. Ideal para times, escolas, empresas e projetos esportivos. Produ\u00e7\u00e3o sob medida.","breadcrumb":{"@id":"https:\/\/mondrisports.com.br\/home\/uniforme-completo-com-nome-e-numero\/#breadcrumb"},"inLanguage":"pt-BR","potentialAction":[{"@type":"ReadAction","target":["https:\/\/mondrisports.com.br\/home\/uniforme-completo-com-nome-e-numero\/"]}]},{"@type":"ImageObject","inLanguage":"pt-BR","@id":"https:\/\/mondrisports.com.br\/home\/uniforme-completo-com-nome-e-numero\/#primaryimage","url":"https:\/\/mondrisports.com.br\/home\/wp-content\/uploads\/2024\/10\/mondri-sports-5.jpg","contentUrl":"https:\/\/mondrisports.com.br\/home\/wp-content\/uploads\/2024\/10\/mondri-sports-5.jpg","width":880,"height":1046,"caption":"Uniforme Nome e N\u00famero"},{"@type":"BreadcrumbList","@id":"https:\/\/mondrisports.com.br\/home\/uniforme-completo-com-nome-e-numero\/#breadcrumb","itemListElement":[{"@type":"ListItem","position":1,"name":"In\u00edcio","item":"https:\/\/mondrisports.com.br\/home\/"},{"@type":"ListItem","position":2,"name":"Uniforme Completo com Nome e N\u00famero"}]},{"@type":"WebSite","@id":"https:\/\/mondrisports.com.br\/home\/#website","url":"https:\/\/mondrisports.com.br\/home\/","name":"Mondri Sports","description":"Uniformes Esportivos Personalizados","publisher":{"@id":"https:\/\/mondrisports.com.br\/home\/#organization"},"potentialAction":[{"@type":"SearchAction","target":{"@type":"EntryPoint","urlTemplate":"https:\/\/mondrisports.com.br\/home\/?s={search_term_string}"},"query-input":{"@type":"PropertyValueSpecification","valueRequired":true,"valueName":"search_term_string"}}],"inLanguage":"pt-BR"},{"@type":"Organization","@id":"https:\/\/mondrisports.com.br\/home\/#organization","name":"Mondri Sports","url":"https:\/\/mondrisports.com.br\/home\/","logo":{"@type":"ImageObject","inLanguage":"pt-BR","@id":"https:\/\/mondrisports.com.br\/home\/#\/schema\/logo\/image\/","url":"https:\/\/mondrisports.com.br\/home\/wp-content\/uploads\/2024\/10\/cropped-cropped-Design-sem-nome-16.png","contentUrl":"https:\/\/mondrisports.com.br\/home\/wp-content\/uploads\/2024\/10\/cropped-cropped-Design-sem-nome-16.png","width":1077,"height":358,"caption":"Mondri Sports"},"image":{"@id":"https:\/\/mondrisports.com.br\/home\/#\/schema\/logo\/image\/"}}]}},"_links":{"self":[{"href":"https:\/\/mondrisports.com.br\/home\/wp-json\/wp\/v2\/pages\/468","targetHints":{"allow":["GET"]}}],"collection":[{"href":"https:\/\/mondrisports.com.br\/home\/wp-json\/wp\/v2\/pages"}],"about":[{"href":"https:\/\/mondrisports.com.br\/home\/wp-json\/wp\/v2\/types\/page"}],"author":[{"embeddable":true,"href":"https:\/\/mondrisports.com.br\/home\/wp-json\/wp\/v2\/users\/1"}],"replies":[{"embeddable":true,"href":"https:\/\/mondrisports.com.br\/home\/wp-json\/wp\/v2\/comments?post=468"}],"version-history":[{"count":8,"href":"https:\/\/mondrisports.com.br\/home\/wp-json\/wp\/v2\/pages\/468\/revisions"}],"predecessor-version":[{"id":768,"href":"https:\/\/mondrisports.com.br\/home\/wp-json\/wp\/v2\/pages\/468\/revisions\/768"}],"wp:attachment":[{"href":"https:\/\/mondrisports.com.br\/home\/wp-json\/wp\/v2\/media?parent=468"}],"curies":[{"name":"wp","href":"https:\/\/api.w.org\/{rel}","templated":true}]}}