{"id":474,"date":"2025-04-22T18:54:28","date_gmt":"2025-04-22T18:54:28","guid":{"rendered":"https:\/\/mondrisports.com.br\/home\/?page_id=474"},"modified":"2025-04-29T15:34:15","modified_gmt":"2025-04-29T18:34:15","slug":"uniforme-para-escolinha-de-futebol","status":"publish","type":"page","link":"https:\/\/mondrisports.com.br\/home\/uniforme-para-escolinha-de-futebol\/","title":{"rendered":"Uniforme para Escolinha de Futebol"},"content":{"rendered":"\n<div style=\"height:80px\" aria-hidden=\"true\" class=\"wp-block-spacer\"><\/div>\n\n\n\n<h1 class=\"wp-block-heading has-text-align-center has-black-color has-text-color has-link-color wp-elements-2bed4bf4a685703977e0e80cc1b87b57\"><strong>Uniformes Personalizados para Escolinhas de Futebol, Formando Craques com Identidade e Estilo<\/strong><\/h1>\n\n\n\n<div style=\"height:80px\" aria-hidden=\"true\" class=\"wp-block-spacer\"><\/div>\n\n\n\n<p class=\"has-ast-global-color-8-color has-text-color has-link-color wp-elements-13981e97c9a3e34822e889074fe1bc16\">Na escolinha de futebol, os pequenos aprendem valores como disciplina, trabalho em equipe e supera\u00e7\u00e3o. E nada representa melhor esse esp\u00edrito do que vestir um uniforme feito para eles \u2014 com nome, n\u00famero, escudo e um design cheio de personalidade.<\/p>\n\n\n\n<h2 class=\"wp-block-heading has-black-color has-text-color has-link-color wp-elements-51f51a914b98cadc980c3a1e781b6939\"><strong>Uniforme Completo para Escolinhas<\/strong><\/h2>\n\n\n\n<p class=\"has-ast-global-color-8-color has-text-color has-link-color wp-elements-345bb924cb34d440b62fd356ce67f27f\">Seja para treinar ou jogar campeonatos, oferecemos kits sob medida:<\/p>\n\n\n\n<ul class=\"wp-block-list\">\n<li class=\"has-ast-global-color-8-color has-text-color has-link-color wp-elements-21f564818ae72b9796b637e30242854c\">Camiseta com nome e n\u00famero<\/li>\n\n\n\n<li class=\"has-ast-global-color-8-color has-text-color has-link-color wp-elements-01cd9d98d516688882e9ba1f86f081dd\">Cal\u00e7\u00e3o personalizado<\/li>\n\n\n\n<li class=\"has-ast-global-color-8-color has-text-color has-link-color wp-elements-190ac5cc49b7af5ed97154aae5ae7386\">Mei\u00e3o (opcional)<\/li>\n\n\n\n<li class=\"has-ast-global-color-8-color has-text-color has-link-color wp-elements-23c1366b2e4a4543510f41994136d01e\">Estampa do escudo da escolinha e patrocinadores<\/li>\n\n\n\n<li class=\"has-ast-global-color-8-color has-text-color has-link-color wp-elements-f71ef4bbb8f8e29d6ab4d79416f3a0be\">Design alegre, moderno e adaptado \u00e0 faixa et\u00e1ria<\/li>\n<\/ul>\n\n\n\n<h2 class=\"wp-block-heading has-black-color has-text-color has-link-color wp-elements-6eae83675183a4ad53beda52a80846fe\"><strong>Conforto, Seguran\u00e7a e Durabilidade<\/strong><\/h2>\n\n\n\n<p class=\"has-ast-global-color-8-color has-text-color has-link-color wp-elements-b86b0f645f80f63bc84a92c714ecf6bf\">Nossos uniformes s\u00e3o produzidos com tecido dry fit infantil, leve e respir\u00e1vel. Ideais para a rotina de treinos intensos, lavagens frequentes e atividades ao ar livre. Tudo com acabamento refor\u00e7ado e caimento ideal para as crian\u00e7as.<\/p>\n\n\n\n<h2 class=\"wp-block-heading has-black-color has-text-color has-link-color wp-elements-9a3e07c2b208c734271411df1cb3e1e0\"><strong>Perfeito para:<\/strong><\/h2>\n\n\n\n<ul class=\"wp-block-list\">\n<li class=\"has-black-color has-text-color has-link-color wp-elements-3f21dd905dd601b2fbd19cf3ea4e2068\">Escolinhas particulares e p\u00fablicas<\/li>\n\n\n\n<li class=\"has-black-color has-text-color has-link-color wp-elements-a00cf6820546757a04d4883924600b10\">Projetos sociais de inicia\u00e7\u00e3o esportiva<\/li>\n\n\n\n<li class=\"has-black-color has-text-color has-link-color wp-elements-fe6a4a2e578f7dfa7df223b697f0ecf7\">Academias e centros esportivos<\/li>\n\n\n\n<li class=\"has-black-color has-text-color has-link-color wp-elements-6e95d02ed4a4b8a892803b7773dfdd3c\">Campeonatos escolares e festivais<\/li>\n<\/ul>\n\n\n\n<h2 class=\"wp-block-heading has-ast-global-color-8-color has-text-color has-link-color wp-elements-73474b39e6fa52ce6bd74e29ecbdd25a\"><strong>Seu Uniforme, Sua Identidade<\/strong><\/h2>\n\n\n\n<p class=\"has-ast-global-color-8-color has-text-color has-link-color wp-elements-427b90e6ec6844217580c0c2e2bad8d2\">Voc\u00ea pode enviar suas ideias ou deixar o design por nossa conta. Criamos o layout com a cara da sua escolinha, incluindo escudo, paleta de cores, nome dos atletas e at\u00e9 espa\u00e7o para patrocinadores.<\/p>\n\n\n\n<h2 class=\"wp-block-heading has-ast-global-color-8-color has-text-color has-link-color wp-elements-9cfba090f3181c3444075d3b2562c721\"><strong>Pedido Personalizado e Envio R\u00e1pido<\/strong><\/h2>\n\n\n\n<ol class=\"wp-block-list\">\n<li class=\"has-ast-global-color-8-color has-text-color has-link-color wp-elements-1f13c8d60988eb22ac852442046e31a9\">Escolha os tamanhos e informe os nomes e n\u00fameros<\/li>\n\n\n\n<li class=\"has-ast-global-color-8-color has-text-color has-link-color wp-elements-31c3c0b389207d539380e9f8f61a30b6\">Receba o layout para aprova\u00e7\u00e3o<\/li>\n\n\n\n<li class=\"has-ast-global-color-8-color has-text-color has-link-color wp-elements-ced10a0e2f30402aba806e262b5e5d3f\">Produ\u00e7\u00e3o \u00e1gil e envio para qualquer cidade do Brasil<\/li>\n<\/ol>\n\n\n\n<h2 class=\"wp-block-heading has-ast-global-color-8-color has-text-color has-link-color wp-elements-7e4ac0c6db265a9f5276998dd89b52d0\"><strong>Destaque sua escolinha com um uniforme de respeito!<\/strong><\/h2>\n\n\n\n<p class=\"has-ast-global-color-8-color has-text-color has-link-color wp-elements-5e17e45b551d6727d205b19b758b9a4d\">Solicite or\u00e7amento agora mesmo pelo WhatsApp<br>Pedido m\u00ednimo acess\u00edvel<br>Layout incluso na produ\u00e7\u00e3o<\/p>\n\n\n\n<div class=\"wp-block-buttons is-layout-flex wp-block-buttons-is-layout-flex\">\n<div class=\"wp-block-button\"><a class=\"wp-block-button__link has-cyan-bluish-gray-background-color has-background wp-element-button\" href=\"http:\/\/wa.me\/554133326052\">Solicitar Or\u00e7amento Personalizado<\/a><\/div>\n<\/div>\n\n\n\n<figure class=\"wp-block-gallery has-nested-images columns-default is-cropped wp-block-gallery-1 is-layout-flex wp-block-gallery-is-layout-flex\">\n<figure class=\"wp-block-image size-large\"><img loading=\"lazy\" decoding=\"async\" width=\"801\" height=\"1024\" data-id=\"121\" src=\"https:\/\/mondrisports.com.br\/home\/wp-content\/uploads\/2024\/10\/mondri-sports-7-801x1024.jpg\" alt=\"\" class=\"wp-image-121\" srcset=\"https:\/\/mondrisports.com.br\/home\/wp-content\/uploads\/2024\/10\/mondri-sports-7-801x1024.jpg 801w, https:\/\/mondrisports.com.br\/home\/wp-content\/uploads\/2024\/10\/mondri-sports-7-235x300.jpg 235w, https:\/\/mondrisports.com.br\/home\/wp-content\/uploads\/2024\/10\/mondri-sports-7-768x981.jpg 768w, https:\/\/mondrisports.com.br\/home\/wp-content\/uploads\/2024\/10\/mondri-sports-7.jpg 810w\" sizes=\"auto, (max-width: 801px) 100vw, 801px\" \/><figcaption class=\"wp-element-caption\">Uniformes de escolinha<\/figcaption><\/figure>\n\n\n\n<figure class=\"wp-block-image size-large\"><img loading=\"lazy\" decoding=\"async\" width=\"820\" height=\"1024\" data-id=\"119\" src=\"https:\/\/mondrisports.com.br\/home\/wp-content\/uploads\/2024\/10\/mondri-sports-12-820x1024.jpg\" alt=\"\" class=\"wp-image-119\" srcset=\"https:\/\/mondrisports.com.br\/home\/wp-content\/uploads\/2024\/10\/mondri-sports-12-820x1024.jpg 820w, https:\/\/mondrisports.com.br\/home\/wp-content\/uploads\/2024\/10\/mondri-sports-12-240x300.jpg 240w, https:\/\/mondrisports.com.br\/home\/wp-content\/uploads\/2024\/10\/mondri-sports-12-768x959.jpg 768w, https:\/\/mondrisports.com.br\/home\/wp-content\/uploads\/2024\/10\/mondri-sports-12.jpg 865w\" sizes=\"auto, (max-width: 820px) 100vw, 820px\" \/><figcaption class=\"wp-element-caption\">Camiseta com Nome e N\u00famero<\/figcaption><\/figure>\n\n\n\n<figure class=\"wp-block-image size-large\"><img loading=\"lazy\" decoding=\"async\" width=\"768\" height=\"1024\" data-id=\"118\" src=\"https:\/\/mondrisports.com.br\/home\/wp-content\/uploads\/2024\/10\/mondri-sports-11-768x1024.jpg\" alt=\"\" class=\"wp-image-118\" srcset=\"https:\/\/mondrisports.com.br\/home\/wp-content\/uploads\/2024\/10\/mondri-sports-11-768x1024.jpg 768w, https:\/\/mondrisports.com.br\/home\/wp-content\/uploads\/2024\/10\/mondri-sports-11-225x300.jpg 225w, https:\/\/mondrisports.com.br\/home\/wp-content\/uploads\/2024\/10\/mondri-sports-11.jpg 810w\" sizes=\"auto, (max-width: 768px) 100vw, 768px\" \/><figcaption class=\"wp-element-caption\">Cal\u00e7\u00e3o Personalizado<\/figcaption><\/figure>\n<\/figure>\n\n\n\n<p class=\"has-ast-global-color-8-color has-text-color has-link-color wp-elements-19668524103737ea786150848bd20aa5\"><strong>Quer saber Quem Somos? <a href=\"https:\/\/mondrisports.com.br\/home\/index.php\/quem-somos\/\">Clique aqui.<\/a><\/strong><\/p>\n","protected":false},"excerpt":{"rendered":"<p>Uniformes Personalizados para Escolinhas de Futebol, Formando Craques com Identidade e Estilo Na escolinha de futebol, os pequenos aprendem valores [&hellip;]<\/p>\n","protected":false},"author":1,"featured_media":0,"parent":0,"menu_order":0,"comment_status":"closed","ping_status":"closed","template":"","meta":{"site-sidebar-layout":"default","site-content-layout":"","ast-site-content-layout":"","site-content-style":"default","site-sidebar-style":"default","ast-global-header-display":"","ast-banner-title-visibility":"","ast-main-header-display":"","ast-hfb-above-header-display":"","ast-hfb-below-header-display":"","ast-hfb-mobile-header-display":"","site-post-title":"disabled","ast-breadcrumbs-content":"","ast-featured-img":"","footer-sml-layout":"","ast-disable-related-posts":"","theme-transparent-header-meta":"","adv-header-id-meta":"","stick-header-meta":"","header-above-stick-meta":"","header-main-stick-meta":"","header-below-stick-meta":"","astra-migrate-meta-layouts":"default","ast-page-background-enabled":"default","ast-page-background-meta":{"desktop":{"background-color":"var(--ast-global-color-4)","background-image":"","background-repeat":"repeat","background-position":"center center","background-size":"auto","background-attachment":"scroll","background-type":"","background-media":"","overlay-type":"","overlay-color":"","overlay-opacity":"","overlay-gradient":""},"tablet":{"background-color":"","background-image":"","background-repeat":"repeat","background-position":"center center","background-size":"auto","background-attachment":"scroll","background-type":"","background-media":"","overlay-type":"","overlay-color":"","overlay-opacity":"","overlay-gradient":""},"mobile":{"background-color":"","background-image":"","background-repeat":"repeat","background-position":"center center","background-size":"auto","background-attachment":"scroll","background-type":"","background-media":"","overlay-type":"","overlay-color":"","overlay-opacity":"","overlay-gradient":""}},"ast-content-background-meta":{"desktop":{"background-color":"var(--ast-global-color-5)","background-image":"","background-repeat":"repeat","background-position":"center center","background-size":"auto","background-attachment":"scroll","background-type":"","background-media":"","overlay-type":"","overlay-color":"","overlay-opacity":"","overlay-gradient":""},"tablet":{"background-color":"var(--ast-global-color-5)","background-image":"","background-repeat":"repeat","background-position":"center center","background-size":"auto","background-attachment":"scroll","background-type":"","background-media":"","overlay-type":"","overlay-color":"","overlay-opacity":"","overlay-gradient":""},"mobile":{"background-color":"var(--ast-global-color-5)","background-image":"","background-repeat":"repeat","background-position":"center center","background-size":"auto","background-attachment":"scroll","background-type":"","background-media":"","overlay-type":"","overlay-color":"","overlay-opacity":"","overlay-gradient":""}},"footnotes":""},"class_list":["post-474","page","type-page","status-publish","hentry"],"yoast_head":"<!-- This site is optimized with the Yoast SEO plugin v25.3 - https:\/\/yoast.com\/wordpress\/plugins\/seo\/ -->\n<title>Uniforme para Escolinha de Futebol - Mondri Sports<\/title>\n<meta name=\"description\" content=\"Uniforme para escolinha de futebol com nome, n\u00famero e escudo. Ideal para treinos e jogos. Produ\u00e7\u00e3o sob medida e entrega para todo o Brasil!\" \/>\n<meta name=\"robots\" content=\"index, follow, max-snippet:-1, max-image-preview:large, max-video-preview:-1\" \/>\n<link rel=\"canonical\" href=\"https:\/\/mondrisports.com.br\/home\/uniforme-para-escolinha-de-futebol\/\" \/>\n<meta property=\"og:locale\" content=\"pt_BR\" \/>\n<meta property=\"og:type\" content=\"article\" \/>\n<meta property=\"og:title\" content=\"Uniforme para Escolinha de Futebol - Mondri Sports\" \/>\n<meta property=\"og:description\" content=\"Uniforme para escolinha de futebol com nome, n\u00famero e escudo. Ideal para treinos e jogos. Produ\u00e7\u00e3o sob medida e entrega para todo o Brasil!\" \/>\n<meta property=\"og:url\" content=\"https:\/\/mondrisports.com.br\/home\/uniforme-para-escolinha-de-futebol\/\" \/>\n<meta property=\"og:site_name\" content=\"Mondri Sports\" \/>\n<meta property=\"article:modified_time\" content=\"2025-04-29T18:34:15+00:00\" \/>\n<meta property=\"og:image\" content=\"https:\/\/mondrisports.com.br\/home\/wp-content\/uploads\/2024\/10\/mondri-sports-7.jpg\" \/>\n\t<meta property=\"og:image:width\" content=\"810\" \/>\n\t<meta property=\"og:image:height\" content=\"1035\" \/>\n\t<meta property=\"og:image:type\" content=\"image\/jpeg\" \/>\n<meta name=\"twitter:card\" content=\"summary_large_image\" \/>\n<meta name=\"twitter:label1\" content=\"Est. tempo de leitura\" \/>\n\t<meta name=\"twitter:data1\" content=\"3 minutos\" \/>\n<script type=\"application\/ld+json\" class=\"yoast-schema-graph\">{\"@context\":\"https:\/\/schema.org\",\"@graph\":[{\"@type\":\"WebPage\",\"@id\":\"https:\/\/mondrisports.com.br\/home\/uniforme-para-escolinha-de-futebol\/\",\"url\":\"https:\/\/mondrisports.com.br\/home\/uniforme-para-escolinha-de-futebol\/\",\"name\":\"Uniforme para Escolinha de Futebol - Mondri Sports\",\"isPartOf\":{\"@id\":\"https:\/\/mondrisports.com.br\/home\/#website\"},\"primaryImageOfPage\":{\"@id\":\"https:\/\/mondrisports.com.br\/home\/uniforme-para-escolinha-de-futebol\/#primaryimage\"},\"image\":{\"@id\":\"https:\/\/mondrisports.com.br\/home\/uniforme-para-escolinha-de-futebol\/#primaryimage\"},\"thumbnailUrl\":\"https:\/\/mondrisports.com.br\/home\/wp-content\/uploads\/2024\/10\/mondri-sports-7-801x1024.jpg\",\"datePublished\":\"2025-04-22T18:54:28+00:00\",\"dateModified\":\"2025-04-29T18:34:15+00:00\",\"description\":\"Uniforme para escolinha de futebol com nome, n\u00famero e escudo. Ideal para treinos e jogos. Produ\u00e7\u00e3o sob medida e entrega para todo o Brasil!\",\"breadcrumb\":{\"@id\":\"https:\/\/mondrisports.com.br\/home\/uniforme-para-escolinha-de-futebol\/#breadcrumb\"},\"inLanguage\":\"pt-BR\",\"potentialAction\":[{\"@type\":\"ReadAction\",\"target\":[\"https:\/\/mondrisports.com.br\/home\/uniforme-para-escolinha-de-futebol\/\"]}]},{\"@type\":\"ImageObject\",\"inLanguage\":\"pt-BR\",\"@id\":\"https:\/\/mondrisports.com.br\/home\/uniforme-para-escolinha-de-futebol\/#primaryimage\",\"url\":\"https:\/\/mondrisports.com.br\/home\/wp-content\/uploads\/2024\/10\/mondri-sports-7.jpg\",\"contentUrl\":\"https:\/\/mondrisports.com.br\/home\/wp-content\/uploads\/2024\/10\/mondri-sports-7.jpg\",\"width\":810,\"height\":1035,\"caption\":\"Conjunto Esportivo\"},{\"@type\":\"BreadcrumbList\",\"@id\":\"https:\/\/mondrisports.com.br\/home\/uniforme-para-escolinha-de-futebol\/#breadcrumb\",\"itemListElement\":[{\"@type\":\"ListItem\",\"position\":1,\"name\":\"In\u00edcio\",\"item\":\"https:\/\/mondrisports.com.br\/home\/\"},{\"@type\":\"ListItem\",\"position\":2,\"name\":\"Uniforme para Escolinha de Futebol\"}]},{\"@type\":\"WebSite\",\"@id\":\"https:\/\/mondrisports.com.br\/home\/#website\",\"url\":\"https:\/\/mondrisports.com.br\/home\/\",\"name\":\"Mondri Sports\",\"description\":\"Uniformes Esportivos Personalizados\",\"publisher\":{\"@id\":\"https:\/\/mondrisports.com.br\/home\/#organization\"},\"potentialAction\":[{\"@type\":\"SearchAction\",\"target\":{\"@type\":\"EntryPoint\",\"urlTemplate\":\"https:\/\/mondrisports.com.br\/home\/?s={search_term_string}\"},\"query-input\":{\"@type\":\"PropertyValueSpecification\",\"valueRequired\":true,\"valueName\":\"search_term_string\"}}],\"inLanguage\":\"pt-BR\"},{\"@type\":\"Organization\",\"@id\":\"https:\/\/mondrisports.com.br\/home\/#organization\",\"name\":\"Mondri Sports\",\"url\":\"https:\/\/mondrisports.com.br\/home\/\",\"logo\":{\"@type\":\"ImageObject\",\"inLanguage\":\"pt-BR\",\"@id\":\"https:\/\/mondrisports.com.br\/home\/#\/schema\/logo\/image\/\",\"url\":\"https:\/\/mondrisports.com.br\/home\/wp-content\/uploads\/2024\/10\/cropped-cropped-Design-sem-nome-16.png\",\"contentUrl\":\"https:\/\/mondrisports.com.br\/home\/wp-content\/uploads\/2024\/10\/cropped-cropped-Design-sem-nome-16.png\",\"width\":1077,\"height\":358,\"caption\":\"Mondri Sports\"},\"image\":{\"@id\":\"https:\/\/mondrisports.com.br\/home\/#\/schema\/logo\/image\/\"}}]}<\/script>\n<!-- \/ Yoast SEO plugin. -->","yoast_head_json":{"title":"Uniforme para Escolinha de Futebol - Mondri Sports","description":"Uniforme para escolinha de futebol com nome, n\u00famero e escudo. Ideal para treinos e jogos. Produ\u00e7\u00e3o sob medida e entrega para todo o Brasil!","robots":{"index":"index","follow":"follow","max-snippet":"max-snippet:-1","max-image-preview":"max-image-preview:large","max-video-preview":"max-video-preview:-1"},"canonical":"https:\/\/mondrisports.com.br\/home\/uniforme-para-escolinha-de-futebol\/","og_locale":"pt_BR","og_type":"article","og_title":"Uniforme para Escolinha de Futebol - Mondri Sports","og_description":"Uniforme para escolinha de futebol com nome, n\u00famero e escudo. Ideal para treinos e jogos. Produ\u00e7\u00e3o sob medida e entrega para todo o Brasil!","og_url":"https:\/\/mondrisports.com.br\/home\/uniforme-para-escolinha-de-futebol\/","og_site_name":"Mondri Sports","article_modified_time":"2025-04-29T18:34:15+00:00","og_image":[{"width":810,"height":1035,"url":"https:\/\/mondrisports.com.br\/home\/wp-content\/uploads\/2024\/10\/mondri-sports-7.jpg","type":"image\/jpeg"}],"twitter_card":"summary_large_image","twitter_misc":{"Est. tempo de leitura":"3 minutos"},"schema":{"@context":"https:\/\/schema.org","@graph":[{"@type":"WebPage","@id":"https:\/\/mondrisports.com.br\/home\/uniforme-para-escolinha-de-futebol\/","url":"https:\/\/mondrisports.com.br\/home\/uniforme-para-escolinha-de-futebol\/","name":"Uniforme para Escolinha de Futebol - Mondri Sports","isPartOf":{"@id":"https:\/\/mondrisports.com.br\/home\/#website"},"primaryImageOfPage":{"@id":"https:\/\/mondrisports.com.br\/home\/uniforme-para-escolinha-de-futebol\/#primaryimage"},"image":{"@id":"https:\/\/mondrisports.com.br\/home\/uniforme-para-escolinha-de-futebol\/#primaryimage"},"thumbnailUrl":"https:\/\/mondrisports.com.br\/home\/wp-content\/uploads\/2024\/10\/mondri-sports-7-801x1024.jpg","datePublished":"2025-04-22T18:54:28+00:00","dateModified":"2025-04-29T18:34:15+00:00","description":"Uniforme para escolinha de futebol com nome, n\u00famero e escudo. Ideal para treinos e jogos. Produ\u00e7\u00e3o sob medida e entrega para todo o Brasil!","breadcrumb":{"@id":"https:\/\/mondrisports.com.br\/home\/uniforme-para-escolinha-de-futebol\/#breadcrumb"},"inLanguage":"pt-BR","potentialAction":[{"@type":"ReadAction","target":["https:\/\/mondrisports.com.br\/home\/uniforme-para-escolinha-de-futebol\/"]}]},{"@type":"ImageObject","inLanguage":"pt-BR","@id":"https:\/\/mondrisports.com.br\/home\/uniforme-para-escolinha-de-futebol\/#primaryimage","url":"https:\/\/mondrisports.com.br\/home\/wp-content\/uploads\/2024\/10\/mondri-sports-7.jpg","contentUrl":"https:\/\/mondrisports.com.br\/home\/wp-content\/uploads\/2024\/10\/mondri-sports-7.jpg","width":810,"height":1035,"caption":"Conjunto Esportivo"},{"@type":"BreadcrumbList","@id":"https:\/\/mondrisports.com.br\/home\/uniforme-para-escolinha-de-futebol\/#breadcrumb","itemListElement":[{"@type":"ListItem","position":1,"name":"In\u00edcio","item":"https:\/\/mondrisports.com.br\/home\/"},{"@type":"ListItem","position":2,"name":"Uniforme para Escolinha de Futebol"}]},{"@type":"WebSite","@id":"https:\/\/mondrisports.com.br\/home\/#website","url":"https:\/\/mondrisports.com.br\/home\/","name":"Mondri Sports","description":"Uniformes Esportivos Personalizados","publisher":{"@id":"https:\/\/mondrisports.com.br\/home\/#organization"},"potentialAction":[{"@type":"SearchAction","target":{"@type":"EntryPoint","urlTemplate":"https:\/\/mondrisports.com.br\/home\/?s={search_term_string}"},"query-input":{"@type":"PropertyValueSpecification","valueRequired":true,"valueName":"search_term_string"}}],"inLanguage":"pt-BR"},{"@type":"Organization","@id":"https:\/\/mondrisports.com.br\/home\/#organization","name":"Mondri Sports","url":"https:\/\/mondrisports.com.br\/home\/","logo":{"@type":"ImageObject","inLanguage":"pt-BR","@id":"https:\/\/mondrisports.com.br\/home\/#\/schema\/logo\/image\/","url":"https:\/\/mondrisports.com.br\/home\/wp-content\/uploads\/2024\/10\/cropped-cropped-Design-sem-nome-16.png","contentUrl":"https:\/\/mondrisports.com.br\/home\/wp-content\/uploads\/2024\/10\/cropped-cropped-Design-sem-nome-16.png","width":1077,"height":358,"caption":"Mondri Sports"},"image":{"@id":"https:\/\/mondrisports.com.br\/home\/#\/schema\/logo\/image\/"}}]}},"_links":{"self":[{"href":"https:\/\/mondrisports.com.br\/home\/wp-json\/wp\/v2\/pages\/474","targetHints":{"allow":["GET"]}}],"collection":[{"href":"https:\/\/mondrisports.com.br\/home\/wp-json\/wp\/v2\/pages"}],"about":[{"href":"https:\/\/mondrisports.com.br\/home\/wp-json\/wp\/v2\/types\/page"}],"author":[{"embeddable":true,"href":"https:\/\/mondrisports.com.br\/home\/wp-json\/wp\/v2\/users\/1"}],"replies":[{"embeddable":true,"href":"https:\/\/mondrisports.com.br\/home\/wp-json\/wp\/v2\/comments?post=474"}],"version-history":[{"count":3,"href":"https:\/\/mondrisports.com.br\/home\/wp-json\/wp\/v2\/pages\/474\/revisions"}],"predecessor-version":[{"id":623,"href":"https:\/\/mondrisports.com.br\/home\/wp-json\/wp\/v2\/pages\/474\/revisions\/623"}],"wp:attachment":[{"href":"https:\/\/mondrisports.com.br\/home\/wp-json\/wp\/v2\/media?parent=474"}],"curies":[{"name":"wp","href":"https:\/\/api.w.org\/{rel}","templated":true}]}}