{"id":48,"date":"2024-10-21T20:03:40","date_gmt":"2024-10-21T20:03:40","guid":{"rendered":"https:\/\/mondrisports.com.br\/wordpress\/?page_id=48"},"modified":"2024-10-24T13:26:16","modified_gmt":"2024-10-24T13:26:16","slug":"quem-somos","status":"publish","type":"page","link":"https:\/\/mondrisports.com.br\/home\/quem-somos\/","title":{"rendered":"Quem Somos"},"content":{"rendered":"\n<p class=\"has-ast-global-color-8-color has-text-color has-link-color wp-elements-2061cc07277fc2b102277b9cdd641059\">Quem Somos?<\/p>\n\n\n\n<p class=\"has-ast-global-color-8-color has-text-color has-link-color wp-elements-2139cb59abdfc4d0c34a97d1a0196716\">Com mais de 15 anos de experi\u00eancia, o Grupo Mondri atua hoje em n\u00edvel nacional, consolidando-se como uma refer\u00eancia em seu setor. Desde sua funda\u00e7\u00e3o, temos uma gest\u00e3o centrada no cliente, o que resulta em qualidade incompar\u00e1vel no mercado em que atuamos. Nosso sistema tem como objetivo ser a melhor op\u00e7\u00e3o para nossos clientes, oferecendo solu\u00e7\u00f5es personalizadas que atendem \u00e0s suas necessidades e superam suas expectativas.<\/p>\n\n\n\n<p class=\"has-ast-global-color-8-color has-text-color has-link-color wp-elements-5e5076bd67da7018fe6abbe35bb052d5\">Somos especialistas em personaliza\u00e7\u00e3o, com produtos de alta qualidade percebida pelo cliente. Nossa experi\u00eancia e dedica\u00e7\u00e3o garantem que cada item produzido seja \u00fanico, refletindo a identidade e os valores de nossos clientes. Al\u00e9m disso, acreditamos que a personaliza\u00e7\u00e3o \u00e9 uma forma de express\u00e3o e, por isso, nos empenhamos em entregar produtos que inspirem orgulho e satisfa\u00e7\u00e3o.<\/p>\n\n\n\n<h2 class=\"wp-block-heading has-ast-global-color-8-color has-text-color has-link-color wp-elements-f8b6932591a6536811fac6bd2b4e7e52\"><strong>Nossa Miss\u00e3o<\/strong><\/h2>\n\n\n\n<p class=\"has-ast-global-color-8-color has-text-color has-link-color wp-elements-1c1f4a2686e594362102e6273ecae03a\">&#8220;Oferecer uniformes e roupas personalizadas que inspirem orgulho em pertencer em nossos clientes. Nosso compromisso \u00e9 superar expectativas, entregando produtos de qualidade que refletem nossa paix\u00e3o e responsabilidade ambiental. Al\u00e9m disso, nos destacamos no mercado nacional pela sustentabilidade e pr\u00e1ticas respons\u00e1veis.&#8221;<\/p>\n\n\n\n<h2 class=\"wp-block-heading has-ast-global-color-8-color has-text-color has-link-color wp-elements-7da619cbd406842b30086c88915934e9\"><strong>Nossa Vis\u00e3o<\/strong><\/h2>\n\n\n\n<p class=\"has-ast-global-color-8-color has-text-color has-link-color wp-elements-9b63fb57e780c5c8378d23e95711f67c\">\u201cSer reconhecida como uma empresa inovadora, sustent\u00e1vel e eficaz na entrega de uniformes e roupas personalizadas, garantindo a satisfa\u00e7\u00e3o de nossos clientes e o reconhecimento do mercado.&#8221;<\/p>\n\n\n\n<h2 class=\"wp-block-heading has-ast-global-color-8-color has-text-color has-link-color wp-elements-51f734ac693e484f3059f6652e7a4477\"><strong>Nossos Valores<\/strong><\/h2>\n\n\n\n<p class=\"has-ast-global-color-8-color has-text-color has-link-color wp-elements-a74e542e8179b7616c31569c97ef7d60\">\u2013 <strong>Entregar Produtos Inovadores e com Alta Qualidade Percebida pelo Cliente:<\/strong> Buscamos constantemente inovar e aprimorar nossos produtos, garantindo que atendam aos mais altos padr\u00f5es de qualidade.<\/p>\n\n\n\n<p class=\"has-ast-global-color-8-color has-text-color has-link-color wp-elements-f4c92c66977b86ab4c8a0bceeeff3175\">\u2013 <strong>Ter um Time Pensando e Agindo como Dono:<\/strong> Incentivamos nossos colaboradores a agirem com responsabilidade e proatividade, como se fossem donos do neg\u00f3cio.<\/p>\n\n\n\n<p class=\"has-ast-global-color-8-color has-text-color has-link-color wp-elements-5f280d7e10ff5035e725929da14944e6\">\u2013 <strong>Agir com \u00c9tica nas Negocia\u00e7\u00f5es Internas e Externas:<\/strong> Mantemos um compromisso firme com a \u00e9tica em todas as nossas intera\u00e7\u00f5es, sejam elas com clientes, fornecedores ou colaboradores.<\/p>\n\n\n\n<p class=\"has-ast-global-color-8-color has-text-color has-link-color wp-elements-118e16cc56193134e46e484475af9e43\">\u2013 <strong>Ser Sustent\u00e1vel nos Processos:<\/strong> Adotamos pr\u00e1ticas sustent\u00e1veis em todas as etapas de nossa produ\u00e7\u00e3o, visando minimizar o impacto ambiental e promover a sustentabilidade.<\/p>\n\n\n\n<p class=\"has-ast-global-color-8-color has-text-color has-link-color wp-elements-3cf3fc0103ad5f1e86e9a192da898058\">\u2013 <strong>Reconhecer e Respeitar Nossos Colaboradores:<\/strong> Valorizamos nossos colaboradores, reconhecendo seus esfor\u00e7os e respeitando suas contribui\u00e7\u00f5es, pois acreditamos que nosso sucesso depende de um time motivado e comprometido.<\/p>\n\n\n\n<p class=\"has-ast-global-color-8-color has-text-color has-link-color wp-elements-1703748e12425ef60826593b9cf556e1\">Portanto, o Grupo Mondri se orgulha de sua trajet\u00f3ria e est\u00e1 comprometido em continuar oferecendo produtos e servi\u00e7os de excel\u00eancia, sempre com foco na inova\u00e7\u00e3o, sustentabilidade e na satisfa\u00e7\u00e3o total de nossos clientes.<\/p>\n\n\n\n<p class=\"has-ast-global-color-8-color has-text-color has-link-color wp-elements-de346fd2faafb42fe5846a01310ab345\">Agora que voc\u00ea j\u00e1 sabe quem somos, pe\u00e7a agora um or\u00e7amento (41) 3332-2572 ou fale conosco no <a href=\"http:\/\/wa.me\/554133326052\">WhatsApp<\/a>.<\/p>\n\n\n\n<p class=\"has-ast-global-color-8-color has-text-color has-link-color wp-elements-bd726a8e0e5aca610f5c5d2c3745688d\"><\/p>\n\n\n\n<figure class=\"wp-block-gallery has-nested-images columns-default is-cropped wp-block-gallery-1 is-layout-flex wp-block-gallery-is-layout-flex\">\n<figure class=\"wp-block-image size-large\"><img loading=\"lazy\" decoding=\"async\" width=\"768\" height=\"1024\" data-id=\"126\" src=\"https:\/\/mondrisports.com.br\/wordpress\/wp-content\/uploads\/2024\/10\/mondri-sports-3-768x1024.jpg\" alt=\"\" class=\"wp-image-126\" srcset=\"https:\/\/mondrisports.com.br\/home\/wp-content\/uploads\/2024\/10\/mondri-sports-3-768x1024.jpg 768w, https:\/\/mondrisports.com.br\/home\/wp-content\/uploads\/2024\/10\/mondri-sports-3-225x300.jpg 225w, https:\/\/mondrisports.com.br\/home\/wp-content\/uploads\/2024\/10\/mondri-sports-3.jpg 810w\" sizes=\"auto, (max-width: 768px) 100vw, 768px\" \/><figcaption class=\"wp-element-caption\">Quem somos<\/figcaption><\/figure>\n\n\n\n<figure class=\"wp-block-image size-large\"><img loading=\"lazy\" decoding=\"async\" width=\"795\" height=\"1024\" data-id=\"101\" src=\"https:\/\/mondrisports.com.br\/wordpress\/wp-content\/uploads\/2024\/10\/mondri-sports-31-795x1024.jpg\" alt=\"\" class=\"wp-image-101\" srcset=\"https:\/\/mondrisports.com.br\/home\/wp-content\/uploads\/2024\/10\/mondri-sports-31-795x1024.jpg 795w, https:\/\/mondrisports.com.br\/home\/wp-content\/uploads\/2024\/10\/mondri-sports-31-233x300.jpg 233w, https:\/\/mondrisports.com.br\/home\/wp-content\/uploads\/2024\/10\/mondri-sports-31-768x989.jpg 768w, https:\/\/mondrisports.com.br\/home\/wp-content\/uploads\/2024\/10\/mondri-sports-31.jpg 839w\" sizes=\"auto, (max-width: 795px) 100vw, 795px\" \/><figcaption class=\"wp-element-caption\">Camiseta personalizada<\/figcaption><\/figure>\n\n\n\n<figure class=\"wp-block-image size-large\"><img loading=\"lazy\" decoding=\"async\" width=\"887\" height=\"1024\" data-id=\"104\" src=\"https:\/\/mondrisports.com.br\/wordpress\/wp-content\/uploads\/2024\/10\/mondri-sports-27-887x1024.jpg\" alt=\"\" class=\"wp-image-104\" srcset=\"https:\/\/mondrisports.com.br\/home\/wp-content\/uploads\/2024\/10\/mondri-sports-27-887x1024.jpg 887w, https:\/\/mondrisports.com.br\/home\/wp-content\/uploads\/2024\/10\/mondri-sports-27-260x300.jpg 260w, https:\/\/mondrisports.com.br\/home\/wp-content\/uploads\/2024\/10\/mondri-sports-27-768x887.jpg 768w, https:\/\/mondrisports.com.br\/home\/wp-content\/uploads\/2024\/10\/mondri-sports-27.jpg 894w\" sizes=\"auto, (max-width: 887px) 100vw, 887px\" \/><figcaption class=\"wp-element-caption\">Uniforme personalizada<\/figcaption><\/figure>\n<\/figure>\n\n\n\n<p><\/p>\n","protected":false},"excerpt":{"rendered":"<p>Quem Somos? Com mais de 15 anos de experi\u00eancia, o Grupo Mondri atua hoje em n\u00edvel nacional, consolidando-se como uma [&hellip;]<\/p>\n","protected":false},"author":1,"featured_media":0,"parent":0,"menu_order":0,"comment_status":"closed","ping_status":"closed","template":"","meta":{"site-sidebar-layout":"default","site-content-layout":"","ast-site-content-layout":"default","site-content-style":"default","site-sidebar-style":"default","ast-global-header-display":"","ast-banner-title-visibility":"","ast-main-header-display":"","ast-hfb-above-header-display":"","ast-hfb-below-header-display":"","ast-hfb-mobile-header-display":"","site-post-title":"","ast-breadcrumbs-content":"","ast-featured-img":"","footer-sml-layout":"","ast-disable-related-posts":"","theme-transparent-header-meta":"","adv-header-id-meta":"","stick-header-meta":"","header-above-stick-meta":"","header-main-stick-meta":"","header-below-stick-meta":"","astra-migrate-meta-layouts":"default","ast-page-background-enabled":"default","ast-page-background-meta":{"desktop":{"background-color":"var(--ast-global-color-4)","background-image":"","background-repeat":"repeat","background-position":"center center","background-size":"auto","background-attachment":"scroll","background-type":"","background-media":"","overlay-type":"","overlay-color":"","overlay-opacity":"","overlay-gradient":""},"tablet":{"background-color":"","background-image":"","background-repeat":"repeat","background-position":"center center","background-size":"auto","background-attachment":"scroll","background-type":"","background-media":"","overlay-type":"","overlay-color":"","overlay-opacity":"","overlay-gradient":""},"mobile":{"background-color":"","background-image":"","background-repeat":"repeat","background-position":"center center","background-size":"auto","background-attachment":"scroll","background-type":"","background-media":"","overlay-type":"","overlay-color":"","overlay-opacity":"","overlay-gradient":""}},"ast-content-background-meta":{"desktop":{"background-color":"var(--ast-global-color-5)","background-image":"","background-repeat":"repeat","background-position":"center center","background-size":"auto","background-attachment":"scroll","background-type":"","background-media":"","overlay-type":"","overlay-color":"","overlay-opacity":"","overlay-gradient":""},"tablet":{"background-color":"var(--ast-global-color-5)","background-image":"","background-repeat":"repeat","background-position":"center center","background-size":"auto","background-attachment":"scroll","background-type":"","background-media":"","overlay-type":"","overlay-color":"","overlay-opacity":"","overlay-gradient":""},"mobile":{"background-color":"var(--ast-global-color-5)","background-image":"","background-repeat":"repeat","background-position":"center center","background-size":"auto","background-attachment":"scroll","background-type":"","background-media":"","overlay-type":"","overlay-color":"","overlay-opacity":"","overlay-gradient":""}},"footnotes":""},"class_list":["post-48","page","type-page","status-publish","hentry"],"yoast_head":"<!-- This site is optimized with the Yoast SEO plugin v25.3 - https:\/\/yoast.com\/wordpress\/plugins\/seo\/ -->\n<title>Quem Somos - Mondri Sports<\/title>\n<meta name=\"description\" content=\"Quem somos? Conhe\u00e7a a Mondri Sports, l\u00edder em uniformes personalizados. Descubra nossa hist\u00f3ria, miss\u00e3o e valores.\" \/>\n<meta name=\"robots\" content=\"index, follow, max-snippet:-1, max-image-preview:large, max-video-preview:-1\" \/>\n<link rel=\"canonical\" href=\"https:\/\/mondrisports.com.br\/home\/quem-somos\/\" \/>\n<meta property=\"og:locale\" content=\"pt_BR\" \/>\n<meta property=\"og:type\" content=\"article\" \/>\n<meta property=\"og:title\" content=\"Quem Somos - Mondri Sports\" \/>\n<meta property=\"og:description\" content=\"Quem somos? Conhe\u00e7a a Mondri Sports, l\u00edder em uniformes personalizados. Descubra nossa hist\u00f3ria, miss\u00e3o e valores.\" \/>\n<meta property=\"og:url\" content=\"https:\/\/mondrisports.com.br\/home\/quem-somos\/\" \/>\n<meta property=\"og:site_name\" content=\"Mondri Sports\" \/>\n<meta property=\"article:modified_time\" content=\"2024-10-24T13:26:16+00:00\" \/>\n<meta property=\"og:image\" content=\"https:\/\/mondrisports.com.br\/wordpress\/wp-content\/uploads\/2024\/10\/mondri-sports-3-768x1024.jpg\" \/>\n<meta name=\"twitter:card\" content=\"summary_large_image\" \/>\n<meta name=\"twitter:label1\" content=\"Est. tempo de leitura\" \/>\n\t<meta name=\"twitter:data1\" content=\"3 minutos\" \/>\n<script type=\"application\/ld+json\" class=\"yoast-schema-graph\">{\"@context\":\"https:\/\/schema.org\",\"@graph\":[{\"@type\":\"WebPage\",\"@id\":\"https:\/\/mondrisports.com.br\/home\/quem-somos\/\",\"url\":\"https:\/\/mondrisports.com.br\/home\/quem-somos\/\",\"name\":\"Quem Somos - Mondri Sports\",\"isPartOf\":{\"@id\":\"https:\/\/mondrisports.com.br\/home\/#website\"},\"primaryImageOfPage\":{\"@id\":\"https:\/\/mondrisports.com.br\/home\/quem-somos\/#primaryimage\"},\"image\":{\"@id\":\"https:\/\/mondrisports.com.br\/home\/quem-somos\/#primaryimage\"},\"thumbnailUrl\":\"https:\/\/mondrisports.com.br\/wordpress\/wp-content\/uploads\/2024\/10\/mondri-sports-3-768x1024.jpg\",\"datePublished\":\"2024-10-21T20:03:40+00:00\",\"dateModified\":\"2024-10-24T13:26:16+00:00\",\"description\":\"Quem somos? Conhe\u00e7a a Mondri Sports, l\u00edder em uniformes personalizados. Descubra nossa hist\u00f3ria, miss\u00e3o e valores.\",\"breadcrumb\":{\"@id\":\"https:\/\/mondrisports.com.br\/home\/quem-somos\/#breadcrumb\"},\"inLanguage\":\"pt-BR\",\"potentialAction\":[{\"@type\":\"ReadAction\",\"target\":[\"https:\/\/mondrisports.com.br\/home\/quem-somos\/\"]}]},{\"@type\":\"ImageObject\",\"inLanguage\":\"pt-BR\",\"@id\":\"https:\/\/mondrisports.com.br\/home\/quem-somos\/#primaryimage\",\"url\":\"https:\/\/mondrisports.com.br\/wordpress\/wp-content\/uploads\/2024\/10\/mondri-sports-3-768x1024.jpg\",\"contentUrl\":\"https:\/\/mondrisports.com.br\/wordpress\/wp-content\/uploads\/2024\/10\/mondri-sports-3-768x1024.jpg\"},{\"@type\":\"BreadcrumbList\",\"@id\":\"https:\/\/mondrisports.com.br\/home\/quem-somos\/#breadcrumb\",\"itemListElement\":[{\"@type\":\"ListItem\",\"position\":1,\"name\":\"In\u00edcio\",\"item\":\"https:\/\/mondrisports.com.br\/home\/\"},{\"@type\":\"ListItem\",\"position\":2,\"name\":\"Quem Somos\"}]},{\"@type\":\"WebSite\",\"@id\":\"https:\/\/mondrisports.com.br\/home\/#website\",\"url\":\"https:\/\/mondrisports.com.br\/home\/\",\"name\":\"Mondri Sports\",\"description\":\"Uniformes Esportivos Personalizados\",\"publisher\":{\"@id\":\"https:\/\/mondrisports.com.br\/home\/#organization\"},\"potentialAction\":[{\"@type\":\"SearchAction\",\"target\":{\"@type\":\"EntryPoint\",\"urlTemplate\":\"https:\/\/mondrisports.com.br\/home\/?s={search_term_string}\"},\"query-input\":{\"@type\":\"PropertyValueSpecification\",\"valueRequired\":true,\"valueName\":\"search_term_string\"}}],\"inLanguage\":\"pt-BR\"},{\"@type\":\"Organization\",\"@id\":\"https:\/\/mondrisports.com.br\/home\/#organization\",\"name\":\"Mondri Sports\",\"url\":\"https:\/\/mondrisports.com.br\/home\/\",\"logo\":{\"@type\":\"ImageObject\",\"inLanguage\":\"pt-BR\",\"@id\":\"https:\/\/mondrisports.com.br\/home\/#\/schema\/logo\/image\/\",\"url\":\"https:\/\/mondrisports.com.br\/home\/wp-content\/uploads\/2024\/10\/cropped-cropped-Design-sem-nome-16.png\",\"contentUrl\":\"https:\/\/mondrisports.com.br\/home\/wp-content\/uploads\/2024\/10\/cropped-cropped-Design-sem-nome-16.png\",\"width\":1077,\"height\":358,\"caption\":\"Mondri Sports\"},\"image\":{\"@id\":\"https:\/\/mondrisports.com.br\/home\/#\/schema\/logo\/image\/\"}}]}<\/script>\n<!-- \/ Yoast SEO plugin. -->","yoast_head_json":{"title":"Quem Somos - Mondri Sports","description":"Quem somos? Conhe\u00e7a a Mondri Sports, l\u00edder em uniformes personalizados. Descubra nossa hist\u00f3ria, miss\u00e3o e valores.","robots":{"index":"index","follow":"follow","max-snippet":"max-snippet:-1","max-image-preview":"max-image-preview:large","max-video-preview":"max-video-preview:-1"},"canonical":"https:\/\/mondrisports.com.br\/home\/quem-somos\/","og_locale":"pt_BR","og_type":"article","og_title":"Quem Somos - Mondri Sports","og_description":"Quem somos? Conhe\u00e7a a Mondri Sports, l\u00edder em uniformes personalizados. Descubra nossa hist\u00f3ria, miss\u00e3o e valores.","og_url":"https:\/\/mondrisports.com.br\/home\/quem-somos\/","og_site_name":"Mondri Sports","article_modified_time":"2024-10-24T13:26:16+00:00","og_image":[{"url":"https:\/\/mondrisports.com.br\/wordpress\/wp-content\/uploads\/2024\/10\/mondri-sports-3-768x1024.jpg","type":"","width":"","height":""}],"twitter_card":"summary_large_image","twitter_misc":{"Est. tempo de leitura":"3 minutos"},"schema":{"@context":"https:\/\/schema.org","@graph":[{"@type":"WebPage","@id":"https:\/\/mondrisports.com.br\/home\/quem-somos\/","url":"https:\/\/mondrisports.com.br\/home\/quem-somos\/","name":"Quem Somos - Mondri Sports","isPartOf":{"@id":"https:\/\/mondrisports.com.br\/home\/#website"},"primaryImageOfPage":{"@id":"https:\/\/mondrisports.com.br\/home\/quem-somos\/#primaryimage"},"image":{"@id":"https:\/\/mondrisports.com.br\/home\/quem-somos\/#primaryimage"},"thumbnailUrl":"https:\/\/mondrisports.com.br\/wordpress\/wp-content\/uploads\/2024\/10\/mondri-sports-3-768x1024.jpg","datePublished":"2024-10-21T20:03:40+00:00","dateModified":"2024-10-24T13:26:16+00:00","description":"Quem somos? Conhe\u00e7a a Mondri Sports, l\u00edder em uniformes personalizados. Descubra nossa hist\u00f3ria, miss\u00e3o e valores.","breadcrumb":{"@id":"https:\/\/mondrisports.com.br\/home\/quem-somos\/#breadcrumb"},"inLanguage":"pt-BR","potentialAction":[{"@type":"ReadAction","target":["https:\/\/mondrisports.com.br\/home\/quem-somos\/"]}]},{"@type":"ImageObject","inLanguage":"pt-BR","@id":"https:\/\/mondrisports.com.br\/home\/quem-somos\/#primaryimage","url":"https:\/\/mondrisports.com.br\/wordpress\/wp-content\/uploads\/2024\/10\/mondri-sports-3-768x1024.jpg","contentUrl":"https:\/\/mondrisports.com.br\/wordpress\/wp-content\/uploads\/2024\/10\/mondri-sports-3-768x1024.jpg"},{"@type":"BreadcrumbList","@id":"https:\/\/mondrisports.com.br\/home\/quem-somos\/#breadcrumb","itemListElement":[{"@type":"ListItem","position":1,"name":"In\u00edcio","item":"https:\/\/mondrisports.com.br\/home\/"},{"@type":"ListItem","position":2,"name":"Quem Somos"}]},{"@type":"WebSite","@id":"https:\/\/mondrisports.com.br\/home\/#website","url":"https:\/\/mondrisports.com.br\/home\/","name":"Mondri Sports","description":"Uniformes Esportivos Personalizados","publisher":{"@id":"https:\/\/mondrisports.com.br\/home\/#organization"},"potentialAction":[{"@type":"SearchAction","target":{"@type":"EntryPoint","urlTemplate":"https:\/\/mondrisports.com.br\/home\/?s={search_term_string}"},"query-input":{"@type":"PropertyValueSpecification","valueRequired":true,"valueName":"search_term_string"}}],"inLanguage":"pt-BR"},{"@type":"Organization","@id":"https:\/\/mondrisports.com.br\/home\/#organization","name":"Mondri Sports","url":"https:\/\/mondrisports.com.br\/home\/","logo":{"@type":"ImageObject","inLanguage":"pt-BR","@id":"https:\/\/mondrisports.com.br\/home\/#\/schema\/logo\/image\/","url":"https:\/\/mondrisports.com.br\/home\/wp-content\/uploads\/2024\/10\/cropped-cropped-Design-sem-nome-16.png","contentUrl":"https:\/\/mondrisports.com.br\/home\/wp-content\/uploads\/2024\/10\/cropped-cropped-Design-sem-nome-16.png","width":1077,"height":358,"caption":"Mondri Sports"},"image":{"@id":"https:\/\/mondrisports.com.br\/home\/#\/schema\/logo\/image\/"}}]}},"_links":{"self":[{"href":"https:\/\/mondrisports.com.br\/home\/wp-json\/wp\/v2\/pages\/48","targetHints":{"allow":["GET"]}}],"collection":[{"href":"https:\/\/mondrisports.com.br\/home\/wp-json\/wp\/v2\/pages"}],"about":[{"href":"https:\/\/mondrisports.com.br\/home\/wp-json\/wp\/v2\/types\/page"}],"author":[{"embeddable":true,"href":"https:\/\/mondrisports.com.br\/home\/wp-json\/wp\/v2\/users\/1"}],"replies":[{"embeddable":true,"href":"https:\/\/mondrisports.com.br\/home\/wp-json\/wp\/v2\/comments?post=48"}],"version-history":[{"count":9,"href":"https:\/\/mondrisports.com.br\/home\/wp-json\/wp\/v2\/pages\/48\/revisions"}],"predecessor-version":[{"id":240,"href":"https:\/\/mondrisports.com.br\/home\/wp-json\/wp\/v2\/pages\/48\/revisions\/240"}],"wp:attachment":[{"href":"https:\/\/mondrisports.com.br\/home\/wp-json\/wp\/v2\/media?parent=48"}],"curies":[{"name":"wp","href":"https:\/\/api.w.org\/{rel}","templated":true}]}}