{"id":51,"date":"2024-10-21T20:04:49","date_gmt":"2024-10-21T20:04:49","guid":{"rendered":"https:\/\/mondrisports.com.br\/wordpress\/?page_id=51"},"modified":"2024-10-28T11:39:52","modified_gmt":"2024-10-28T11:39:52","slug":"entre-em-contato","status":"publish","type":"page","link":"https:\/\/mondrisports.com.br\/home\/entre-em-contato\/","title":{"rendered":"Entre em Contato"},"content":{"rendered":"\n<p class=\"has-ast-global-color-8-color has-text-color has-link-color wp-elements-42778a6c721783f00abe773c82e1a780\">Entre em Contato<\/p>\n\n\n\n<p class=\"has-ast-global-color-8-color has-text-color has-link-color wp-elements-dedd6c9252632abef244347078aedc45\">Na Mondri Sports, estamos sempre prontos para ajudar, pois sua satisfa\u00e7\u00e3o \u00e9 nossa prioridade. Portanto, se tiver d\u00favidas ou sugest\u00f5es, n\u00e3o hesite em nos contatar! Al\u00e9m disso, nossa equipe dedicada est\u00e1 \u00e0 disposi\u00e7\u00e3o para oferecer o suporte que voc\u00ea precisa.<\/p>\n\n\n\n<p class=\"has-ast-global-color-8-color has-text-color has-link-color wp-elements-e5d891cb9219efc3adb73a1aa4c71390\">Para entrar em contato, preencha os campos abaixo ou utilize nossos canais de atendimento diretos. <strong>Por outro lado,<\/strong> se preferir, voc\u00ea pode nos enviar um e-mail ou se conectar via WhatsApp para uma resposta r\u00e1pida. <strong>Dessa forma,<\/strong> queremos que voc\u00ea se sinta \u00e0 vontade para expressar suas opini\u00f5es.<\/p>\n\n\n\n<p class=\"has-ast-global-color-8-color has-text-color has-link-color wp-elements-1af45ccb6dc34ec6b4eedd4f59c7b220\">Lembre-se de que os campos marcados com asterisco (*) s\u00e3o obrigat\u00f3rios. Al\u00e9m disso, garantimos que seu e-mail ser\u00e1 utilizado exclusivamente para responder \u00e0 sua mensagem e nunca ser\u00e1 compartilhado com terceiros.<\/p>\n\n\n\n<p class=\"has-ast-global-color-8-color has-text-color has-link-color wp-elements-60f7a5ea351f515bb85a09dea6ae5b78\">Voc\u00ea<em> \u00e9 muito importante para n\u00f3s. Envie-nos um e-mail preenchendo os campos abaixo, ou fale conosco pelos canais de atendimento.<\/em><\/p>\n\n\n\n<p class=\"has-ast-global-color-8-color has-text-color has-link-color has-x-large-font-size wp-elements-9ad08adad665c20e9eaf7295d22d052f\"><strong>Formul\u00e1rio <\/strong><\/p>\n\n\n<div class=\"wpforms-container wpforms-container-full wpforms-block wpforms-block-b64d147d-b9c6-425e-bf6a-93b750adc929 wpforms-render-modern\" id=\"wpforms-192\"><form id=\"wpforms-form-192\" class=\"wpforms-validate wpforms-form wpforms-ajax-form\" data-formid=\"192\" method=\"post\" enctype=\"multipart\/form-data\" action=\"\/home\/wp-json\/wp\/v2\/pages\/51\" data-token=\"655495db736860655a2be776dede8fab\" data-token-time=\"1776978523\"><noscript class=\"wpforms-error-noscript\">Ative o JavaScript no seu navegador para preencher este formul\u00e1rio.<\/noscript><div class=\"wpforms-hidden\" id=\"wpforms-error-noscript\">Ative o JavaScript no seu navegador para preencher este formul\u00e1rio.<\/div><div class=\"wpforms-field-container\"><div id=\"wpforms-192-field_1-container\" class=\"wpforms-field wpforms-field-text\" data-field-id=\"1\"><label class=\"wpforms-field-label\" for=\"wpforms-192-field_1\">Seu nome Completo <span class=\"wpforms-required-label\" aria-hidden=\"true\">*<\/span><\/label><input type=\"text\" id=\"wpforms-192-field_1\" class=\"wpforms-field-medium wpforms-field-required\" name=\"wpforms[fields][1]\" aria-errormessage=\"wpforms-192-field_1-error\" required><\/div><div id=\"wpforms-192-field_3-container\" class=\"wpforms-field wpforms-field-email\" data-field-id=\"3\"><label class=\"wpforms-field-label\" for=\"wpforms-192-field_3\">Seu E-mail <span class=\"wpforms-required-label\" aria-hidden=\"true\">*<\/span><\/label><input type=\"email\" id=\"wpforms-192-field_3\" class=\"wpforms-field-medium wpforms-field-required\" name=\"wpforms[fields][3]\" spellcheck=\"false\" aria-errormessage=\"wpforms-192-field_3-error\" required><\/div><div id=\"wpforms-192-field_5-container\" class=\"wpforms-field wpforms-field-text\" data-field-id=\"5\"><label class=\"wpforms-field-label\" for=\"wpforms-192-field_5\">Seu N\u00famero<\/label><input type=\"text\" id=\"wpforms-192-field_5\" class=\"wpforms-field-medium\" name=\"wpforms[fields][5]\" placeholder=\"(__) _____-____\" aria-errormessage=\"wpforms-192-field_5-error\" ><\/div><div id=\"wpforms-192-field_7-container\" class=\"wpforms-field wpforms-field-textarea\" data-field-id=\"7\"><label class=\"wpforms-field-label\" for=\"wpforms-192-field_7\">Sua mensagem <\/label><textarea id=\"wpforms-192-field_7\" class=\"wpforms-field-medium\" name=\"wpforms[fields][7]\" aria-errormessage=\"wpforms-192-field_7-error\" ><\/textarea><\/div><\/div><!-- .wpforms-field-container --><div class=\"wpforms-submit-container\" ><input type=\"hidden\" name=\"wpforms[id]\" value=\"192\"><input type=\"hidden\" name=\"page_title\" value=\"\"><input type=\"hidden\" name=\"page_url\" value=\"https:\/\/mondrisports.com.br\/home\/wp-json\/wp\/v2\/pages\/51\"><input type=\"hidden\" name=\"url_referer\" value=\"\"><button type=\"submit\" name=\"wpforms[submit]\" id=\"wpforms-submit-192\" class=\"wpforms-submit\" data-alt-text=\"Enviando\u2026\" data-submit-text=\"Enviar\" aria-live=\"assertive\" value=\"wpforms-submit\">Enviar<\/button><img loading=\"lazy\" decoding=\"async\" src=\"https:\/\/mondrisports.com.br\/home\/wp-content\/plugins\/wpforms-lite\/assets\/images\/submit-spin.svg\" class=\"wpforms-submit-spinner\" style=\"display: none;\" width=\"26\" height=\"26\" alt=\"Carregando\"><\/div><\/form><\/div>  <!-- .wpforms-container -->\n\n\n<p class=\"has-ast-global-color-8-color has-text-color has-link-color wp-elements-bd726a8e0e5aca610f5c5d2c3745688d\"><\/p>\n\n\n<p><iframe src=\"https:\/\/www.google.com\/maps\/embed?pb=!1m18!1m12!1m3!1d57632.606332398835!2d-49.292329122808816!3d-25.470410034164882!2m3!1f0!2f0!3f0!3m2!1i1024!2i768!4f13.1!3m3!1m2!1s0x94dce52e5852a7e1%3A0x47c5ee2252ee8ae6!2sMondri%20Sports!5e0!3m2!1spt-BR!2sbr!4v1729779321031!5m2!1spt-BR!2sbr\" width=\"600\" height=\"450\" style=\"border:0;\" allowfullscreen=\"\" loading=\"lazy\" referrerpolicy=\"no-referrer-when-downgrade\"><\/iframe><\/p>\n\n\n<p class=\"has-ast-global-color-8-color has-text-color has-link-color wp-elements-31039a5d071e799ef18b5f02510cc9e0\"><em>Estamos localizados em Curitiba e sempre prontos para atender voc\u00ea, seja por telefone, e-mail ou WhatsApp. Entre em contato pelo e-mail mondrisports@mondrisports.com.br ou pelos telefones (41) 3332-6052 e (41) 3332-2572.<\/em><\/p>\n\n\n\n<p class=\"has-ast-global-color-8-color has-text-color has-link-color wp-elements-c15901b59549cf4265cfb621d111e424\">Atendimento R\u00e1pido<\/p>\n\n\n\n<p class=\"has-ast-global-color-8-color has-text-color has-link-color wp-elements-7d2c9fd98976aa24e5d0e58b39b04015\">Se precisar de uma resposta imediata, entre em contato conosco pelo WhatsApp ou ligue para nosso telefone durante o hor\u00e1rio comercial. Estamos sempre prontos para atender voc\u00ea com efici\u00eancia.<\/p>\n\n\n\n<p class=\"has-ast-global-color-8-color has-text-color has-link-color wp-elements-22669b5f5b08829dce5d64df857c6b61\">Agradecemos por escolher a Mondri Sports. Esperamos poder ajudar e tornar sua experi\u00eancia conosco cada vez melhor!<\/p>\n\n\n\n<figure class=\"wp-block-gallery has-nested-images columns-default is-cropped wp-block-gallery-1 is-layout-flex wp-block-gallery-is-layout-flex\">\n<figure class=\"wp-block-image size-large\"><img loading=\"lazy\" decoding=\"async\" width=\"768\" height=\"1024\" data-id=\"126\" src=\"https:\/\/mondrisports.com.br\/wordpress\/wp-content\/uploads\/2024\/10\/mondri-sports-3-768x1024.jpg\" alt=\"\" class=\"wp-image-126\" srcset=\"https:\/\/mondrisports.com.br\/home\/wp-content\/uploads\/2024\/10\/mondri-sports-3-768x1024.jpg 768w, https:\/\/mondrisports.com.br\/home\/wp-content\/uploads\/2024\/10\/mondri-sports-3-225x300.jpg 225w, https:\/\/mondrisports.com.br\/home\/wp-content\/uploads\/2024\/10\/mondri-sports-3.jpg 810w\" sizes=\"auto, (max-width: 768px) 100vw, 768px\" \/><figcaption class=\"wp-element-caption\">Entre em contato<\/figcaption><\/figure>\n\n\n\n<figure class=\"wp-block-image size-large\"><img loading=\"lazy\" decoding=\"async\" width=\"767\" height=\"1024\" data-id=\"131\" src=\"https:\/\/mondrisports.com.br\/wordpress\/wp-content\/uploads\/2024\/10\/mondri-sports-33-767x1024.jpg\" alt=\"\" class=\"wp-image-131\" srcset=\"https:\/\/mondrisports.com.br\/home\/wp-content\/uploads\/2024\/10\/mondri-sports-33-767x1024.jpg 767w, https:\/\/mondrisports.com.br\/home\/wp-content\/uploads\/2024\/10\/mondri-sports-33-225x300.jpg 225w, https:\/\/mondrisports.com.br\/home\/wp-content\/uploads\/2024\/10\/mondri-sports-33-768x1025.jpg 768w, https:\/\/mondrisports.com.br\/home\/wp-content\/uploads\/2024\/10\/mondri-sports-33.jpg 809w\" sizes=\"auto, (max-width: 767px) 100vw, 767px\" \/><figcaption class=\"wp-element-caption\">Sacochila <\/figcaption><\/figure>\n\n\n\n<figure class=\"wp-block-image size-large\"><img loading=\"lazy\" decoding=\"async\" width=\"791\" height=\"1024\" data-id=\"105\" src=\"https:\/\/mondrisports.com.br\/wordpress\/wp-content\/uploads\/2024\/10\/mondri-sports-26-791x1024.jpg\" alt=\"\" class=\"wp-image-105\" srcset=\"https:\/\/mondrisports.com.br\/home\/wp-content\/uploads\/2024\/10\/mondri-sports-26-791x1024.jpg 791w, https:\/\/mondrisports.com.br\/home\/wp-content\/uploads\/2024\/10\/mondri-sports-26-232x300.jpg 232w, https:\/\/mondrisports.com.br\/home\/wp-content\/uploads\/2024\/10\/mondri-sports-26-768x995.jpg 768w, https:\/\/mondrisports.com.br\/home\/wp-content\/uploads\/2024\/10\/mondri-sports-26.jpg 834w\" sizes=\"auto, (max-width: 791px) 100vw, 791px\" \/><figcaption class=\"wp-element-caption\">Entre em contato<\/figcaption><\/figure>\n<\/figure>\n\n\n\n<p class=\"has-ast-global-color-8-color has-text-color has-link-color wp-elements-44349a43d79a9b5abdfefe0d3ca4e5b8\">Quer saber mais sobre quem somos? Clique <a href=\"https:\/\/mondrisports.com.br\/wordpress\/index.php\/sobre-nos\/\">aqui<\/a> <\/p>\n\n\n\n<p class=\"has-ast-global-color-8-color has-text-color has-link-color wp-elements-d4613aa0c0185c33681223f4ad00c1c0\">Quer ver mais nossos produtos? Acesse nossa p\u00e1gina <a href=\"https:\/\/mondrisports.com.br\/wordpress\/index.php\/nossos-produtos\/\">Nossos Produtos<\/a><\/p>\n\n\n\n<p class=\"has-ast-global-color-8-color has-text-color has-link-color wp-elements-1e9402050f8ef54b2abe244b32cc141d\">Fale conosco pelo <a href=\"http:\/\/wa.me\/554133326052\">WhatsApp<\/a><\/p>\n\n\n\n<p><\/p>\n\n\n\n<p><\/p>\n","protected":false},"excerpt":{"rendered":"<p>Entre em Contato Na Mondri Sports, estamos sempre prontos para ajudar, pois sua satisfa\u00e7\u00e3o \u00e9 nossa prioridade. Portanto, se tiver [&hellip;]<\/p>\n","protected":false},"author":1,"featured_media":0,"parent":0,"menu_order":0,"comment_status":"closed","ping_status":"closed","template":"","meta":{"site-sidebar-layout":"default","site-content-layout":"","ast-site-content-layout":"default","site-content-style":"default","site-sidebar-style":"default","ast-global-header-display":"","ast-banner-title-visibility":"","ast-main-header-display":"","ast-hfb-above-header-display":"","ast-hfb-below-header-display":"","ast-hfb-mobile-header-display":"","site-post-title":"","ast-breadcrumbs-content":"","ast-featured-img":"","footer-sml-layout":"","ast-disable-related-posts":"","theme-transparent-header-meta":"","adv-header-id-meta":"","stick-header-meta":"","header-above-stick-meta":"","header-main-stick-meta":"","header-below-stick-meta":"","astra-migrate-meta-layouts":"default","ast-page-background-enabled":"default","ast-page-background-meta":{"desktop":{"background-color":"var(--ast-global-color-4)","background-image":"","background-repeat":"repeat","background-position":"center center","background-size":"auto","background-attachment":"scroll","background-type":"","background-media":"","overlay-type":"","overlay-color":"","overlay-opacity":"","overlay-gradient":""},"tablet":{"background-color":"","background-image":"","background-repeat":"repeat","background-position":"center center","background-size":"auto","background-attachment":"scroll","background-type":"","background-media":"","overlay-type":"","overlay-color":"","overlay-opacity":"","overlay-gradient":""},"mobile":{"background-color":"","background-image":"","background-repeat":"repeat","background-position":"center center","background-size":"auto","background-attachment":"scroll","background-type":"","background-media":"","overlay-type":"","overlay-color":"","overlay-opacity":"","overlay-gradient":""}},"ast-content-background-meta":{"desktop":{"background-color":"var(--ast-global-color-5)","background-image":"","background-repeat":"repeat","background-position":"center center","background-size":"auto","background-attachment":"scroll","background-type":"","background-media":"","overlay-type":"","overlay-color":"","overlay-opacity":"","overlay-gradient":""},"tablet":{"background-color":"var(--ast-global-color-5)","background-image":"","background-repeat":"repeat","background-position":"center center","background-size":"auto","background-attachment":"scroll","background-type":"","background-media":"","overlay-type":"","overlay-color":"","overlay-opacity":"","overlay-gradient":""},"mobile":{"background-color":"var(--ast-global-color-5)","background-image":"","background-repeat":"repeat","background-position":"center center","background-size":"auto","background-attachment":"scroll","background-type":"","background-media":"","overlay-type":"","overlay-color":"","overlay-opacity":"","overlay-gradient":""}},"footnotes":""},"class_list":["post-51","page","type-page","status-publish","hentry"],"yoast_head":"<!-- This site is optimized with the Yoast SEO plugin v25.3 - https:\/\/yoast.com\/wordpress\/plugins\/seo\/ -->\n<title>Entre em Contato - Mondri Sports<\/title>\n<meta name=\"description\" content=\"Entre em contato com a Mondri Sports. Estamos aqui para ajudar com suas d\u00favidas e pedidos. por e-mail, telefone ou formul\u00e1rio online.\" \/>\n<meta name=\"robots\" content=\"index, follow, max-snippet:-1, max-image-preview:large, max-video-preview:-1\" \/>\n<link rel=\"canonical\" href=\"https:\/\/mondrisports.com.br\/home\/entre-em-contato\/\" \/>\n<meta property=\"og:locale\" content=\"pt_BR\" \/>\n<meta property=\"og:type\" content=\"article\" \/>\n<meta property=\"og:title\" content=\"Entre em Contato - Mondri Sports\" \/>\n<meta property=\"og:description\" content=\"Entre em contato com a Mondri Sports. Estamos aqui para ajudar com suas d\u00favidas e pedidos. por e-mail, telefone ou formul\u00e1rio online.\" \/>\n<meta property=\"og:url\" content=\"https:\/\/mondrisports.com.br\/home\/entre-em-contato\/\" \/>\n<meta property=\"og:site_name\" content=\"Mondri Sports\" \/>\n<meta property=\"article:modified_time\" content=\"2024-10-28T11:39:52+00:00\" \/>\n<meta property=\"og:image\" content=\"https:\/\/mondrisports.com.br\/wordpress\/wp-content\/uploads\/2024\/10\/mondri-sports-3-768x1024.jpg\" \/>\n<meta name=\"twitter:card\" content=\"summary_large_image\" \/>\n<meta name=\"twitter:label1\" content=\"Est. tempo de leitura\" \/>\n\t<meta name=\"twitter:data1\" content=\"2 minutos\" \/>\n<script type=\"application\/ld+json\" class=\"yoast-schema-graph\">{\"@context\":\"https:\/\/schema.org\",\"@graph\":[{\"@type\":\"WebPage\",\"@id\":\"https:\/\/mondrisports.com.br\/home\/entre-em-contato\/\",\"url\":\"https:\/\/mondrisports.com.br\/home\/entre-em-contato\/\",\"name\":\"Entre em Contato - Mondri Sports\",\"isPartOf\":{\"@id\":\"https:\/\/mondrisports.com.br\/home\/#website\"},\"primaryImageOfPage\":{\"@id\":\"https:\/\/mondrisports.com.br\/home\/entre-em-contato\/#primaryimage\"},\"image\":{\"@id\":\"https:\/\/mondrisports.com.br\/home\/entre-em-contato\/#primaryimage\"},\"thumbnailUrl\":\"https:\/\/mondrisports.com.br\/wordpress\/wp-content\/uploads\/2024\/10\/mondri-sports-3-768x1024.jpg\",\"datePublished\":\"2024-10-21T20:04:49+00:00\",\"dateModified\":\"2024-10-28T11:39:52+00:00\",\"description\":\"Entre em contato com a Mondri Sports. Estamos aqui para ajudar com suas d\u00favidas e pedidos. por e-mail, telefone ou formul\u00e1rio online.\",\"breadcrumb\":{\"@id\":\"https:\/\/mondrisports.com.br\/home\/entre-em-contato\/#breadcrumb\"},\"inLanguage\":\"pt-BR\",\"potentialAction\":[{\"@type\":\"ReadAction\",\"target\":[\"https:\/\/mondrisports.com.br\/home\/entre-em-contato\/\"]}]},{\"@type\":\"ImageObject\",\"inLanguage\":\"pt-BR\",\"@id\":\"https:\/\/mondrisports.com.br\/home\/entre-em-contato\/#primaryimage\",\"url\":\"https:\/\/mondrisports.com.br\/wordpress\/wp-content\/uploads\/2024\/10\/mondri-sports-3-768x1024.jpg\",\"contentUrl\":\"https:\/\/mondrisports.com.br\/wordpress\/wp-content\/uploads\/2024\/10\/mondri-sports-3-768x1024.jpg\"},{\"@type\":\"BreadcrumbList\",\"@id\":\"https:\/\/mondrisports.com.br\/home\/entre-em-contato\/#breadcrumb\",\"itemListElement\":[{\"@type\":\"ListItem\",\"position\":1,\"name\":\"In\u00edcio\",\"item\":\"https:\/\/mondrisports.com.br\/home\/\"},{\"@type\":\"ListItem\",\"position\":2,\"name\":\"Entre em Contato\"}]},{\"@type\":\"WebSite\",\"@id\":\"https:\/\/mondrisports.com.br\/home\/#website\",\"url\":\"https:\/\/mondrisports.com.br\/home\/\",\"name\":\"Mondri Sports\",\"description\":\"Uniformes Esportivos Personalizados\",\"publisher\":{\"@id\":\"https:\/\/mondrisports.com.br\/home\/#organization\"},\"potentialAction\":[{\"@type\":\"SearchAction\",\"target\":{\"@type\":\"EntryPoint\",\"urlTemplate\":\"https:\/\/mondrisports.com.br\/home\/?s={search_term_string}\"},\"query-input\":{\"@type\":\"PropertyValueSpecification\",\"valueRequired\":true,\"valueName\":\"search_term_string\"}}],\"inLanguage\":\"pt-BR\"},{\"@type\":\"Organization\",\"@id\":\"https:\/\/mondrisports.com.br\/home\/#organization\",\"name\":\"Mondri Sports\",\"url\":\"https:\/\/mondrisports.com.br\/home\/\",\"logo\":{\"@type\":\"ImageObject\",\"inLanguage\":\"pt-BR\",\"@id\":\"https:\/\/mondrisports.com.br\/home\/#\/schema\/logo\/image\/\",\"url\":\"https:\/\/mondrisports.com.br\/home\/wp-content\/uploads\/2024\/10\/cropped-cropped-Design-sem-nome-16.png\",\"contentUrl\":\"https:\/\/mondrisports.com.br\/home\/wp-content\/uploads\/2024\/10\/cropped-cropped-Design-sem-nome-16.png\",\"width\":1077,\"height\":358,\"caption\":\"Mondri Sports\"},\"image\":{\"@id\":\"https:\/\/mondrisports.com.br\/home\/#\/schema\/logo\/image\/\"}}]}<\/script>\n<!-- \/ Yoast SEO plugin. -->","yoast_head_json":{"title":"Entre em Contato - Mondri Sports","description":"Entre em contato com a Mondri Sports. Estamos aqui para ajudar com suas d\u00favidas e pedidos. por e-mail, telefone ou formul\u00e1rio online.","robots":{"index":"index","follow":"follow","max-snippet":"max-snippet:-1","max-image-preview":"max-image-preview:large","max-video-preview":"max-video-preview:-1"},"canonical":"https:\/\/mondrisports.com.br\/home\/entre-em-contato\/","og_locale":"pt_BR","og_type":"article","og_title":"Entre em Contato - Mondri Sports","og_description":"Entre em contato com a Mondri Sports. Estamos aqui para ajudar com suas d\u00favidas e pedidos. por e-mail, telefone ou formul\u00e1rio online.","og_url":"https:\/\/mondrisports.com.br\/home\/entre-em-contato\/","og_site_name":"Mondri Sports","article_modified_time":"2024-10-28T11:39:52+00:00","og_image":[{"url":"https:\/\/mondrisports.com.br\/wordpress\/wp-content\/uploads\/2024\/10\/mondri-sports-3-768x1024.jpg","type":"","width":"","height":""}],"twitter_card":"summary_large_image","twitter_misc":{"Est. tempo de leitura":"2 minutos"},"schema":{"@context":"https:\/\/schema.org","@graph":[{"@type":"WebPage","@id":"https:\/\/mondrisports.com.br\/home\/entre-em-contato\/","url":"https:\/\/mondrisports.com.br\/home\/entre-em-contato\/","name":"Entre em Contato - Mondri Sports","isPartOf":{"@id":"https:\/\/mondrisports.com.br\/home\/#website"},"primaryImageOfPage":{"@id":"https:\/\/mondrisports.com.br\/home\/entre-em-contato\/#primaryimage"},"image":{"@id":"https:\/\/mondrisports.com.br\/home\/entre-em-contato\/#primaryimage"},"thumbnailUrl":"https:\/\/mondrisports.com.br\/wordpress\/wp-content\/uploads\/2024\/10\/mondri-sports-3-768x1024.jpg","datePublished":"2024-10-21T20:04:49+00:00","dateModified":"2024-10-28T11:39:52+00:00","description":"Entre em contato com a Mondri Sports. Estamos aqui para ajudar com suas d\u00favidas e pedidos. por e-mail, telefone ou formul\u00e1rio online.","breadcrumb":{"@id":"https:\/\/mondrisports.com.br\/home\/entre-em-contato\/#breadcrumb"},"inLanguage":"pt-BR","potentialAction":[{"@type":"ReadAction","target":["https:\/\/mondrisports.com.br\/home\/entre-em-contato\/"]}]},{"@type":"ImageObject","inLanguage":"pt-BR","@id":"https:\/\/mondrisports.com.br\/home\/entre-em-contato\/#primaryimage","url":"https:\/\/mondrisports.com.br\/wordpress\/wp-content\/uploads\/2024\/10\/mondri-sports-3-768x1024.jpg","contentUrl":"https:\/\/mondrisports.com.br\/wordpress\/wp-content\/uploads\/2024\/10\/mondri-sports-3-768x1024.jpg"},{"@type":"BreadcrumbList","@id":"https:\/\/mondrisports.com.br\/home\/entre-em-contato\/#breadcrumb","itemListElement":[{"@type":"ListItem","position":1,"name":"In\u00edcio","item":"https:\/\/mondrisports.com.br\/home\/"},{"@type":"ListItem","position":2,"name":"Entre em Contato"}]},{"@type":"WebSite","@id":"https:\/\/mondrisports.com.br\/home\/#website","url":"https:\/\/mondrisports.com.br\/home\/","name":"Mondri Sports","description":"Uniformes Esportivos Personalizados","publisher":{"@id":"https:\/\/mondrisports.com.br\/home\/#organization"},"potentialAction":[{"@type":"SearchAction","target":{"@type":"EntryPoint","urlTemplate":"https:\/\/mondrisports.com.br\/home\/?s={search_term_string}"},"query-input":{"@type":"PropertyValueSpecification","valueRequired":true,"valueName":"search_term_string"}}],"inLanguage":"pt-BR"},{"@type":"Organization","@id":"https:\/\/mondrisports.com.br\/home\/#organization","name":"Mondri Sports","url":"https:\/\/mondrisports.com.br\/home\/","logo":{"@type":"ImageObject","inLanguage":"pt-BR","@id":"https:\/\/mondrisports.com.br\/home\/#\/schema\/logo\/image\/","url":"https:\/\/mondrisports.com.br\/home\/wp-content\/uploads\/2024\/10\/cropped-cropped-Design-sem-nome-16.png","contentUrl":"https:\/\/mondrisports.com.br\/home\/wp-content\/uploads\/2024\/10\/cropped-cropped-Design-sem-nome-16.png","width":1077,"height":358,"caption":"Mondri Sports"},"image":{"@id":"https:\/\/mondrisports.com.br\/home\/#\/schema\/logo\/image\/"}}]}},"_links":{"self":[{"href":"https:\/\/mondrisports.com.br\/home\/wp-json\/wp\/v2\/pages\/51","targetHints":{"allow":["GET"]}}],"collection":[{"href":"https:\/\/mondrisports.com.br\/home\/wp-json\/wp\/v2\/pages"}],"about":[{"href":"https:\/\/mondrisports.com.br\/home\/wp-json\/wp\/v2\/types\/page"}],"author":[{"embeddable":true,"href":"https:\/\/mondrisports.com.br\/home\/wp-json\/wp\/v2\/users\/1"}],"replies":[{"embeddable":true,"href":"https:\/\/mondrisports.com.br\/home\/wp-json\/wp\/v2\/comments?post=51"}],"version-history":[{"count":18,"href":"https:\/\/mondrisports.com.br\/home\/wp-json\/wp\/v2\/pages\/51\/revisions"}],"predecessor-version":[{"id":419,"href":"https:\/\/mondrisports.com.br\/home\/wp-json\/wp\/v2\/pages\/51\/revisions\/419"}],"wp:attachment":[{"href":"https:\/\/mondrisports.com.br\/home\/wp-json\/wp\/v2\/media?parent=51"}],"curies":[{"name":"wp","href":"https:\/\/api.w.org\/{rel}","templated":true}]}}