{"id":536,"date":"2025-04-25T15:12:54","date_gmt":"2025-04-25T18:12:54","guid":{"rendered":"https:\/\/mondrisports.com.br\/home\/?page_id=536"},"modified":"2025-04-30T15:27:51","modified_gmt":"2025-04-30T18:27:51","slug":"camiseta-esportiva-infantil-personalizada","status":"publish","type":"page","link":"https:\/\/mondrisports.com.br\/home\/camiseta-esportiva-infantil-personalizada\/","title":{"rendered":"Camiseta Esportiva Infantil Personalizada"},"content":{"rendered":"\n<div style=\"height:80px\" aria-hidden=\"true\" class=\"wp-block-spacer\"><\/div>\n\n\n\n<h2 class=\"wp-block-heading has-text-align-center has-black-color has-text-color has-link-color wp-elements-02c4299a50c62a01ec98e82b9c515e94\">Camiseta Esportiva Infantil Personalizada, Conforto e Identidade para os Pequenos Atletas<\/h2>\n\n\n\n<div style=\"height:80px\" aria-hidden=\"true\" class=\"wp-block-spacer\"><\/div>\n\n\n\n<h2 class=\"wp-block-heading has-black-color has-text-color has-link-color wp-elements-dd4906b2878c6005f8fcff62e31b8c74\"><strong>Ideal para escolinhas, times e eventos esportivos infantis<\/strong><\/h2>\n\n\n\n<p class=\"has-ast-global-color-8-color has-text-color has-link-color wp-elements-9b43ef12347a6428d84f3f1c3efdeb10\">Quando o assunto \u00e9 esporte na inf\u00e2ncia, conforto e identidade fazem toda a diferen\u00e7a. A <strong>camiseta esportiva infantil personalizada<\/strong> une esses dois elementos em uma pe\u00e7a pr\u00e1tica, resistente e feita sob medida. Assim, crian\u00e7as podem se sentir parte do time e se movimentar com liberdade durante os treinos e competi\u00e7\u00f5es.<\/p>\n\n\n\n<h2 class=\"wp-block-heading has-ast-global-color-8-color has-text-color has-link-color wp-elements-7fc922fac9d465433d8a53eb62b753ee\"><strong>Por que personalizar camisetas infantis esportivas?<\/strong><\/h2>\n\n\n\n<p class=\"has-ast-global-color-8-color has-text-color has-link-color wp-elements-d56c4ce43d158698fbe992d5ef0ebe81\">A personaliza\u00e7\u00e3o vai al\u00e9m da est\u00e9tica. Ela contribui para o senso de pertencimento e organiza\u00e7\u00e3o das equipes. Al\u00e9m disso, ajuda na identifica\u00e7\u00e3o durante eventos escolares, campeonatos e atividades em grupo.<\/p>\n\n\n\n<p class=\"has-ast-global-color-8-color has-text-color has-link-color wp-elements-104c71c69f69e1cc4a24a59cb4b39b94\">Veja os principais benef\u00edcios:<\/p>\n\n\n\n<ul class=\"wp-block-list\">\n<li class=\"has-ast-global-color-8-color has-text-color has-link-color wp-elements-826361b8117a4e222f5c3241e4f160af\">Escolha de cores, nome e n\u00famero<\/li>\n\n\n\n<li class=\"has-ast-global-color-8-color has-text-color has-link-color wp-elements-71c2d2939d68d28ae6e746a3a9fb3988\">Tecido leve e respir\u00e1vel (dry fit)<\/li>\n\n\n\n<li class=\"has-ast-global-color-8-color has-text-color has-link-color wp-elements-c42dde477eccc62b9e8375f03e535734\">Modelagem anat\u00f4mica para garantir conforto<\/li>\n\n\n\n<li class=\"has-ast-global-color-8-color has-text-color has-link-color wp-elements-7f21813d4a8d7c30ea54f4bfbb8ef27c\">Tamanhos dispon\u00edveis do infantil ao juvenil<\/li>\n\n\n\n<li class=\"has-ast-global-color-8-color has-text-color has-link-color wp-elements-f8cd175ea9507953b4efbf69ff4f8466\">Ideal para futsal, v\u00f4lei, atletismo, entre outros<\/li>\n<\/ul>\n\n\n\n<h2 class=\"wp-block-heading has-ast-global-color-8-color has-text-color has-link-color wp-elements-026e4f9b3c1a8e3b3ed796415aa1ac4e\"><strong>Pensada para o ritmo das crian\u00e7as<\/strong><\/h2>\n\n\n\n<p class=\"has-ast-global-color-8-color has-text-color has-link-color wp-elements-8fb715b1e48d61ed5e9f1e674335f1a5\">Sabemos que as crian\u00e7as est\u00e3o sempre em movimento. Por isso, oferecemos um tecido que seca r\u00e1pido, n\u00e3o esquenta e permite transpira\u00e7\u00e3o. Portanto, mesmo em dias mais quentes, a camiseta oferece conforto durante toda a pr\u00e1tica esportiva.<\/p>\n\n\n\n<p class=\"has-ast-global-color-8-color has-text-color has-link-color wp-elements-fd662446b4cc5dd186c69c4d2e385ad9\">Al\u00e9m disso, a resist\u00eancia do material permite lavagens frequentes sem perder a qualidade da estampa ou da cor.<\/p>\n\n\n\n<h2 class=\"wp-block-heading has-ast-global-color-8-color has-text-color has-link-color wp-elements-dd0da35b05b122fd0369c02393e5a231\"><strong>Personaliza\u00e7\u00e3o f\u00e1cil e r\u00e1pida<\/strong><\/h2>\n\n\n\n<p class=\"has-ast-global-color-8-color has-text-color has-link-color wp-elements-7431292c0dd94f7044add1479e1c4c83\">Voc\u00ea escolhe o modelo, envia os dados e nossa equipe cuida do restante. Portanto, em pouco tempo, seu time infantil j\u00e1 estar\u00e1 uniforme, com uma camiseta esportiva feita especialmente para ele.<\/p>\n\n\n\n<figure class=\"wp-block-gallery has-nested-images columns-default is-cropped wp-block-gallery-1 is-layout-flex wp-block-gallery-is-layout-flex\">\n<figure class=\"wp-block-image size-large\"><img loading=\"lazy\" decoding=\"async\" width=\"1000\" height=\"1000\" data-id=\"737\" src=\"https:\/\/mondrisports.com.br\/home\/wp-content\/uploads\/2025\/04\/CAMISETA-PERSONALIZADA-INFANTIL-2.jpg\" alt=\"\" class=\"wp-image-737\" srcset=\"https:\/\/mondrisports.com.br\/home\/wp-content\/uploads\/2025\/04\/CAMISETA-PERSONALIZADA-INFANTIL-2.jpg 1000w, https:\/\/mondrisports.com.br\/home\/wp-content\/uploads\/2025\/04\/CAMISETA-PERSONALIZADA-INFANTIL-2-300x300.jpg 300w, https:\/\/mondrisports.com.br\/home\/wp-content\/uploads\/2025\/04\/CAMISETA-PERSONALIZADA-INFANTIL-2-150x150.jpg 150w, https:\/\/mondrisports.com.br\/home\/wp-content\/uploads\/2025\/04\/CAMISETA-PERSONALIZADA-INFANTIL-2-768x768.jpg 768w\" sizes=\"auto, (max-width: 1000px) 100vw, 1000px\" \/><figcaption class=\"wp-element-caption\">Camiseta Infantil<\/figcaption><\/figure>\n\n\n\n<figure class=\"wp-block-image size-large\"><img loading=\"lazy\" decoding=\"async\" width=\"1000\" height=\"1000\" data-id=\"738\" src=\"https:\/\/mondrisports.com.br\/home\/wp-content\/uploads\/2025\/04\/CAMISETA-PERSONALIZADA-INFANTIL-3.jpg\" alt=\"\" class=\"wp-image-738\" srcset=\"https:\/\/mondrisports.com.br\/home\/wp-content\/uploads\/2025\/04\/CAMISETA-PERSONALIZADA-INFANTIL-3.jpg 1000w, https:\/\/mondrisports.com.br\/home\/wp-content\/uploads\/2025\/04\/CAMISETA-PERSONALIZADA-INFANTIL-3-300x300.jpg 300w, https:\/\/mondrisports.com.br\/home\/wp-content\/uploads\/2025\/04\/CAMISETA-PERSONALIZADA-INFANTIL-3-150x150.jpg 150w, https:\/\/mondrisports.com.br\/home\/wp-content\/uploads\/2025\/04\/CAMISETA-PERSONALIZADA-INFANTIL-3-768x768.jpg 768w\" sizes=\"auto, (max-width: 1000px) 100vw, 1000px\" \/><figcaption class=\"wp-element-caption\">Camiseta Esportiva Personaizada<\/figcaption><\/figure>\n\n\n\n<figure class=\"wp-block-image size-large\"><img loading=\"lazy\" decoding=\"async\" width=\"1000\" height=\"1000\" data-id=\"739\" src=\"https:\/\/mondrisports.com.br\/home\/wp-content\/uploads\/2025\/04\/CAMISETA-PERSONALIZADA-INFANTIL.jpg\" alt=\"\" class=\"wp-image-739\" srcset=\"https:\/\/mondrisports.com.br\/home\/wp-content\/uploads\/2025\/04\/CAMISETA-PERSONALIZADA-INFANTIL.jpg 1000w, https:\/\/mondrisports.com.br\/home\/wp-content\/uploads\/2025\/04\/CAMISETA-PERSONALIZADA-INFANTIL-300x300.jpg 300w, https:\/\/mondrisports.com.br\/home\/wp-content\/uploads\/2025\/04\/CAMISETA-PERSONALIZADA-INFANTIL-150x150.jpg 150w, https:\/\/mondrisports.com.br\/home\/wp-content\/uploads\/2025\/04\/CAMISETA-PERSONALIZADA-INFANTIL-768x768.jpg 768w\" sizes=\"auto, (max-width: 1000px) 100vw, 1000px\" \/><figcaption class=\"wp-element-caption\">Personalize a sua<\/figcaption><\/figure>\n<\/figure>\n\n\n\n<p><\/p>\n","protected":false},"excerpt":{"rendered":"<p>Camiseta Esportiva Infantil Personalizada, Conforto e Identidade para os Pequenos Atletas Ideal para escolinhas, times e eventos esportivos infantis Quando [&hellip;]<\/p>\n","protected":false},"author":1,"featured_media":0,"parent":0,"menu_order":0,"comment_status":"closed","ping_status":"closed","template":"","meta":{"site-sidebar-layout":"default","site-content-layout":"","ast-site-content-layout":"","site-content-style":"default","site-sidebar-style":"default","ast-global-header-display":"","ast-banner-title-visibility":"","ast-main-header-display":"","ast-hfb-above-header-display":"","ast-hfb-below-header-display":"","ast-hfb-mobile-header-display":"","site-post-title":"disabled","ast-breadcrumbs-content":"","ast-featured-img":"","footer-sml-layout":"","ast-disable-related-posts":"","theme-transparent-header-meta":"","adv-header-id-meta":"","stick-header-meta":"","header-above-stick-meta":"","header-main-stick-meta":"","header-below-stick-meta":"","astra-migrate-meta-layouts":"default","ast-page-background-enabled":"default","ast-page-background-meta":{"desktop":{"background-color":"var(--ast-global-color-4)","background-image":"","background-repeat":"repeat","background-position":"center center","background-size":"auto","background-attachment":"scroll","background-type":"","background-media":"","overlay-type":"","overlay-color":"","overlay-opacity":"","overlay-gradient":""},"tablet":{"background-color":"","background-image":"","background-repeat":"repeat","background-position":"center center","background-size":"auto","background-attachment":"scroll","background-type":"","background-media":"","overlay-type":"","overlay-color":"","overlay-opacity":"","overlay-gradient":""},"mobile":{"background-color":"","background-image":"","background-repeat":"repeat","background-position":"center center","background-size":"auto","background-attachment":"scroll","background-type":"","background-media":"","overlay-type":"","overlay-color":"","overlay-opacity":"","overlay-gradient":""}},"ast-content-background-meta":{"desktop":{"background-color":"var(--ast-global-color-5)","background-image":"","background-repeat":"repeat","background-position":"center center","background-size":"auto","background-attachment":"scroll","background-type":"","background-media":"","overlay-type":"","overlay-color":"","overlay-opacity":"","overlay-gradient":""},"tablet":{"background-color":"var(--ast-global-color-5)","background-image":"","background-repeat":"repeat","background-position":"center center","background-size":"auto","background-attachment":"scroll","background-type":"","background-media":"","overlay-type":"","overlay-color":"","overlay-opacity":"","overlay-gradient":""},"mobile":{"background-color":"var(--ast-global-color-5)","background-image":"","background-repeat":"repeat","background-position":"center center","background-size":"auto","background-attachment":"scroll","background-type":"","background-media":"","overlay-type":"","overlay-color":"","overlay-opacity":"","overlay-gradient":""}},"footnotes":""},"class_list":["post-536","page","type-page","status-publish","hentry"],"yoast_head":"<!-- This site is optimized with the Yoast SEO plugin v25.3 - https:\/\/yoast.com\/wordpress\/plugins\/seo\/ -->\n<title>Camiseta Esportiva Infantil Personalizada - Mondri Sports<\/title>\n<meta name=\"description\" content=\"Camiseta esportiva infantil personalizada com nome, n\u00famero e cores do time. Ideal para escolinhas e eventos. Entregamos em todo o Brasil.\" \/>\n<meta name=\"robots\" content=\"index, follow, max-snippet:-1, max-image-preview:large, max-video-preview:-1\" \/>\n<link rel=\"canonical\" href=\"https:\/\/mondrisports.com.br\/home\/camiseta-esportiva-infantil-personalizada\/\" \/>\n<meta property=\"og:locale\" content=\"pt_BR\" \/>\n<meta property=\"og:type\" content=\"article\" \/>\n<meta property=\"og:title\" content=\"Camiseta Esportiva Infantil Personalizada - Mondri Sports\" \/>\n<meta property=\"og:description\" content=\"Camiseta esportiva infantil personalizada com nome, n\u00famero e cores do time. Ideal para escolinhas e eventos. Entregamos em todo o Brasil.\" \/>\n<meta property=\"og:url\" content=\"https:\/\/mondrisports.com.br\/home\/camiseta-esportiva-infantil-personalizada\/\" \/>\n<meta property=\"og:site_name\" content=\"Mondri Sports\" \/>\n<meta property=\"article:modified_time\" content=\"2025-04-30T18:27:51+00:00\" \/>\n<meta property=\"og:image\" content=\"https:\/\/mondrisports.com.br\/home\/wp-content\/uploads\/2025\/04\/CAMISETA-PERSONALIZADA-INFANTIL-2.jpg\" \/>\n\t<meta property=\"og:image:width\" content=\"1000\" \/>\n\t<meta property=\"og:image:height\" content=\"1000\" \/>\n\t<meta property=\"og:image:type\" content=\"image\/jpeg\" \/>\n<meta name=\"twitter:card\" content=\"summary_large_image\" \/>\n<meta name=\"twitter:label1\" content=\"Est. tempo de leitura\" \/>\n\t<meta name=\"twitter:data1\" content=\"2 minutos\" \/>\n<script type=\"application\/ld+json\" class=\"yoast-schema-graph\">{\"@context\":\"https:\/\/schema.org\",\"@graph\":[{\"@type\":\"WebPage\",\"@id\":\"https:\/\/mondrisports.com.br\/home\/camiseta-esportiva-infantil-personalizada\/\",\"url\":\"https:\/\/mondrisports.com.br\/home\/camiseta-esportiva-infantil-personalizada\/\",\"name\":\"Camiseta Esportiva Infantil Personalizada - Mondri Sports\",\"isPartOf\":{\"@id\":\"https:\/\/mondrisports.com.br\/home\/#website\"},\"primaryImageOfPage\":{\"@id\":\"https:\/\/mondrisports.com.br\/home\/camiseta-esportiva-infantil-personalizada\/#primaryimage\"},\"image\":{\"@id\":\"https:\/\/mondrisports.com.br\/home\/camiseta-esportiva-infantil-personalizada\/#primaryimage\"},\"thumbnailUrl\":\"https:\/\/mondrisports.com.br\/home\/wp-content\/uploads\/2025\/04\/CAMISETA-PERSONALIZADA-INFANTIL-2.jpg\",\"datePublished\":\"2025-04-25T18:12:54+00:00\",\"dateModified\":\"2025-04-30T18:27:51+00:00\",\"description\":\"Camiseta esportiva infantil personalizada com nome, n\u00famero e cores do time. Ideal para escolinhas e eventos. Entregamos em todo o Brasil.\",\"breadcrumb\":{\"@id\":\"https:\/\/mondrisports.com.br\/home\/camiseta-esportiva-infantil-personalizada\/#breadcrumb\"},\"inLanguage\":\"pt-BR\",\"potentialAction\":[{\"@type\":\"ReadAction\",\"target\":[\"https:\/\/mondrisports.com.br\/home\/camiseta-esportiva-infantil-personalizada\/\"]}]},{\"@type\":\"ImageObject\",\"inLanguage\":\"pt-BR\",\"@id\":\"https:\/\/mondrisports.com.br\/home\/camiseta-esportiva-infantil-personalizada\/#primaryimage\",\"url\":\"https:\/\/mondrisports.com.br\/home\/wp-content\/uploads\/2025\/04\/CAMISETA-PERSONALIZADA-INFANTIL-2.jpg\",\"contentUrl\":\"https:\/\/mondrisports.com.br\/home\/wp-content\/uploads\/2025\/04\/CAMISETA-PERSONALIZADA-INFANTIL-2.jpg\",\"width\":1000,\"height\":1000,\"caption\":\"Camiseta Infantil\"},{\"@type\":\"BreadcrumbList\",\"@id\":\"https:\/\/mondrisports.com.br\/home\/camiseta-esportiva-infantil-personalizada\/#breadcrumb\",\"itemListElement\":[{\"@type\":\"ListItem\",\"position\":1,\"name\":\"In\u00edcio\",\"item\":\"https:\/\/mondrisports.com.br\/home\/\"},{\"@type\":\"ListItem\",\"position\":2,\"name\":\"Camiseta Esportiva Infantil Personalizada\"}]},{\"@type\":\"WebSite\",\"@id\":\"https:\/\/mondrisports.com.br\/home\/#website\",\"url\":\"https:\/\/mondrisports.com.br\/home\/\",\"name\":\"Mondri Sports\",\"description\":\"Uniformes Esportivos Personalizados\",\"publisher\":{\"@id\":\"https:\/\/mondrisports.com.br\/home\/#organization\"},\"potentialAction\":[{\"@type\":\"SearchAction\",\"target\":{\"@type\":\"EntryPoint\",\"urlTemplate\":\"https:\/\/mondrisports.com.br\/home\/?s={search_term_string}\"},\"query-input\":{\"@type\":\"PropertyValueSpecification\",\"valueRequired\":true,\"valueName\":\"search_term_string\"}}],\"inLanguage\":\"pt-BR\"},{\"@type\":\"Organization\",\"@id\":\"https:\/\/mondrisports.com.br\/home\/#organization\",\"name\":\"Mondri Sports\",\"url\":\"https:\/\/mondrisports.com.br\/home\/\",\"logo\":{\"@type\":\"ImageObject\",\"inLanguage\":\"pt-BR\",\"@id\":\"https:\/\/mondrisports.com.br\/home\/#\/schema\/logo\/image\/\",\"url\":\"https:\/\/mondrisports.com.br\/home\/wp-content\/uploads\/2024\/10\/cropped-cropped-Design-sem-nome-16.png\",\"contentUrl\":\"https:\/\/mondrisports.com.br\/home\/wp-content\/uploads\/2024\/10\/cropped-cropped-Design-sem-nome-16.png\",\"width\":1077,\"height\":358,\"caption\":\"Mondri Sports\"},\"image\":{\"@id\":\"https:\/\/mondrisports.com.br\/home\/#\/schema\/logo\/image\/\"}}]}<\/script>\n<!-- \/ Yoast SEO plugin. -->","yoast_head_json":{"title":"Camiseta Esportiva Infantil Personalizada - Mondri Sports","description":"Camiseta esportiva infantil personalizada com nome, n\u00famero e cores do time. Ideal para escolinhas e eventos. Entregamos em todo o Brasil.","robots":{"index":"index","follow":"follow","max-snippet":"max-snippet:-1","max-image-preview":"max-image-preview:large","max-video-preview":"max-video-preview:-1"},"canonical":"https:\/\/mondrisports.com.br\/home\/camiseta-esportiva-infantil-personalizada\/","og_locale":"pt_BR","og_type":"article","og_title":"Camiseta Esportiva Infantil Personalizada - Mondri Sports","og_description":"Camiseta esportiva infantil personalizada com nome, n\u00famero e cores do time. Ideal para escolinhas e eventos. Entregamos em todo o Brasil.","og_url":"https:\/\/mondrisports.com.br\/home\/camiseta-esportiva-infantil-personalizada\/","og_site_name":"Mondri Sports","article_modified_time":"2025-04-30T18:27:51+00:00","og_image":[{"width":1000,"height":1000,"url":"https:\/\/mondrisports.com.br\/home\/wp-content\/uploads\/2025\/04\/CAMISETA-PERSONALIZADA-INFANTIL-2.jpg","type":"image\/jpeg"}],"twitter_card":"summary_large_image","twitter_misc":{"Est. tempo de leitura":"2 minutos"},"schema":{"@context":"https:\/\/schema.org","@graph":[{"@type":"WebPage","@id":"https:\/\/mondrisports.com.br\/home\/camiseta-esportiva-infantil-personalizada\/","url":"https:\/\/mondrisports.com.br\/home\/camiseta-esportiva-infantil-personalizada\/","name":"Camiseta Esportiva Infantil Personalizada - Mondri Sports","isPartOf":{"@id":"https:\/\/mondrisports.com.br\/home\/#website"},"primaryImageOfPage":{"@id":"https:\/\/mondrisports.com.br\/home\/camiseta-esportiva-infantil-personalizada\/#primaryimage"},"image":{"@id":"https:\/\/mondrisports.com.br\/home\/camiseta-esportiva-infantil-personalizada\/#primaryimage"},"thumbnailUrl":"https:\/\/mondrisports.com.br\/home\/wp-content\/uploads\/2025\/04\/CAMISETA-PERSONALIZADA-INFANTIL-2.jpg","datePublished":"2025-04-25T18:12:54+00:00","dateModified":"2025-04-30T18:27:51+00:00","description":"Camiseta esportiva infantil personalizada com nome, n\u00famero e cores do time. Ideal para escolinhas e eventos. Entregamos em todo o Brasil.","breadcrumb":{"@id":"https:\/\/mondrisports.com.br\/home\/camiseta-esportiva-infantil-personalizada\/#breadcrumb"},"inLanguage":"pt-BR","potentialAction":[{"@type":"ReadAction","target":["https:\/\/mondrisports.com.br\/home\/camiseta-esportiva-infantil-personalizada\/"]}]},{"@type":"ImageObject","inLanguage":"pt-BR","@id":"https:\/\/mondrisports.com.br\/home\/camiseta-esportiva-infantil-personalizada\/#primaryimage","url":"https:\/\/mondrisports.com.br\/home\/wp-content\/uploads\/2025\/04\/CAMISETA-PERSONALIZADA-INFANTIL-2.jpg","contentUrl":"https:\/\/mondrisports.com.br\/home\/wp-content\/uploads\/2025\/04\/CAMISETA-PERSONALIZADA-INFANTIL-2.jpg","width":1000,"height":1000,"caption":"Camiseta Infantil"},{"@type":"BreadcrumbList","@id":"https:\/\/mondrisports.com.br\/home\/camiseta-esportiva-infantil-personalizada\/#breadcrumb","itemListElement":[{"@type":"ListItem","position":1,"name":"In\u00edcio","item":"https:\/\/mondrisports.com.br\/home\/"},{"@type":"ListItem","position":2,"name":"Camiseta Esportiva Infantil Personalizada"}]},{"@type":"WebSite","@id":"https:\/\/mondrisports.com.br\/home\/#website","url":"https:\/\/mondrisports.com.br\/home\/","name":"Mondri Sports","description":"Uniformes Esportivos Personalizados","publisher":{"@id":"https:\/\/mondrisports.com.br\/home\/#organization"},"potentialAction":[{"@type":"SearchAction","target":{"@type":"EntryPoint","urlTemplate":"https:\/\/mondrisports.com.br\/home\/?s={search_term_string}"},"query-input":{"@type":"PropertyValueSpecification","valueRequired":true,"valueName":"search_term_string"}}],"inLanguage":"pt-BR"},{"@type":"Organization","@id":"https:\/\/mondrisports.com.br\/home\/#organization","name":"Mondri Sports","url":"https:\/\/mondrisports.com.br\/home\/","logo":{"@type":"ImageObject","inLanguage":"pt-BR","@id":"https:\/\/mondrisports.com.br\/home\/#\/schema\/logo\/image\/","url":"https:\/\/mondrisports.com.br\/home\/wp-content\/uploads\/2024\/10\/cropped-cropped-Design-sem-nome-16.png","contentUrl":"https:\/\/mondrisports.com.br\/home\/wp-content\/uploads\/2024\/10\/cropped-cropped-Design-sem-nome-16.png","width":1077,"height":358,"caption":"Mondri Sports"},"image":{"@id":"https:\/\/mondrisports.com.br\/home\/#\/schema\/logo\/image\/"}}]}},"_links":{"self":[{"href":"https:\/\/mondrisports.com.br\/home\/wp-json\/wp\/v2\/pages\/536","targetHints":{"allow":["GET"]}}],"collection":[{"href":"https:\/\/mondrisports.com.br\/home\/wp-json\/wp\/v2\/pages"}],"about":[{"href":"https:\/\/mondrisports.com.br\/home\/wp-json\/wp\/v2\/types\/page"}],"author":[{"embeddable":true,"href":"https:\/\/mondrisports.com.br\/home\/wp-json\/wp\/v2\/users\/1"}],"replies":[{"embeddable":true,"href":"https:\/\/mondrisports.com.br\/home\/wp-json\/wp\/v2\/comments?post=536"}],"version-history":[{"count":4,"href":"https:\/\/mondrisports.com.br\/home\/wp-json\/wp\/v2\/pages\/536\/revisions"}],"predecessor-version":[{"id":741,"href":"https:\/\/mondrisports.com.br\/home\/wp-json\/wp\/v2\/pages\/536\/revisions\/741"}],"wp:attachment":[{"href":"https:\/\/mondrisports.com.br\/home\/wp-json\/wp\/v2\/media?parent=536"}],"curies":[{"name":"wp","href":"https:\/\/api.w.org\/{rel}","templated":true}]}}