{"id":549,"date":"2025-04-28T10:47:49","date_gmt":"2025-04-28T13:47:49","guid":{"rendered":"https:\/\/mondrisports.com.br\/home\/?page_id=549"},"modified":"2025-04-30T15:54:32","modified_gmt":"2025-04-30T18:54:32","slug":"camiseta-dry-fit-infantil","status":"publish","type":"page","link":"https:\/\/mondrisports.com.br\/home\/camiseta-dry-fit-infantil\/","title":{"rendered":"Camiseta Dry Fit Infantil"},"content":{"rendered":"\n<div style=\"height:80px\" aria-hidden=\"true\" class=\"wp-block-spacer\"><\/div>\n\n\n\n<h2 class=\"wp-block-heading has-text-align-center has-black-color has-text-color has-link-color wp-elements-55e4512b7ccaa695a19db0f82fb44085\">Camiseta Dry Fit Infantil, Conforto e Liberdade para os Pequenos em Movimento<\/h2>\n\n\n\n<div style=\"height:80px\" aria-hidden=\"true\" class=\"wp-block-spacer\"><\/div>\n\n\n\n<h2 class=\"wp-block-heading has-black-color has-text-color has-link-color wp-elements-8da7966542ec6577106ad5000a42dd8a\"><strong>Ideal para esportes, brincadeiras e o dia a dia<\/strong><\/h2>\n\n\n\n<p class=\"has-ast-global-color-8-color has-text-color has-link-color wp-elements-6017c7403931b4fd3c0194e72f4bbcc6\">A inf\u00e2ncia \u00e9 cheia de energia e movimento. Por isso, a <strong>camiseta dry fit infantil<\/strong> \u00e9 a escolha certa para garantir conforto, leveza e respirabilidade. Seja durante as aulas de educa\u00e7\u00e3o f\u00edsica, treinos esportivos ou nas brincadeiras do cotidiano, essa pe\u00e7a acompanha as crian\u00e7as em todos os momentos.<\/p>\n\n\n\n<h2 class=\"wp-block-heading has-black-color has-text-color has-link-color wp-elements-b7859a1302f04039c42726bc3cddc539\"><strong>Por que escolher a camiseta dry fit para crian\u00e7as?<\/strong><\/h2>\n\n\n\n<p class=\"has-ast-global-color-8-color has-text-color has-link-color wp-elements-fa4f40d6cd05d031ceac0cd52520d4cf\">O tecido dry fit \u00e9 conhecido por sua tecnologia de absor\u00e7\u00e3o e evapora\u00e7\u00e3o do suor. Dessa forma, ele mant\u00e9m a pele seca por mais tempo, mesmo em dias quentes ou durante atividades intensas.<\/p>\n\n\n\n<p class=\"has-ast-global-color-8-color has-text-color has-link-color wp-elements-104c71c69f69e1cc4a24a59cb4b39b94\">Veja os principais benef\u00edcios:<\/p>\n\n\n\n<ul class=\"wp-block-list\">\n<li class=\"has-ast-global-color-8-color has-text-color has-link-color wp-elements-adf0eba9ec12b7cc55f984e8c9f2ac83\">Tecido leve e respir\u00e1vel<\/li>\n\n\n\n<li class=\"has-ast-global-color-8-color has-text-color has-link-color wp-elements-afdce19573b6e4328a0da69d19d9a3fe\">Secagem r\u00e1pida e toque suave<\/li>\n\n\n\n<li class=\"has-ast-global-color-8-color has-text-color has-link-color wp-elements-7793bbb43613bbc0caae87f9e6e1c3b3\">Modelagem anat\u00f4mica que n\u00e3o limita os movimentos<\/li>\n\n\n\n<li class=\"has-ast-global-color-8-color has-text-color has-link-color wp-elements-c6297cf19fda15106e0d90aa6051e6c1\">Dispon\u00edvel em v\u00e1rias cores e tamanhos infantis<\/li>\n\n\n\n<li class=\"has-ast-global-color-8-color has-text-color has-link-color wp-elements-000bdb319a5aa21f36083926d8a33ea0\">Durabilidade mesmo ap\u00f3s diversas lavagens<\/li>\n<\/ul>\n\n\n\n<h2 class=\"wp-block-heading has-ast-global-color-8-color has-text-color has-link-color wp-elements-662cbe9cb09d3c206239d9c3c1531fb2\"><strong>Vers\u00e1til para diferentes situa\u00e7\u00f5es<\/strong><\/h2>\n\n\n\n<p class=\"has-ast-global-color-8-color has-text-color has-link-color wp-elements-3cad90443ffb3579ce66bef0acde09b1\">Al\u00e9m do uso em esportes, a camiseta dry fit infantil pode ser utilizada em:<\/p>\n\n\n\n<ul class=\"wp-block-list\">\n<li class=\"has-ast-global-color-8-color has-text-color has-link-color wp-elements-776048335787cb602a3e6b88712da025\">Uniformes escolares<\/li>\n\n\n\n<li class=\"has-ast-global-color-8-color has-text-color has-link-color wp-elements-fc37d340a827df9b17d47f8aaffd7418\">Eventos ao ar livre<\/li>\n\n\n\n<li class=\"has-ast-global-color-8-color has-text-color has-link-color wp-elements-bc33efbcba163e8d635903928389df71\">Atividades em col\u00f4nias de f\u00e9rias<\/li>\n\n\n\n<li class=\"has-ast-global-color-8-color has-text-color has-link-color wp-elements-e5e8b02dbad99ca60d56e58f07d9e3f8\">Projetos sociais e clubes esportivos<\/li>\n<\/ul>\n\n\n\n<p class=\"has-ast-global-color-8-color has-text-color has-link-color wp-elements-3dd0dba45401802cbb5290cd3a789fbb\">Assim, ela se torna uma pe\u00e7a curinga no guarda-roupa infantil.<\/p>\n\n\n\n<h2 class=\"wp-block-heading has-ast-global-color-8-color has-text-color has-link-color wp-elements-c5055699e85b1e5cec808051e81fb8d9\"><strong>Tamanhos variados e entrega para todo o Brasil<\/strong><\/h2>\n\n\n\n<p class=\"has-ast-global-color-8-color has-text-color has-link-color wp-elements-0b802dea94c35bcc8b638c19cc878597\">Disponibilizamos a camiseta em tamanhos que v\u00e3o do 2 ao 16. Ou seja, atende desde os pequenos da educa\u00e7\u00e3o infantil at\u00e9 os pr\u00e9-adolescentes. E o melhor: fazemos envios r\u00e1pidos para todo o Brasil com qualidade garantida.<\/p>\n\n\n\n<h2 class=\"wp-block-heading has-black-color has-text-color has-link-color wp-elements-94ed80954d48dd4411a90774599f2610\"><strong>Solicite agora suas camisetas dry fit infantis<\/strong><\/h2>\n\n\n\n<p class=\"has-ast-global-color-8-color has-text-color has-link-color wp-elements-c941ea88bc9cce896e706ccd6e8732b6\">Nossa equipe est\u00e1 pronta para atender escolas, projetos e fam\u00edlias que buscam conforto, estilo e tecnologia para o dia a dia das crian\u00e7as.<\/p>\n\n\n\n<div class=\"wp-block-buttons is-layout-flex wp-block-buttons-is-layout-flex\">\n<div class=\"wp-block-button\"><a class=\"wp-block-button__link has-cyan-bluish-gray-background-color has-background wp-element-button\" href=\"http:\/\/wa.me\/554133326052\">Solicite agora!<\/a><\/div>\n<\/div>\n\n\n\n<figure class=\"wp-block-gallery has-nested-images columns-default is-cropped wp-block-gallery-1 is-layout-flex wp-block-gallery-is-layout-flex\"><\/figure>\n\n\n\n<p class=\"has-ast-global-color-8-color has-text-color has-link-color wp-elements-11371033c22798e91f6e55f180f887ee\"><strong>Quer saber Quem Somos? <a href=\"https:\/\/mondrisports.com.br\/home\/quem-somos\/\">Clique aqui.<\/a><\/strong><\/p>\n","protected":false},"excerpt":{"rendered":"<p>Camiseta Dry Fit Infantil, Conforto e Liberdade para os Pequenos em Movimento Ideal para esportes, brincadeiras e o dia a [&hellip;]<\/p>\n","protected":false},"author":1,"featured_media":0,"parent":0,"menu_order":0,"comment_status":"closed","ping_status":"closed","template":"","meta":{"site-sidebar-layout":"default","site-content-layout":"","ast-site-content-layout":"","site-content-style":"default","site-sidebar-style":"default","ast-global-header-display":"","ast-banner-title-visibility":"","ast-main-header-display":"","ast-hfb-above-header-display":"","ast-hfb-below-header-display":"","ast-hfb-mobile-header-display":"","site-post-title":"disabled","ast-breadcrumbs-content":"","ast-featured-img":"","footer-sml-layout":"","ast-disable-related-posts":"","theme-transparent-header-meta":"","adv-header-id-meta":"","stick-header-meta":"","header-above-stick-meta":"","header-main-stick-meta":"","header-below-stick-meta":"","astra-migrate-meta-layouts":"default","ast-page-background-enabled":"default","ast-page-background-meta":{"desktop":{"background-color":"var(--ast-global-color-4)","background-image":"","background-repeat":"repeat","background-position":"center center","background-size":"auto","background-attachment":"scroll","background-type":"","background-media":"","overlay-type":"","overlay-color":"","overlay-opacity":"","overlay-gradient":""},"tablet":{"background-color":"","background-image":"","background-repeat":"repeat","background-position":"center center","background-size":"auto","background-attachment":"scroll","background-type":"","background-media":"","overlay-type":"","overlay-color":"","overlay-opacity":"","overlay-gradient":""},"mobile":{"background-color":"","background-image":"","background-repeat":"repeat","background-position":"center center","background-size":"auto","background-attachment":"scroll","background-type":"","background-media":"","overlay-type":"","overlay-color":"","overlay-opacity":"","overlay-gradient":""}},"ast-content-background-meta":{"desktop":{"background-color":"var(--ast-global-color-5)","background-image":"","background-repeat":"repeat","background-position":"center center","background-size":"auto","background-attachment":"scroll","background-type":"","background-media":"","overlay-type":"","overlay-color":"","overlay-opacity":"","overlay-gradient":""},"tablet":{"background-color":"var(--ast-global-color-5)","background-image":"","background-repeat":"repeat","background-position":"center center","background-size":"auto","background-attachment":"scroll","background-type":"","background-media":"","overlay-type":"","overlay-color":"","overlay-opacity":"","overlay-gradient":""},"mobile":{"background-color":"var(--ast-global-color-5)","background-image":"","background-repeat":"repeat","background-position":"center center","background-size":"auto","background-attachment":"scroll","background-type":"","background-media":"","overlay-type":"","overlay-color":"","overlay-opacity":"","overlay-gradient":""}},"footnotes":""},"class_list":["post-549","page","type-page","status-publish","hentry"],"yoast_head":"<!-- This site is optimized with the Yoast SEO plugin v25.3 - https:\/\/yoast.com\/wordpress\/plugins\/seo\/ -->\n<title>Camiseta Dry Fit Infantil - Mondri Sports<\/title>\n<meta name=\"description\" content=\"Camiseta dry fit infantil com tecido leve, respir\u00e1vel e de secagem r\u00e1pida. Ideal para esportes, escolas e o dia a dia. Pe\u00e7a j\u00e1.\" \/>\n<meta name=\"robots\" content=\"index, follow, max-snippet:-1, max-image-preview:large, max-video-preview:-1\" \/>\n<link rel=\"canonical\" href=\"https:\/\/mondrisports.com.br\/home\/camiseta-dry-fit-infantil\/\" \/>\n<meta property=\"og:locale\" content=\"pt_BR\" \/>\n<meta property=\"og:type\" content=\"article\" \/>\n<meta property=\"og:title\" content=\"Camiseta Dry Fit Infantil - Mondri Sports\" \/>\n<meta property=\"og:description\" content=\"Camiseta dry fit infantil com tecido leve, respir\u00e1vel e de secagem r\u00e1pida. Ideal para esportes, escolas e o dia a dia. Pe\u00e7a j\u00e1.\" \/>\n<meta property=\"og:url\" content=\"https:\/\/mondrisports.com.br\/home\/camiseta-dry-fit-infantil\/\" \/>\n<meta property=\"og:site_name\" content=\"Mondri Sports\" \/>\n<meta property=\"article:modified_time\" content=\"2025-04-30T18:54:32+00:00\" \/>\n<meta name=\"twitter:card\" content=\"summary_large_image\" \/>\n<meta name=\"twitter:label1\" content=\"Est. tempo de leitura\" \/>\n\t<meta name=\"twitter:data1\" content=\"2 minutos\" \/>\n<script type=\"application\/ld+json\" class=\"yoast-schema-graph\">{\"@context\":\"https:\/\/schema.org\",\"@graph\":[{\"@type\":\"WebPage\",\"@id\":\"https:\/\/mondrisports.com.br\/home\/camiseta-dry-fit-infantil\/\",\"url\":\"https:\/\/mondrisports.com.br\/home\/camiseta-dry-fit-infantil\/\",\"name\":\"Camiseta Dry Fit Infantil - Mondri Sports\",\"isPartOf\":{\"@id\":\"https:\/\/mondrisports.com.br\/home\/#website\"},\"datePublished\":\"2025-04-28T13:47:49+00:00\",\"dateModified\":\"2025-04-30T18:54:32+00:00\",\"description\":\"Camiseta dry fit infantil com tecido leve, respir\u00e1vel e de secagem r\u00e1pida. Ideal para esportes, escolas e o dia a dia. Pe\u00e7a j\u00e1.\",\"breadcrumb\":{\"@id\":\"https:\/\/mondrisports.com.br\/home\/camiseta-dry-fit-infantil\/#breadcrumb\"},\"inLanguage\":\"pt-BR\",\"potentialAction\":[{\"@type\":\"ReadAction\",\"target\":[\"https:\/\/mondrisports.com.br\/home\/camiseta-dry-fit-infantil\/\"]}]},{\"@type\":\"BreadcrumbList\",\"@id\":\"https:\/\/mondrisports.com.br\/home\/camiseta-dry-fit-infantil\/#breadcrumb\",\"itemListElement\":[{\"@type\":\"ListItem\",\"position\":1,\"name\":\"In\u00edcio\",\"item\":\"https:\/\/mondrisports.com.br\/home\/\"},{\"@type\":\"ListItem\",\"position\":2,\"name\":\"Camiseta Dry Fit Infantil\"}]},{\"@type\":\"WebSite\",\"@id\":\"https:\/\/mondrisports.com.br\/home\/#website\",\"url\":\"https:\/\/mondrisports.com.br\/home\/\",\"name\":\"Mondri Sports\",\"description\":\"Uniformes Esportivos Personalizados\",\"publisher\":{\"@id\":\"https:\/\/mondrisports.com.br\/home\/#organization\"},\"potentialAction\":[{\"@type\":\"SearchAction\",\"target\":{\"@type\":\"EntryPoint\",\"urlTemplate\":\"https:\/\/mondrisports.com.br\/home\/?s={search_term_string}\"},\"query-input\":{\"@type\":\"PropertyValueSpecification\",\"valueRequired\":true,\"valueName\":\"search_term_string\"}}],\"inLanguage\":\"pt-BR\"},{\"@type\":\"Organization\",\"@id\":\"https:\/\/mondrisports.com.br\/home\/#organization\",\"name\":\"Mondri Sports\",\"url\":\"https:\/\/mondrisports.com.br\/home\/\",\"logo\":{\"@type\":\"ImageObject\",\"inLanguage\":\"pt-BR\",\"@id\":\"https:\/\/mondrisports.com.br\/home\/#\/schema\/logo\/image\/\",\"url\":\"https:\/\/mondrisports.com.br\/home\/wp-content\/uploads\/2024\/10\/cropped-cropped-Design-sem-nome-16.png\",\"contentUrl\":\"https:\/\/mondrisports.com.br\/home\/wp-content\/uploads\/2024\/10\/cropped-cropped-Design-sem-nome-16.png\",\"width\":1077,\"height\":358,\"caption\":\"Mondri Sports\"},\"image\":{\"@id\":\"https:\/\/mondrisports.com.br\/home\/#\/schema\/logo\/image\/\"}}]}<\/script>\n<!-- \/ Yoast SEO plugin. -->","yoast_head_json":{"title":"Camiseta Dry Fit Infantil - Mondri Sports","description":"Camiseta dry fit infantil com tecido leve, respir\u00e1vel e de secagem r\u00e1pida. Ideal para esportes, escolas e o dia a dia. Pe\u00e7a j\u00e1.","robots":{"index":"index","follow":"follow","max-snippet":"max-snippet:-1","max-image-preview":"max-image-preview:large","max-video-preview":"max-video-preview:-1"},"canonical":"https:\/\/mondrisports.com.br\/home\/camiseta-dry-fit-infantil\/","og_locale":"pt_BR","og_type":"article","og_title":"Camiseta Dry Fit Infantil - Mondri Sports","og_description":"Camiseta dry fit infantil com tecido leve, respir\u00e1vel e de secagem r\u00e1pida. Ideal para esportes, escolas e o dia a dia. Pe\u00e7a j\u00e1.","og_url":"https:\/\/mondrisports.com.br\/home\/camiseta-dry-fit-infantil\/","og_site_name":"Mondri Sports","article_modified_time":"2025-04-30T18:54:32+00:00","twitter_card":"summary_large_image","twitter_misc":{"Est. tempo de leitura":"2 minutos"},"schema":{"@context":"https:\/\/schema.org","@graph":[{"@type":"WebPage","@id":"https:\/\/mondrisports.com.br\/home\/camiseta-dry-fit-infantil\/","url":"https:\/\/mondrisports.com.br\/home\/camiseta-dry-fit-infantil\/","name":"Camiseta Dry Fit Infantil - Mondri Sports","isPartOf":{"@id":"https:\/\/mondrisports.com.br\/home\/#website"},"datePublished":"2025-04-28T13:47:49+00:00","dateModified":"2025-04-30T18:54:32+00:00","description":"Camiseta dry fit infantil com tecido leve, respir\u00e1vel e de secagem r\u00e1pida. Ideal para esportes, escolas e o dia a dia. Pe\u00e7a j\u00e1.","breadcrumb":{"@id":"https:\/\/mondrisports.com.br\/home\/camiseta-dry-fit-infantil\/#breadcrumb"},"inLanguage":"pt-BR","potentialAction":[{"@type":"ReadAction","target":["https:\/\/mondrisports.com.br\/home\/camiseta-dry-fit-infantil\/"]}]},{"@type":"BreadcrumbList","@id":"https:\/\/mondrisports.com.br\/home\/camiseta-dry-fit-infantil\/#breadcrumb","itemListElement":[{"@type":"ListItem","position":1,"name":"In\u00edcio","item":"https:\/\/mondrisports.com.br\/home\/"},{"@type":"ListItem","position":2,"name":"Camiseta Dry Fit Infantil"}]},{"@type":"WebSite","@id":"https:\/\/mondrisports.com.br\/home\/#website","url":"https:\/\/mondrisports.com.br\/home\/","name":"Mondri Sports","description":"Uniformes Esportivos Personalizados","publisher":{"@id":"https:\/\/mondrisports.com.br\/home\/#organization"},"potentialAction":[{"@type":"SearchAction","target":{"@type":"EntryPoint","urlTemplate":"https:\/\/mondrisports.com.br\/home\/?s={search_term_string}"},"query-input":{"@type":"PropertyValueSpecification","valueRequired":true,"valueName":"search_term_string"}}],"inLanguage":"pt-BR"},{"@type":"Organization","@id":"https:\/\/mondrisports.com.br\/home\/#organization","name":"Mondri Sports","url":"https:\/\/mondrisports.com.br\/home\/","logo":{"@type":"ImageObject","inLanguage":"pt-BR","@id":"https:\/\/mondrisports.com.br\/home\/#\/schema\/logo\/image\/","url":"https:\/\/mondrisports.com.br\/home\/wp-content\/uploads\/2024\/10\/cropped-cropped-Design-sem-nome-16.png","contentUrl":"https:\/\/mondrisports.com.br\/home\/wp-content\/uploads\/2024\/10\/cropped-cropped-Design-sem-nome-16.png","width":1077,"height":358,"caption":"Mondri Sports"},"image":{"@id":"https:\/\/mondrisports.com.br\/home\/#\/schema\/logo\/image\/"}}]}},"_links":{"self":[{"href":"https:\/\/mondrisports.com.br\/home\/wp-json\/wp\/v2\/pages\/549","targetHints":{"allow":["GET"]}}],"collection":[{"href":"https:\/\/mondrisports.com.br\/home\/wp-json\/wp\/v2\/pages"}],"about":[{"href":"https:\/\/mondrisports.com.br\/home\/wp-json\/wp\/v2\/types\/page"}],"author":[{"embeddable":true,"href":"https:\/\/mondrisports.com.br\/home\/wp-json\/wp\/v2\/users\/1"}],"replies":[{"embeddable":true,"href":"https:\/\/mondrisports.com.br\/home\/wp-json\/wp\/v2\/comments?post=549"}],"version-history":[{"count":3,"href":"https:\/\/mondrisports.com.br\/home\/wp-json\/wp\/v2\/pages\/549\/revisions"}],"predecessor-version":[{"id":746,"href":"https:\/\/mondrisports.com.br\/home\/wp-json\/wp\/v2\/pages\/549\/revisions\/746"}],"wp:attachment":[{"href":"https:\/\/mondrisports.com.br\/home\/wp-json\/wp\/v2\/media?parent=549"}],"curies":[{"name":"wp","href":"https:\/\/api.w.org\/{rel}","templated":true}]}}