{"id":555,"date":"2025-04-28T11:18:16","date_gmt":"2025-04-28T14:18:16","guid":{"rendered":"https:\/\/mondrisports.com.br\/home\/?page_id=555"},"modified":"2025-04-30T08:53:28","modified_gmt":"2025-04-30T11:53:28","slug":"camiseta-promocional-personalizada","status":"publish","type":"page","link":"https:\/\/mondrisports.com.br\/home\/camiseta-promocional-personalizada\/","title":{"rendered":"Camiseta Promocional Personalizada"},"content":{"rendered":"\n<div style=\"height:80px\" aria-hidden=\"true\" class=\"wp-block-spacer\"><\/div>\n\n\n\n<h2 class=\"wp-block-heading has-text-align-center has-black-color has-text-color has-link-color wp-elements-e10452ae02f3ad76986ed9004e5c6c72\">Camiseta Promocional Personalizada, Divulgue sua Marca com Estilo e Impacto<\/h2>\n\n\n\n<div style=\"height:80px\" aria-hidden=\"true\" class=\"wp-block-spacer\"><\/div>\n\n\n\n<h2 class=\"wp-block-heading has-ast-global-color-8-color has-text-color has-link-color wp-elements-463f27b967e604c425cdbb81758d695e\"><strong>A ferramenta certa para fortalecer a sua marca<\/strong><\/h2>\n\n\n\n<p class=\"has-ast-global-color-8-color has-text-color has-link-color wp-elements-a7d00a319f1900160e75991fef6a8ac7\">Eventos, feiras, campanhas e a\u00e7\u00f5es promocionais exigem uma estrat\u00e9gia de divulga\u00e7\u00e3o eficiente. Por isso, a <strong>camiseta promocional personalizada<\/strong> se destaca como uma solu\u00e7\u00e3o pr\u00e1tica e poderosa para aumentar a visibilidade da sua marca de maneira profissional e acess\u00edvel.<\/p>\n\n\n\n<h2 class=\"wp-block-heading has-ast-global-color-8-color has-text-color has-link-color wp-elements-baf2647c05ce117766d68984fe22bfa0\"><strong>Benef\u00edcios da camiseta promocional personalizada<\/strong><\/h2>\n\n\n\n<p class=\"has-ast-global-color-8-color has-text-color has-link-color wp-elements-f6274145627dbbe7520fd45cba9331c1\">Ao investir em camisetas promocionais, voc\u00ea promove sua empresa enquanto entrega algo \u00fatil ao p\u00fablico. Al\u00e9m disso, as camisetas oferecem:<\/p>\n\n\n\n<ul class=\"wp-block-list\">\n<li class=\"has-ast-global-color-8-color has-text-color has-link-color wp-elements-107cdfc136b8482d21eae3e256684089\">Maior exposi\u00e7\u00e3o da marca em diferentes ambientes<\/li>\n\n\n\n<li class=\"has-ast-global-color-8-color has-text-color has-link-color wp-elements-23a14f9a87d3bc20d99750d479a9e541\">Fortalecimento da identidade visual<\/li>\n\n\n\n<li class=\"has-ast-global-color-8-color has-text-color has-link-color wp-elements-e4a63482c3a3f28f4f58bd67fd1ac8ec\">Excelente custo-benef\u00edcio em grandes volumes<\/li>\n\n\n\n<li class=\"has-ast-global-color-8-color has-text-color has-link-color wp-elements-52ebfe477e8b1d42ee24e26fb5137390\">Personaliza\u00e7\u00e3o com logos, frases e artes espec\u00edficas<\/li>\n\n\n\n<li class=\"has-ast-global-color-8-color has-text-color has-link-color wp-elements-9ea67fb98a81c9a1f13559e68058ccb8\">Tecido leve, confort\u00e1vel e ideal para o dia a dia<\/li>\n<\/ul>\n\n\n\n<p class=\"has-ast-global-color-8-color has-text-color has-link-color wp-elements-9f6a09de66afcda503a5930fe441864b\">Esses fatores tornam a camiseta promocional um item indispens\u00e1vel em a\u00e7\u00f5es de marketing.<\/p>\n\n\n\n<h2 class=\"wp-block-heading has-ast-global-color-8-color has-text-color has-link-color wp-elements-a889e868725f5cb50371b65ba01f4678\"><strong>Ideal para eventos, brindes e a\u00e7\u00f5es corporativas<\/strong><\/h2>\n\n\n\n<p class=\"has-ast-global-color-8-color has-text-color has-link-color wp-elements-8b39aeb7c6ed15a0ed8cd662b6b5bdaa\">A camiseta promocional \u00e9 perfeita para:<\/p>\n\n\n\n<ul class=\"wp-block-list\">\n<li class=\"has-ast-global-color-8-color has-text-color has-link-color wp-elements-b94b502e3ebe60ff8cd3cfdd6a5ce0ad\">Eventos empresariais e congressos<\/li>\n\n\n\n<li class=\"has-ast-global-color-8-color has-text-color has-link-color wp-elements-eec7ed7b94b4dd927bf590b0aaa191fe\">Feiras e exposi\u00e7\u00f5es<\/li>\n\n\n\n<li class=\"has-ast-global-color-8-color has-text-color has-link-color wp-elements-19ba5496d3823255bfacc2015837bd4d\">Brindes para clientes e colaboradores<\/li>\n\n\n\n<li class=\"has-ast-global-color-8-color has-text-color has-link-color wp-elements-826cd092c6e3e21beeffcbe3548847c4\">Campanhas publicit\u00e1rias e sociais<\/li>\n\n\n\n<li class=\"has-ast-global-color-8-color has-text-color has-link-color wp-elements-5a6d465f1c531e155e0598250357f311\">Uniformes de equipes de vendas e promo\u00e7\u00e3o<\/li>\n<\/ul>\n\n\n\n<p class=\"has-ast-global-color-8-color has-text-color has-link-color wp-elements-4ae0e4fc9c80078496458a269e20313d\">Com isso, sua marca se torna ainda mais presente na mente do consumidor.<\/p>\n\n\n\n<h2 class=\"wp-block-heading has-ast-global-color-8-color has-text-color has-link-color wp-elements-4ffd021603f52cc49092f82afaf143f7\"><strong>Modelagem confort\u00e1vel e personaliza\u00e7\u00e3o flex\u00edvel<\/strong><\/h2>\n\n\n\n<p class=\"has-ast-global-color-8-color has-text-color has-link-color wp-elements-d15c4b19f96050c0ef137596b317988a\">Trabalhamos com tecidos como algod\u00e3o e dry fit, garantindo conforto para diferentes perfis de p\u00fablico. A personaliza\u00e7\u00e3o pode incluir:<\/p>\n\n\n\n<ul class=\"wp-block-list\">\n<li class=\"has-ast-global-color-8-color has-text-color has-link-color wp-elements-5c64e07fcfb6d55771714a4a455ece3c\">Sublima\u00e7\u00e3o<\/li>\n\n\n\n<li class=\"has-ast-global-color-8-color has-text-color has-link-color wp-elements-88a78f43346e905c5a5fd5b6e0414205\">Bordado (sob consulta)<\/li>\n<\/ul>\n\n\n\n<p class=\"has-ast-global-color-8-color has-text-color has-link-color wp-elements-f62abf7d59b1246e7110b2f13ce71a9b\">Assim, conseguimos adaptar a produ\u00e7\u00e3o \u00e0 identidade visual da sua marca e ao perfil do evento.<\/p>\n\n\n\n<h2 class=\"wp-block-heading has-ast-global-color-8-color has-text-color has-link-color wp-elements-c3f578008b9f2496392e20b4eae56fb4\"><strong>Fa\u00e7a seu pedido e amplie sua presen\u00e7a no mercado<\/strong><\/h2>\n\n\n\n<p class=\"has-ast-global-color-8-color has-text-color has-link-color wp-elements-085e9cb6cc98472ec40af1050502a563\">Atendemos empresas de todos os portes e enviamos para todo o Brasil. Entre em contato, solicite seu or\u00e7amento e impulsione sua marca com camisetas promocionais de alta qualidade.<\/p>\n\n\n\n<div class=\"wp-block-buttons is-layout-flex wp-block-buttons-is-layout-flex\">\n<div class=\"wp-block-button\"><a class=\"wp-block-button__link has-cyan-bluish-gray-background-color has-background wp-element-button\" href=\"http:\/\/wa.me\/554133326052\">Solicite j\u00e1<\/a><\/div>\n<\/div>\n\n\n\n<p><\/p>\n","protected":false},"excerpt":{"rendered":"<p>Camiseta Promocional Personalizada, Divulgue sua Marca com Estilo e Impacto A ferramenta certa para fortalecer a sua marca Eventos, feiras, [&hellip;]<\/p>\n","protected":false},"author":1,"featured_media":0,"parent":0,"menu_order":0,"comment_status":"closed","ping_status":"closed","template":"","meta":{"site-sidebar-layout":"default","site-content-layout":"","ast-site-content-layout":"","site-content-style":"default","site-sidebar-style":"default","ast-global-header-display":"","ast-banner-title-visibility":"","ast-main-header-display":"","ast-hfb-above-header-display":"","ast-hfb-below-header-display":"","ast-hfb-mobile-header-display":"","site-post-title":"disabled","ast-breadcrumbs-content":"","ast-featured-img":"","footer-sml-layout":"","ast-disable-related-posts":"","theme-transparent-header-meta":"","adv-header-id-meta":"","stick-header-meta":"","header-above-stick-meta":"","header-main-stick-meta":"","header-below-stick-meta":"","astra-migrate-meta-layouts":"default","ast-page-background-enabled":"default","ast-page-background-meta":{"desktop":{"background-color":"var(--ast-global-color-4)","background-image":"","background-repeat":"repeat","background-position":"center center","background-size":"auto","background-attachment":"scroll","background-type":"","background-media":"","overlay-type":"","overlay-color":"","overlay-opacity":"","overlay-gradient":""},"tablet":{"background-color":"","background-image":"","background-repeat":"repeat","background-position":"center center","background-size":"auto","background-attachment":"scroll","background-type":"","background-media":"","overlay-type":"","overlay-color":"","overlay-opacity":"","overlay-gradient":""},"mobile":{"background-color":"","background-image":"","background-repeat":"repeat","background-position":"center center","background-size":"auto","background-attachment":"scroll","background-type":"","background-media":"","overlay-type":"","overlay-color":"","overlay-opacity":"","overlay-gradient":""}},"ast-content-background-meta":{"desktop":{"background-color":"var(--ast-global-color-5)","background-image":"","background-repeat":"repeat","background-position":"center center","background-size":"auto","background-attachment":"scroll","background-type":"","background-media":"","overlay-type":"","overlay-color":"","overlay-opacity":"","overlay-gradient":""},"tablet":{"background-color":"var(--ast-global-color-5)","background-image":"","background-repeat":"repeat","background-position":"center center","background-size":"auto","background-attachment":"scroll","background-type":"","background-media":"","overlay-type":"","overlay-color":"","overlay-opacity":"","overlay-gradient":""},"mobile":{"background-color":"var(--ast-global-color-5)","background-image":"","background-repeat":"repeat","background-position":"center center","background-size":"auto","background-attachment":"scroll","background-type":"","background-media":"","overlay-type":"","overlay-color":"","overlay-opacity":"","overlay-gradient":""}},"footnotes":""},"class_list":["post-555","page","type-page","status-publish","hentry"],"yoast_head":"<!-- This site is optimized with the Yoast SEO plugin v25.3 - https:\/\/yoast.com\/wordpress\/plugins\/seo\/ -->\n<title>Camiseta Promocional Personalizada - Mondri Sports<\/title>\n<meta name=\"description\" content=\"Camiseta promocional personalizada para eventos. Alta qualidade, variedade de tecidos e entrega para todo o Brasil.\" \/>\n<meta name=\"robots\" content=\"index, follow, max-snippet:-1, max-image-preview:large, max-video-preview:-1\" \/>\n<link rel=\"canonical\" href=\"https:\/\/mondrisports.com.br\/home\/camiseta-promocional-personalizada\/\" \/>\n<meta property=\"og:locale\" content=\"pt_BR\" \/>\n<meta property=\"og:type\" content=\"article\" \/>\n<meta property=\"og:title\" content=\"Camiseta Promocional Personalizada - Mondri Sports\" \/>\n<meta property=\"og:description\" content=\"Camiseta promocional personalizada para eventos. Alta qualidade, variedade de tecidos e entrega para todo o Brasil.\" \/>\n<meta property=\"og:url\" content=\"https:\/\/mondrisports.com.br\/home\/camiseta-promocional-personalizada\/\" \/>\n<meta property=\"og:site_name\" content=\"Mondri Sports\" \/>\n<meta property=\"article:modified_time\" content=\"2025-04-30T11:53:28+00:00\" \/>\n<meta name=\"twitter:card\" content=\"summary_large_image\" \/>\n<meta name=\"twitter:label1\" content=\"Est. tempo de leitura\" \/>\n\t<meta name=\"twitter:data1\" content=\"2 minutos\" \/>\n<script type=\"application\/ld+json\" class=\"yoast-schema-graph\">{\"@context\":\"https:\/\/schema.org\",\"@graph\":[{\"@type\":\"WebPage\",\"@id\":\"https:\/\/mondrisports.com.br\/home\/camiseta-promocional-personalizada\/\",\"url\":\"https:\/\/mondrisports.com.br\/home\/camiseta-promocional-personalizada\/\",\"name\":\"Camiseta Promocional Personalizada - Mondri Sports\",\"isPartOf\":{\"@id\":\"https:\/\/mondrisports.com.br\/home\/#website\"},\"datePublished\":\"2025-04-28T14:18:16+00:00\",\"dateModified\":\"2025-04-30T11:53:28+00:00\",\"description\":\"Camiseta promocional personalizada para eventos. Alta qualidade, variedade de tecidos e entrega para todo o Brasil.\",\"breadcrumb\":{\"@id\":\"https:\/\/mondrisports.com.br\/home\/camiseta-promocional-personalizada\/#breadcrumb\"},\"inLanguage\":\"pt-BR\",\"potentialAction\":[{\"@type\":\"ReadAction\",\"target\":[\"https:\/\/mondrisports.com.br\/home\/camiseta-promocional-personalizada\/\"]}]},{\"@type\":\"BreadcrumbList\",\"@id\":\"https:\/\/mondrisports.com.br\/home\/camiseta-promocional-personalizada\/#breadcrumb\",\"itemListElement\":[{\"@type\":\"ListItem\",\"position\":1,\"name\":\"In\u00edcio\",\"item\":\"https:\/\/mondrisports.com.br\/home\/\"},{\"@type\":\"ListItem\",\"position\":2,\"name\":\"Camiseta Promocional Personalizada\"}]},{\"@type\":\"WebSite\",\"@id\":\"https:\/\/mondrisports.com.br\/home\/#website\",\"url\":\"https:\/\/mondrisports.com.br\/home\/\",\"name\":\"Mondri Sports\",\"description\":\"Uniformes Esportivos Personalizados\",\"publisher\":{\"@id\":\"https:\/\/mondrisports.com.br\/home\/#organization\"},\"potentialAction\":[{\"@type\":\"SearchAction\",\"target\":{\"@type\":\"EntryPoint\",\"urlTemplate\":\"https:\/\/mondrisports.com.br\/home\/?s={search_term_string}\"},\"query-input\":{\"@type\":\"PropertyValueSpecification\",\"valueRequired\":true,\"valueName\":\"search_term_string\"}}],\"inLanguage\":\"pt-BR\"},{\"@type\":\"Organization\",\"@id\":\"https:\/\/mondrisports.com.br\/home\/#organization\",\"name\":\"Mondri Sports\",\"url\":\"https:\/\/mondrisports.com.br\/home\/\",\"logo\":{\"@type\":\"ImageObject\",\"inLanguage\":\"pt-BR\",\"@id\":\"https:\/\/mondrisports.com.br\/home\/#\/schema\/logo\/image\/\",\"url\":\"https:\/\/mondrisports.com.br\/home\/wp-content\/uploads\/2024\/10\/cropped-cropped-Design-sem-nome-16.png\",\"contentUrl\":\"https:\/\/mondrisports.com.br\/home\/wp-content\/uploads\/2024\/10\/cropped-cropped-Design-sem-nome-16.png\",\"width\":1077,\"height\":358,\"caption\":\"Mondri Sports\"},\"image\":{\"@id\":\"https:\/\/mondrisports.com.br\/home\/#\/schema\/logo\/image\/\"}}]}<\/script>\n<!-- \/ Yoast SEO plugin. -->","yoast_head_json":{"title":"Camiseta Promocional Personalizada - Mondri Sports","description":"Camiseta promocional personalizada para eventos. Alta qualidade, variedade de tecidos e entrega para todo o Brasil.","robots":{"index":"index","follow":"follow","max-snippet":"max-snippet:-1","max-image-preview":"max-image-preview:large","max-video-preview":"max-video-preview:-1"},"canonical":"https:\/\/mondrisports.com.br\/home\/camiseta-promocional-personalizada\/","og_locale":"pt_BR","og_type":"article","og_title":"Camiseta Promocional Personalizada - Mondri Sports","og_description":"Camiseta promocional personalizada para eventos. Alta qualidade, variedade de tecidos e entrega para todo o Brasil.","og_url":"https:\/\/mondrisports.com.br\/home\/camiseta-promocional-personalizada\/","og_site_name":"Mondri Sports","article_modified_time":"2025-04-30T11:53:28+00:00","twitter_card":"summary_large_image","twitter_misc":{"Est. tempo de leitura":"2 minutos"},"schema":{"@context":"https:\/\/schema.org","@graph":[{"@type":"WebPage","@id":"https:\/\/mondrisports.com.br\/home\/camiseta-promocional-personalizada\/","url":"https:\/\/mondrisports.com.br\/home\/camiseta-promocional-personalizada\/","name":"Camiseta Promocional Personalizada - Mondri Sports","isPartOf":{"@id":"https:\/\/mondrisports.com.br\/home\/#website"},"datePublished":"2025-04-28T14:18:16+00:00","dateModified":"2025-04-30T11:53:28+00:00","description":"Camiseta promocional personalizada para eventos. Alta qualidade, variedade de tecidos e entrega para todo o Brasil.","breadcrumb":{"@id":"https:\/\/mondrisports.com.br\/home\/camiseta-promocional-personalizada\/#breadcrumb"},"inLanguage":"pt-BR","potentialAction":[{"@type":"ReadAction","target":["https:\/\/mondrisports.com.br\/home\/camiseta-promocional-personalizada\/"]}]},{"@type":"BreadcrumbList","@id":"https:\/\/mondrisports.com.br\/home\/camiseta-promocional-personalizada\/#breadcrumb","itemListElement":[{"@type":"ListItem","position":1,"name":"In\u00edcio","item":"https:\/\/mondrisports.com.br\/home\/"},{"@type":"ListItem","position":2,"name":"Camiseta Promocional Personalizada"}]},{"@type":"WebSite","@id":"https:\/\/mondrisports.com.br\/home\/#website","url":"https:\/\/mondrisports.com.br\/home\/","name":"Mondri Sports","description":"Uniformes Esportivos Personalizados","publisher":{"@id":"https:\/\/mondrisports.com.br\/home\/#organization"},"potentialAction":[{"@type":"SearchAction","target":{"@type":"EntryPoint","urlTemplate":"https:\/\/mondrisports.com.br\/home\/?s={search_term_string}"},"query-input":{"@type":"PropertyValueSpecification","valueRequired":true,"valueName":"search_term_string"}}],"inLanguage":"pt-BR"},{"@type":"Organization","@id":"https:\/\/mondrisports.com.br\/home\/#organization","name":"Mondri Sports","url":"https:\/\/mondrisports.com.br\/home\/","logo":{"@type":"ImageObject","inLanguage":"pt-BR","@id":"https:\/\/mondrisports.com.br\/home\/#\/schema\/logo\/image\/","url":"https:\/\/mondrisports.com.br\/home\/wp-content\/uploads\/2024\/10\/cropped-cropped-Design-sem-nome-16.png","contentUrl":"https:\/\/mondrisports.com.br\/home\/wp-content\/uploads\/2024\/10\/cropped-cropped-Design-sem-nome-16.png","width":1077,"height":358,"caption":"Mondri Sports"},"image":{"@id":"https:\/\/mondrisports.com.br\/home\/#\/schema\/logo\/image\/"}}]}},"_links":{"self":[{"href":"https:\/\/mondrisports.com.br\/home\/wp-json\/wp\/v2\/pages\/555","targetHints":{"allow":["GET"]}}],"collection":[{"href":"https:\/\/mondrisports.com.br\/home\/wp-json\/wp\/v2\/pages"}],"about":[{"href":"https:\/\/mondrisports.com.br\/home\/wp-json\/wp\/v2\/types\/page"}],"author":[{"embeddable":true,"href":"https:\/\/mondrisports.com.br\/home\/wp-json\/wp\/v2\/users\/1"}],"replies":[{"embeddable":true,"href":"https:\/\/mondrisports.com.br\/home\/wp-json\/wp\/v2\/comments?post=555"}],"version-history":[{"count":3,"href":"https:\/\/mondrisports.com.br\/home\/wp-json\/wp\/v2\/pages\/555\/revisions"}],"predecessor-version":[{"id":670,"href":"https:\/\/mondrisports.com.br\/home\/wp-json\/wp\/v2\/pages\/555\/revisions\/670"}],"wp:attachment":[{"href":"https:\/\/mondrisports.com.br\/home\/wp-json\/wp\/v2\/media?parent=555"}],"curies":[{"name":"wp","href":"https:\/\/api.w.org\/{rel}","templated":true}]}}