{"id":561,"date":"2025-04-28T13:26:25","date_gmt":"2025-04-28T16:26:25","guid":{"rendered":"https:\/\/mondrisports.com.br\/home\/?page_id=561"},"modified":"2025-05-08T15:12:52","modified_gmt":"2025-05-08T18:12:52","slug":"uniformes-para-eventos-corporativos","status":"publish","type":"page","link":"https:\/\/mondrisports.com.br\/home\/uniformes-para-eventos-corporativos\/","title":{"rendered":"Uniformes para Eventos Corporativos"},"content":{"rendered":"\n<div style=\"height:80px\" aria-hidden=\"true\" class=\"wp-block-spacer\"><\/div>\n\n\n\n<h2 class=\"wp-block-heading has-text-align-center has-black-color has-text-color has-link-color wp-elements-b7fc1369ca2cf75fe3857c69aec2e8b0\">Uniformes para Eventos Corporativos Profissionalismo e Identidade para sua Empresa<\/h2>\n\n\n\n<div style=\"height:80px\" aria-hidden=\"true\" class=\"wp-block-spacer\"><\/div>\n\n\n\n<h2 class=\"wp-block-heading has-ast-global-color-8-color has-text-color has-link-color wp-elements-f088e7e0387e5a2faa171f62f7bf4a8b\"><strong>Impacte positivamente desde o primeiro contato<\/strong><\/h2>\n\n\n\n<p class=\"has-ast-global-color-8-color has-text-color has-link-color wp-elements-348897996bdfd4d8de7c1e7a25322720\">Participar de eventos corporativos \u00e9 uma oportunidade estrat\u00e9gica para refor\u00e7ar a imagem da sua empresa. Nesse sentido, investir em <strong>uniformes para eventos corporativos<\/strong> garante uma apresenta\u00e7\u00e3o profissional, organizada e alinhada com a identidade da marca.<\/p>\n\n\n\n<h2 class=\"wp-block-heading has-black-color has-text-color has-link-color wp-elements-f22d5ac41fedbbdd3e3d21b9b92d3172\"><strong>Por que investir em uniformes para eventos?<\/strong><\/h2>\n\n\n\n<p class=\"has-ast-global-color-8-color has-text-color has-link-color wp-elements-95be8a230b2b59c4e205796da4427e68\">Uniformizar a equipe durante feiras, congressos ou conven\u00e7\u00f5es traz benef\u00edcios que v\u00e3o al\u00e9m da est\u00e9tica:<\/p>\n\n\n\n<ul class=\"wp-block-list\">\n<li class=\"has-ast-global-color-8-color has-text-color has-link-color wp-elements-a0dbf627f83760963eea39f1e3930d8a\"><strong>Fortalecimento da imagem institucional<\/strong><\/li>\n\n\n\n<li class=\"has-ast-global-color-8-color has-text-color has-link-color wp-elements-e9f185e77ab0e05181496d5301a1f9c4\"><strong>Facilidade de identifica\u00e7\u00e3o da equipe<\/strong><\/li>\n\n\n\n<li class=\"has-ast-global-color-8-color has-text-color has-link-color wp-elements-cd6fe22cb848170e1a93e9700eaa757f\"><strong>Unidade e sentimento de pertencimento entre colaboradores<\/strong><\/li>\n\n\n\n<li class=\"has-ast-global-color-8-color has-text-color has-link-color wp-elements-39efce1775b5e51cf292b4fda81ab155\"><strong>Maior impacto visual para visitantes e parceiros<\/strong><\/li>\n\n\n\n<li class=\"has-ast-global-color-8-color has-text-color has-link-color wp-elements-e3bcf466a2384db5b81e95d6c77d8fed\"><strong>Organiza\u00e7\u00e3o e profissionalismo transmitidos naturalmente<\/strong><\/li>\n<\/ul>\n\n\n\n<p class=\"has-ast-global-color-8-color has-text-color has-link-color wp-elements-c6cdf47de1771c54a80f899dc2815e1e\">Assim, sua empresa se destaca em qualquer ambiente corporativo.<\/p>\n\n\n\n<h2 class=\"wp-block-heading has-black-color has-text-color has-link-color wp-elements-fe939e840b0cb16de8c2ca7bb6ac96f9\"><strong>Modelos de uniformes para diferentes tipos de evento<\/strong><\/h2>\n\n\n\n<p class=\"has-ast-global-color-8-color has-text-color has-link-color wp-elements-8455d09d7f2365f480bd99ad07ad3cfc\">Oferecemos op\u00e7\u00f5es variadas para atender \u00e0s necessidades espec\u00edficas de cada ocasi\u00e3o:<\/p>\n\n\n\n<ul class=\"wp-block-list\">\n<li class=\"has-ast-global-color-8-color has-text-color has-link-color wp-elements-0b7ab818cc13f8a783f860deefb794d0\">Camisetas polo personalizadas<\/li>\n\n\n\n<li class=\"has-ast-global-color-8-color has-text-color has-link-color wp-elements-64853960961cbcf154e92138fbb60880\">Camisas sociais com bordado ou impress\u00e3o<\/li>\n\n\n\n<li class=\"has-ast-global-color-8-color has-text-color has-link-color wp-elements-957bd8ec52a28c710a87cca6b8fb64d2\">Camisetas dry fit para eventos din\u00e2micos<\/li>\n\n\n\n<li class=\"has-ast-global-color-8-color has-text-color has-link-color wp-elements-cc327afbc9be9e282eb216fbde5c62f1\">Jalecos para feiras da \u00e1rea da sa\u00fade<\/li>\n\n\n\n<li class=\"has-ast-global-color-8-color has-text-color has-link-color wp-elements-9d875c6cbefe0b21f55432e513359b09\">Camisetas promocionais para a\u00e7\u00f5es de marketing<\/li>\n<\/ul>\n\n\n\n<p class=\"has-ast-global-color-8-color has-text-color has-link-color wp-elements-ebdc7b2647bf42ce366990c1e48c56aa\">Dessa maneira, garantimos que seu uniforme esteja em sintonia com o perfil do seu evento.<\/p>\n\n\n\n<h2 class=\"wp-block-heading has-ast-global-color-8-color has-text-color has-link-color wp-elements-6a1cab96564cc82e580f8a0b2bdc9fa4\"><strong>Personalize o uniforme para fortalecer sua marca<\/strong><\/h2>\n\n\n\n<p class=\"has-ast-global-color-8-color has-text-color has-link-color wp-elements-40fdfd5d02520c37f273fdac76b2c0ac\">A personaliza\u00e7\u00e3o inclui:<\/p>\n\n\n\n<ul class=\"wp-block-list\">\n<li class=\"has-ast-global-color-8-color has-text-color has-link-color wp-elements-875d0c6e9f88ca33422406101c8adf63\">Aplica\u00e7\u00e3o de logotipo<\/li>\n\n\n\n<li class=\"has-ast-global-color-8-color has-text-color has-link-color wp-elements-9e7c1290e5680c2f43fb63c6384d5c33\">Escolha de cores institucionais<\/li>\n\n\n\n<li class=\"has-ast-global-color-8-color has-text-color has-link-color wp-elements-b9412baf01d7b24e44a3485a01fe83ae\">Desenvolvimento de layouts exclusivos<\/li>\n\n\n\n<li class=\"has-ast-global-color-8-color has-text-color has-link-color wp-elements-510350e2bc4b94e6877b2cd469889b17\">Op\u00e7\u00f5es em bordado, silk ou sublima\u00e7\u00e3o<\/li>\n<\/ul>\n\n\n\n<p class=\"has-ast-global-color-8-color has-text-color has-link-color wp-elements-e60a4883de5b56777fe09dc778a83db3\">Com isso, o uniforme se transforma em uma ferramenta estrat\u00e9gica de marketing.<\/p>\n\n\n\n<h2 class=\"wp-block-heading has-ast-global-color-8-color has-text-color has-link-color wp-elements-da678b6f45753306592f1075205c2a7e\"><strong>Solicite um or\u00e7amento para seus uniformes corporativos<\/strong><\/h2>\n\n\n\n<p class=\"has-ast-global-color-8-color has-text-color has-link-color wp-elements-0fa7afd2849796f26918c901611c857a\">Conte com nossa experi\u00eancia para desenvolver uniformes sob medida para seu pr\u00f3ximo evento. Entre em contato e solicite um or\u00e7amento sem compromisso!<\/p>\n\n\n\n<div class=\"wp-block-buttons is-layout-flex wp-block-buttons-is-layout-flex\">\n<div class=\"wp-block-button\"><a class=\"wp-block-button__link has-cyan-bluish-gray-background-color has-background wp-element-button\" href=\"http:\/\/wa.me\/554133326052\">Fale conosco<\/a><\/div>\n<\/div>\n\n\n\n<figure class=\"wp-block-gallery has-nested-images columns-default is-cropped wp-block-gallery-1 is-layout-flex wp-block-gallery-is-layout-flex\">\n<figure class=\"wp-block-image size-large\"><img loading=\"lazy\" decoding=\"async\" width=\"810\" height=\"984\" data-id=\"134\" src=\"https:\/\/mondrisports.com.br\/home\/wp-content\/uploads\/2024\/10\/mondri-sports-38.jpg\" alt=\"Camisetas personalizadas\" class=\"wp-image-134\" srcset=\"https:\/\/mondrisports.com.br\/home\/wp-content\/uploads\/2024\/10\/mondri-sports-38.jpg 810w, https:\/\/mondrisports.com.br\/home\/wp-content\/uploads\/2024\/10\/mondri-sports-38-247x300.jpg 247w, https:\/\/mondrisports.com.br\/home\/wp-content\/uploads\/2024\/10\/mondri-sports-38-768x933.jpg 768w\" sizes=\"auto, (max-width: 810px) 100vw, 810px\" \/><figcaption class=\"wp-element-caption\">Camisetas esportivas personalizadas<\/figcaption><\/figure>\n\n\n\n<figure class=\"wp-block-image size-large\"><img loading=\"lazy\" decoding=\"async\" width=\"767\" height=\"1024\" data-id=\"131\" src=\"https:\/\/mondrisports.com.br\/home\/wp-content\/uploads\/2024\/10\/mondri-sports-33-767x1024.jpg\" alt=\"\" class=\"wp-image-131\" srcset=\"https:\/\/mondrisports.com.br\/home\/wp-content\/uploads\/2024\/10\/mondri-sports-33-767x1024.jpg 767w, https:\/\/mondrisports.com.br\/home\/wp-content\/uploads\/2024\/10\/mondri-sports-33-225x300.jpg 225w, https:\/\/mondrisports.com.br\/home\/wp-content\/uploads\/2024\/10\/mondri-sports-33-768x1025.jpg 768w, https:\/\/mondrisports.com.br\/home\/wp-content\/uploads\/2024\/10\/mondri-sports-33.jpg 809w\" sizes=\"auto, (max-width: 767px) 100vw, 767px\" \/><figcaption class=\"wp-element-caption\">Sacochila personalizada<\/figcaption><\/figure>\n\n\n\n<figure class=\"wp-block-image size-large\"><img loading=\"lazy\" decoding=\"async\" width=\"921\" height=\"1024\" data-id=\"107\" src=\"https:\/\/mondrisports.com.br\/home\/wp-content\/uploads\/2024\/10\/mondri-sports-22-921x1024.jpg\" alt=\"\" class=\"wp-image-107\" srcset=\"https:\/\/mondrisports.com.br\/home\/wp-content\/uploads\/2024\/10\/mondri-sports-22-921x1024.jpg 921w, https:\/\/mondrisports.com.br\/home\/wp-content\/uploads\/2024\/10\/mondri-sports-22-270x300.jpg 270w, https:\/\/mondrisports.com.br\/home\/wp-content\/uploads\/2024\/10\/mondri-sports-22-768x854.jpg 768w, https:\/\/mondrisports.com.br\/home\/wp-content\/uploads\/2024\/10\/mondri-sports-22.jpg 941w\" sizes=\"auto, (max-width: 921px) 100vw, 921px\" \/><figcaption class=\"wp-element-caption\">Evento esportivo personalizado<\/figcaption><\/figure>\n<\/figure>\n\n\n\n<p class=\"has-ast-global-color-8-color has-text-color has-link-color wp-elements-e15ccbed6b7f96dc01c8ad9fd48c27ea\"><strong>Quer sabem Quem Somos? <a href=\"https:\/\/mondrisports.com.br\/home\/quem-somos\/\">Cliquei Aqui.<\/a><\/strong><\/p>\n\n\n\n<p><\/p>\n","protected":false},"excerpt":{"rendered":"<p>Uniformes para Eventos Corporativos Profissionalismo e Identidade para sua Empresa Impacte positivamente desde o primeiro contato Participar de eventos corporativos [&hellip;]<\/p>\n","protected":false},"author":1,"featured_media":0,"parent":0,"menu_order":0,"comment_status":"closed","ping_status":"closed","template":"","meta":{"site-sidebar-layout":"default","site-content-layout":"","ast-site-content-layout":"","site-content-style":"default","site-sidebar-style":"default","ast-global-header-display":"","ast-banner-title-visibility":"","ast-main-header-display":"","ast-hfb-above-header-display":"","ast-hfb-below-header-display":"","ast-hfb-mobile-header-display":"","site-post-title":"disabled","ast-breadcrumbs-content":"","ast-featured-img":"","footer-sml-layout":"","ast-disable-related-posts":"","theme-transparent-header-meta":"","adv-header-id-meta":"","stick-header-meta":"","header-above-stick-meta":"","header-main-stick-meta":"","header-below-stick-meta":"","astra-migrate-meta-layouts":"default","ast-page-background-enabled":"default","ast-page-background-meta":{"desktop":{"background-color":"var(--ast-global-color-4)","background-image":"","background-repeat":"repeat","background-position":"center center","background-size":"auto","background-attachment":"scroll","background-type":"","background-media":"","overlay-type":"","overlay-color":"","overlay-opacity":"","overlay-gradient":""},"tablet":{"background-color":"","background-image":"","background-repeat":"repeat","background-position":"center center","background-size":"auto","background-attachment":"scroll","background-type":"","background-media":"","overlay-type":"","overlay-color":"","overlay-opacity":"","overlay-gradient":""},"mobile":{"background-color":"","background-image":"","background-repeat":"repeat","background-position":"center center","background-size":"auto","background-attachment":"scroll","background-type":"","background-media":"","overlay-type":"","overlay-color":"","overlay-opacity":"","overlay-gradient":""}},"ast-content-background-meta":{"desktop":{"background-color":"var(--ast-global-color-5)","background-image":"","background-repeat":"repeat","background-position":"center center","background-size":"auto","background-attachment":"scroll","background-type":"","background-media":"","overlay-type":"","overlay-color":"","overlay-opacity":"","overlay-gradient":""},"tablet":{"background-color":"var(--ast-global-color-5)","background-image":"","background-repeat":"repeat","background-position":"center center","background-size":"auto","background-attachment":"scroll","background-type":"","background-media":"","overlay-type":"","overlay-color":"","overlay-opacity":"","overlay-gradient":""},"mobile":{"background-color":"var(--ast-global-color-5)","background-image":"","background-repeat":"repeat","background-position":"center center","background-size":"auto","background-attachment":"scroll","background-type":"","background-media":"","overlay-type":"","overlay-color":"","overlay-opacity":"","overlay-gradient":""}},"footnotes":""},"class_list":["post-561","page","type-page","status-publish","hentry"],"yoast_head":"<!-- This site is optimized with the Yoast SEO plugin v25.3 - https:\/\/yoast.com\/wordpress\/plugins\/seo\/ -->\n<title>Uniformes para Eventos Corporativos - Mondri Sports<\/title>\n<meta name=\"description\" content=\"Uniformes para eventos corporativos personalizados com qualidade, conforto e excelente acabamento. Fortale\u00e7a sua marca. Pe\u00e7a J\u00e1!\" \/>\n<meta name=\"robots\" content=\"index, follow, max-snippet:-1, max-image-preview:large, max-video-preview:-1\" \/>\n<link rel=\"canonical\" href=\"https:\/\/mondrisports.com.br\/home\/uniformes-para-eventos-corporativos\/\" \/>\n<meta property=\"og:locale\" content=\"pt_BR\" \/>\n<meta property=\"og:type\" content=\"article\" \/>\n<meta property=\"og:title\" content=\"Uniformes para Eventos Corporativos - Mondri Sports\" \/>\n<meta property=\"og:description\" content=\"Uniformes para eventos corporativos personalizados com qualidade, conforto e excelente acabamento. Fortale\u00e7a sua marca. Pe\u00e7a J\u00e1!\" \/>\n<meta property=\"og:url\" content=\"https:\/\/mondrisports.com.br\/home\/uniformes-para-eventos-corporativos\/\" \/>\n<meta property=\"og:site_name\" content=\"Mondri Sports\" \/>\n<meta property=\"article:modified_time\" content=\"2025-05-08T18:12:52+00:00\" \/>\n<meta property=\"og:image\" content=\"https:\/\/mondrisports.com.br\/home\/wp-content\/uploads\/2024\/10\/mondri-sports-38.jpg\" \/>\n\t<meta property=\"og:image:width\" content=\"810\" \/>\n\t<meta property=\"og:image:height\" content=\"984\" \/>\n\t<meta property=\"og:image:type\" content=\"image\/jpeg\" \/>\n<meta name=\"twitter:card\" content=\"summary_large_image\" \/>\n<meta name=\"twitter:label1\" content=\"Est. tempo de leitura\" \/>\n\t<meta name=\"twitter:data1\" content=\"3 minutos\" \/>\n<script type=\"application\/ld+json\" class=\"yoast-schema-graph\">{\"@context\":\"https:\/\/schema.org\",\"@graph\":[{\"@type\":\"WebPage\",\"@id\":\"https:\/\/mondrisports.com.br\/home\/uniformes-para-eventos-corporativos\/\",\"url\":\"https:\/\/mondrisports.com.br\/home\/uniformes-para-eventos-corporativos\/\",\"name\":\"Uniformes para Eventos Corporativos - Mondri Sports\",\"isPartOf\":{\"@id\":\"https:\/\/mondrisports.com.br\/home\/#website\"},\"primaryImageOfPage\":{\"@id\":\"https:\/\/mondrisports.com.br\/home\/uniformes-para-eventos-corporativos\/#primaryimage\"},\"image\":{\"@id\":\"https:\/\/mondrisports.com.br\/home\/uniformes-para-eventos-corporativos\/#primaryimage\"},\"thumbnailUrl\":\"https:\/\/mondrisports.com.br\/home\/wp-content\/uploads\/2024\/10\/mondri-sports-38.jpg\",\"datePublished\":\"2025-04-28T16:26:25+00:00\",\"dateModified\":\"2025-05-08T18:12:52+00:00\",\"description\":\"Uniformes para eventos corporativos personalizados com qualidade, conforto e excelente acabamento. Fortale\u00e7a sua marca. Pe\u00e7a J\u00e1!\",\"breadcrumb\":{\"@id\":\"https:\/\/mondrisports.com.br\/home\/uniformes-para-eventos-corporativos\/#breadcrumb\"},\"inLanguage\":\"pt-BR\",\"potentialAction\":[{\"@type\":\"ReadAction\",\"target\":[\"https:\/\/mondrisports.com.br\/home\/uniformes-para-eventos-corporativos\/\"]}]},{\"@type\":\"ImageObject\",\"inLanguage\":\"pt-BR\",\"@id\":\"https:\/\/mondrisports.com.br\/home\/uniformes-para-eventos-corporativos\/#primaryimage\",\"url\":\"https:\/\/mondrisports.com.br\/home\/wp-content\/uploads\/2024\/10\/mondri-sports-38.jpg\",\"contentUrl\":\"https:\/\/mondrisports.com.br\/home\/wp-content\/uploads\/2024\/10\/mondri-sports-38.jpg\",\"width\":810,\"height\":984,\"caption\":\"Evento Esportivo\"},{\"@type\":\"BreadcrumbList\",\"@id\":\"https:\/\/mondrisports.com.br\/home\/uniformes-para-eventos-corporativos\/#breadcrumb\",\"itemListElement\":[{\"@type\":\"ListItem\",\"position\":1,\"name\":\"In\u00edcio\",\"item\":\"https:\/\/mondrisports.com.br\/home\/\"},{\"@type\":\"ListItem\",\"position\":2,\"name\":\"Uniformes para Eventos Corporativos\"}]},{\"@type\":\"WebSite\",\"@id\":\"https:\/\/mondrisports.com.br\/home\/#website\",\"url\":\"https:\/\/mondrisports.com.br\/home\/\",\"name\":\"Mondri Sports\",\"description\":\"Uniformes Esportivos Personalizados\",\"publisher\":{\"@id\":\"https:\/\/mondrisports.com.br\/home\/#organization\"},\"potentialAction\":[{\"@type\":\"SearchAction\",\"target\":{\"@type\":\"EntryPoint\",\"urlTemplate\":\"https:\/\/mondrisports.com.br\/home\/?s={search_term_string}\"},\"query-input\":{\"@type\":\"PropertyValueSpecification\",\"valueRequired\":true,\"valueName\":\"search_term_string\"}}],\"inLanguage\":\"pt-BR\"},{\"@type\":\"Organization\",\"@id\":\"https:\/\/mondrisports.com.br\/home\/#organization\",\"name\":\"Mondri Sports\",\"url\":\"https:\/\/mondrisports.com.br\/home\/\",\"logo\":{\"@type\":\"ImageObject\",\"inLanguage\":\"pt-BR\",\"@id\":\"https:\/\/mondrisports.com.br\/home\/#\/schema\/logo\/image\/\",\"url\":\"https:\/\/mondrisports.com.br\/home\/wp-content\/uploads\/2024\/10\/cropped-cropped-Design-sem-nome-16.png\",\"contentUrl\":\"https:\/\/mondrisports.com.br\/home\/wp-content\/uploads\/2024\/10\/cropped-cropped-Design-sem-nome-16.png\",\"width\":1077,\"height\":358,\"caption\":\"Mondri Sports\"},\"image\":{\"@id\":\"https:\/\/mondrisports.com.br\/home\/#\/schema\/logo\/image\/\"}}]}<\/script>\n<!-- \/ Yoast SEO plugin. -->","yoast_head_json":{"title":"Uniformes para Eventos Corporativos - Mondri Sports","description":"Uniformes para eventos corporativos personalizados com qualidade, conforto e excelente acabamento. Fortale\u00e7a sua marca. Pe\u00e7a J\u00e1!","robots":{"index":"index","follow":"follow","max-snippet":"max-snippet:-1","max-image-preview":"max-image-preview:large","max-video-preview":"max-video-preview:-1"},"canonical":"https:\/\/mondrisports.com.br\/home\/uniformes-para-eventos-corporativos\/","og_locale":"pt_BR","og_type":"article","og_title":"Uniformes para Eventos Corporativos - Mondri Sports","og_description":"Uniformes para eventos corporativos personalizados com qualidade, conforto e excelente acabamento. Fortale\u00e7a sua marca. Pe\u00e7a J\u00e1!","og_url":"https:\/\/mondrisports.com.br\/home\/uniformes-para-eventos-corporativos\/","og_site_name":"Mondri Sports","article_modified_time":"2025-05-08T18:12:52+00:00","og_image":[{"width":810,"height":984,"url":"https:\/\/mondrisports.com.br\/home\/wp-content\/uploads\/2024\/10\/mondri-sports-38.jpg","type":"image\/jpeg"}],"twitter_card":"summary_large_image","twitter_misc":{"Est. tempo de leitura":"3 minutos"},"schema":{"@context":"https:\/\/schema.org","@graph":[{"@type":"WebPage","@id":"https:\/\/mondrisports.com.br\/home\/uniformes-para-eventos-corporativos\/","url":"https:\/\/mondrisports.com.br\/home\/uniformes-para-eventos-corporativos\/","name":"Uniformes para Eventos Corporativos - Mondri Sports","isPartOf":{"@id":"https:\/\/mondrisports.com.br\/home\/#website"},"primaryImageOfPage":{"@id":"https:\/\/mondrisports.com.br\/home\/uniformes-para-eventos-corporativos\/#primaryimage"},"image":{"@id":"https:\/\/mondrisports.com.br\/home\/uniformes-para-eventos-corporativos\/#primaryimage"},"thumbnailUrl":"https:\/\/mondrisports.com.br\/home\/wp-content\/uploads\/2024\/10\/mondri-sports-38.jpg","datePublished":"2025-04-28T16:26:25+00:00","dateModified":"2025-05-08T18:12:52+00:00","description":"Uniformes para eventos corporativos personalizados com qualidade, conforto e excelente acabamento. Fortale\u00e7a sua marca. Pe\u00e7a J\u00e1!","breadcrumb":{"@id":"https:\/\/mondrisports.com.br\/home\/uniformes-para-eventos-corporativos\/#breadcrumb"},"inLanguage":"pt-BR","potentialAction":[{"@type":"ReadAction","target":["https:\/\/mondrisports.com.br\/home\/uniformes-para-eventos-corporativos\/"]}]},{"@type":"ImageObject","inLanguage":"pt-BR","@id":"https:\/\/mondrisports.com.br\/home\/uniformes-para-eventos-corporativos\/#primaryimage","url":"https:\/\/mondrisports.com.br\/home\/wp-content\/uploads\/2024\/10\/mondri-sports-38.jpg","contentUrl":"https:\/\/mondrisports.com.br\/home\/wp-content\/uploads\/2024\/10\/mondri-sports-38.jpg","width":810,"height":984,"caption":"Evento Esportivo"},{"@type":"BreadcrumbList","@id":"https:\/\/mondrisports.com.br\/home\/uniformes-para-eventos-corporativos\/#breadcrumb","itemListElement":[{"@type":"ListItem","position":1,"name":"In\u00edcio","item":"https:\/\/mondrisports.com.br\/home\/"},{"@type":"ListItem","position":2,"name":"Uniformes para Eventos Corporativos"}]},{"@type":"WebSite","@id":"https:\/\/mondrisports.com.br\/home\/#website","url":"https:\/\/mondrisports.com.br\/home\/","name":"Mondri Sports","description":"Uniformes Esportivos Personalizados","publisher":{"@id":"https:\/\/mondrisports.com.br\/home\/#organization"},"potentialAction":[{"@type":"SearchAction","target":{"@type":"EntryPoint","urlTemplate":"https:\/\/mondrisports.com.br\/home\/?s={search_term_string}"},"query-input":{"@type":"PropertyValueSpecification","valueRequired":true,"valueName":"search_term_string"}}],"inLanguage":"pt-BR"},{"@type":"Organization","@id":"https:\/\/mondrisports.com.br\/home\/#organization","name":"Mondri Sports","url":"https:\/\/mondrisports.com.br\/home\/","logo":{"@type":"ImageObject","inLanguage":"pt-BR","@id":"https:\/\/mondrisports.com.br\/home\/#\/schema\/logo\/image\/","url":"https:\/\/mondrisports.com.br\/home\/wp-content\/uploads\/2024\/10\/cropped-cropped-Design-sem-nome-16.png","contentUrl":"https:\/\/mondrisports.com.br\/home\/wp-content\/uploads\/2024\/10\/cropped-cropped-Design-sem-nome-16.png","width":1077,"height":358,"caption":"Mondri Sports"},"image":{"@id":"https:\/\/mondrisports.com.br\/home\/#\/schema\/logo\/image\/"}}]}},"_links":{"self":[{"href":"https:\/\/mondrisports.com.br\/home\/wp-json\/wp\/v2\/pages\/561","targetHints":{"allow":["GET"]}}],"collection":[{"href":"https:\/\/mondrisports.com.br\/home\/wp-json\/wp\/v2\/pages"}],"about":[{"href":"https:\/\/mondrisports.com.br\/home\/wp-json\/wp\/v2\/types\/page"}],"author":[{"embeddable":true,"href":"https:\/\/mondrisports.com.br\/home\/wp-json\/wp\/v2\/users\/1"}],"replies":[{"embeddable":true,"href":"https:\/\/mondrisports.com.br\/home\/wp-json\/wp\/v2\/comments?post=561"}],"version-history":[{"count":4,"href":"https:\/\/mondrisports.com.br\/home\/wp-json\/wp\/v2\/pages\/561\/revisions"}],"predecessor-version":[{"id":673,"href":"https:\/\/mondrisports.com.br\/home\/wp-json\/wp\/v2\/pages\/561\/revisions\/673"}],"wp:attachment":[{"href":"https:\/\/mondrisports.com.br\/home\/wp-json\/wp\/v2\/media?parent=561"}],"curies":[{"name":"wp","href":"https:\/\/api.w.org\/{rel}","templated":true}]}}