{"id":565,"date":"2025-04-28T13:43:19","date_gmt":"2025-04-28T16:43:19","guid":{"rendered":"https:\/\/mondrisports.com.br\/home\/?page_id=565"},"modified":"2025-04-30T08:59:29","modified_gmt":"2025-04-30T11:59:29","slug":"uniforme-para-equipe-de-vendas","status":"publish","type":"page","link":"https:\/\/mondrisports.com.br\/home\/uniforme-para-equipe-de-vendas\/","title":{"rendered":"Uniforme para Equipe de Vendas"},"content":{"rendered":"\n<div style=\"height:80px\" aria-hidden=\"true\" class=\"wp-block-spacer\"><\/div>\n\n\n\n<h1 class=\"wp-block-heading has-text-align-center has-ast-global-color-8-color has-text-color has-link-color wp-elements-e98d537de405ab1a678d89a42cec4f60\"><strong> Uniforme para Equipe de Vendas  Fortale\u00e7a a Imagem da Sua Empresa<\/strong><\/h1>\n\n\n\n<div style=\"height:80px\" aria-hidden=\"true\" class=\"wp-block-spacer\"><\/div>\n\n\n\n<h2 class=\"wp-block-heading has-ast-global-color-8-color has-text-color has-link-color wp-elements-9d797ce9b647a14799c18adf5d985c98\"><strong>Profissionalismo e confian\u00e7a em cada atendimento<\/strong><\/h2>\n\n\n\n<p class=\"has-ast-global-color-8-color has-text-color has-link-color wp-elements-53e31a528efe29f572348327804c0ffe\">A equipe de vendas \u00e9 o rosto da sua empresa diante dos clientes. Por isso, investir em um <strong>uniforme para equipe de vendas<\/strong> \u00e9 essencial para transmitir credibilidade, organiza\u00e7\u00e3o e um atendimento de alto n\u00edvel.<\/p>\n\n\n\n<h2 class=\"wp-block-heading has-ast-global-color-8-color has-text-color has-link-color wp-elements-9044f20e598bf561900e5cf85caddb59\"><strong>Modelos de uniformes para equipes comerciais<\/strong><\/h2>\n\n\n\n<p class=\"has-ast-global-color-8-color has-text-color has-link-color wp-elements-cd02ec6290bd8b74ca5327662fb5cae4\">Oferecemos diversos modelos que combinam estilo e funcionalidade, como:<\/p>\n\n\n\n<ul class=\"wp-block-list\">\n<li class=\"has-ast-global-color-8-color has-text-color has-link-color wp-elements-fa6dc0637f07ab6c648cfd39b85c3047\">Camisas sociais personalizadas<\/li>\n\n\n\n<li class=\"has-ast-global-color-8-color has-text-color has-link-color wp-elements-e20723b740c915ad8775e67f54e0fb3f\">Camisetas polo bordadas<\/li>\n\n\n\n<li class=\"has-ast-global-color-8-color has-text-color has-link-color wp-elements-cd538efd111e8b4f396e26e11a966a1e\">Blazers e jalecos corporativos<\/li>\n\n\n\n<li class=\"has-ast-global-color-8-color has-text-color has-link-color wp-elements-11da30adfd6be5f70c0fe874f14b7726\">Cal\u00e7as e saias de alfaiataria<\/li>\n\n\n\n<li class=\"has-ast-global-color-8-color has-text-color has-link-color wp-elements-91b5d7be76859b497c7a2b106e03af89\">Acess\u00f3rios como len\u00e7os e gravatas personalizados<\/li>\n<\/ul>\n\n\n\n<p class=\"has-ast-global-color-8-color has-text-color has-link-color wp-elements-3fb1456141957cc9436b9e15fa789b6c\">Portanto, conseguimos adaptar o uniforme de acordo com o perfil da sua empresa e o p\u00fablico que atende.<\/p>\n\n\n\n<h2 class=\"wp-block-heading has-ast-global-color-8-color has-text-color has-link-color wp-elements-057beca4778bf5e5b9de02dc40ec2233\"><strong>Qualidade que valoriza sua marca<\/strong><\/h2>\n\n\n\n<p class=\"has-ast-global-color-8-color has-text-color has-link-color wp-elements-5cbb1a75d0a4fc5fb430a3e1f651cc81\">Utilizamos tecidos confort\u00e1veis, resistentes e com acabamento premium, ideais para jornadas intensas de trabalho. Afinal, seu time precisa se sentir bem para vender mais e melhor.<\/p>\n\n\n\n<div class=\"wp-block-buttons is-content-justification-center is-layout-flex wp-container-core-buttons-is-layout-a89b3969 wp-block-buttons-is-layout-flex\">\n<div class=\"wp-block-button\"><a class=\"wp-block-button__link has-cyan-bluish-gray-background-color has-background wp-element-button\" href=\"http:\/\/wa.me\/554133326052\">Fale Conosco<\/a><\/div>\n<\/div>\n\n\n\n<p class=\"has-ast-global-color-8-color has-text-color has-link-color wp-elements-105dca05eee7a0db85dbebb80ff94438\"><strong>Quer saber Quem Somos? <\/strong><a href=\"https:\/\/mondrisports.com.br\/home\/quem-somos\/\"><strong>Clique Aqui<\/strong>.<\/a><\/p>\n","protected":false},"excerpt":{"rendered":"<p>Uniforme para Equipe de Vendas Fortale\u00e7a a Imagem da Sua Empresa Profissionalismo e confian\u00e7a em cada atendimento A equipe de [&hellip;]<\/p>\n","protected":false},"author":1,"featured_media":0,"parent":0,"menu_order":0,"comment_status":"closed","ping_status":"closed","template":"","meta":{"site-sidebar-layout":"default","site-content-layout":"","ast-site-content-layout":"","site-content-style":"default","site-sidebar-style":"default","ast-global-header-display":"","ast-banner-title-visibility":"","ast-main-header-display":"","ast-hfb-above-header-display":"","ast-hfb-below-header-display":"","ast-hfb-mobile-header-display":"","site-post-title":"disabled","ast-breadcrumbs-content":"","ast-featured-img":"","footer-sml-layout":"","ast-disable-related-posts":"","theme-transparent-header-meta":"","adv-header-id-meta":"","stick-header-meta":"","header-above-stick-meta":"","header-main-stick-meta":"","header-below-stick-meta":"","astra-migrate-meta-layouts":"default","ast-page-background-enabled":"default","ast-page-background-meta":{"desktop":{"background-color":"var(--ast-global-color-4)","background-image":"","background-repeat":"repeat","background-position":"center center","background-size":"auto","background-attachment":"scroll","background-type":"","background-media":"","overlay-type":"","overlay-color":"","overlay-opacity":"","overlay-gradient":""},"tablet":{"background-color":"","background-image":"","background-repeat":"repeat","background-position":"center center","background-size":"auto","background-attachment":"scroll","background-type":"","background-media":"","overlay-type":"","overlay-color":"","overlay-opacity":"","overlay-gradient":""},"mobile":{"background-color":"","background-image":"","background-repeat":"repeat","background-position":"center center","background-size":"auto","background-attachment":"scroll","background-type":"","background-media":"","overlay-type":"","overlay-color":"","overlay-opacity":"","overlay-gradient":""}},"ast-content-background-meta":{"desktop":{"background-color":"var(--ast-global-color-5)","background-image":"","background-repeat":"repeat","background-position":"center center","background-size":"auto","background-attachment":"scroll","background-type":"","background-media":"","overlay-type":"","overlay-color":"","overlay-opacity":"","overlay-gradient":""},"tablet":{"background-color":"var(--ast-global-color-5)","background-image":"","background-repeat":"repeat","background-position":"center center","background-size":"auto","background-attachment":"scroll","background-type":"","background-media":"","overlay-type":"","overlay-color":"","overlay-opacity":"","overlay-gradient":""},"mobile":{"background-color":"var(--ast-global-color-5)","background-image":"","background-repeat":"repeat","background-position":"center center","background-size":"auto","background-attachment":"scroll","background-type":"","background-media":"","overlay-type":"","overlay-color":"","overlay-opacity":"","overlay-gradient":""}},"footnotes":""},"class_list":["post-565","page","type-page","status-publish","hentry"],"yoast_head":"<!-- This site is optimized with the Yoast SEO plugin v25.3 - https:\/\/yoast.com\/wordpress\/plugins\/seo\/ -->\n<title>Uniforme para Equipe de Vendas - Mondri Sports<\/title>\n<meta name=\"description\" content=\"Uniforme para equipe de vendas personalizado. Reforce sua marca com roupas corporativas de alta qualidade, conforto e excelente material.\" \/>\n<meta name=\"robots\" content=\"index, follow, max-snippet:-1, max-image-preview:large, max-video-preview:-1\" \/>\n<link rel=\"canonical\" href=\"https:\/\/mondrisports.com.br\/home\/uniforme-para-equipe-de-vendas\/\" \/>\n<meta property=\"og:locale\" content=\"pt_BR\" \/>\n<meta property=\"og:type\" content=\"article\" \/>\n<meta property=\"og:title\" content=\"Uniforme para Equipe de Vendas - Mondri Sports\" \/>\n<meta property=\"og:description\" content=\"Uniforme para equipe de vendas personalizado. Reforce sua marca com roupas corporativas de alta qualidade, conforto e excelente material.\" \/>\n<meta property=\"og:url\" content=\"https:\/\/mondrisports.com.br\/home\/uniforme-para-equipe-de-vendas\/\" \/>\n<meta property=\"og:site_name\" content=\"Mondri Sports\" \/>\n<meta property=\"article:modified_time\" content=\"2025-04-30T11:59:29+00:00\" \/>\n<meta name=\"twitter:card\" content=\"summary_large_image\" \/>\n<meta name=\"twitter:label1\" content=\"Est. tempo de leitura\" \/>\n\t<meta name=\"twitter:data1\" content=\"1 minuto\" \/>\n<script type=\"application\/ld+json\" class=\"yoast-schema-graph\">{\"@context\":\"https:\/\/schema.org\",\"@graph\":[{\"@type\":\"WebPage\",\"@id\":\"https:\/\/mondrisports.com.br\/home\/uniforme-para-equipe-de-vendas\/\",\"url\":\"https:\/\/mondrisports.com.br\/home\/uniforme-para-equipe-de-vendas\/\",\"name\":\"Uniforme para Equipe de Vendas - Mondri Sports\",\"isPartOf\":{\"@id\":\"https:\/\/mondrisports.com.br\/home\/#website\"},\"datePublished\":\"2025-04-28T16:43:19+00:00\",\"dateModified\":\"2025-04-30T11:59:29+00:00\",\"description\":\"Uniforme para equipe de vendas personalizado. Reforce sua marca com roupas corporativas de alta qualidade, conforto e excelente material.\",\"breadcrumb\":{\"@id\":\"https:\/\/mondrisports.com.br\/home\/uniforme-para-equipe-de-vendas\/#breadcrumb\"},\"inLanguage\":\"pt-BR\",\"potentialAction\":[{\"@type\":\"ReadAction\",\"target\":[\"https:\/\/mondrisports.com.br\/home\/uniforme-para-equipe-de-vendas\/\"]}]},{\"@type\":\"BreadcrumbList\",\"@id\":\"https:\/\/mondrisports.com.br\/home\/uniforme-para-equipe-de-vendas\/#breadcrumb\",\"itemListElement\":[{\"@type\":\"ListItem\",\"position\":1,\"name\":\"In\u00edcio\",\"item\":\"https:\/\/mondrisports.com.br\/home\/\"},{\"@type\":\"ListItem\",\"position\":2,\"name\":\"Uniforme para Equipe de Vendas\"}]},{\"@type\":\"WebSite\",\"@id\":\"https:\/\/mondrisports.com.br\/home\/#website\",\"url\":\"https:\/\/mondrisports.com.br\/home\/\",\"name\":\"Mondri Sports\",\"description\":\"Uniformes Esportivos Personalizados\",\"publisher\":{\"@id\":\"https:\/\/mondrisports.com.br\/home\/#organization\"},\"potentialAction\":[{\"@type\":\"SearchAction\",\"target\":{\"@type\":\"EntryPoint\",\"urlTemplate\":\"https:\/\/mondrisports.com.br\/home\/?s={search_term_string}\"},\"query-input\":{\"@type\":\"PropertyValueSpecification\",\"valueRequired\":true,\"valueName\":\"search_term_string\"}}],\"inLanguage\":\"pt-BR\"},{\"@type\":\"Organization\",\"@id\":\"https:\/\/mondrisports.com.br\/home\/#organization\",\"name\":\"Mondri Sports\",\"url\":\"https:\/\/mondrisports.com.br\/home\/\",\"logo\":{\"@type\":\"ImageObject\",\"inLanguage\":\"pt-BR\",\"@id\":\"https:\/\/mondrisports.com.br\/home\/#\/schema\/logo\/image\/\",\"url\":\"https:\/\/mondrisports.com.br\/home\/wp-content\/uploads\/2024\/10\/cropped-cropped-Design-sem-nome-16.png\",\"contentUrl\":\"https:\/\/mondrisports.com.br\/home\/wp-content\/uploads\/2024\/10\/cropped-cropped-Design-sem-nome-16.png\",\"width\":1077,\"height\":358,\"caption\":\"Mondri Sports\"},\"image\":{\"@id\":\"https:\/\/mondrisports.com.br\/home\/#\/schema\/logo\/image\/\"}}]}<\/script>\n<!-- \/ Yoast SEO plugin. -->","yoast_head_json":{"title":"Uniforme para Equipe de Vendas - Mondri Sports","description":"Uniforme para equipe de vendas personalizado. Reforce sua marca com roupas corporativas de alta qualidade, conforto e excelente material.","robots":{"index":"index","follow":"follow","max-snippet":"max-snippet:-1","max-image-preview":"max-image-preview:large","max-video-preview":"max-video-preview:-1"},"canonical":"https:\/\/mondrisports.com.br\/home\/uniforme-para-equipe-de-vendas\/","og_locale":"pt_BR","og_type":"article","og_title":"Uniforme para Equipe de Vendas - Mondri Sports","og_description":"Uniforme para equipe de vendas personalizado. Reforce sua marca com roupas corporativas de alta qualidade, conforto e excelente material.","og_url":"https:\/\/mondrisports.com.br\/home\/uniforme-para-equipe-de-vendas\/","og_site_name":"Mondri Sports","article_modified_time":"2025-04-30T11:59:29+00:00","twitter_card":"summary_large_image","twitter_misc":{"Est. tempo de leitura":"1 minuto"},"schema":{"@context":"https:\/\/schema.org","@graph":[{"@type":"WebPage","@id":"https:\/\/mondrisports.com.br\/home\/uniforme-para-equipe-de-vendas\/","url":"https:\/\/mondrisports.com.br\/home\/uniforme-para-equipe-de-vendas\/","name":"Uniforme para Equipe de Vendas - Mondri Sports","isPartOf":{"@id":"https:\/\/mondrisports.com.br\/home\/#website"},"datePublished":"2025-04-28T16:43:19+00:00","dateModified":"2025-04-30T11:59:29+00:00","description":"Uniforme para equipe de vendas personalizado. Reforce sua marca com roupas corporativas de alta qualidade, conforto e excelente material.","breadcrumb":{"@id":"https:\/\/mondrisports.com.br\/home\/uniforme-para-equipe-de-vendas\/#breadcrumb"},"inLanguage":"pt-BR","potentialAction":[{"@type":"ReadAction","target":["https:\/\/mondrisports.com.br\/home\/uniforme-para-equipe-de-vendas\/"]}]},{"@type":"BreadcrumbList","@id":"https:\/\/mondrisports.com.br\/home\/uniforme-para-equipe-de-vendas\/#breadcrumb","itemListElement":[{"@type":"ListItem","position":1,"name":"In\u00edcio","item":"https:\/\/mondrisports.com.br\/home\/"},{"@type":"ListItem","position":2,"name":"Uniforme para Equipe de Vendas"}]},{"@type":"WebSite","@id":"https:\/\/mondrisports.com.br\/home\/#website","url":"https:\/\/mondrisports.com.br\/home\/","name":"Mondri Sports","description":"Uniformes Esportivos Personalizados","publisher":{"@id":"https:\/\/mondrisports.com.br\/home\/#organization"},"potentialAction":[{"@type":"SearchAction","target":{"@type":"EntryPoint","urlTemplate":"https:\/\/mondrisports.com.br\/home\/?s={search_term_string}"},"query-input":{"@type":"PropertyValueSpecification","valueRequired":true,"valueName":"search_term_string"}}],"inLanguage":"pt-BR"},{"@type":"Organization","@id":"https:\/\/mondrisports.com.br\/home\/#organization","name":"Mondri Sports","url":"https:\/\/mondrisports.com.br\/home\/","logo":{"@type":"ImageObject","inLanguage":"pt-BR","@id":"https:\/\/mondrisports.com.br\/home\/#\/schema\/logo\/image\/","url":"https:\/\/mondrisports.com.br\/home\/wp-content\/uploads\/2024\/10\/cropped-cropped-Design-sem-nome-16.png","contentUrl":"https:\/\/mondrisports.com.br\/home\/wp-content\/uploads\/2024\/10\/cropped-cropped-Design-sem-nome-16.png","width":1077,"height":358,"caption":"Mondri Sports"},"image":{"@id":"https:\/\/mondrisports.com.br\/home\/#\/schema\/logo\/image\/"}}]}},"_links":{"self":[{"href":"https:\/\/mondrisports.com.br\/home\/wp-json\/wp\/v2\/pages\/565","targetHints":{"allow":["GET"]}}],"collection":[{"href":"https:\/\/mondrisports.com.br\/home\/wp-json\/wp\/v2\/pages"}],"about":[{"href":"https:\/\/mondrisports.com.br\/home\/wp-json\/wp\/v2\/types\/page"}],"author":[{"embeddable":true,"href":"https:\/\/mondrisports.com.br\/home\/wp-json\/wp\/v2\/users\/1"}],"replies":[{"embeddable":true,"href":"https:\/\/mondrisports.com.br\/home\/wp-json\/wp\/v2\/comments?post=565"}],"version-history":[{"count":4,"href":"https:\/\/mondrisports.com.br\/home\/wp-json\/wp\/v2\/pages\/565\/revisions"}],"predecessor-version":[{"id":676,"href":"https:\/\/mondrisports.com.br\/home\/wp-json\/wp\/v2\/pages\/565\/revisions\/676"}],"wp:attachment":[{"href":"https:\/\/mondrisports.com.br\/home\/wp-json\/wp\/v2\/media?parent=565"}],"curies":[{"name":"wp","href":"https:\/\/api.w.org\/{rel}","templated":true}]}}