{"id":570,"date":"2025-04-28T13:57:54","date_gmt":"2025-04-28T16:57:54","guid":{"rendered":"https:\/\/mondrisports.com.br\/home\/?page_id=570"},"modified":"2025-04-30T09:02:53","modified_gmt":"2025-04-30T12:02:53","slug":"camiseta-personalizada-com-o-logo-da-empresa","status":"publish","type":"page","link":"https:\/\/mondrisports.com.br\/home\/camiseta-personalizada-com-o-logo-da-empresa\/","title":{"rendered":"Camiseta Personalizada com o Logo da Empresa"},"content":{"rendered":"\n<div style=\"height:80px\" aria-hidden=\"true\" class=\"wp-block-spacer\"><\/div>\n\n\n\n<h2 class=\"wp-block-heading has-text-align-center has-ast-global-color-8-color has-text-color has-link-color wp-elements-d04d8251e4a087b40745bc2d82e1ec16\">Camiseta Personalizada com o Logo da Empresa  Fortale\u00e7a sua Marca com Estilo<\/h2>\n\n\n\n<div style=\"height:80px\" aria-hidden=\"true\" class=\"wp-block-spacer\"><\/div>\n\n\n\n<h2 class=\"wp-block-heading has-ast-global-color-8-color has-text-color has-link-color wp-elements-f141be3e64043a03a6e43004a0fa8da7\"><strong>Leve sua identidade visual para onde seu time for<\/strong><\/h2>\n\n\n\n<p class=\"has-ast-global-color-8-color has-text-color has-link-color wp-elements-bfa84838afdad654e9b84675121e8c0d\">A <strong>camiseta personalizada com o logo da empresa<\/strong> \u00e9 uma ferramenta pr\u00e1tica e poderosa para divulgar sua marca. Seja em eventos, no dia a dia de trabalho ou em a\u00e7\u00f5es promocionais, contar com uma camiseta personalizada refor\u00e7a a presen\u00e7a da sua empresa em todos os ambientes.<\/p>\n\n\n\n<h2 class=\"wp-block-heading has-ast-global-color-8-color has-text-color has-link-color wp-elements-d982654f2f68ddebc2faf39050317ef7\"><strong>Por que investir em camisetas personalizadas para sua equipe?<\/strong><\/h2>\n\n\n\n<p class=\"has-ast-global-color-8-color has-text-color has-link-color wp-elements-f93837878ecb10e0cc53483a7cd9f449\">Ter colaboradores vestindo a marca traz muitos benef\u00edcios:<\/p>\n\n\n\n<ul class=\"wp-block-list\">\n<li class=\"has-ast-global-color-8-color has-text-color has-link-color wp-elements-9cff53d3985963fd84b334f0bb93f48b\"><strong>Maior visibilidade e reconhecimento da marca<\/strong><\/li>\n\n\n\n<li class=\"has-ast-global-color-8-color has-text-color has-link-color wp-elements-98078acd1549c898f59d960b21896579\"><strong>Padroniza\u00e7\u00e3o e organiza\u00e7\u00e3o visual<\/strong><\/li>\n\n\n\n<li class=\"has-ast-global-color-8-color has-text-color has-link-color wp-elements-9a97ea3d4116852c52034a15f6f0b392\"><strong>Valoriza\u00e7\u00e3o da cultura interna<\/strong><\/li>\n\n\n\n<li class=\"has-ast-global-color-8-color has-text-color has-link-color wp-elements-eb8d0955ec9337bab09d9fd4bf2fe85a\"><strong>Aumento do senso de pertencimento dos funcion\u00e1rios<\/strong><\/li>\n\n\n\n<li class=\"has-ast-global-color-8-color has-text-color has-link-color wp-elements-02541a34fe08eab172d6a0017d718c1f\"><strong>Facilidade para a\u00e7\u00f5es de marketing e eventos<\/strong><\/li>\n<\/ul>\n\n\n\n<p class=\"has-ast-global-color-8-color has-text-color has-link-color wp-elements-1b630680d3391bbf495fb65fd774db2f\">Assim, sua empresa se diferencia e transmite profissionalismo em todos os momentos.<\/p>\n\n\n\n<h2 class=\"wp-block-heading has-ast-global-color-8-color has-text-color has-link-color wp-elements-3040fabd8af992b0ce93cbeba36d7c46\"><strong>Op\u00e7\u00f5es de tecidos e estilos para todos os perfis<\/strong><\/h2>\n\n\n\n<p class=\"has-ast-global-color-8-color has-text-color has-link-color wp-elements-188d374ff01f36722dc9c761af42260d\">Disponibilizamos camisetas em diferentes tecidos e modelagens para atender cada necessidade:<\/p>\n\n\n\n<ul class=\"wp-block-list\">\n<li class=\"has-ast-global-color-8-color has-text-color has-link-color wp-elements-d9b4866631222b545ffda7d074e91185\">Algod\u00e3o<\/li>\n\n\n\n<li class=\"has-ast-global-color-8-color has-text-color has-link-color wp-elements-616dbde65cb49a60bdf147c42a088000\">Poli\u00e9ster<\/li>\n\n\n\n<li class=\"has-ast-global-color-8-color has-text-color has-link-color wp-elements-e78c7ee04f02a725e504cb00a7b02f8d\">Malha fria<\/li>\n\n\n\n<li class=\"has-ast-global-color-8-color has-text-color has-link-color wp-elements-28d61c9be16be09a7e2a7c587c4dbd1e\">Dry fit<\/li>\n<\/ul>\n\n\n\n<p class=\"has-ast-global-color-8-color has-text-color has-link-color wp-elements-1d170323e158ba6e68bb39b38cd17d21\">Al\u00e9m disso, voc\u00ea pode escolher entre diferentes estilos de gola, mangas e acabamentos, garantindo que a pe\u00e7a esteja alinhada \u00e0 sua identidade e ao conforto da equipe.<\/p>\n\n\n\n<h2 class=\"wp-block-heading has-ast-global-color-8-color has-text-color has-link-color wp-elements-8451daa16ff3073eaf7977540878d524\"><strong>Solicite um or\u00e7amento agora mesmo<\/strong><\/h2>\n\n\n\n<p class=\"has-ast-global-color-8-color has-text-color has-link-color wp-elements-8aa60a90ebb6f3e67eb13232040c5921\">Quer uma camiseta que una conforto, qualidade e identidade visual? Entre em contato conosco e crie a pe\u00e7a ideal para a sua empresa!<\/p>\n\n\n\n<div class=\"wp-block-buttons is-layout-flex wp-block-buttons-is-layout-flex\">\n<div class=\"wp-block-button\"><a class=\"wp-block-button__link has-black-color has-cyan-bluish-gray-background-color has-text-color has-background has-link-color wp-element-button\" href=\"http:\/\/wa.me\/554133326052\">Solicite j\u00e1!<\/a><\/div>\n<\/div>\n\n\n\n<figure class=\"wp-block-gallery has-nested-images columns-default is-cropped wp-block-gallery-1 is-layout-flex wp-block-gallery-is-layout-flex\">\n<figure class=\"wp-block-image size-large\"><img loading=\"lazy\" decoding=\"async\" width=\"921\" height=\"1024\" data-id=\"107\" src=\"https:\/\/mondrisports.com.br\/home\/wp-content\/uploads\/2024\/10\/mondri-sports-22-921x1024.jpg\" alt=\"\" class=\"wp-image-107\" srcset=\"https:\/\/mondrisports.com.br\/home\/wp-content\/uploads\/2024\/10\/mondri-sports-22-921x1024.jpg 921w, https:\/\/mondrisports.com.br\/home\/wp-content\/uploads\/2024\/10\/mondri-sports-22-270x300.jpg 270w, https:\/\/mondrisports.com.br\/home\/wp-content\/uploads\/2024\/10\/mondri-sports-22-768x854.jpg 768w, https:\/\/mondrisports.com.br\/home\/wp-content\/uploads\/2024\/10\/mondri-sports-22.jpg 941w\" sizes=\"auto, (max-width: 921px) 100vw, 921px\" \/><figcaption class=\"wp-element-caption\">Evento esportivo personalizado<\/figcaption><\/figure>\n\n\n\n<figure class=\"wp-block-image size-large\"><img loading=\"lazy\" decoding=\"async\" width=\"934\" height=\"1024\" data-id=\"103\" src=\"https:\/\/mondrisports.com.br\/home\/wp-content\/uploads\/2024\/10\/mondri-sports-28-934x1024.jpg\" alt=\"Camiseta personalizada esportiva\" class=\"wp-image-103\" srcset=\"https:\/\/mondrisports.com.br\/home\/wp-content\/uploads\/2024\/10\/mondri-sports-28-934x1024.jpg 934w, https:\/\/mondrisports.com.br\/home\/wp-content\/uploads\/2024\/10\/mondri-sports-28-274x300.jpg 274w, https:\/\/mondrisports.com.br\/home\/wp-content\/uploads\/2024\/10\/mondri-sports-28-768x842.jpg 768w, https:\/\/mondrisports.com.br\/home\/wp-content\/uploads\/2024\/10\/mondri-sports-28.jpg 985w\" sizes=\"auto, (max-width: 934px) 100vw, 934px\" \/><figcaption class=\"wp-element-caption\">camiseta personalizada<\/figcaption><\/figure>\n\n\n\n<figure class=\"wp-block-image size-large\"><img loading=\"lazy\" decoding=\"async\" width=\"710\" height=\"1007\" data-id=\"114\" src=\"https:\/\/mondrisports.com.br\/home\/wp-content\/uploads\/2024\/10\/mondri-sports-15.jpg\" alt=\"\" class=\"wp-image-114\" srcset=\"https:\/\/mondrisports.com.br\/home\/wp-content\/uploads\/2024\/10\/mondri-sports-15.jpg 710w, https:\/\/mondrisports.com.br\/home\/wp-content\/uploads\/2024\/10\/mondri-sports-15-212x300.jpg 212w\" sizes=\"auto, (max-width: 710px) 100vw, 710px\" \/><figcaption class=\"wp-element-caption\">Camiseta Dry Fit<\/figcaption><\/figure>\n<\/figure>\n\n\n\n<p class=\"has-ast-global-color-8-color has-text-color has-link-color wp-elements-4879c5e3a1d998db8f0bee5d6b17ee70\"><strong>Quem somos? <a href=\"https:\/\/mondrisports.com.br\/home\/quem-somos\/\">Clique aqui.<\/a><\/strong><\/p>\n\n\n\n<p><\/p>\n","protected":false},"excerpt":{"rendered":"<p>Camiseta Personalizada com o Logo da Empresa Fortale\u00e7a sua Marca com Estilo Leve sua identidade visual para onde seu time [&hellip;]<\/p>\n","protected":false},"author":1,"featured_media":0,"parent":0,"menu_order":0,"comment_status":"closed","ping_status":"closed","template":"","meta":{"site-sidebar-layout":"default","site-content-layout":"","ast-site-content-layout":"","site-content-style":"default","site-sidebar-style":"default","ast-global-header-display":"","ast-banner-title-visibility":"","ast-main-header-display":"","ast-hfb-above-header-display":"","ast-hfb-below-header-display":"","ast-hfb-mobile-header-display":"","site-post-title":"disabled","ast-breadcrumbs-content":"","ast-featured-img":"","footer-sml-layout":"","ast-disable-related-posts":"","theme-transparent-header-meta":"","adv-header-id-meta":"","stick-header-meta":"","header-above-stick-meta":"","header-main-stick-meta":"","header-below-stick-meta":"","astra-migrate-meta-layouts":"default","ast-page-background-enabled":"default","ast-page-background-meta":{"desktop":{"background-color":"var(--ast-global-color-4)","background-image":"","background-repeat":"repeat","background-position":"center center","background-size":"auto","background-attachment":"scroll","background-type":"","background-media":"","overlay-type":"","overlay-color":"","overlay-opacity":"","overlay-gradient":""},"tablet":{"background-color":"","background-image":"","background-repeat":"repeat","background-position":"center center","background-size":"auto","background-attachment":"scroll","background-type":"","background-media":"","overlay-type":"","overlay-color":"","overlay-opacity":"","overlay-gradient":""},"mobile":{"background-color":"","background-image":"","background-repeat":"repeat","background-position":"center center","background-size":"auto","background-attachment":"scroll","background-type":"","background-media":"","overlay-type":"","overlay-color":"","overlay-opacity":"","overlay-gradient":""}},"ast-content-background-meta":{"desktop":{"background-color":"var(--ast-global-color-5)","background-image":"","background-repeat":"repeat","background-position":"center center","background-size":"auto","background-attachment":"scroll","background-type":"","background-media":"","overlay-type":"","overlay-color":"","overlay-opacity":"","overlay-gradient":""},"tablet":{"background-color":"var(--ast-global-color-5)","background-image":"","background-repeat":"repeat","background-position":"center center","background-size":"auto","background-attachment":"scroll","background-type":"","background-media":"","overlay-type":"","overlay-color":"","overlay-opacity":"","overlay-gradient":""},"mobile":{"background-color":"var(--ast-global-color-5)","background-image":"","background-repeat":"repeat","background-position":"center center","background-size":"auto","background-attachment":"scroll","background-type":"","background-media":"","overlay-type":"","overlay-color":"","overlay-opacity":"","overlay-gradient":""}},"footnotes":""},"class_list":["post-570","page","type-page","status-publish","hentry"],"yoast_head":"<!-- This site is optimized with the Yoast SEO plugin v25.3 - https:\/\/yoast.com\/wordpress\/plugins\/seo\/ -->\n<title>Camiseta Personalizada com o Logo da Empresa - Mondri Sports<\/title>\n<meta name=\"description\" content=\"Camiseta personalizada com o logo da empresa, em diversos tecidos e acabamentos. Ideal para eventos, uniformiza\u00e7\u00e3o e a\u00e7\u00f5es promocionais.\" \/>\n<meta name=\"robots\" content=\"index, follow, max-snippet:-1, max-image-preview:large, max-video-preview:-1\" \/>\n<link rel=\"canonical\" href=\"https:\/\/mondrisports.com.br\/home\/camiseta-personalizada-com-o-logo-da-empresa\/\" \/>\n<meta property=\"og:locale\" content=\"pt_BR\" \/>\n<meta property=\"og:type\" content=\"article\" \/>\n<meta property=\"og:title\" content=\"Camiseta Personalizada com o Logo da Empresa - Mondri Sports\" \/>\n<meta property=\"og:description\" content=\"Camiseta personalizada com o logo da empresa, em diversos tecidos e acabamentos. Ideal para eventos, uniformiza\u00e7\u00e3o e a\u00e7\u00f5es promocionais.\" \/>\n<meta property=\"og:url\" content=\"https:\/\/mondrisports.com.br\/home\/camiseta-personalizada-com-o-logo-da-empresa\/\" \/>\n<meta property=\"og:site_name\" content=\"Mondri Sports\" \/>\n<meta property=\"article:modified_time\" content=\"2025-04-30T12:02:53+00:00\" \/>\n<meta property=\"og:image\" content=\"https:\/\/mondrisports.com.br\/home\/wp-content\/uploads\/2024\/10\/mondri-sports-22.jpg\" \/>\n\t<meta property=\"og:image:width\" content=\"941\" \/>\n\t<meta property=\"og:image:height\" content=\"1046\" \/>\n\t<meta property=\"og:image:type\" content=\"image\/jpeg\" \/>\n<meta name=\"twitter:card\" content=\"summary_large_image\" \/>\n<meta name=\"twitter:label1\" content=\"Est. tempo de leitura\" \/>\n\t<meta name=\"twitter:data1\" content=\"2 minutos\" \/>\n<script type=\"application\/ld+json\" class=\"yoast-schema-graph\">{\"@context\":\"https:\/\/schema.org\",\"@graph\":[{\"@type\":\"WebPage\",\"@id\":\"https:\/\/mondrisports.com.br\/home\/camiseta-personalizada-com-o-logo-da-empresa\/\",\"url\":\"https:\/\/mondrisports.com.br\/home\/camiseta-personalizada-com-o-logo-da-empresa\/\",\"name\":\"Camiseta Personalizada com o Logo da Empresa - Mondri Sports\",\"isPartOf\":{\"@id\":\"https:\/\/mondrisports.com.br\/home\/#website\"},\"primaryImageOfPage\":{\"@id\":\"https:\/\/mondrisports.com.br\/home\/camiseta-personalizada-com-o-logo-da-empresa\/#primaryimage\"},\"image\":{\"@id\":\"https:\/\/mondrisports.com.br\/home\/camiseta-personalizada-com-o-logo-da-empresa\/#primaryimage\"},\"thumbnailUrl\":\"https:\/\/mondrisports.com.br\/home\/wp-content\/uploads\/2024\/10\/mondri-sports-22-921x1024.jpg\",\"datePublished\":\"2025-04-28T16:57:54+00:00\",\"dateModified\":\"2025-04-30T12:02:53+00:00\",\"description\":\"Camiseta personalizada com o logo da empresa, em diversos tecidos e acabamentos. Ideal para eventos, uniformiza\u00e7\u00e3o e a\u00e7\u00f5es promocionais.\",\"breadcrumb\":{\"@id\":\"https:\/\/mondrisports.com.br\/home\/camiseta-personalizada-com-o-logo-da-empresa\/#breadcrumb\"},\"inLanguage\":\"pt-BR\",\"potentialAction\":[{\"@type\":\"ReadAction\",\"target\":[\"https:\/\/mondrisports.com.br\/home\/camiseta-personalizada-com-o-logo-da-empresa\/\"]}]},{\"@type\":\"ImageObject\",\"inLanguage\":\"pt-BR\",\"@id\":\"https:\/\/mondrisports.com.br\/home\/camiseta-personalizada-com-o-logo-da-empresa\/#primaryimage\",\"url\":\"https:\/\/mondrisports.com.br\/home\/wp-content\/uploads\/2024\/10\/mondri-sports-22.jpg\",\"contentUrl\":\"https:\/\/mondrisports.com.br\/home\/wp-content\/uploads\/2024\/10\/mondri-sports-22.jpg\",\"width\":941,\"height\":1046,\"caption\":\"Evento Empresa Camiseta Personalizada\"},{\"@type\":\"BreadcrumbList\",\"@id\":\"https:\/\/mondrisports.com.br\/home\/camiseta-personalizada-com-o-logo-da-empresa\/#breadcrumb\",\"itemListElement\":[{\"@type\":\"ListItem\",\"position\":1,\"name\":\"In\u00edcio\",\"item\":\"https:\/\/mondrisports.com.br\/home\/\"},{\"@type\":\"ListItem\",\"position\":2,\"name\":\"Camiseta Personalizada com o Logo da Empresa\"}]},{\"@type\":\"WebSite\",\"@id\":\"https:\/\/mondrisports.com.br\/home\/#website\",\"url\":\"https:\/\/mondrisports.com.br\/home\/\",\"name\":\"Mondri Sports\",\"description\":\"Uniformes Esportivos Personalizados\",\"publisher\":{\"@id\":\"https:\/\/mondrisports.com.br\/home\/#organization\"},\"potentialAction\":[{\"@type\":\"SearchAction\",\"target\":{\"@type\":\"EntryPoint\",\"urlTemplate\":\"https:\/\/mondrisports.com.br\/home\/?s={search_term_string}\"},\"query-input\":{\"@type\":\"PropertyValueSpecification\",\"valueRequired\":true,\"valueName\":\"search_term_string\"}}],\"inLanguage\":\"pt-BR\"},{\"@type\":\"Organization\",\"@id\":\"https:\/\/mondrisports.com.br\/home\/#organization\",\"name\":\"Mondri Sports\",\"url\":\"https:\/\/mondrisports.com.br\/home\/\",\"logo\":{\"@type\":\"ImageObject\",\"inLanguage\":\"pt-BR\",\"@id\":\"https:\/\/mondrisports.com.br\/home\/#\/schema\/logo\/image\/\",\"url\":\"https:\/\/mondrisports.com.br\/home\/wp-content\/uploads\/2024\/10\/cropped-cropped-Design-sem-nome-16.png\",\"contentUrl\":\"https:\/\/mondrisports.com.br\/home\/wp-content\/uploads\/2024\/10\/cropped-cropped-Design-sem-nome-16.png\",\"width\":1077,\"height\":358,\"caption\":\"Mondri Sports\"},\"image\":{\"@id\":\"https:\/\/mondrisports.com.br\/home\/#\/schema\/logo\/image\/\"}}]}<\/script>\n<!-- \/ Yoast SEO plugin. -->","yoast_head_json":{"title":"Camiseta Personalizada com o Logo da Empresa - Mondri Sports","description":"Camiseta personalizada com o logo da empresa, em diversos tecidos e acabamentos. Ideal para eventos, uniformiza\u00e7\u00e3o e a\u00e7\u00f5es promocionais.","robots":{"index":"index","follow":"follow","max-snippet":"max-snippet:-1","max-image-preview":"max-image-preview:large","max-video-preview":"max-video-preview:-1"},"canonical":"https:\/\/mondrisports.com.br\/home\/camiseta-personalizada-com-o-logo-da-empresa\/","og_locale":"pt_BR","og_type":"article","og_title":"Camiseta Personalizada com o Logo da Empresa - Mondri Sports","og_description":"Camiseta personalizada com o logo da empresa, em diversos tecidos e acabamentos. Ideal para eventos, uniformiza\u00e7\u00e3o e a\u00e7\u00f5es promocionais.","og_url":"https:\/\/mondrisports.com.br\/home\/camiseta-personalizada-com-o-logo-da-empresa\/","og_site_name":"Mondri Sports","article_modified_time":"2025-04-30T12:02:53+00:00","og_image":[{"width":941,"height":1046,"url":"https:\/\/mondrisports.com.br\/home\/wp-content\/uploads\/2024\/10\/mondri-sports-22.jpg","type":"image\/jpeg"}],"twitter_card":"summary_large_image","twitter_misc":{"Est. tempo de leitura":"2 minutos"},"schema":{"@context":"https:\/\/schema.org","@graph":[{"@type":"WebPage","@id":"https:\/\/mondrisports.com.br\/home\/camiseta-personalizada-com-o-logo-da-empresa\/","url":"https:\/\/mondrisports.com.br\/home\/camiseta-personalizada-com-o-logo-da-empresa\/","name":"Camiseta Personalizada com o Logo da Empresa - Mondri Sports","isPartOf":{"@id":"https:\/\/mondrisports.com.br\/home\/#website"},"primaryImageOfPage":{"@id":"https:\/\/mondrisports.com.br\/home\/camiseta-personalizada-com-o-logo-da-empresa\/#primaryimage"},"image":{"@id":"https:\/\/mondrisports.com.br\/home\/camiseta-personalizada-com-o-logo-da-empresa\/#primaryimage"},"thumbnailUrl":"https:\/\/mondrisports.com.br\/home\/wp-content\/uploads\/2024\/10\/mondri-sports-22-921x1024.jpg","datePublished":"2025-04-28T16:57:54+00:00","dateModified":"2025-04-30T12:02:53+00:00","description":"Camiseta personalizada com o logo da empresa, em diversos tecidos e acabamentos. Ideal para eventos, uniformiza\u00e7\u00e3o e a\u00e7\u00f5es promocionais.","breadcrumb":{"@id":"https:\/\/mondrisports.com.br\/home\/camiseta-personalizada-com-o-logo-da-empresa\/#breadcrumb"},"inLanguage":"pt-BR","potentialAction":[{"@type":"ReadAction","target":["https:\/\/mondrisports.com.br\/home\/camiseta-personalizada-com-o-logo-da-empresa\/"]}]},{"@type":"ImageObject","inLanguage":"pt-BR","@id":"https:\/\/mondrisports.com.br\/home\/camiseta-personalizada-com-o-logo-da-empresa\/#primaryimage","url":"https:\/\/mondrisports.com.br\/home\/wp-content\/uploads\/2024\/10\/mondri-sports-22.jpg","contentUrl":"https:\/\/mondrisports.com.br\/home\/wp-content\/uploads\/2024\/10\/mondri-sports-22.jpg","width":941,"height":1046,"caption":"Evento Empresa Camiseta Personalizada"},{"@type":"BreadcrumbList","@id":"https:\/\/mondrisports.com.br\/home\/camiseta-personalizada-com-o-logo-da-empresa\/#breadcrumb","itemListElement":[{"@type":"ListItem","position":1,"name":"In\u00edcio","item":"https:\/\/mondrisports.com.br\/home\/"},{"@type":"ListItem","position":2,"name":"Camiseta Personalizada com o Logo da Empresa"}]},{"@type":"WebSite","@id":"https:\/\/mondrisports.com.br\/home\/#website","url":"https:\/\/mondrisports.com.br\/home\/","name":"Mondri Sports","description":"Uniformes Esportivos Personalizados","publisher":{"@id":"https:\/\/mondrisports.com.br\/home\/#organization"},"potentialAction":[{"@type":"SearchAction","target":{"@type":"EntryPoint","urlTemplate":"https:\/\/mondrisports.com.br\/home\/?s={search_term_string}"},"query-input":{"@type":"PropertyValueSpecification","valueRequired":true,"valueName":"search_term_string"}}],"inLanguage":"pt-BR"},{"@type":"Organization","@id":"https:\/\/mondrisports.com.br\/home\/#organization","name":"Mondri Sports","url":"https:\/\/mondrisports.com.br\/home\/","logo":{"@type":"ImageObject","inLanguage":"pt-BR","@id":"https:\/\/mondrisports.com.br\/home\/#\/schema\/logo\/image\/","url":"https:\/\/mondrisports.com.br\/home\/wp-content\/uploads\/2024\/10\/cropped-cropped-Design-sem-nome-16.png","contentUrl":"https:\/\/mondrisports.com.br\/home\/wp-content\/uploads\/2024\/10\/cropped-cropped-Design-sem-nome-16.png","width":1077,"height":358,"caption":"Mondri Sports"},"image":{"@id":"https:\/\/mondrisports.com.br\/home\/#\/schema\/logo\/image\/"}}]}},"_links":{"self":[{"href":"https:\/\/mondrisports.com.br\/home\/wp-json\/wp\/v2\/pages\/570","targetHints":{"allow":["GET"]}}],"collection":[{"href":"https:\/\/mondrisports.com.br\/home\/wp-json\/wp\/v2\/pages"}],"about":[{"href":"https:\/\/mondrisports.com.br\/home\/wp-json\/wp\/v2\/types\/page"}],"author":[{"embeddable":true,"href":"https:\/\/mondrisports.com.br\/home\/wp-json\/wp\/v2\/users\/1"}],"replies":[{"embeddable":true,"href":"https:\/\/mondrisports.com.br\/home\/wp-json\/wp\/v2\/comments?post=570"}],"version-history":[{"count":2,"href":"https:\/\/mondrisports.com.br\/home\/wp-json\/wp\/v2\/pages\/570\/revisions"}],"predecessor-version":[{"id":677,"href":"https:\/\/mondrisports.com.br\/home\/wp-json\/wp\/v2\/pages\/570\/revisions\/677"}],"wp:attachment":[{"href":"https:\/\/mondrisports.com.br\/home\/wp-json\/wp\/v2\/media?parent=570"}],"curies":[{"name":"wp","href":"https:\/\/api.w.org\/{rel}","templated":true}]}}