{"id":573,"date":"2025-04-28T14:12:11","date_gmt":"2025-04-28T17:12:11","guid":{"rendered":"https:\/\/mondrisports.com.br\/home\/?page_id=573"},"modified":"2025-04-30T10:06:02","modified_gmt":"2025-04-30T13:06:02","slug":"uniforme-para-staff-de-eventos-esportivos","status":"publish","type":"page","link":"https:\/\/mondrisports.com.br\/home\/uniforme-para-staff-de-eventos-esportivos\/","title":{"rendered":"Uniforme para Staff de Eventos Esportivos"},"content":{"rendered":"\n<div style=\"height:80px\" aria-hidden=\"true\" class=\"wp-block-spacer\"><\/div>\n\n\n\n<h2 class=\"wp-block-heading has-text-align-center has-ast-global-color-8-color has-text-color has-link-color wp-elements-a66f8d3165d8ee268fcd29c37db0f572\">Uniforme para Staff de Eventos Esportivos  Organiza\u00e7\u00e3o e Profissionalismo em Campo<\/h2>\n\n\n\n<div style=\"height:80px\" aria-hidden=\"true\" class=\"wp-block-spacer\"><\/div>\n\n\n\n<h2 class=\"wp-block-heading has-ast-global-color-8-color has-text-color has-link-color wp-elements-e8db3a5e6fd348f8a06bf28057f42cbd\"><strong>Destaque sua equipe de apoio com uniformes funcionais e personalizados<\/strong><\/h2>\n\n\n\n<p class=\"has-ast-global-color-8-color has-text-color has-link-color wp-elements-edc2e89c1c0e5a209489344bb6beda49\">Em eventos esportivos, a equipe de apoio \u00e9 fundamental para garantir que tudo aconte\u00e7a de forma organizada. Por isso, investir em um <strong>uniforme para staff de eventos esportivos<\/strong> refor\u00e7a a autoridade, facilita a identifica\u00e7\u00e3o e contribui para o sucesso do evento.<\/p>\n\n\n\n<h2 class=\"wp-block-heading has-ast-global-color-8-color has-text-color has-link-color wp-elements-0dce678c2f9e735e074cd73b3607529b\"><strong>Benef\u00edcios de uniformizar o staff esportivo<\/strong><\/h2>\n\n\n\n<p class=\"has-ast-global-color-8-color has-text-color has-link-color wp-elements-205a4fe8cdd2f259d88d4e15cbec0e2b\">Contar com um uniforme adequado para o staff traz diversas vantagens:<\/p>\n\n\n\n<ul class=\"wp-block-list has-ast-global-color-8-color has-text-color has-link-color wp-elements-c352a494e1669f5812b596128474ad41\">\n<li><strong>F\u00e1cil identifica\u00e7\u00e3o pelos participantes e pelo p\u00fablico<\/strong><\/li>\n\n\n\n<li><strong>Profissionalismo e credibilidade no evento<\/strong><\/li>\n\n\n\n<li><strong>Unifica\u00e7\u00e3o da equipe de apoio<\/strong><\/li>\n\n\n\n<li><strong>Agilidade no atendimento e suporte<\/strong><\/li>\n\n\n\n<li><strong>Destaque para patrocinadores ou organizadores, se personalizado<\/strong><\/li>\n<\/ul>\n\n\n\n<p class=\"has-ast-global-color-8-color has-text-color has-link-color wp-elements-dff162e8927f642b6759162466b375bb\">Assim, seu evento ganha ainda mais organiza\u00e7\u00e3o e impacto visual.<\/p>\n\n\n\n<h2 class=\"wp-block-heading has-ast-global-color-8-color has-text-color has-link-color wp-elements-5a141b2666c8f7dd0f5aa76cba177d08\"><strong>Personaliza\u00e7\u00e3o completa para a identidade do seu evento<\/strong><\/h2>\n\n\n\n<p class=\"has-ast-global-color-8-color has-text-color has-link-color wp-elements-24c9cdf45e423dbb11d97226ac87cdc8\">Al\u00e9m das cores e logos do evento, podemos incluir elementos dos patrocinadores ou da institui\u00e7\u00e3o organizadora. Assim, o uniforme para staff se torna tamb\u00e9m uma poderosa ferramenta de divulga\u00e7\u00e3o.<\/p>\n\n\n\n<h2 class=\"wp-block-heading has-ast-global-color-8-color has-text-color has-link-color wp-elements-6987acceb0b964a36adfae6d8e535a2a\"><strong>Solicite seu or\u00e7amento de uniforme para staff<\/strong><\/h2>\n\n\n\n<p class=\"has-ast-global-color-8-color has-text-color has-link-color wp-elements-5dbefb6c59600b5f6f71c4d5a27d3221\">Quer organizar um evento esportivo de sucesso? Fale com nossa equipe e garanta uniformes funcionais, confort\u00e1veis e totalmente personalizados para o seu staff!<\/p>\n\n\n\n<p><\/p>\n","protected":false},"excerpt":{"rendered":"<p>Uniforme para Staff de Eventos Esportivos Organiza\u00e7\u00e3o e Profissionalismo em Campo Destaque sua equipe de apoio com uniformes funcionais e [&hellip;]<\/p>\n","protected":false},"author":1,"featured_media":0,"parent":0,"menu_order":0,"comment_status":"closed","ping_status":"closed","template":"","meta":{"site-sidebar-layout":"default","site-content-layout":"","ast-site-content-layout":"","site-content-style":"default","site-sidebar-style":"default","ast-global-header-display":"","ast-banner-title-visibility":"","ast-main-header-display":"","ast-hfb-above-header-display":"","ast-hfb-below-header-display":"","ast-hfb-mobile-header-display":"","site-post-title":"disabled","ast-breadcrumbs-content":"","ast-featured-img":"","footer-sml-layout":"","ast-disable-related-posts":"","theme-transparent-header-meta":"","adv-header-id-meta":"","stick-header-meta":"","header-above-stick-meta":"","header-main-stick-meta":"","header-below-stick-meta":"","astra-migrate-meta-layouts":"default","ast-page-background-enabled":"default","ast-page-background-meta":{"desktop":{"background-color":"var(--ast-global-color-4)","background-image":"","background-repeat":"repeat","background-position":"center center","background-size":"auto","background-attachment":"scroll","background-type":"","background-media":"","overlay-type":"","overlay-color":"","overlay-opacity":"","overlay-gradient":""},"tablet":{"background-color":"","background-image":"","background-repeat":"repeat","background-position":"center center","background-size":"auto","background-attachment":"scroll","background-type":"","background-media":"","overlay-type":"","overlay-color":"","overlay-opacity":"","overlay-gradient":""},"mobile":{"background-color":"","background-image":"","background-repeat":"repeat","background-position":"center center","background-size":"auto","background-attachment":"scroll","background-type":"","background-media":"","overlay-type":"","overlay-color":"","overlay-opacity":"","overlay-gradient":""}},"ast-content-background-meta":{"desktop":{"background-color":"var(--ast-global-color-5)","background-image":"","background-repeat":"repeat","background-position":"center center","background-size":"auto","background-attachment":"scroll","background-type":"","background-media":"","overlay-type":"","overlay-color":"","overlay-opacity":"","overlay-gradient":""},"tablet":{"background-color":"var(--ast-global-color-5)","background-image":"","background-repeat":"repeat","background-position":"center center","background-size":"auto","background-attachment":"scroll","background-type":"","background-media":"","overlay-type":"","overlay-color":"","overlay-opacity":"","overlay-gradient":""},"mobile":{"background-color":"var(--ast-global-color-5)","background-image":"","background-repeat":"repeat","background-position":"center center","background-size":"auto","background-attachment":"scroll","background-type":"","background-media":"","overlay-type":"","overlay-color":"","overlay-opacity":"","overlay-gradient":""}},"footnotes":""},"class_list":["post-573","page","type-page","status-publish","hentry"],"yoast_head":"<!-- This site is optimized with the Yoast SEO plugin v25.3 - https:\/\/yoast.com\/wordpress\/plugins\/seo\/ -->\n<title>Uniforme para Staff de Eventos Esportivos - Mondri Sports<\/title>\n<meta name=\"description\" content=\"Uniforme para staff de eventos esportivos com qualidade e personaliza\u00e7\u00e3o. Destaque sua equipe com roupas funcionais. Pe\u00e7a seu or\u00e7amento!\" \/>\n<meta name=\"robots\" content=\"index, follow, max-snippet:-1, max-image-preview:large, max-video-preview:-1\" \/>\n<link rel=\"canonical\" href=\"https:\/\/mondrisports.com.br\/home\/uniforme-para-staff-de-eventos-esportivos\/\" \/>\n<meta property=\"og:locale\" content=\"pt_BR\" \/>\n<meta property=\"og:type\" content=\"article\" \/>\n<meta property=\"og:title\" content=\"Uniforme para Staff de Eventos Esportivos - Mondri Sports\" \/>\n<meta property=\"og:description\" content=\"Uniforme para staff de eventos esportivos com qualidade e personaliza\u00e7\u00e3o. Destaque sua equipe com roupas funcionais. Pe\u00e7a seu or\u00e7amento!\" \/>\n<meta property=\"og:url\" content=\"https:\/\/mondrisports.com.br\/home\/uniforme-para-staff-de-eventos-esportivos\/\" \/>\n<meta property=\"og:site_name\" content=\"Mondri Sports\" \/>\n<meta property=\"article:modified_time\" content=\"2025-04-30T13:06:02+00:00\" \/>\n<meta name=\"twitter:card\" content=\"summary_large_image\" \/>\n<meta name=\"twitter:label1\" content=\"Est. tempo de leitura\" \/>\n\t<meta name=\"twitter:data1\" content=\"2 minutos\" \/>\n<script type=\"application\/ld+json\" class=\"yoast-schema-graph\">{\"@context\":\"https:\/\/schema.org\",\"@graph\":[{\"@type\":\"WebPage\",\"@id\":\"https:\/\/mondrisports.com.br\/home\/uniforme-para-staff-de-eventos-esportivos\/\",\"url\":\"https:\/\/mondrisports.com.br\/home\/uniforme-para-staff-de-eventos-esportivos\/\",\"name\":\"Uniforme para Staff de Eventos Esportivos - Mondri Sports\",\"isPartOf\":{\"@id\":\"https:\/\/mondrisports.com.br\/home\/#website\"},\"datePublished\":\"2025-04-28T17:12:11+00:00\",\"dateModified\":\"2025-04-30T13:06:02+00:00\",\"description\":\"Uniforme para staff de eventos esportivos com qualidade e personaliza\u00e7\u00e3o. Destaque sua equipe com roupas funcionais. Pe\u00e7a seu or\u00e7amento!\",\"breadcrumb\":{\"@id\":\"https:\/\/mondrisports.com.br\/home\/uniforme-para-staff-de-eventos-esportivos\/#breadcrumb\"},\"inLanguage\":\"pt-BR\",\"potentialAction\":[{\"@type\":\"ReadAction\",\"target\":[\"https:\/\/mondrisports.com.br\/home\/uniforme-para-staff-de-eventos-esportivos\/\"]}]},{\"@type\":\"BreadcrumbList\",\"@id\":\"https:\/\/mondrisports.com.br\/home\/uniforme-para-staff-de-eventos-esportivos\/#breadcrumb\",\"itemListElement\":[{\"@type\":\"ListItem\",\"position\":1,\"name\":\"In\u00edcio\",\"item\":\"https:\/\/mondrisports.com.br\/home\/\"},{\"@type\":\"ListItem\",\"position\":2,\"name\":\"Uniforme para Staff de Eventos Esportivos\"}]},{\"@type\":\"WebSite\",\"@id\":\"https:\/\/mondrisports.com.br\/home\/#website\",\"url\":\"https:\/\/mondrisports.com.br\/home\/\",\"name\":\"Mondri Sports\",\"description\":\"Uniformes Esportivos Personalizados\",\"publisher\":{\"@id\":\"https:\/\/mondrisports.com.br\/home\/#organization\"},\"potentialAction\":[{\"@type\":\"SearchAction\",\"target\":{\"@type\":\"EntryPoint\",\"urlTemplate\":\"https:\/\/mondrisports.com.br\/home\/?s={search_term_string}\"},\"query-input\":{\"@type\":\"PropertyValueSpecification\",\"valueRequired\":true,\"valueName\":\"search_term_string\"}}],\"inLanguage\":\"pt-BR\"},{\"@type\":\"Organization\",\"@id\":\"https:\/\/mondrisports.com.br\/home\/#organization\",\"name\":\"Mondri Sports\",\"url\":\"https:\/\/mondrisports.com.br\/home\/\",\"logo\":{\"@type\":\"ImageObject\",\"inLanguage\":\"pt-BR\",\"@id\":\"https:\/\/mondrisports.com.br\/home\/#\/schema\/logo\/image\/\",\"url\":\"https:\/\/mondrisports.com.br\/home\/wp-content\/uploads\/2024\/10\/cropped-cropped-Design-sem-nome-16.png\",\"contentUrl\":\"https:\/\/mondrisports.com.br\/home\/wp-content\/uploads\/2024\/10\/cropped-cropped-Design-sem-nome-16.png\",\"width\":1077,\"height\":358,\"caption\":\"Mondri Sports\"},\"image\":{\"@id\":\"https:\/\/mondrisports.com.br\/home\/#\/schema\/logo\/image\/\"}}]}<\/script>\n<!-- \/ Yoast SEO plugin. -->","yoast_head_json":{"title":"Uniforme para Staff de Eventos Esportivos - Mondri Sports","description":"Uniforme para staff de eventos esportivos com qualidade e personaliza\u00e7\u00e3o. Destaque sua equipe com roupas funcionais. Pe\u00e7a seu or\u00e7amento!","robots":{"index":"index","follow":"follow","max-snippet":"max-snippet:-1","max-image-preview":"max-image-preview:large","max-video-preview":"max-video-preview:-1"},"canonical":"https:\/\/mondrisports.com.br\/home\/uniforme-para-staff-de-eventos-esportivos\/","og_locale":"pt_BR","og_type":"article","og_title":"Uniforme para Staff de Eventos Esportivos - Mondri Sports","og_description":"Uniforme para staff de eventos esportivos com qualidade e personaliza\u00e7\u00e3o. Destaque sua equipe com roupas funcionais. Pe\u00e7a seu or\u00e7amento!","og_url":"https:\/\/mondrisports.com.br\/home\/uniforme-para-staff-de-eventos-esportivos\/","og_site_name":"Mondri Sports","article_modified_time":"2025-04-30T13:06:02+00:00","twitter_card":"summary_large_image","twitter_misc":{"Est. tempo de leitura":"2 minutos"},"schema":{"@context":"https:\/\/schema.org","@graph":[{"@type":"WebPage","@id":"https:\/\/mondrisports.com.br\/home\/uniforme-para-staff-de-eventos-esportivos\/","url":"https:\/\/mondrisports.com.br\/home\/uniforme-para-staff-de-eventos-esportivos\/","name":"Uniforme para Staff de Eventos Esportivos - Mondri Sports","isPartOf":{"@id":"https:\/\/mondrisports.com.br\/home\/#website"},"datePublished":"2025-04-28T17:12:11+00:00","dateModified":"2025-04-30T13:06:02+00:00","description":"Uniforme para staff de eventos esportivos com qualidade e personaliza\u00e7\u00e3o. Destaque sua equipe com roupas funcionais. Pe\u00e7a seu or\u00e7amento!","breadcrumb":{"@id":"https:\/\/mondrisports.com.br\/home\/uniforme-para-staff-de-eventos-esportivos\/#breadcrumb"},"inLanguage":"pt-BR","potentialAction":[{"@type":"ReadAction","target":["https:\/\/mondrisports.com.br\/home\/uniforme-para-staff-de-eventos-esportivos\/"]}]},{"@type":"BreadcrumbList","@id":"https:\/\/mondrisports.com.br\/home\/uniforme-para-staff-de-eventos-esportivos\/#breadcrumb","itemListElement":[{"@type":"ListItem","position":1,"name":"In\u00edcio","item":"https:\/\/mondrisports.com.br\/home\/"},{"@type":"ListItem","position":2,"name":"Uniforme para Staff de Eventos Esportivos"}]},{"@type":"WebSite","@id":"https:\/\/mondrisports.com.br\/home\/#website","url":"https:\/\/mondrisports.com.br\/home\/","name":"Mondri Sports","description":"Uniformes Esportivos Personalizados","publisher":{"@id":"https:\/\/mondrisports.com.br\/home\/#organization"},"potentialAction":[{"@type":"SearchAction","target":{"@type":"EntryPoint","urlTemplate":"https:\/\/mondrisports.com.br\/home\/?s={search_term_string}"},"query-input":{"@type":"PropertyValueSpecification","valueRequired":true,"valueName":"search_term_string"}}],"inLanguage":"pt-BR"},{"@type":"Organization","@id":"https:\/\/mondrisports.com.br\/home\/#organization","name":"Mondri Sports","url":"https:\/\/mondrisports.com.br\/home\/","logo":{"@type":"ImageObject","inLanguage":"pt-BR","@id":"https:\/\/mondrisports.com.br\/home\/#\/schema\/logo\/image\/","url":"https:\/\/mondrisports.com.br\/home\/wp-content\/uploads\/2024\/10\/cropped-cropped-Design-sem-nome-16.png","contentUrl":"https:\/\/mondrisports.com.br\/home\/wp-content\/uploads\/2024\/10\/cropped-cropped-Design-sem-nome-16.png","width":1077,"height":358,"caption":"Mondri Sports"},"image":{"@id":"https:\/\/mondrisports.com.br\/home\/#\/schema\/logo\/image\/"}}]}},"_links":{"self":[{"href":"https:\/\/mondrisports.com.br\/home\/wp-json\/wp\/v2\/pages\/573","targetHints":{"allow":["GET"]}}],"collection":[{"href":"https:\/\/mondrisports.com.br\/home\/wp-json\/wp\/v2\/pages"}],"about":[{"href":"https:\/\/mondrisports.com.br\/home\/wp-json\/wp\/v2\/types\/page"}],"author":[{"embeddable":true,"href":"https:\/\/mondrisports.com.br\/home\/wp-json\/wp\/v2\/users\/1"}],"replies":[{"embeddable":true,"href":"https:\/\/mondrisports.com.br\/home\/wp-json\/wp\/v2\/comments?post=573"}],"version-history":[{"count":2,"href":"https:\/\/mondrisports.com.br\/home\/wp-json\/wp\/v2\/pages\/573\/revisions"}],"predecessor-version":[{"id":678,"href":"https:\/\/mondrisports.com.br\/home\/wp-json\/wp\/v2\/pages\/573\/revisions\/678"}],"wp:attachment":[{"href":"https:\/\/mondrisports.com.br\/home\/wp-json\/wp\/v2\/media?parent=573"}],"curies":[{"name":"wp","href":"https:\/\/api.w.org\/{rel}","templated":true}]}}