{"id":584,"date":"2025-04-28T14:50:52","date_gmt":"2025-04-28T17:50:52","guid":{"rendered":"https:\/\/mondrisports.com.br\/home\/?page_id=584"},"modified":"2025-04-30T11:26:30","modified_gmt":"2025-04-30T14:26:30","slug":"roupa-esportiva-com-ventilacao","status":"publish","type":"page","link":"https:\/\/mondrisports.com.br\/home\/roupa-esportiva-com-ventilacao\/","title":{"rendered":"Roupa Esportiva com Ventila\u00e7\u00e3o"},"content":{"rendered":"\n<div style=\"height:80px\" aria-hidden=\"true\" class=\"wp-block-spacer\"><\/div>\n\n\n\n<h2 class=\"wp-block-heading has-text-align-center has-ast-global-color-8-color has-text-color has-link-color wp-elements-35b0cca529bb5b828f9c2a67edb4d0d2\">Roupa Esportiva com Ventila\u00e7\u00e3o, Conforto e Performance em Cada Movimento<\/h2>\n\n\n\n<div style=\"height:80px\" aria-hidden=\"true\" class=\"wp-block-spacer\"><\/div>\n\n\n\n<h2 class=\"wp-block-heading has-black-color has-text-color has-link-color wp-elements-caec0ec39a38dba8f79430a2621c3e50\"><strong>Sinta-se livre para superar limites<\/strong><\/h2>\n\n\n\n<p class=\"has-ast-global-color-8-color has-text-color has-link-color wp-elements-6239391eeaea34243fcf0452b4d69f33\">A <strong>roupa esportiva com ventila\u00e7\u00e3o<\/strong> foi criada para quem busca alta performance sem abrir m\u00e3o do conforto. Desenvolvida com tecidos respir\u00e1veis e tecnologia de ventila\u00e7\u00e3o estrat\u00e9gica, ela mant\u00e9m a temperatura corporal ideal mesmo durante treinos intensos.<\/p>\n\n\n\n<h2 class=\"wp-block-heading has-ast-global-color-8-color has-text-color has-link-color wp-elements-50d0f52e3dbbbab15d76c89b26aca63d\"><strong>Benef\u00edcios da roupa esportiva com ventila\u00e7\u00e3o<\/strong><\/h2>\n\n\n\n<p class=\"has-ast-global-color-8-color has-text-color has-link-color wp-elements-cf97d1598a2e372e235a253e69c5932e\">Investir em pe\u00e7as com ventila\u00e7\u00e3o ativa traz diversas vantagens:<\/p>\n\n\n\n<ul class=\"wp-block-list has-ast-global-color-8-color has-text-color has-link-color wp-elements-f7592ccc2313446e4cb19f704637c6e1\">\n<li><strong>Maior respirabilidade durante atividades f\u00edsicas<\/strong><\/li>\n\n\n\n<li><strong>Controle de umidade e secagem r\u00e1pida<\/strong><\/li>\n\n\n\n<li><strong>Conforto t\u00e9rmico em ambientes internos e externos<\/strong><\/li>\n\n\n\n<li><strong>Redu\u00e7\u00e3o da sensa\u00e7\u00e3o de calor e suor excessivo<\/strong><\/li>\n\n\n\n<li><strong>Liberdade de movimentos com ajuste perfeito<\/strong><\/li>\n<\/ul>\n\n\n\n<p class=\"has-ast-global-color-8-color has-text-color has-link-color wp-elements-a437482f2cc8ed6a2994f0976cb4bc45\">Assim, voc\u00ea consegue treinar ou competir com mais energia e efici\u00eancia.<\/p>\n\n\n\n<h2 class=\"wp-block-heading has-ast-global-color-8-color has-text-color has-link-color wp-elements-1784ef9fc7edf2affdcd33dbb26e19cd\"><strong>Onde usar a roupa esportiva com ventila\u00e7\u00e3o<\/strong><\/h2>\n\n\n\n<p class=\"has-ast-global-color-8-color has-text-color has-link-color wp-elements-33a6bdfec8d2bfe6a5d2079b567579e2\">Ideal para diversas pr\u00e1ticas esportivas:<\/p>\n\n\n\n<ul class=\"wp-block-list has-ast-global-color-8-color has-text-color has-link-color wp-elements-9652d5d7f3fb380ee0ada6ece9383b6a\">\n<li>Corrida e maratonas<\/li>\n\n\n\n<li>Treinos funcionais e muscula\u00e7\u00e3o<\/li>\n\n\n\n<li>Ciclismo e esportes outdoor<\/li>\n\n\n\n<li>Treinamentos de futebol, v\u00f4lei, basquete e mais<\/li>\n<\/ul>\n\n\n\n<p class=\"has-ast-global-color-8-color has-text-color has-link-color wp-elements-357b327ace7b29d21bcc980ed6abdcf0\">Portanto, \u00e9 uma excelente escolha para quem n\u00e3o abre m\u00e3o de qualidade e tecnologia.<\/p>\n\n\n\n<h2 class=\"wp-block-heading has-ast-global-color-8-color has-text-color has-link-color wp-elements-21580ee2165d2f8ea6c288536e9dd962\"><strong>Escolha a tecnologia certa para o seu esporte<\/strong><\/h2>\n\n\n\n<p class=\"has-ast-global-color-8-color has-text-color has-link-color wp-elements-082578d0402cb6c772fed8be5aa9d1ab\">As pe\u00e7as com ventila\u00e7\u00e3o s\u00e3o projetadas com pain\u00e9is de malha, tecidos dry fit e micro furos que permitem a circula\u00e7\u00e3o de ar, mantendo seu corpo seco e confort\u00e1vel, mesmo nos exerc\u00edcios mais exigentes.<\/p>\n\n\n\n<figure class=\"wp-block-gallery has-nested-images columns-default is-cropped wp-block-gallery-1 is-layout-flex wp-block-gallery-is-layout-flex\">\n<figure class=\"wp-block-image size-large\"><img loading=\"lazy\" decoding=\"async\" width=\"810\" height=\"935\" data-id=\"135\" src=\"https:\/\/mondrisports.com.br\/home\/wp-content\/uploads\/2024\/10\/mondri-sports-39.jpg\" alt=\"Coletes Esportivos personalizado\" class=\"wp-image-135\" srcset=\"https:\/\/mondrisports.com.br\/home\/wp-content\/uploads\/2024\/10\/mondri-sports-39.jpg 810w, https:\/\/mondrisports.com.br\/home\/wp-content\/uploads\/2024\/10\/mondri-sports-39-260x300.jpg 260w, https:\/\/mondrisports.com.br\/home\/wp-content\/uploads\/2024\/10\/mondri-sports-39-768x887.jpg 768w\" sizes=\"auto, (max-width: 810px) 100vw, 810px\" \/><figcaption class=\"wp-element-caption\">Coletes Esportivos<\/figcaption><\/figure>\n\n\n\n<figure class=\"wp-block-image size-large\"><img loading=\"lazy\" decoding=\"async\" width=\"803\" height=\"1024\" data-id=\"98\" src=\"https:\/\/mondrisports.com.br\/home\/wp-content\/uploads\/2024\/10\/mondri-sports-34-803x1024.jpg\" alt=\"Uniforme esportivo\" class=\"wp-image-98\" srcset=\"https:\/\/mondrisports.com.br\/home\/wp-content\/uploads\/2024\/10\/mondri-sports-34-803x1024.jpg 803w, https:\/\/mondrisports.com.br\/home\/wp-content\/uploads\/2024\/10\/mondri-sports-34-235x300.jpg 235w, https:\/\/mondrisports.com.br\/home\/wp-content\/uploads\/2024\/10\/mondri-sports-34-768x980.jpg 768w, https:\/\/mondrisports.com.br\/home\/wp-content\/uploads\/2024\/10\/mondri-sports-34.jpg 809w\" sizes=\"auto, (max-width: 803px) 100vw, 803px\" \/><\/figure>\n\n\n\n<figure class=\"wp-block-image size-large\"><img loading=\"lazy\" decoding=\"async\" width=\"852\" height=\"1024\" data-id=\"106\" src=\"https:\/\/mondrisports.com.br\/home\/wp-content\/uploads\/2024\/10\/mondri-sports-24-852x1024.jpg\" alt=\"\" class=\"wp-image-106\" srcset=\"https:\/\/mondrisports.com.br\/home\/wp-content\/uploads\/2024\/10\/mondri-sports-24-852x1024.jpg 852w, https:\/\/mondrisports.com.br\/home\/wp-content\/uploads\/2024\/10\/mondri-sports-24-250x300.jpg 250w, https:\/\/mondrisports.com.br\/home\/wp-content\/uploads\/2024\/10\/mondri-sports-24-768x923.jpg 768w, https:\/\/mondrisports.com.br\/home\/wp-content\/uploads\/2024\/10\/mondri-sports-24.jpg 899w\" sizes=\"auto, (max-width: 852px) 100vw, 852px\" \/><figcaption class=\"wp-element-caption\">Camiseta personalizada<\/figcaption><\/figure>\n<\/figure>\n\n\n\n<p><\/p>\n","protected":false},"excerpt":{"rendered":"<p>Roupa Esportiva com Ventila\u00e7\u00e3o, Conforto e Performance em Cada Movimento Sinta-se livre para superar limites A roupa esportiva com ventila\u00e7\u00e3o [&hellip;]<\/p>\n","protected":false},"author":1,"featured_media":0,"parent":0,"menu_order":0,"comment_status":"closed","ping_status":"closed","template":"","meta":{"site-sidebar-layout":"default","site-content-layout":"","ast-site-content-layout":"","site-content-style":"default","site-sidebar-style":"default","ast-global-header-display":"","ast-banner-title-visibility":"","ast-main-header-display":"","ast-hfb-above-header-display":"","ast-hfb-below-header-display":"","ast-hfb-mobile-header-display":"","site-post-title":"disabled","ast-breadcrumbs-content":"","ast-featured-img":"","footer-sml-layout":"","ast-disable-related-posts":"","theme-transparent-header-meta":"","adv-header-id-meta":"","stick-header-meta":"","header-above-stick-meta":"","header-main-stick-meta":"","header-below-stick-meta":"","astra-migrate-meta-layouts":"default","ast-page-background-enabled":"default","ast-page-background-meta":{"desktop":{"background-color":"var(--ast-global-color-4)","background-image":"","background-repeat":"repeat","background-position":"center center","background-size":"auto","background-attachment":"scroll","background-type":"","background-media":"","overlay-type":"","overlay-color":"","overlay-opacity":"","overlay-gradient":""},"tablet":{"background-color":"","background-image":"","background-repeat":"repeat","background-position":"center center","background-size":"auto","background-attachment":"scroll","background-type":"","background-media":"","overlay-type":"","overlay-color":"","overlay-opacity":"","overlay-gradient":""},"mobile":{"background-color":"","background-image":"","background-repeat":"repeat","background-position":"center center","background-size":"auto","background-attachment":"scroll","background-type":"","background-media":"","overlay-type":"","overlay-color":"","overlay-opacity":"","overlay-gradient":""}},"ast-content-background-meta":{"desktop":{"background-color":"var(--ast-global-color-5)","background-image":"","background-repeat":"repeat","background-position":"center center","background-size":"auto","background-attachment":"scroll","background-type":"","background-media":"","overlay-type":"","overlay-color":"","overlay-opacity":"","overlay-gradient":""},"tablet":{"background-color":"var(--ast-global-color-5)","background-image":"","background-repeat":"repeat","background-position":"center center","background-size":"auto","background-attachment":"scroll","background-type":"","background-media":"","overlay-type":"","overlay-color":"","overlay-opacity":"","overlay-gradient":""},"mobile":{"background-color":"var(--ast-global-color-5)","background-image":"","background-repeat":"repeat","background-position":"center center","background-size":"auto","background-attachment":"scroll","background-type":"","background-media":"","overlay-type":"","overlay-color":"","overlay-opacity":"","overlay-gradient":""}},"footnotes":""},"class_list":["post-584","page","type-page","status-publish","hentry"],"yoast_head":"<!-- This site is optimized with the Yoast SEO plugin v25.3 - https:\/\/yoast.com\/wordpress\/plugins\/seo\/ -->\n<title>Roupa Esportiva com Ventila\u00e7\u00e3o - Mondri Sports<\/title>\n<meta name=\"description\" content=\"Roupa esportiva com ventila\u00e7\u00e3o para treinos intensos. Conforto, respirabilidade e tecnologia para alta performance. Pe\u00e7a seu or\u00e7amento agora!\" \/>\n<meta name=\"robots\" content=\"index, follow, max-snippet:-1, max-image-preview:large, max-video-preview:-1\" \/>\n<link rel=\"canonical\" href=\"https:\/\/mondrisports.com.br\/home\/roupa-esportiva-com-ventilacao\/\" \/>\n<meta property=\"og:locale\" content=\"pt_BR\" \/>\n<meta property=\"og:type\" content=\"article\" \/>\n<meta property=\"og:title\" content=\"Roupa Esportiva com Ventila\u00e7\u00e3o - Mondri Sports\" \/>\n<meta property=\"og:description\" content=\"Roupa esportiva com ventila\u00e7\u00e3o para treinos intensos. Conforto, respirabilidade e tecnologia para alta performance. Pe\u00e7a seu or\u00e7amento agora!\" \/>\n<meta property=\"og:url\" content=\"https:\/\/mondrisports.com.br\/home\/roupa-esportiva-com-ventilacao\/\" \/>\n<meta property=\"og:site_name\" content=\"Mondri Sports\" \/>\n<meta property=\"article:modified_time\" content=\"2025-04-30T14:26:30+00:00\" \/>\n<meta property=\"og:image\" content=\"https:\/\/mondrisports.com.br\/home\/wp-content\/uploads\/2024\/10\/mondri-sports-39.jpg\" \/>\n\t<meta property=\"og:image:width\" content=\"810\" \/>\n\t<meta property=\"og:image:height\" content=\"935\" \/>\n\t<meta property=\"og:image:type\" content=\"image\/jpeg\" \/>\n<meta name=\"twitter:card\" content=\"summary_large_image\" \/>\n<meta name=\"twitter:label1\" content=\"Est. tempo de leitura\" \/>\n\t<meta name=\"twitter:data1\" content=\"2 minutos\" \/>\n<script type=\"application\/ld+json\" class=\"yoast-schema-graph\">{\"@context\":\"https:\/\/schema.org\",\"@graph\":[{\"@type\":\"WebPage\",\"@id\":\"https:\/\/mondrisports.com.br\/home\/roupa-esportiva-com-ventilacao\/\",\"url\":\"https:\/\/mondrisports.com.br\/home\/roupa-esportiva-com-ventilacao\/\",\"name\":\"Roupa Esportiva com Ventila\u00e7\u00e3o - Mondri Sports\",\"isPartOf\":{\"@id\":\"https:\/\/mondrisports.com.br\/home\/#website\"},\"primaryImageOfPage\":{\"@id\":\"https:\/\/mondrisports.com.br\/home\/roupa-esportiva-com-ventilacao\/#primaryimage\"},\"image\":{\"@id\":\"https:\/\/mondrisports.com.br\/home\/roupa-esportiva-com-ventilacao\/#primaryimage\"},\"thumbnailUrl\":\"https:\/\/mondrisports.com.br\/home\/wp-content\/uploads\/2024\/10\/mondri-sports-39.jpg\",\"datePublished\":\"2025-04-28T17:50:52+00:00\",\"dateModified\":\"2025-04-30T14:26:30+00:00\",\"description\":\"Roupa esportiva com ventila\u00e7\u00e3o para treinos intensos. Conforto, respirabilidade e tecnologia para alta performance. Pe\u00e7a seu or\u00e7amento agora!\",\"breadcrumb\":{\"@id\":\"https:\/\/mondrisports.com.br\/home\/roupa-esportiva-com-ventilacao\/#breadcrumb\"},\"inLanguage\":\"pt-BR\",\"potentialAction\":[{\"@type\":\"ReadAction\",\"target\":[\"https:\/\/mondrisports.com.br\/home\/roupa-esportiva-com-ventilacao\/\"]}]},{\"@type\":\"ImageObject\",\"inLanguage\":\"pt-BR\",\"@id\":\"https:\/\/mondrisports.com.br\/home\/roupa-esportiva-com-ventilacao\/#primaryimage\",\"url\":\"https:\/\/mondrisports.com.br\/home\/wp-content\/uploads\/2024\/10\/mondri-sports-39.jpg\",\"contentUrl\":\"https:\/\/mondrisports.com.br\/home\/wp-content\/uploads\/2024\/10\/mondri-sports-39.jpg\",\"width\":810,\"height\":935,\"caption\":\"Coletes Esportivos\"},{\"@type\":\"BreadcrumbList\",\"@id\":\"https:\/\/mondrisports.com.br\/home\/roupa-esportiva-com-ventilacao\/#breadcrumb\",\"itemListElement\":[{\"@type\":\"ListItem\",\"position\":1,\"name\":\"In\u00edcio\",\"item\":\"https:\/\/mondrisports.com.br\/home\/\"},{\"@type\":\"ListItem\",\"position\":2,\"name\":\"Roupa Esportiva com Ventila\u00e7\u00e3o\"}]},{\"@type\":\"WebSite\",\"@id\":\"https:\/\/mondrisports.com.br\/home\/#website\",\"url\":\"https:\/\/mondrisports.com.br\/home\/\",\"name\":\"Mondri Sports\",\"description\":\"Uniformes Esportivos Personalizados\",\"publisher\":{\"@id\":\"https:\/\/mondrisports.com.br\/home\/#organization\"},\"potentialAction\":[{\"@type\":\"SearchAction\",\"target\":{\"@type\":\"EntryPoint\",\"urlTemplate\":\"https:\/\/mondrisports.com.br\/home\/?s={search_term_string}\"},\"query-input\":{\"@type\":\"PropertyValueSpecification\",\"valueRequired\":true,\"valueName\":\"search_term_string\"}}],\"inLanguage\":\"pt-BR\"},{\"@type\":\"Organization\",\"@id\":\"https:\/\/mondrisports.com.br\/home\/#organization\",\"name\":\"Mondri Sports\",\"url\":\"https:\/\/mondrisports.com.br\/home\/\",\"logo\":{\"@type\":\"ImageObject\",\"inLanguage\":\"pt-BR\",\"@id\":\"https:\/\/mondrisports.com.br\/home\/#\/schema\/logo\/image\/\",\"url\":\"https:\/\/mondrisports.com.br\/home\/wp-content\/uploads\/2024\/10\/cropped-cropped-Design-sem-nome-16.png\",\"contentUrl\":\"https:\/\/mondrisports.com.br\/home\/wp-content\/uploads\/2024\/10\/cropped-cropped-Design-sem-nome-16.png\",\"width\":1077,\"height\":358,\"caption\":\"Mondri Sports\"},\"image\":{\"@id\":\"https:\/\/mondrisports.com.br\/home\/#\/schema\/logo\/image\/\"}}]}<\/script>\n<!-- \/ Yoast SEO plugin. -->","yoast_head_json":{"title":"Roupa Esportiva com Ventila\u00e7\u00e3o - Mondri Sports","description":"Roupa esportiva com ventila\u00e7\u00e3o para treinos intensos. Conforto, respirabilidade e tecnologia para alta performance. Pe\u00e7a seu or\u00e7amento agora!","robots":{"index":"index","follow":"follow","max-snippet":"max-snippet:-1","max-image-preview":"max-image-preview:large","max-video-preview":"max-video-preview:-1"},"canonical":"https:\/\/mondrisports.com.br\/home\/roupa-esportiva-com-ventilacao\/","og_locale":"pt_BR","og_type":"article","og_title":"Roupa Esportiva com Ventila\u00e7\u00e3o - Mondri Sports","og_description":"Roupa esportiva com ventila\u00e7\u00e3o para treinos intensos. Conforto, respirabilidade e tecnologia para alta performance. Pe\u00e7a seu or\u00e7amento agora!","og_url":"https:\/\/mondrisports.com.br\/home\/roupa-esportiva-com-ventilacao\/","og_site_name":"Mondri Sports","article_modified_time":"2025-04-30T14:26:30+00:00","og_image":[{"width":810,"height":935,"url":"https:\/\/mondrisports.com.br\/home\/wp-content\/uploads\/2024\/10\/mondri-sports-39.jpg","type":"image\/jpeg"}],"twitter_card":"summary_large_image","twitter_misc":{"Est. tempo de leitura":"2 minutos"},"schema":{"@context":"https:\/\/schema.org","@graph":[{"@type":"WebPage","@id":"https:\/\/mondrisports.com.br\/home\/roupa-esportiva-com-ventilacao\/","url":"https:\/\/mondrisports.com.br\/home\/roupa-esportiva-com-ventilacao\/","name":"Roupa Esportiva com Ventila\u00e7\u00e3o - Mondri Sports","isPartOf":{"@id":"https:\/\/mondrisports.com.br\/home\/#website"},"primaryImageOfPage":{"@id":"https:\/\/mondrisports.com.br\/home\/roupa-esportiva-com-ventilacao\/#primaryimage"},"image":{"@id":"https:\/\/mondrisports.com.br\/home\/roupa-esportiva-com-ventilacao\/#primaryimage"},"thumbnailUrl":"https:\/\/mondrisports.com.br\/home\/wp-content\/uploads\/2024\/10\/mondri-sports-39.jpg","datePublished":"2025-04-28T17:50:52+00:00","dateModified":"2025-04-30T14:26:30+00:00","description":"Roupa esportiva com ventila\u00e7\u00e3o para treinos intensos. Conforto, respirabilidade e tecnologia para alta performance. Pe\u00e7a seu or\u00e7amento agora!","breadcrumb":{"@id":"https:\/\/mondrisports.com.br\/home\/roupa-esportiva-com-ventilacao\/#breadcrumb"},"inLanguage":"pt-BR","potentialAction":[{"@type":"ReadAction","target":["https:\/\/mondrisports.com.br\/home\/roupa-esportiva-com-ventilacao\/"]}]},{"@type":"ImageObject","inLanguage":"pt-BR","@id":"https:\/\/mondrisports.com.br\/home\/roupa-esportiva-com-ventilacao\/#primaryimage","url":"https:\/\/mondrisports.com.br\/home\/wp-content\/uploads\/2024\/10\/mondri-sports-39.jpg","contentUrl":"https:\/\/mondrisports.com.br\/home\/wp-content\/uploads\/2024\/10\/mondri-sports-39.jpg","width":810,"height":935,"caption":"Coletes Esportivos"},{"@type":"BreadcrumbList","@id":"https:\/\/mondrisports.com.br\/home\/roupa-esportiva-com-ventilacao\/#breadcrumb","itemListElement":[{"@type":"ListItem","position":1,"name":"In\u00edcio","item":"https:\/\/mondrisports.com.br\/home\/"},{"@type":"ListItem","position":2,"name":"Roupa Esportiva com Ventila\u00e7\u00e3o"}]},{"@type":"WebSite","@id":"https:\/\/mondrisports.com.br\/home\/#website","url":"https:\/\/mondrisports.com.br\/home\/","name":"Mondri Sports","description":"Uniformes Esportivos Personalizados","publisher":{"@id":"https:\/\/mondrisports.com.br\/home\/#organization"},"potentialAction":[{"@type":"SearchAction","target":{"@type":"EntryPoint","urlTemplate":"https:\/\/mondrisports.com.br\/home\/?s={search_term_string}"},"query-input":{"@type":"PropertyValueSpecification","valueRequired":true,"valueName":"search_term_string"}}],"inLanguage":"pt-BR"},{"@type":"Organization","@id":"https:\/\/mondrisports.com.br\/home\/#organization","name":"Mondri Sports","url":"https:\/\/mondrisports.com.br\/home\/","logo":{"@type":"ImageObject","inLanguage":"pt-BR","@id":"https:\/\/mondrisports.com.br\/home\/#\/schema\/logo\/image\/","url":"https:\/\/mondrisports.com.br\/home\/wp-content\/uploads\/2024\/10\/cropped-cropped-Design-sem-nome-16.png","contentUrl":"https:\/\/mondrisports.com.br\/home\/wp-content\/uploads\/2024\/10\/cropped-cropped-Design-sem-nome-16.png","width":1077,"height":358,"caption":"Mondri Sports"},"image":{"@id":"https:\/\/mondrisports.com.br\/home\/#\/schema\/logo\/image\/"}}]}},"_links":{"self":[{"href":"https:\/\/mondrisports.com.br\/home\/wp-json\/wp\/v2\/pages\/584","targetHints":{"allow":["GET"]}}],"collection":[{"href":"https:\/\/mondrisports.com.br\/home\/wp-json\/wp\/v2\/pages"}],"about":[{"href":"https:\/\/mondrisports.com.br\/home\/wp-json\/wp\/v2\/types\/page"}],"author":[{"embeddable":true,"href":"https:\/\/mondrisports.com.br\/home\/wp-json\/wp\/v2\/users\/1"}],"replies":[{"embeddable":true,"href":"https:\/\/mondrisports.com.br\/home\/wp-json\/wp\/v2\/comments?post=584"}],"version-history":[{"count":2,"href":"https:\/\/mondrisports.com.br\/home\/wp-json\/wp\/v2\/pages\/584\/revisions"}],"predecessor-version":[{"id":682,"href":"https:\/\/mondrisports.com.br\/home\/wp-json\/wp\/v2\/pages\/584\/revisions\/682"}],"wp:attachment":[{"href":"https:\/\/mondrisports.com.br\/home\/wp-json\/wp\/v2\/media?parent=584"}],"curies":[{"name":"wp","href":"https:\/\/api.w.org\/{rel}","templated":true}]}}