{"id":587,"date":"2025-04-28T15:02:44","date_gmt":"2025-04-28T18:02:44","guid":{"rendered":"https:\/\/mondrisports.com.br\/home\/?page_id=587"},"modified":"2025-04-30T11:46:37","modified_gmt":"2025-04-30T14:46:37","slug":"tecido-respiravel-para-treino","status":"publish","type":"page","link":"https:\/\/mondrisports.com.br\/home\/tecido-respiravel-para-treino\/","title":{"rendered":"Tecido Respir\u00e1vel para Treino"},"content":{"rendered":"\n<div style=\"height:80px\" aria-hidden=\"true\" class=\"wp-block-spacer\"><\/div>\n\n\n\n<h2 class=\"wp-block-heading has-text-align-center has-ast-global-color-8-color has-text-color has-link-color wp-elements-8b684f43ae1b2c6cbebde5c2ad1ab252\">Tecido Respir\u00e1vel para Treino, Desempenho e Conforto para Seus Exerc\u00edcios<\/h2>\n\n\n\n<div style=\"height:80px\" aria-hidden=\"true\" class=\"wp-block-spacer\"><\/div>\n\n\n\n<h2 class=\"wp-block-heading has-ast-global-color-8-color has-text-color has-link-color wp-elements-6f34bb71279e36bf06b45641d5729b20\"><strong>Mais conforto, mais performance<\/strong><\/h2>\n\n\n\n<p class=\"has-ast-global-color-8-color has-text-color has-link-color wp-elements-5b56d74d7d802112cd8269c220fb4b69\">O <strong>tecido respir\u00e1vel <\/strong>\u00e9 essencial para quem busca melhorar o desempenho esportivo sem abrir m\u00e3o do bem-estar. Desenvolvido com tecnologia de ventila\u00e7\u00e3o, ele ajuda a manter o corpo seco e a temperatura regulada, mesmo em treinos mais intensos.<\/p>\n\n\n\n<h2 class=\"wp-block-heading has-ast-global-color-8-color has-text-color has-link-color wp-elements-c38f91c1450ba17ed892137fca64f14f\"><strong>Por que escolher roupas com tecido respir\u00e1vel?<\/strong><\/h2>\n\n\n\n<p class=\"has-ast-global-color-8-color has-text-color has-link-color wp-elements-f8696352c2c58a478b78cc8d71b1899f\">Existem v\u00e1rias raz\u00f5es para investir nesse tipo de material:<\/p>\n\n\n\n<ul class=\"wp-block-list has-ast-global-color-8-color has-text-color has-link-color wp-elements-073a216d9f4c134fb40a51eec4b4bdfa\">\n<li><strong>Absor\u00e7\u00e3o r\u00e1pida do suor<\/strong><\/li>\n\n\n\n<li><strong>Secagem eficiente durante a atividade<\/strong><\/li>\n\n\n\n<li><strong>Redu\u00e7\u00e3o da sensa\u00e7\u00e3o de calor e desconforto<\/strong><\/li>\n\n\n\n<li><strong>Liberdade de movimentos com ajuste anat\u00f4mico<\/strong><\/li>\n\n\n\n<li><strong>Mais leveza e durabilidade em cada treino<\/strong><\/li>\n<\/ul>\n\n\n\n<p class=\"has-ast-global-color-8-color has-text-color has-link-color wp-elements-665c89bc44e352e0c257eece22de6d60\">Dessa forma, voc\u00ea treina melhor, com mais disposi\u00e7\u00e3o e seguran\u00e7a.<\/p>\n\n\n\n<h2 class=\"wp-block-heading has-ast-global-color-8-color has-text-color has-link-color wp-elements-8e68a12f7eea6e829a31b7c3c6015144\"><strong>Aplica\u00e7\u00f5es do tecido respir\u00e1vel para treino<\/strong><\/h2>\n\n\n\n<p class=\"has-ast-global-color-8-color has-text-color has-link-color wp-elements-e9fb9487eba81cb65ee39dcda261836c\">O tecido respir\u00e1vel \u00e9 perfeito para:<\/p>\n\n\n\n<ul class=\"wp-block-list has-ast-global-color-8-color has-text-color has-link-color wp-elements-7f6a701e0a95e54da6c88c13c6878209\">\n<li>Roupas de academia e muscula\u00e7\u00e3o<\/li>\n\n\n\n<li>Conjuntos para corrida e caminhada<\/li>\n\n\n\n<li>Uniformes esportivos de alta performance<\/li>\n\n\n\n<li>Shorts, camisetas, regatas e jaquetas esportivas<\/li>\n\n\n\n<li>Vestu\u00e1rio para ciclismo, crossfit e funcional<\/li>\n<\/ul>\n\n\n\n<p class=\"has-ast-global-color-8-color has-text-color has-link-color wp-elements-156236aaf25668392ac5add192e120b4\">Portanto, \u00e9 a escolha ideal para atletas de todos os n\u00edveis.<\/p>\n\n\n\n<h2 class=\"wp-block-heading has-black-color has-text-color has-link-color wp-elements-7d87dba92966e6cafbc0d9f3edebf249\"><strong>Tecnologia a favor do seu treino<\/strong><\/h2>\n\n\n\n<p class=\"has-ast-global-color-8-color has-text-color has-link-color wp-elements-7fce09c45ab40f75bbfb9828cfe8cc93\">Produzido em materiais como dry fit e poli\u00e9ster de alta qualidade, o tecido respir\u00e1vel favorece a ventila\u00e7\u00e3o natural do corpo, aumentando o conforto e otimizando seus resultados nos treinos.<\/p>\n\n\n\n<h2 class=\"wp-block-heading has-ast-global-color-8-color has-text-color has-link-color wp-elements-7a848e7c21bc306d00c9b2553c839d89\"><strong>Solicite roupas de treino com tecido respir\u00e1vel<\/strong><\/h2>\n\n\n\n<p class=\"has-ast-global-color-8-color has-text-color has-link-color wp-elements-2a48943e5861aaa75360a35764c37ddc\">Quer roupas que acompanhem sua evolu\u00e7\u00e3o nos treinos? Fale conosco e conhe\u00e7a as op\u00e7\u00f5es dispon\u00edveis para atender seu projeto esportivo!<\/p>\n\n\n\n<div class=\"wp-block-buttons is-content-justification-center is-layout-flex wp-container-core-buttons-is-layout-a89b3969 wp-block-buttons-is-layout-flex\">\n<div class=\"wp-block-button\"><a class=\"wp-block-button__link has-cyan-bluish-gray-background-color has-background wp-element-button\" href=\"http:\/\/wa.me\/554133326052\">Solicite um Or\u00e7amento<\/a><\/div>\n<\/div>\n\n\n\n<figure class=\"wp-block-gallery has-nested-images columns-default is-cropped wp-block-gallery-1 is-layout-flex wp-block-gallery-is-layout-flex\">\n<figure class=\"wp-block-image size-large\"><img loading=\"lazy\" decoding=\"async\" width=\"773\" height=\"1024\" data-id=\"129\" src=\"https:\/\/mondrisports.com.br\/home\/wp-content\/uploads\/2024\/10\/mondri-sports-25-773x1024.jpg\" alt=\"\" class=\"wp-image-129\" srcset=\"https:\/\/mondrisports.com.br\/home\/wp-content\/uploads\/2024\/10\/mondri-sports-25-773x1024.jpg 773w, https:\/\/mondrisports.com.br\/home\/wp-content\/uploads\/2024\/10\/mondri-sports-25-226x300.jpg 226w, https:\/\/mondrisports.com.br\/home\/wp-content\/uploads\/2024\/10\/mondri-sports-25-768x1018.jpg 768w, https:\/\/mondrisports.com.br\/home\/wp-content\/uploads\/2024\/10\/mondri-sports-25.jpg 815w\" sizes=\"auto, (max-width: 773px) 100vw, 773px\" \/><figcaption class=\"wp-element-caption\">Dry FIt<\/figcaption><\/figure>\n\n\n\n<figure class=\"wp-block-image size-large\"><img loading=\"lazy\" decoding=\"async\" width=\"801\" height=\"1024\" data-id=\"121\" src=\"https:\/\/mondrisports.com.br\/home\/wp-content\/uploads\/2024\/10\/mondri-sports-7-801x1024.jpg\" alt=\"\" class=\"wp-image-121\" srcset=\"https:\/\/mondrisports.com.br\/home\/wp-content\/uploads\/2024\/10\/mondri-sports-7-801x1024.jpg 801w, https:\/\/mondrisports.com.br\/home\/wp-content\/uploads\/2024\/10\/mondri-sports-7-235x300.jpg 235w, https:\/\/mondrisports.com.br\/home\/wp-content\/uploads\/2024\/10\/mondri-sports-7-768x981.jpg 768w, https:\/\/mondrisports.com.br\/home\/wp-content\/uploads\/2024\/10\/mondri-sports-7.jpg 810w\" sizes=\"auto, (max-width: 801px) 100vw, 801px\" \/><figcaption class=\"wp-element-caption\">Uniformes<\/figcaption><\/figure>\n\n\n\n<figure class=\"wp-block-image size-large\"><img loading=\"lazy\" decoding=\"async\" width=\"820\" height=\"1024\" data-id=\"119\" src=\"https:\/\/mondrisports.com.br\/home\/wp-content\/uploads\/2024\/10\/mondri-sports-12-820x1024.jpg\" alt=\"\" class=\"wp-image-119\" srcset=\"https:\/\/mondrisports.com.br\/home\/wp-content\/uploads\/2024\/10\/mondri-sports-12-820x1024.jpg 820w, https:\/\/mondrisports.com.br\/home\/wp-content\/uploads\/2024\/10\/mondri-sports-12-240x300.jpg 240w, https:\/\/mondrisports.com.br\/home\/wp-content\/uploads\/2024\/10\/mondri-sports-12-768x959.jpg 768w, https:\/\/mondrisports.com.br\/home\/wp-content\/uploads\/2024\/10\/mondri-sports-12.jpg 865w\" sizes=\"auto, (max-width: 820px) 100vw, 820px\" \/><figcaption class=\"wp-element-caption\">Camiseta com Nome e N\u00famero<\/figcaption><\/figure>\n<\/figure>\n\n\n\n<p class=\"has-ast-global-color-8-color has-text-color has-link-color wp-elements-a5e518ca120ea5b1948d15694051876b\"><strong>Quem Somos? <a href=\"https:\/\/mondrisports.com.br\/home\/quem-somos\/\">Clique aqui.<\/a><\/strong><\/p>\n","protected":false},"excerpt":{"rendered":"<p>Tecido Respir\u00e1vel para Treino, Desempenho e Conforto para Seus Exerc\u00edcios Mais conforto, mais performance O tecido respir\u00e1vel \u00e9 essencial para [&hellip;]<\/p>\n","protected":false},"author":1,"featured_media":0,"parent":0,"menu_order":0,"comment_status":"closed","ping_status":"closed","template":"","meta":{"site-sidebar-layout":"default","site-content-layout":"","ast-site-content-layout":"","site-content-style":"default","site-sidebar-style":"default","ast-global-header-display":"","ast-banner-title-visibility":"","ast-main-header-display":"","ast-hfb-above-header-display":"","ast-hfb-below-header-display":"","ast-hfb-mobile-header-display":"","site-post-title":"disabled","ast-breadcrumbs-content":"","ast-featured-img":"","footer-sml-layout":"","ast-disable-related-posts":"","theme-transparent-header-meta":"","adv-header-id-meta":"","stick-header-meta":"","header-above-stick-meta":"","header-main-stick-meta":"","header-below-stick-meta":"","astra-migrate-meta-layouts":"default","ast-page-background-enabled":"default","ast-page-background-meta":{"desktop":{"background-color":"var(--ast-global-color-4)","background-image":"","background-repeat":"repeat","background-position":"center center","background-size":"auto","background-attachment":"scroll","background-type":"","background-media":"","overlay-type":"","overlay-color":"","overlay-opacity":"","overlay-gradient":""},"tablet":{"background-color":"","background-image":"","background-repeat":"repeat","background-position":"center center","background-size":"auto","background-attachment":"scroll","background-type":"","background-media":"","overlay-type":"","overlay-color":"","overlay-opacity":"","overlay-gradient":""},"mobile":{"background-color":"","background-image":"","background-repeat":"repeat","background-position":"center center","background-size":"auto","background-attachment":"scroll","background-type":"","background-media":"","overlay-type":"","overlay-color":"","overlay-opacity":"","overlay-gradient":""}},"ast-content-background-meta":{"desktop":{"background-color":"var(--ast-global-color-5)","background-image":"","background-repeat":"repeat","background-position":"center center","background-size":"auto","background-attachment":"scroll","background-type":"","background-media":"","overlay-type":"","overlay-color":"","overlay-opacity":"","overlay-gradient":""},"tablet":{"background-color":"var(--ast-global-color-5)","background-image":"","background-repeat":"repeat","background-position":"center center","background-size":"auto","background-attachment":"scroll","background-type":"","background-media":"","overlay-type":"","overlay-color":"","overlay-opacity":"","overlay-gradient":""},"mobile":{"background-color":"var(--ast-global-color-5)","background-image":"","background-repeat":"repeat","background-position":"center center","background-size":"auto","background-attachment":"scroll","background-type":"","background-media":"","overlay-type":"","overlay-color":"","overlay-opacity":"","overlay-gradient":""}},"footnotes":""},"class_list":["post-587","page","type-page","status-publish","hentry"],"yoast_head":"<!-- This site is optimized with the Yoast SEO plugin v25.3 - https:\/\/yoast.com\/wordpress\/plugins\/seo\/ -->\n<title>Tecido Respir\u00e1vel para Treino - Mondri Sports<\/title>\n<meta name=\"description\" content=\"Tecido respir\u00e1vel para treino, com alta tecnologia de ventila\u00e7\u00e3o e conforto. Garanta roupas leves e eficientes para seus treinos.\" \/>\n<meta name=\"robots\" content=\"index, follow, max-snippet:-1, max-image-preview:large, max-video-preview:-1\" \/>\n<link rel=\"canonical\" href=\"https:\/\/mondrisports.com.br\/home\/tecido-respiravel-para-treino\/\" \/>\n<meta property=\"og:locale\" content=\"pt_BR\" \/>\n<meta property=\"og:type\" content=\"article\" \/>\n<meta property=\"og:title\" content=\"Tecido Respir\u00e1vel para Treino - Mondri Sports\" \/>\n<meta property=\"og:description\" content=\"Tecido respir\u00e1vel para treino, com alta tecnologia de ventila\u00e7\u00e3o e conforto. Garanta roupas leves e eficientes para seus treinos.\" \/>\n<meta property=\"og:url\" content=\"https:\/\/mondrisports.com.br\/home\/tecido-respiravel-para-treino\/\" \/>\n<meta property=\"og:site_name\" content=\"Mondri Sports\" \/>\n<meta property=\"article:modified_time\" content=\"2025-04-30T14:46:37+00:00\" \/>\n<meta property=\"og:image\" content=\"https:\/\/mondrisports.com.br\/home\/wp-content\/uploads\/2024\/10\/mondri-sports-25.jpg\" \/>\n\t<meta property=\"og:image:width\" content=\"815\" \/>\n\t<meta property=\"og:image:height\" content=\"1080\" \/>\n\t<meta property=\"og:image:type\" content=\"image\/jpeg\" \/>\n<meta name=\"twitter:card\" content=\"summary_large_image\" \/>\n<meta name=\"twitter:label1\" content=\"Est. tempo de leitura\" \/>\n\t<meta name=\"twitter:data1\" content=\"2 minutos\" \/>\n<script type=\"application\/ld+json\" class=\"yoast-schema-graph\">{\"@context\":\"https:\/\/schema.org\",\"@graph\":[{\"@type\":\"WebPage\",\"@id\":\"https:\/\/mondrisports.com.br\/home\/tecido-respiravel-para-treino\/\",\"url\":\"https:\/\/mondrisports.com.br\/home\/tecido-respiravel-para-treino\/\",\"name\":\"Tecido Respir\u00e1vel para Treino - Mondri Sports\",\"isPartOf\":{\"@id\":\"https:\/\/mondrisports.com.br\/home\/#website\"},\"primaryImageOfPage\":{\"@id\":\"https:\/\/mondrisports.com.br\/home\/tecido-respiravel-para-treino\/#primaryimage\"},\"image\":{\"@id\":\"https:\/\/mondrisports.com.br\/home\/tecido-respiravel-para-treino\/#primaryimage\"},\"thumbnailUrl\":\"https:\/\/mondrisports.com.br\/home\/wp-content\/uploads\/2024\/10\/mondri-sports-25-773x1024.jpg\",\"datePublished\":\"2025-04-28T18:02:44+00:00\",\"dateModified\":\"2025-04-30T14:46:37+00:00\",\"description\":\"Tecido respir\u00e1vel para treino, com alta tecnologia de ventila\u00e7\u00e3o e conforto. Garanta roupas leves e eficientes para seus treinos.\",\"breadcrumb\":{\"@id\":\"https:\/\/mondrisports.com.br\/home\/tecido-respiravel-para-treino\/#breadcrumb\"},\"inLanguage\":\"pt-BR\",\"potentialAction\":[{\"@type\":\"ReadAction\",\"target\":[\"https:\/\/mondrisports.com.br\/home\/tecido-respiravel-para-treino\/\"]}]},{\"@type\":\"ImageObject\",\"inLanguage\":\"pt-BR\",\"@id\":\"https:\/\/mondrisports.com.br\/home\/tecido-respiravel-para-treino\/#primaryimage\",\"url\":\"https:\/\/mondrisports.com.br\/home\/wp-content\/uploads\/2024\/10\/mondri-sports-25.jpg\",\"contentUrl\":\"https:\/\/mondrisports.com.br\/home\/wp-content\/uploads\/2024\/10\/mondri-sports-25.jpg\",\"width\":815,\"height\":1080,\"caption\":\"camiseta interclasse personalizada\"},{\"@type\":\"BreadcrumbList\",\"@id\":\"https:\/\/mondrisports.com.br\/home\/tecido-respiravel-para-treino\/#breadcrumb\",\"itemListElement\":[{\"@type\":\"ListItem\",\"position\":1,\"name\":\"In\u00edcio\",\"item\":\"https:\/\/mondrisports.com.br\/home\/\"},{\"@type\":\"ListItem\",\"position\":2,\"name\":\"Tecido Respir\u00e1vel para Treino\"}]},{\"@type\":\"WebSite\",\"@id\":\"https:\/\/mondrisports.com.br\/home\/#website\",\"url\":\"https:\/\/mondrisports.com.br\/home\/\",\"name\":\"Mondri Sports\",\"description\":\"Uniformes Esportivos Personalizados\",\"publisher\":{\"@id\":\"https:\/\/mondrisports.com.br\/home\/#organization\"},\"potentialAction\":[{\"@type\":\"SearchAction\",\"target\":{\"@type\":\"EntryPoint\",\"urlTemplate\":\"https:\/\/mondrisports.com.br\/home\/?s={search_term_string}\"},\"query-input\":{\"@type\":\"PropertyValueSpecification\",\"valueRequired\":true,\"valueName\":\"search_term_string\"}}],\"inLanguage\":\"pt-BR\"},{\"@type\":\"Organization\",\"@id\":\"https:\/\/mondrisports.com.br\/home\/#organization\",\"name\":\"Mondri Sports\",\"url\":\"https:\/\/mondrisports.com.br\/home\/\",\"logo\":{\"@type\":\"ImageObject\",\"inLanguage\":\"pt-BR\",\"@id\":\"https:\/\/mondrisports.com.br\/home\/#\/schema\/logo\/image\/\",\"url\":\"https:\/\/mondrisports.com.br\/home\/wp-content\/uploads\/2024\/10\/cropped-cropped-Design-sem-nome-16.png\",\"contentUrl\":\"https:\/\/mondrisports.com.br\/home\/wp-content\/uploads\/2024\/10\/cropped-cropped-Design-sem-nome-16.png\",\"width\":1077,\"height\":358,\"caption\":\"Mondri Sports\"},\"image\":{\"@id\":\"https:\/\/mondrisports.com.br\/home\/#\/schema\/logo\/image\/\"}}]}<\/script>\n<!-- \/ Yoast SEO plugin. -->","yoast_head_json":{"title":"Tecido Respir\u00e1vel para Treino - Mondri Sports","description":"Tecido respir\u00e1vel para treino, com alta tecnologia de ventila\u00e7\u00e3o e conforto. Garanta roupas leves e eficientes para seus treinos.","robots":{"index":"index","follow":"follow","max-snippet":"max-snippet:-1","max-image-preview":"max-image-preview:large","max-video-preview":"max-video-preview:-1"},"canonical":"https:\/\/mondrisports.com.br\/home\/tecido-respiravel-para-treino\/","og_locale":"pt_BR","og_type":"article","og_title":"Tecido Respir\u00e1vel para Treino - Mondri Sports","og_description":"Tecido respir\u00e1vel para treino, com alta tecnologia de ventila\u00e7\u00e3o e conforto. Garanta roupas leves e eficientes para seus treinos.","og_url":"https:\/\/mondrisports.com.br\/home\/tecido-respiravel-para-treino\/","og_site_name":"Mondri Sports","article_modified_time":"2025-04-30T14:46:37+00:00","og_image":[{"width":815,"height":1080,"url":"https:\/\/mondrisports.com.br\/home\/wp-content\/uploads\/2024\/10\/mondri-sports-25.jpg","type":"image\/jpeg"}],"twitter_card":"summary_large_image","twitter_misc":{"Est. tempo de leitura":"2 minutos"},"schema":{"@context":"https:\/\/schema.org","@graph":[{"@type":"WebPage","@id":"https:\/\/mondrisports.com.br\/home\/tecido-respiravel-para-treino\/","url":"https:\/\/mondrisports.com.br\/home\/tecido-respiravel-para-treino\/","name":"Tecido Respir\u00e1vel para Treino - Mondri Sports","isPartOf":{"@id":"https:\/\/mondrisports.com.br\/home\/#website"},"primaryImageOfPage":{"@id":"https:\/\/mondrisports.com.br\/home\/tecido-respiravel-para-treino\/#primaryimage"},"image":{"@id":"https:\/\/mondrisports.com.br\/home\/tecido-respiravel-para-treino\/#primaryimage"},"thumbnailUrl":"https:\/\/mondrisports.com.br\/home\/wp-content\/uploads\/2024\/10\/mondri-sports-25-773x1024.jpg","datePublished":"2025-04-28T18:02:44+00:00","dateModified":"2025-04-30T14:46:37+00:00","description":"Tecido respir\u00e1vel para treino, com alta tecnologia de ventila\u00e7\u00e3o e conforto. Garanta roupas leves e eficientes para seus treinos.","breadcrumb":{"@id":"https:\/\/mondrisports.com.br\/home\/tecido-respiravel-para-treino\/#breadcrumb"},"inLanguage":"pt-BR","potentialAction":[{"@type":"ReadAction","target":["https:\/\/mondrisports.com.br\/home\/tecido-respiravel-para-treino\/"]}]},{"@type":"ImageObject","inLanguage":"pt-BR","@id":"https:\/\/mondrisports.com.br\/home\/tecido-respiravel-para-treino\/#primaryimage","url":"https:\/\/mondrisports.com.br\/home\/wp-content\/uploads\/2024\/10\/mondri-sports-25.jpg","contentUrl":"https:\/\/mondrisports.com.br\/home\/wp-content\/uploads\/2024\/10\/mondri-sports-25.jpg","width":815,"height":1080,"caption":"camiseta interclasse personalizada"},{"@type":"BreadcrumbList","@id":"https:\/\/mondrisports.com.br\/home\/tecido-respiravel-para-treino\/#breadcrumb","itemListElement":[{"@type":"ListItem","position":1,"name":"In\u00edcio","item":"https:\/\/mondrisports.com.br\/home\/"},{"@type":"ListItem","position":2,"name":"Tecido Respir\u00e1vel para Treino"}]},{"@type":"WebSite","@id":"https:\/\/mondrisports.com.br\/home\/#website","url":"https:\/\/mondrisports.com.br\/home\/","name":"Mondri Sports","description":"Uniformes Esportivos Personalizados","publisher":{"@id":"https:\/\/mondrisports.com.br\/home\/#organization"},"potentialAction":[{"@type":"SearchAction","target":{"@type":"EntryPoint","urlTemplate":"https:\/\/mondrisports.com.br\/home\/?s={search_term_string}"},"query-input":{"@type":"PropertyValueSpecification","valueRequired":true,"valueName":"search_term_string"}}],"inLanguage":"pt-BR"},{"@type":"Organization","@id":"https:\/\/mondrisports.com.br\/home\/#organization","name":"Mondri Sports","url":"https:\/\/mondrisports.com.br\/home\/","logo":{"@type":"ImageObject","inLanguage":"pt-BR","@id":"https:\/\/mondrisports.com.br\/home\/#\/schema\/logo\/image\/","url":"https:\/\/mondrisports.com.br\/home\/wp-content\/uploads\/2024\/10\/cropped-cropped-Design-sem-nome-16.png","contentUrl":"https:\/\/mondrisports.com.br\/home\/wp-content\/uploads\/2024\/10\/cropped-cropped-Design-sem-nome-16.png","width":1077,"height":358,"caption":"Mondri Sports"},"image":{"@id":"https:\/\/mondrisports.com.br\/home\/#\/schema\/logo\/image\/"}}]}},"_links":{"self":[{"href":"https:\/\/mondrisports.com.br\/home\/wp-json\/wp\/v2\/pages\/587","targetHints":{"allow":["GET"]}}],"collection":[{"href":"https:\/\/mondrisports.com.br\/home\/wp-json\/wp\/v2\/pages"}],"about":[{"href":"https:\/\/mondrisports.com.br\/home\/wp-json\/wp\/v2\/types\/page"}],"author":[{"embeddable":true,"href":"https:\/\/mondrisports.com.br\/home\/wp-json\/wp\/v2\/users\/1"}],"replies":[{"embeddable":true,"href":"https:\/\/mondrisports.com.br\/home\/wp-json\/wp\/v2\/comments?post=587"}],"version-history":[{"count":2,"href":"https:\/\/mondrisports.com.br\/home\/wp-json\/wp\/v2\/pages\/587\/revisions"}],"predecessor-version":[{"id":688,"href":"https:\/\/mondrisports.com.br\/home\/wp-json\/wp\/v2\/pages\/587\/revisions\/688"}],"wp:attachment":[{"href":"https:\/\/mondrisports.com.br\/home\/wp-json\/wp\/v2\/media?parent=587"}],"curies":[{"name":"wp","href":"https:\/\/api.w.org\/{rel}","templated":true}]}}