{"id":683,"date":"2025-04-30T11:35:40","date_gmt":"2025-04-30T14:35:40","guid":{"rendered":"https:\/\/mondrisports.com.br\/home\/?page_id=683"},"modified":"2025-04-30T11:47:03","modified_gmt":"2025-04-30T14:47:03","slug":"tecido-com-toque-gelado-para-esportes","status":"publish","type":"page","link":"https:\/\/mondrisports.com.br\/home\/tecido-com-toque-gelado-para-esportes\/","title":{"rendered":"Tecido com Toque Gelado para Esportes"},"content":{"rendered":"\n<div style=\"height:80px\" aria-hidden=\"true\" class=\"wp-block-spacer\"><\/div>\n\n\n\n<h1 class=\"wp-block-heading has-text-align-center has-ast-global-color-8-color has-text-color has-link-color wp-elements-0239bd4be425793360821ada2f562e41\">Tecido com Toque Gelado para Esportes, Frescor e Desempenho em Cada Movimento<\/h1>\n\n\n\n<div style=\"height:80px\" aria-hidden=\"true\" class=\"wp-block-spacer\"><\/div>\n\n\n\n<h2 class=\"wp-block-heading has-text-align-center has-ast-global-color-8-color has-text-color has-link-color wp-elements-1d6dd771895398c1c5d9d241b2533363\"><strong>Mantenha-se fresco, mesmo nos treinos mais intensos<\/strong><\/h2>\n\n\n\n<p class=\"has-ast-global-color-8-color has-text-color has-link-color wp-elements-fa5e08167db594dd9f55fb5bb6b6e6c2\">O <strong>tecido com toque gelado para esportes<\/strong> foi desenvolvido para proporcionar conforto t\u00e9rmico e alto desempenho em atividades f\u00edsicas. Com tecnologia que reduz a sensa\u00e7\u00e3o de calor, ele \u00e9 ideal para quem pratica esportes ao ar livre ou em ambientes quentes.<\/p>\n\n\n\n<h2 class=\"wp-block-heading has-ast-global-color-8-color has-text-color has-link-color wp-elements-1ea1650972920e82e3b90f65ca2da97e\"><strong>Benef\u00edcios do tecido com toque gelado<\/strong><\/h2>\n\n\n\n<p class=\"has-ast-global-color-8-color has-text-color has-link-color wp-elements-d8662d3a0bab415dd9b44b6c1d5ca49b\">Investir em roupas com esse tipo de tecido oferece vantagens como:<\/p>\n\n\n\n<ul class=\"wp-block-list has-ast-global-color-8-color has-text-color has-link-color wp-elements-22bd15e90152e821cad74e6acbaba6a8\">\n<li><strong>Sensa\u00e7\u00e3o imediata de frescor ao vestir<\/strong><\/li>\n\n\n\n<li><strong>Termorregula\u00e7\u00e3o corporal durante o exerc\u00edcio<\/strong><\/li>\n\n\n\n<li><strong>Toque suave e confort\u00e1vel na pele<\/strong><\/li>\n\n\n\n<li><strong>Alta respirabilidade e leveza<\/strong><\/li>\n\n\n\n<li><strong>Tecnologia dry fit com secagem r\u00e1pida<\/strong><\/li>\n<\/ul>\n\n\n\n<p class=\"has-ast-global-color-8-color has-text-color has-link-color wp-elements-ce4b780fa13fbb23871a7343e12128a3\">Como resultado, seus treinos se tornam mais agrad\u00e1veis e eficientes.<\/p>\n\n\n\n<h2 class=\"wp-block-heading has-ast-global-color-8-color has-text-color has-link-color wp-elements-495cf1025b29b8df52100838dfab1796\"><strong>Onde usar o tecido com toque gelado?<\/strong><\/h2>\n\n\n\n<p class=\"has-ast-global-color-8-color has-text-color has-link-color wp-elements-1c4efdec2656be0c77b82a893badfc99\">Perfeito para pe\u00e7as esportivas como:<\/p>\n\n\n\n<ul class=\"wp-block-list has-ast-global-color-8-color has-text-color has-link-color wp-elements-f2fe579aa7be5618384a9c6378283f19\">\n<li>Camisetas e regatas para treinos e corridas<\/li>\n\n\n\n<li>Uniformes esportivos de alta intensidade<\/li>\n\n\n\n<li>Roupas para crossfit, funcional, ciclismo e academia<\/li>\n\n\n\n<li>Shorts, blusas e conjuntos esportivos<\/li>\n\n\n\n<li>Vestu\u00e1rio para esportes ao ar livre<\/li>\n<\/ul>\n\n\n\n<p class=\"has-ast-global-color-8-color has-text-color has-link-color wp-elements-7114052175fa5cb3632243ee1bf8ff88\">Al\u00e9m disso, \u00e9 uma excelente escolha para ambientes tropicais e dias de calor intenso.<\/p>\n\n\n\n<h2 class=\"wp-block-heading has-ast-global-color-8-color has-text-color has-link-color wp-elements-82efa30b6c7d17d80c501796325b60b9\"><strong>Escolha tecnologia e conforto para seu esporte<\/strong><\/h2>\n\n\n\n<p class=\"has-ast-global-color-8-color has-text-color has-link-color wp-elements-fb1aaed9a668617c9b45bd7faa3da193\">O tecido com toque gelado une inova\u00e7\u00e3o e desempenho, mantendo sua pele fresca e seca, mesmo nos treinos mais desafiadores. Dessa forma, voc\u00ea se concentra totalmente na sua performance.<\/p>\n\n\n\n<div class=\"wp-block-buttons is-content-justification-center is-layout-flex wp-container-core-buttons-is-layout-a89b3969 wp-block-buttons-is-layout-flex\">\n<div class=\"wp-block-button\"><a class=\"wp-block-button__link has-cyan-bluish-gray-background-color has-background wp-element-button\" href=\"http:\/\/wa.me\/554133326052\">Fale conosco<\/a><\/div>\n<\/div>\n\n\n\n<figure class=\"wp-block-gallery has-nested-images columns-default is-cropped wp-block-gallery-1 is-layout-flex wp-block-gallery-is-layout-flex\">\n<figure class=\"wp-block-image size-large\"><img loading=\"lazy\" decoding=\"async\" width=\"810\" height=\"935\" data-id=\"135\" src=\"https:\/\/mondrisports.com.br\/home\/wp-content\/uploads\/2024\/10\/mondri-sports-39.jpg\" alt=\"Coletes Esportivos personalizado\" class=\"wp-image-135\" srcset=\"https:\/\/mondrisports.com.br\/home\/wp-content\/uploads\/2024\/10\/mondri-sports-39.jpg 810w, https:\/\/mondrisports.com.br\/home\/wp-content\/uploads\/2024\/10\/mondri-sports-39-260x300.jpg 260w, https:\/\/mondrisports.com.br\/home\/wp-content\/uploads\/2024\/10\/mondri-sports-39-768x887.jpg 768w\" sizes=\"auto, (max-width: 810px) 100vw, 810px\" \/><figcaption class=\"wp-element-caption\">Coletes Esportivos<\/figcaption><\/figure>\n\n\n\n<figure class=\"wp-block-image size-large\"><img loading=\"lazy\" decoding=\"async\" width=\"844\" height=\"1024\" data-id=\"122\" src=\"https:\/\/mondrisports.com.br\/home\/wp-content\/uploads\/2024\/10\/mondri-sports-6-844x1024.jpg\" alt=\"\" class=\"wp-image-122\" srcset=\"https:\/\/mondrisports.com.br\/home\/wp-content\/uploads\/2024\/10\/mondri-sports-6-844x1024.jpg 844w, https:\/\/mondrisports.com.br\/home\/wp-content\/uploads\/2024\/10\/mondri-sports-6-247x300.jpg 247w, https:\/\/mondrisports.com.br\/home\/wp-content\/uploads\/2024\/10\/mondri-sports-6-768x932.jpg 768w, https:\/\/mondrisports.com.br\/home\/wp-content\/uploads\/2024\/10\/mondri-sports-6.jpg 890w\" sizes=\"auto, (max-width: 844px) 100vw, 844px\" \/><figcaption class=\"wp-element-caption\">Uniforme esportivo<\/figcaption><\/figure>\n\n\n\n<figure class=\"wp-block-image size-large\"><img loading=\"lazy\" decoding=\"async\" width=\"685\" height=\"1024\" data-id=\"120\" src=\"https:\/\/mondrisports.com.br\/home\/wp-content\/uploads\/2024\/10\/mondri-sports-9-685x1024.jpg\" alt=\"\" class=\"wp-image-120\" srcset=\"https:\/\/mondrisports.com.br\/home\/wp-content\/uploads\/2024\/10\/mondri-sports-9-685x1024.jpg 685w, https:\/\/mondrisports.com.br\/home\/wp-content\/uploads\/2024\/10\/mondri-sports-9-201x300.jpg 201w, https:\/\/mondrisports.com.br\/home\/wp-content\/uploads\/2024\/10\/mondri-sports-9.jpg 694w\" sizes=\"auto, (max-width: 685px) 100vw, 685px\" \/><figcaption class=\"wp-element-caption\">Tecido com toque gelado<\/figcaption><\/figure>\n<\/figure>\n\n\n\n<p class=\"has-ast-global-color-8-color has-text-color has-link-color wp-elements-11371033c22798e91f6e55f180f887ee\"><strong>Quer saber Quem Somos? <a href=\"https:\/\/mondrisports.com.br\/home\/quem-somos\/\">Clique aqui.<\/a><\/strong><\/p>\n\n\n\n<p><\/p>\n","protected":false},"excerpt":{"rendered":"<p>Tecido com Toque Gelado para Esportes, Frescor e Desempenho em Cada Movimento Mantenha-se fresco, mesmo nos treinos mais intensos O [&hellip;]<\/p>\n","protected":false},"author":1,"featured_media":0,"parent":0,"menu_order":0,"comment_status":"closed","ping_status":"closed","template":"","meta":{"site-sidebar-layout":"default","site-content-layout":"","ast-site-content-layout":"","site-content-style":"default","site-sidebar-style":"default","ast-global-header-display":"","ast-banner-title-visibility":"","ast-main-header-display":"","ast-hfb-above-header-display":"","ast-hfb-below-header-display":"","ast-hfb-mobile-header-display":"","site-post-title":"disabled","ast-breadcrumbs-content":"","ast-featured-img":"","footer-sml-layout":"","ast-disable-related-posts":"","theme-transparent-header-meta":"","adv-header-id-meta":"","stick-header-meta":"","header-above-stick-meta":"","header-main-stick-meta":"","header-below-stick-meta":"","astra-migrate-meta-layouts":"default","ast-page-background-enabled":"default","ast-page-background-meta":{"desktop":{"background-color":"var(--ast-global-color-4)","background-image":"","background-repeat":"repeat","background-position":"center center","background-size":"auto","background-attachment":"scroll","background-type":"","background-media":"","overlay-type":"","overlay-color":"","overlay-opacity":"","overlay-gradient":""},"tablet":{"background-color":"","background-image":"","background-repeat":"repeat","background-position":"center center","background-size":"auto","background-attachment":"scroll","background-type":"","background-media":"","overlay-type":"","overlay-color":"","overlay-opacity":"","overlay-gradient":""},"mobile":{"background-color":"","background-image":"","background-repeat":"repeat","background-position":"center center","background-size":"auto","background-attachment":"scroll","background-type":"","background-media":"","overlay-type":"","overlay-color":"","overlay-opacity":"","overlay-gradient":""}},"ast-content-background-meta":{"desktop":{"background-color":"var(--ast-global-color-5)","background-image":"","background-repeat":"repeat","background-position":"center center","background-size":"auto","background-attachment":"scroll","background-type":"","background-media":"","overlay-type":"","overlay-color":"","overlay-opacity":"","overlay-gradient":""},"tablet":{"background-color":"var(--ast-global-color-5)","background-image":"","background-repeat":"repeat","background-position":"center center","background-size":"auto","background-attachment":"scroll","background-type":"","background-media":"","overlay-type":"","overlay-color":"","overlay-opacity":"","overlay-gradient":""},"mobile":{"background-color":"var(--ast-global-color-5)","background-image":"","background-repeat":"repeat","background-position":"center center","background-size":"auto","background-attachment":"scroll","background-type":"","background-media":"","overlay-type":"","overlay-color":"","overlay-opacity":"","overlay-gradient":""}},"footnotes":""},"class_list":["post-683","page","type-page","status-publish","hentry"],"yoast_head":"<!-- This site is optimized with the Yoast SEO plugin v25.3 - https:\/\/yoast.com\/wordpress\/plugins\/seo\/ -->\n<title>Tecido com Toque Gelado para Esportes - Mondri Sports<\/title>\n<meta name=\"description\" content=\"Tecido com toque gelado para esportes. Mais conforto t\u00e9rmico, frescor e performance em treinos intensos. Solicite or\u00e7amento j\u00e1.\" \/>\n<meta name=\"robots\" content=\"index, follow, max-snippet:-1, max-image-preview:large, max-video-preview:-1\" \/>\n<link rel=\"canonical\" href=\"https:\/\/mondrisports.com.br\/home\/tecido-com-toque-gelado-para-esportes\/\" \/>\n<meta property=\"og:locale\" content=\"pt_BR\" \/>\n<meta property=\"og:type\" content=\"article\" \/>\n<meta property=\"og:title\" content=\"Tecido com Toque Gelado para Esportes - Mondri Sports\" \/>\n<meta property=\"og:description\" content=\"Tecido com toque gelado para esportes. Mais conforto t\u00e9rmico, frescor e performance em treinos intensos. Solicite or\u00e7amento j\u00e1.\" \/>\n<meta property=\"og:url\" content=\"https:\/\/mondrisports.com.br\/home\/tecido-com-toque-gelado-para-esportes\/\" \/>\n<meta property=\"og:site_name\" content=\"Mondri Sports\" \/>\n<meta property=\"article:modified_time\" content=\"2025-04-30T14:47:03+00:00\" \/>\n<meta property=\"og:image\" content=\"https:\/\/mondrisports.com.br\/home\/wp-content\/uploads\/2024\/10\/mondri-sports-39.jpg\" \/>\n\t<meta property=\"og:image:width\" content=\"810\" \/>\n\t<meta property=\"og:image:height\" content=\"935\" \/>\n\t<meta property=\"og:image:type\" content=\"image\/jpeg\" \/>\n<meta name=\"twitter:card\" content=\"summary_large_image\" \/>\n<meta name=\"twitter:label1\" content=\"Est. tempo de leitura\" \/>\n\t<meta name=\"twitter:data1\" content=\"2 minutos\" \/>\n<script type=\"application\/ld+json\" class=\"yoast-schema-graph\">{\"@context\":\"https:\/\/schema.org\",\"@graph\":[{\"@type\":\"WebPage\",\"@id\":\"https:\/\/mondrisports.com.br\/home\/tecido-com-toque-gelado-para-esportes\/\",\"url\":\"https:\/\/mondrisports.com.br\/home\/tecido-com-toque-gelado-para-esportes\/\",\"name\":\"Tecido com Toque Gelado para Esportes - Mondri Sports\",\"isPartOf\":{\"@id\":\"https:\/\/mondrisports.com.br\/home\/#website\"},\"primaryImageOfPage\":{\"@id\":\"https:\/\/mondrisports.com.br\/home\/tecido-com-toque-gelado-para-esportes\/#primaryimage\"},\"image\":{\"@id\":\"https:\/\/mondrisports.com.br\/home\/tecido-com-toque-gelado-para-esportes\/#primaryimage\"},\"thumbnailUrl\":\"https:\/\/mondrisports.com.br\/home\/wp-content\/uploads\/2024\/10\/mondri-sports-39.jpg\",\"datePublished\":\"2025-04-30T14:35:40+00:00\",\"dateModified\":\"2025-04-30T14:47:03+00:00\",\"description\":\"Tecido com toque gelado para esportes. Mais conforto t\u00e9rmico, frescor e performance em treinos intensos. Solicite or\u00e7amento j\u00e1.\",\"breadcrumb\":{\"@id\":\"https:\/\/mondrisports.com.br\/home\/tecido-com-toque-gelado-para-esportes\/#breadcrumb\"},\"inLanguage\":\"pt-BR\",\"potentialAction\":[{\"@type\":\"ReadAction\",\"target\":[\"https:\/\/mondrisports.com.br\/home\/tecido-com-toque-gelado-para-esportes\/\"]}]},{\"@type\":\"ImageObject\",\"inLanguage\":\"pt-BR\",\"@id\":\"https:\/\/mondrisports.com.br\/home\/tecido-com-toque-gelado-para-esportes\/#primaryimage\",\"url\":\"https:\/\/mondrisports.com.br\/home\/wp-content\/uploads\/2024\/10\/mondri-sports-39.jpg\",\"contentUrl\":\"https:\/\/mondrisports.com.br\/home\/wp-content\/uploads\/2024\/10\/mondri-sports-39.jpg\",\"width\":810,\"height\":935,\"caption\":\"Coletes Esportivos\"},{\"@type\":\"BreadcrumbList\",\"@id\":\"https:\/\/mondrisports.com.br\/home\/tecido-com-toque-gelado-para-esportes\/#breadcrumb\",\"itemListElement\":[{\"@type\":\"ListItem\",\"position\":1,\"name\":\"In\u00edcio\",\"item\":\"https:\/\/mondrisports.com.br\/home\/\"},{\"@type\":\"ListItem\",\"position\":2,\"name\":\"Tecido com Toque Gelado para Esportes\"}]},{\"@type\":\"WebSite\",\"@id\":\"https:\/\/mondrisports.com.br\/home\/#website\",\"url\":\"https:\/\/mondrisports.com.br\/home\/\",\"name\":\"Mondri Sports\",\"description\":\"Uniformes Esportivos Personalizados\",\"publisher\":{\"@id\":\"https:\/\/mondrisports.com.br\/home\/#organization\"},\"potentialAction\":[{\"@type\":\"SearchAction\",\"target\":{\"@type\":\"EntryPoint\",\"urlTemplate\":\"https:\/\/mondrisports.com.br\/home\/?s={search_term_string}\"},\"query-input\":{\"@type\":\"PropertyValueSpecification\",\"valueRequired\":true,\"valueName\":\"search_term_string\"}}],\"inLanguage\":\"pt-BR\"},{\"@type\":\"Organization\",\"@id\":\"https:\/\/mondrisports.com.br\/home\/#organization\",\"name\":\"Mondri Sports\",\"url\":\"https:\/\/mondrisports.com.br\/home\/\",\"logo\":{\"@type\":\"ImageObject\",\"inLanguage\":\"pt-BR\",\"@id\":\"https:\/\/mondrisports.com.br\/home\/#\/schema\/logo\/image\/\",\"url\":\"https:\/\/mondrisports.com.br\/home\/wp-content\/uploads\/2024\/10\/cropped-cropped-Design-sem-nome-16.png\",\"contentUrl\":\"https:\/\/mondrisports.com.br\/home\/wp-content\/uploads\/2024\/10\/cropped-cropped-Design-sem-nome-16.png\",\"width\":1077,\"height\":358,\"caption\":\"Mondri Sports\"},\"image\":{\"@id\":\"https:\/\/mondrisports.com.br\/home\/#\/schema\/logo\/image\/\"}}]}<\/script>\n<!-- \/ Yoast SEO plugin. -->","yoast_head_json":{"title":"Tecido com Toque Gelado para Esportes - Mondri Sports","description":"Tecido com toque gelado para esportes. Mais conforto t\u00e9rmico, frescor e performance em treinos intensos. Solicite or\u00e7amento j\u00e1.","robots":{"index":"index","follow":"follow","max-snippet":"max-snippet:-1","max-image-preview":"max-image-preview:large","max-video-preview":"max-video-preview:-1"},"canonical":"https:\/\/mondrisports.com.br\/home\/tecido-com-toque-gelado-para-esportes\/","og_locale":"pt_BR","og_type":"article","og_title":"Tecido com Toque Gelado para Esportes - Mondri Sports","og_description":"Tecido com toque gelado para esportes. Mais conforto t\u00e9rmico, frescor e performance em treinos intensos. Solicite or\u00e7amento j\u00e1.","og_url":"https:\/\/mondrisports.com.br\/home\/tecido-com-toque-gelado-para-esportes\/","og_site_name":"Mondri Sports","article_modified_time":"2025-04-30T14:47:03+00:00","og_image":[{"width":810,"height":935,"url":"https:\/\/mondrisports.com.br\/home\/wp-content\/uploads\/2024\/10\/mondri-sports-39.jpg","type":"image\/jpeg"}],"twitter_card":"summary_large_image","twitter_misc":{"Est. tempo de leitura":"2 minutos"},"schema":{"@context":"https:\/\/schema.org","@graph":[{"@type":"WebPage","@id":"https:\/\/mondrisports.com.br\/home\/tecido-com-toque-gelado-para-esportes\/","url":"https:\/\/mondrisports.com.br\/home\/tecido-com-toque-gelado-para-esportes\/","name":"Tecido com Toque Gelado para Esportes - Mondri Sports","isPartOf":{"@id":"https:\/\/mondrisports.com.br\/home\/#website"},"primaryImageOfPage":{"@id":"https:\/\/mondrisports.com.br\/home\/tecido-com-toque-gelado-para-esportes\/#primaryimage"},"image":{"@id":"https:\/\/mondrisports.com.br\/home\/tecido-com-toque-gelado-para-esportes\/#primaryimage"},"thumbnailUrl":"https:\/\/mondrisports.com.br\/home\/wp-content\/uploads\/2024\/10\/mondri-sports-39.jpg","datePublished":"2025-04-30T14:35:40+00:00","dateModified":"2025-04-30T14:47:03+00:00","description":"Tecido com toque gelado para esportes. Mais conforto t\u00e9rmico, frescor e performance em treinos intensos. Solicite or\u00e7amento j\u00e1.","breadcrumb":{"@id":"https:\/\/mondrisports.com.br\/home\/tecido-com-toque-gelado-para-esportes\/#breadcrumb"},"inLanguage":"pt-BR","potentialAction":[{"@type":"ReadAction","target":["https:\/\/mondrisports.com.br\/home\/tecido-com-toque-gelado-para-esportes\/"]}]},{"@type":"ImageObject","inLanguage":"pt-BR","@id":"https:\/\/mondrisports.com.br\/home\/tecido-com-toque-gelado-para-esportes\/#primaryimage","url":"https:\/\/mondrisports.com.br\/home\/wp-content\/uploads\/2024\/10\/mondri-sports-39.jpg","contentUrl":"https:\/\/mondrisports.com.br\/home\/wp-content\/uploads\/2024\/10\/mondri-sports-39.jpg","width":810,"height":935,"caption":"Coletes Esportivos"},{"@type":"BreadcrumbList","@id":"https:\/\/mondrisports.com.br\/home\/tecido-com-toque-gelado-para-esportes\/#breadcrumb","itemListElement":[{"@type":"ListItem","position":1,"name":"In\u00edcio","item":"https:\/\/mondrisports.com.br\/home\/"},{"@type":"ListItem","position":2,"name":"Tecido com Toque Gelado para Esportes"}]},{"@type":"WebSite","@id":"https:\/\/mondrisports.com.br\/home\/#website","url":"https:\/\/mondrisports.com.br\/home\/","name":"Mondri Sports","description":"Uniformes Esportivos Personalizados","publisher":{"@id":"https:\/\/mondrisports.com.br\/home\/#organization"},"potentialAction":[{"@type":"SearchAction","target":{"@type":"EntryPoint","urlTemplate":"https:\/\/mondrisports.com.br\/home\/?s={search_term_string}"},"query-input":{"@type":"PropertyValueSpecification","valueRequired":true,"valueName":"search_term_string"}}],"inLanguage":"pt-BR"},{"@type":"Organization","@id":"https:\/\/mondrisports.com.br\/home\/#organization","name":"Mondri Sports","url":"https:\/\/mondrisports.com.br\/home\/","logo":{"@type":"ImageObject","inLanguage":"pt-BR","@id":"https:\/\/mondrisports.com.br\/home\/#\/schema\/logo\/image\/","url":"https:\/\/mondrisports.com.br\/home\/wp-content\/uploads\/2024\/10\/cropped-cropped-Design-sem-nome-16.png","contentUrl":"https:\/\/mondrisports.com.br\/home\/wp-content\/uploads\/2024\/10\/cropped-cropped-Design-sem-nome-16.png","width":1077,"height":358,"caption":"Mondri Sports"},"image":{"@id":"https:\/\/mondrisports.com.br\/home\/#\/schema\/logo\/image\/"}}]}},"_links":{"self":[{"href":"https:\/\/mondrisports.com.br\/home\/wp-json\/wp\/v2\/pages\/683","targetHints":{"allow":["GET"]}}],"collection":[{"href":"https:\/\/mondrisports.com.br\/home\/wp-json\/wp\/v2\/pages"}],"about":[{"href":"https:\/\/mondrisports.com.br\/home\/wp-json\/wp\/v2\/types\/page"}],"author":[{"embeddable":true,"href":"https:\/\/mondrisports.com.br\/home\/wp-json\/wp\/v2\/users\/1"}],"replies":[{"embeddable":true,"href":"https:\/\/mondrisports.com.br\/home\/wp-json\/wp\/v2\/comments?post=683"}],"version-history":[{"count":2,"href":"https:\/\/mondrisports.com.br\/home\/wp-json\/wp\/v2\/pages\/683\/revisions"}],"predecessor-version":[{"id":686,"href":"https:\/\/mondrisports.com.br\/home\/wp-json\/wp\/v2\/pages\/683\/revisions\/686"}],"wp:attachment":[{"href":"https:\/\/mondrisports.com.br\/home\/wp-json\/wp\/v2\/media?parent=683"}],"curies":[{"name":"wp","href":"https:\/\/api.w.org\/{rel}","templated":true}]}}